{"id":3902,"date":"2020-02-16T19:15:58","date_gmt":"2020-02-16T18:15:58","guid":{"rendered":"http:\/\/astehshop.com\/?post_type=product&#038;p=3902"},"modified":"2025-09-17T21:34:42","modified_gmt":"2025-09-17T19:34:42","slug":"mrezni-nvr-hikvision-ds-7716ni-k4-za-kamere-do-8-mp","status":"publish","type":"product","link":"http:\/\/astehshop.com\/index.php\/product\/mrezni-nvr-hikvision-ds-7716ni-k4-za-kamere-do-8-mp\/","title":{"rendered":"Mre\u017eni NVR HikVision DS-7716NI-K4 za kamere do 8 MP"},"content":{"rendered":"<div id=\"more_info_sheets\" class=\"bgcolor bordercolor\">\n<div id=\"idTab1\" class=\"\">\n<div>\n<p>Artikl: DIGITALNI VIDEO SNIMA\u010c\u00a0DS-7716NI-K4<\/p>\n<p>Karakteristike:<\/p>\n<p>\u2022 IP video ulaz: 16-ch<br \/>\n\u2022 podr\u017eava kamere do 8MP<br \/>\n\u2022 ANR tehnologija<br \/>\n\u2022 VCA doga\u0111aji, Alarm ulaz\/izlaz<br \/>\n\u2022 4 SATA su\u010delja do 6 TB za svaki pojedini HDD<\/p>\n<p>Bandwith snimanja: 160Mbps<\/p>\n<p>Dvosmjerni audio ulaz: 1-ch RCA (2.0Vp-p, 1k\u03a9)<\/p>\n<p>Video kompresija: H.265\/H.264\/H.264+<\/p>\n<p>Rezolucija snimanja playbacka:\u00a08 MP\/6 MP\/5 MP\/4 MP\/3 MP\/1080p\/UXGA\/720p\/ VGA\/4CIF\/DCIF\/ 2CIF\/CIF\/QCIF<\/p>\n<p>VGA\/HDMI izlaz:\u00a04K (3840 \u00d7 2160)\/30Hz, 2K (2560 \u00d7 1440)\/60Hz, 1920 \u00d7 1080\/60Hz, 1600 \u00d7 1200\/60Hz, 1280 \u00d7 1024\/60Hz, 1280 \u00d7 720\/60Hz, 1024 \u00d7 768\/60Hz<br \/>\nVGA: 1920 \u00d7 1080\/60Hz, 1600 \u00d7 1200\/60Hz, 1280 \u00d7<br \/>\n1024\/60Hz, 1280 \u00d7 720\/60Hz, 1024 \u00d7 768\/60Hz<\/p>\n<p>Audio izlaz: 1-ch RCA linearni 1k\u03a9<\/p>\n<p>Sinkronizirani playback:\u00a02-ch @ 4K, or 8-ch @ 1080p<\/p>\n<p>Su\u010delje za komunikaciju:\u00a02 x RJ-45 10\/100\/1000, 1 x RS-485 (half-duplex), 1 x RS-232<\/p>\n<p>USB su\u010delje:\u00a02 x USB 2.0, 1 x USB3.0<\/p>\n<p>Napajanje: 240VAC<\/p>\n<p>Potro\u0161nja struje: \u226420W (bez HDD ili DVD-R\/W)<\/p>\n<p>Radna temperatura: -10\u00b0C ~ 55\u00b0C<\/p>\n<p>Vla\u017enost: 10% ~ 90%<\/p>\n<p>Dimenzije: 445mm(\u0160)x390mm(D)x70mm(V)<\/p>\n<p>Masa: \u22645Kg (bez HDD ili DVD-R\/W)<\/p>\n<p>Alarmni ulaz\/izlaz:\u00a016\/4<\/p>\n<\/div>\n<\/div>\n<\/div>\n","protected":false},"excerpt":{"rendered":"<div id=\"more_info_sheets\" class=\"bgcolor bordercolor\">\n<div id=\"idTab1\" class=\"\">\n<div>\n<p>Artikl: DIGITALNI VIDEO SNIMA\u010c\u00a0DS-7716NI-K4<\/p>\n<p>Karakteristike:<\/p>\n<p>\u2022 IP video ulaz: 16-ch<br \/>\n\u2022 podr\u017eava kamere do 8MP<br \/>\n\u2022 ANR tehnologija<br \/>\n\u2022 VCA doga\u0111aji, Alarm ulaz\/izlaz<br \/>\n\u2022 4 SATA su\u010delja do 6 TB za svaki pojedini HDD<\/p>\n<p>Bandwith snimanja: 160Mbps<\/p>\n<p>Dvosmjerni audio ulaz: 1-ch RCA (2.0Vp-p, 1k\u03a9)<\/p>\n<p>Video kompresija: H.265\/H.264\/H.264+<\/p>\n<p>Rezolucija snimanja playbacka:\u00a08 MP\/6 MP\/5 MP\/4 MP\/3 MP\/1080p\/UXGA\/720p\/ VGA\/4CIF\/DCIF\/ 2CIF\/CIF\/QCIF<\/p>\n<p>VGA\/HDMI izlaz:\u00a04K (3840 \u00d7 2160)\/30Hz, 2K (2560 \u00d7 1440)\/60Hz, 1920 \u00d7 1080\/60Hz, 1600 \u00d7 1200\/60Hz, 1280 \u00d7 1024\/60Hz, 1280 \u00d7 720\/60Hz, 1024 \u00d7 768\/60Hz<br \/>\nVGA: 1920 \u00d7 1080\/60Hz, 1600 \u00d7 1200\/60Hz, 1280 \u00d7<br \/>\n1024\/60Hz, 1280 \u00d7 720\/60Hz, 1024 \u00d7 768\/60Hz<\/p>\n<p>Audio izlaz: 1-ch RCA linearni 1k\u03a9<\/p>\n<p>Sinkronizirani playback:\u00a02-ch @ 4K, or 8-ch @ 1080p<\/p>\n<p>Su\u010delje za komunikaciju:\u00a02 x RJ-45 10\/100\/1000, 1 x RS-485 (half-duplex), 1 x RS-232<\/p>\n<p>USB su\u010delje:\u00a02 x USB 2.0, 1 x USB3.0<\/p>\n<p>Napajanje: 240VAC<\/p>\n<p>Potro\u0161nja struje: \u226420W (bez HDD ili DVD-R\/W)<\/p>\n<p>Radna temperatura: -10\u00b0C ~ 55\u00b0C<\/p>\n<p>Vla\u017enost: 10% ~ 90%<\/p>\n<p>Dimenzije: 445mm(\u0160)x390mm(D)x70mm(V)<\/p>\n<p>Masa: \u22645Kg (bez HDD ili DVD-R\/W)<\/p>\n<p>Alarmni ulaz\/izlaz:\u00a016\/4<\/p>\n<\/div>\n<\/div>\n<\/div>\n","protected":false},"featured_media":3903,"comment_status":"open","ping_status":"closed","template":"","meta":{"_mi_skip_tracking":false,"_exactmetrics_sitenote_active":false,"_exactmetrics_sitenote_note":"","_exactmetrics_sitenote_category":0,"spay_email":""},"product_cat":[1558],"product_tag":[2101],"brands":[{"id":2044,"name":"HikVision","slug":"hikvision"}],"df_price":"","df_sale_price":"","df_regular_price":"","df_image_link":"https:\/\/i0.wp.com\/astehshop.com\/wp-content\/uploads\/2020\/02\/DS-7716NI-K4.jpg?fit=450%2C348","jetpack_publicize_connections":[],"jetpack_sharing_enabled":true,"jetpack_likes_enabled":true,"jetpack-related-posts":[{"id":3898,"url":"http:\/\/astehshop.com\/index.php\/product\/mrezni-16-kanalni-hikvision-nvr-ds-7616ni-i2-za-kamere-do-12-mpx\/","url_meta":{"origin":3902,"position":0},"title":"Mre\u017eni 16 kanalni HikVision NVR DS-7616NXI-I2 za kamere do 12 MPX","date":"16. velja\u010de 2020.","format":false,"excerpt":"Karakteristike: \u2022 IP video ulaz: 16-ch \u2022 podr\u017eava kamere do 12MP \u2022 ANR tehnologija \u2022 VCA doga\u0111aji, Alarm ulaz\/izlaz \u2022 2 SATA su\u010delja do 8 TB za svaki pojedini HDD Bandwith snimanja: 160Mbps Dvosmjerni audio ulaz: 1-ch RCA (2.0Vp-p, 1k\u03a9) Video kompresija: H.265\/H.264\/H.264+ Rezolucija snimanja playbacka: 12 MP\/8 MP\/6 MP\/5\u2026","rel":"","context":"Srodne objave","img":{"alt_text":"","src":"https:\/\/i1.wp.com\/astehshop.com\/wp-content\/uploads\/2020\/02\/DS-7608NI-I2.jpg?fit=1004%2C982&resize=350%2C200","width":350,"height":200},"classes":[]},{"id":3908,"url":"http:\/\/astehshop.com\/index.php\/product\/hikvision-mrezni-snimac-nvr-ds-7732ni-i4\/","url_meta":{"origin":3902,"position":1},"title":"HikVision mre\u017eni snima\u010d NVR DS-7732NI-I4","date":"16. velja\u010de 2020.","format":false,"excerpt":"Artikl: DIGITALNI VIDEO SNIMA\u010c\u00a0DS-7732NI-I4 Karakteristike: \u2022 IP video ulaz: 32-ch \u2022 podr\u017eava kamere do 12MP \u2022 ANR tehnologija \u2022 VCA doga\u0111aji, Alarm ulaz\/izlaz \u2022 4 SATA su\u010delja do 8 TB za svaki pojedini HDD Bandwith snimanja: 256Mbps Dvosmjerni audio ulaz: 1-ch RCA (2.0Vp-p, 1k\u03a9) Video kompresija: H.265\/H.264\/H.264+ Rezolucija snimanja playbacka:\u2026","rel":"","context":"Srodne objave","img":{"alt_text":"","src":"https:\/\/i0.wp.com\/astehshop.com\/wp-content\/uploads\/2020\/02\/DS-7716NI-K4.jpg?fit=1074%2C830&resize=350%2C200","width":350,"height":200},"classes":[]},{"id":3900,"url":"http:\/\/astehshop.com\/index.php\/product\/32-kanalni-mrezni-snimac-ds-7632ni-i2-hikvision\/","url_meta":{"origin":3902,"position":2},"title":"32 kanalni mre\u017eni snima\u010d DS-7632NI-I2 HikVision","date":"16. velja\u010de 2020.","format":false,"excerpt":"Karakteristike: \u2022 IP video ulaz: 32-ch \u2022 podr\u017eava kamere do 12MP \u2022 ANR tehnologija \u2022 VCA doga\u0111aji, Alarm ulaz\/izlaz \u2022 2 SATA su\u010delja do 8 TB za svaki pojedini HDD Bandwith snimanja: 256Mbps Dvosmjerni audio ulaz: 1-ch RCA (2.0Vp-p, 1k\u03a9) Video kompresija: H.265\/H.264\/H.264+ Rezolucija snimanja playbacka: 12 MP\/8 MP\/6 MP\/5\u2026","rel":"","context":"Srodne objave","img":{"alt_text":"","src":"https:\/\/i1.wp.com\/astehshop.com\/wp-content\/uploads\/2020\/02\/DS-7608NI-I2.jpg?fit=1004%2C982&resize=350%2C200","width":350,"height":200},"classes":[]},{"id":3904,"url":"http:\/\/astehshop.com\/index.php\/product\/mrezni-nvr-hikvision-ds-7716ni-i4-za-kamere-do-12-mp\/","url_meta":{"origin":3902,"position":3},"title":"Mre\u017eni NVR HikVision DS-7716NI-I4 za kamere do 12 MP","date":"16. velja\u010de 2020.","format":false,"excerpt":"Artikl: DIGITALNI VIDEO SNIMA\u010c\u00a0DS-7716NI-I4 Karakteristike: \u2022 IP video ulaz: 16-ch \u2022 podr\u017eava kamere do 12MP \u2022 ANR tehnologija \u2022 VCA doga\u0111aji, Alarm ulaz\/izlaz \u2022 4 SATA su\u010delja do 8 TB za svaki pojedini HDD Bandwith snimanja: 160Mbps Dvosmjerni audio ulaz: 1-ch RCA (2.0Vp-p, 1k\u03a9) Video kompresija: H.265\/H.264\/H.264+ Rezolucija snimanja playbacka:\u00a012\u2026","rel":"","context":"Srodne objave","img":{"alt_text":"","src":"https:\/\/i0.wp.com\/astehshop.com\/wp-content\/uploads\/2020\/02\/DS-7716NI-K4.jpg?fit=1074%2C830&resize=350%2C200","width":350,"height":200},"classes":[]},{"id":3884,"url":"http:\/\/astehshop.com\/index.php\/product\/nvr-mrezni-snimac-ds-7604ni-k1-za-kamere-do-8-mpx\/","url_meta":{"origin":3902,"position":4},"title":"NVR mre\u017eni snima\u010d DS-7604NXI-K1 za kamere do 8 MPX","date":"16. velja\u010de 2020.","format":false,"excerpt":"IP video ulaz: 4- ch Do 8 megapiksela rezolucija ANR tehnologija BANDWITH SNIMANJA 40Mbps Dualstreams 1 SATAsu\u010delje do 6 TB za svaki pojedini HDD Dvosmjerni audio ulaz: 1-ch RCA (2.0Vp-p, 1k?) Rezolucija snimanja i playbacka: 8MP\/6MP\/5MP\/4MP\/3MP\/1080p\/UXGA\/720p\/VGA\/4CIF\/DCIF\/2 CIF\/CIF\/QCIF HDMI izlaz: 4K (3840 \u00d7 2160)\/30Hz, 2K (2560 \u00d7 1440)\/60Hz, 1920 \u00d7 1080\/60Hz,\u2026","rel":"","context":"Srodne objave","img":{"alt_text":"","src":"https:\/\/i1.wp.com\/astehshop.com\/wp-content\/uploads\/2020\/02\/DS-7604NI-K1.jpg?fit=846%2C650&resize=350%2C200","width":350,"height":200},"classes":[]},{"id":4684,"url":"http:\/\/astehshop.com\/index.php\/product\/ip-snimac-25ch-h-265-h-264-120mb-4k-nvr3625db\/","url_meta":{"origin":3902,"position":5},"title":"IP Snima\u010d 25CH H.265\/H.264 120MB 4K NVR3625DB","date":"20. rujna 2020.","format":false,"excerpt":"NVR3625DB 25CH H.265 NVR 3000P 4K 120Mb \u2022 ARM Cortex A7 Processor \u2022 IP Camera Input: 25CH Resolution:4K (3840 \u00d7 2160)\/30Hz, 1920 \u00d7 1080\/60Hz, 1280 \u00d7 1024\/60Hz, 1280 \u00d7 720\/60Hz, 1024 \u00d7 768\/60Hz \u2022 HD Output\/VGA Output: 4K (3840\u00d72160) \/ 1920\u00d71080\/1280\u00d71024\/1280\u00d7720 \u2022 Third-party Network Cameras Supported \u2022 Recording Resolution: 4K\/5M\/4M\/3M\/1080P\/960P\/720p,\u2026","rel":"","context":"Srodne objave","img":{"alt_text":"","src":"https:\/\/i2.wp.com\/astehshop.com\/wp-content\/uploads\/2020\/09\/NVR3608DP.jpg?fit=480%2C350&resize=350%2C200","width":350,"height":200},"classes":[]}],"_links":{"self":[{"href":"http:\/\/astehshop.com\/index.php\/wp-json\/wp\/v2\/product\/3902"}],"collection":[{"href":"http:\/\/astehshop.com\/index.php\/wp-json\/wp\/v2\/product"}],"about":[{"href":"http:\/\/astehshop.com\/index.php\/wp-json\/wp\/v2\/types\/product"}],"replies":[{"embeddable":true,"href":"http:\/\/astehshop.com\/index.php\/wp-json\/wp\/v2\/comments?post=3902"}],"wp:featuredmedia":[{"embeddable":true,"href":"http:\/\/astehshop.com\/index.php\/wp-json\/wp\/v2\/media\/3903"}],"wp:attachment":[{"href":"http:\/\/astehshop.com\/index.php\/wp-json\/wp\/v2\/media?parent=3902"}],"wp:term":[{"taxonomy":"product_cat","embeddable":true,"href":"http:\/\/astehshop.com\/index.php\/wp-json\/wp\/v2\/product_cat?post=3902"},{"taxonomy":"product_tag","embeddable":true,"href":"http:\/\/astehshop.com\/index.php\/wp-json\/wp\/v2\/product_tag?post=3902"}],"curies":[{"name":"wp","href":"https:\/\/api.w.org\/{rel}","templated":true}]}}