{"id":3820,"date":"2020-02-15T20:38:42","date_gmt":"2020-02-15T19:38:42","guid":{"rendered":"http:\/\/astehshop.com\/?post_type=product&#038;p=3820"},"modified":"2025-09-17T21:37:08","modified_gmt":"2025-09-17T19:37:08","slug":"kamera-hikvision-ds-2ce16d8t-itf-28mm","status":"publish","type":"product","link":"http:\/\/astehshop.com\/index.php\/product\/kamera-hikvision-ds-2ce16d8t-itf-28mm\/","title":{"rendered":"Kamera HikVision DS-2CE16D8T-ITF 2,8mm"},"content":{"rendered":"<p>2 MEGAPIXEL Ultra-Low Light Bullet Kamera<\/p>\n<p>Rezolucija snimanja: 1920 x 1080 @25fps<\/p>\n<p>Osetljivost: Color: 0.003 Lux @ (F1.2, AGC ON), 0 Lux with IR<\/p>\n<p>Signalni prekida\u010d: TVI\/AHD\/CVI\/CVBS<\/p>\n<p>IC osvetljenje: EXIR 2.0 Smart dioda dometa do 30 metara, IR cut filter<\/p>\n<p>Ostale karaktersike: 130 dB true WDR, 3D DNR, AGC, D\/N, 4 programabilne zone kretanja i 4 maskiranja podru\u010dja<\/p>\n<p>Napajanje i potro\u0161nja: 12V DC, 3,4W<\/p>\n<p>Radna temperatura i nivo za\u0161tite: -40 \u00baC do +60 \u00baC, IP 67<\/p>\n<p>Dimenzije i te\u017eina: 58 \u00d7 61 x 163 mm, 340g<\/p>\n","protected":false},"excerpt":{"rendered":"<p>2 MEGAPIXEL Ultra-Low Light Bullet Kamera<\/p>\n<p>Rezolucija snimanja: 1920 x 1080 @25fps<\/p>\n<p>Osetljivost: Color: 0.003 Lux @ (F1.2, AGC ON), 0 Lux with IR<\/p>\n<p>Signalni prekida\u010d: TVI\/AHD\/CVI\/CVBS<\/p>\n<p>IC osvetljenje: EXIR 2.0 Smart dioda dometa do 30 metara, IR cut filter<\/p>\n<p>Ostale karaktersike: 130 dB true WDR, 3D DNR, AGC, D\/N, 4 programabilne zone kretanja i 4 maskiranja podru\u010dja<\/p>\n<p>Napajanje i potro\u0161nja: 12V DC, 3,4W<\/p>\n<p>Radna temperatura i nivo za\u0161tite: -40 \u00baC do +60 \u00baC, IP 67<\/p>\n<p>Dimenzije i te\u017eina: 58 \u00d7 61 x 163 mm, 340g<\/p>\n","protected":false},"featured_media":3821,"comment_status":"open","ping_status":"closed","template":"","meta":{"_mi_skip_tracking":false,"_exactmetrics_sitenote_active":false,"_exactmetrics_sitenote_note":"","_exactmetrics_sitenote_category":0,"spay_email":""},"product_cat":[132],"product_tag":[2049,435,598,2050,2048,377,477,483,2051,1383,1384,2978,394,462],"brands":[{"id":2044,"name":"HikVision","slug":"hikvision"}],"df_price":"","df_sale_price":"","df_regular_price":"","df_image_link":"https:\/\/i2.wp.com\/astehshop.com\/wp-content\/uploads\/2020\/02\/DS-2CE16D8T-ITF.jpg?fit=450%2C436","jetpack_publicize_connections":[],"jetpack_sharing_enabled":true,"jetpack_likes_enabled":true,"jetpack-related-posts":[{"id":5767,"url":"http:\/\/astehshop.com\/index.php\/product\/hikvision-dome-kamera-5-mpx-ds-2ce78h0t-it3f\/","url_meta":{"origin":3820,"position":0},"title":"HikVision dome kamera 5 MPX DS-2CE78H0T-IT3F","date":"9. sije\u010dnja 2022.","format":false,"excerpt":"HD Dome kamera, 5mpx, 2.8mm, @20fps,4mp 25fps,EXIR, 40m IR, Ourdoor Exir turret,ICR, 0.01 Lux, 12vdc,Smart IR, DNR, OSD, IP 67, TVI\/AHD\/CVI\/CVBS","rel":"","context":"Srodne objave","img":{"alt_text":"","src":"https:\/\/i2.wp.com\/astehshop.com\/wp-content\/uploads\/2022\/01\/DS-2CE78H0T-IT3F-1.jpg?fit=898%2C779&resize=350%2C200","width":350,"height":200},"classes":[]},{"id":5230,"url":"http:\/\/astehshop.com\/index.php\/product\/hikvision-analogna-kamera-5-mpx-ds-2ce17h0t-it3f-novi-model\/","url_meta":{"origin":3820,"position":1},"title":"HikVision Analogna kamera 5 MPX DS-2CE17H0T-IT3F novi model","date":"9. listopada 2021.","format":false,"excerpt":"5MP TVI kamera u bullet ku\u0107i\u0161tu 4 u 1 TVI\/AHD\/CVI\/CVBS re\u017eim. 0.01 Lux@(F1.2, AGC ON), 0 Lux with IR. Maksimalna rezolucija 2560x1944. Fiksna optika 3.6mm. Nivo za\u0161tite IP67. DWDR. Domet IC dioda 40 metara. 12v napajanje. Odgovaraju\u0107a dozna je DS-1280ZJ-XS. Slika s prednje strane : DS-2CE17H0T-IT3F dimenzija DS-2CE17H0T-IT3F HikVision kamere","rel":"","context":"Srodne objave","img":{"alt_text":"","src":"https:\/\/i1.wp.com\/astehshop.com\/wp-content\/uploads\/2021\/10\/hikvision-a-kamera-ds-2ce17h0t-it3f-3-6mm.jpg?fit=800%2C800&resize=350%2C200","width":350,"height":200},"classes":[]},{"id":3919,"url":"http:\/\/astehshop.com\/index.php\/product\/hikvision-mrezna-ip-kamera-ds-2cd2t43g0-i5-4-mp\/","url_meta":{"origin":3820,"position":2},"title":"HikVision mre\u017ena IP kamera DS-2CD2T43G2-I5 4 MP","date":"16. velja\u010de 2020.","format":false,"excerpt":"1\/3 Progressive Scan CMOS H.265+\/H.265\/H.264+\/H.264\/MJPEG Color: 0.01 lux @(F1.2, AGC ON), 0lux,25fps\/30fps(2560\u00d71440, 1920\u00d71080) 3 VCA functions 3 streams 3D DNR ICR EXIR IR domet 50m DC12V&PoE Utor za SD\/SDHC\/SDXC slot","rel":"","context":"Srodne objave","img":{"alt_text":"","src":"https:\/\/i0.wp.com\/astehshop.com\/wp-content\/uploads\/2020\/02\/DS-2CD2T23G0-I5.jpg?fit=1200%2C1080&resize=350%2C200","width":350,"height":200},"classes":[]},{"id":4629,"url":"http:\/\/astehshop.com\/index.php\/product\/kamera-za-video-nadzor-tvt-td-7524as1-2-mp-full-hd\/","url_meta":{"origin":3820,"position":3},"title":"Kamera za video nadzor TVT TD-7524AS1 2 MP FULL HD","date":"6. rujna 2020.","format":false,"excerpt":"2 Mpixel Day&Night HD kupolna kamera ili 1080p (1920x1080)\/ 30FPS(60Hz), 25FPS(50Hz), 1\/2.9\u201d SONY CMOS progressive senzor, IMX323+FH8526E, inteligentno IR osvetljenje dometa do 20m, IR cut Filter. Video izlazi AHD\/TVI\/CVI\/CVBS. OSD kontrola kroz koaksijani kabl, fiksni objektiv 2.8mm, AWB, AGC, BLC, WDR. Temperatura od -20\u00b0C ~ 50\u00b0C, 10%~ 90% vlage. DC12V,\u2026","rel":"","context":"Srodne objave","img":{"alt_text":"","src":"https:\/\/i0.wp.com\/astehshop.com\/wp-content\/uploads\/2020\/09\/TD-7524AS1.jpg?fit=400%2C310&resize=350%2C200","width":350,"height":200},"classes":[]},{"id":9075,"url":"http:\/\/astehshop.com\/index.php\/product\/dahua-hac-hdbw1500e-0280b-s2-kamera\/","url_meta":{"origin":3820,"position":4},"title":"Dahua HAC-HDBW1500E-0280B-S2 kamera","date":"19. velja\u010de 2024.","format":false,"excerpt":"5MP HDCVI kamera u dome ku\u0107i\u0161tu 4 u 1 TVI\/AHD\/CVI\/CVBS re\u017eim. 0.01 Lux\/F1.6, 30IRE, 0 Lux IR on . Maksimalna rezolucija 2880x1620. Fiksna optika 2.8 mm. Nivo za\u0161tite IP67, IK10. DWDR. Domet IC dioda 30 metara. 12v napajanje. Odgovaraju\u0107a dozna je PFA136. Nosa\u010d za banderu je PFA152-E. Zidni nosa\u010d je\u2026","rel":"","context":"Srodne objave","img":{"alt_text":"","src":"https:\/\/i1.wp.com\/astehshop.com\/wp-content\/uploads\/2024\/02\/dahua-hac-hdbw1500e-0280b-s2-kamera_0.png?fit=1200%2C675&resize=350%2C200","width":350,"height":200},"classes":[]},{"id":5422,"url":"http:\/\/astehshop.com\/index.php\/product\/dahua-hac-hdw1500tmq-a-0280b-5-mpx\/","url_meta":{"origin":3820,"position":5},"title":"Dahua HAC-HDW1500TMQ-A-0280B 5 MPX","date":"16. listopada 2021.","format":false,"excerpt":"5MP HDCVI kamera u eyeball ku\u0107i\u0161tu sa StarLight tehnologijom 4 u 1 TVI\/AHD\/CVI\/CVBS re\u017eim. 0.005 Lux\/F1.6, 30IRE, 0 Lux IR on. Maksimalna rezolucija 2880x1620. Fiksna optika 2.8 mm. Nivo za\u0161tite IP67. DWDR. Domet IC dioda 60 metara. Integrisan mikrofon. 12v napajanje. Odgovaraju\u0107a dozna je PFA130-E. Nosa\u010d za banderu je PFA152-E.","rel":"","context":"Srodne objave","img":{"alt_text":"","src":"https:\/\/i2.wp.com\/astehshop.com\/wp-content\/uploads\/2021\/10\/HAC-HDW1500TMQ-A-0280B.png?fit=400%2C400&resize=350%2C200","width":350,"height":200},"classes":[]}],"_links":{"self":[{"href":"http:\/\/astehshop.com\/index.php\/wp-json\/wp\/v2\/product\/3820"}],"collection":[{"href":"http:\/\/astehshop.com\/index.php\/wp-json\/wp\/v2\/product"}],"about":[{"href":"http:\/\/astehshop.com\/index.php\/wp-json\/wp\/v2\/types\/product"}],"replies":[{"embeddable":true,"href":"http:\/\/astehshop.com\/index.php\/wp-json\/wp\/v2\/comments?post=3820"}],"wp:featuredmedia":[{"embeddable":true,"href":"http:\/\/astehshop.com\/index.php\/wp-json\/wp\/v2\/media\/3821"}],"wp:attachment":[{"href":"http:\/\/astehshop.com\/index.php\/wp-json\/wp\/v2\/media?parent=3820"}],"wp:term":[{"taxonomy":"product_cat","embeddable":true,"href":"http:\/\/astehshop.com\/index.php\/wp-json\/wp\/v2\/product_cat?post=3820"},{"taxonomy":"product_tag","embeddable":true,"href":"http:\/\/astehshop.com\/index.php\/wp-json\/wp\/v2\/product_tag?post=3820"}],"curies":[{"name":"wp","href":"https:\/\/api.w.org\/{rel}","templated":true}]}}