{"id":3799,"date":"2020-02-15T16:54:11","date_gmt":"2020-02-15T15:54:11","guid":{"rendered":"http:\/\/astehshop.com\/?post_type=product&#038;p=3799"},"modified":"2025-09-17T22:05:50","modified_gmt":"2025-09-17T20:05:50","slug":"kompletan-dahua-set-za-video-nadzor-2-mp","status":"publish","type":"product","link":"http:\/\/astehshop.com\/index.php\/product\/kompletan-dahua-set-za-video-nadzor-2-mp\/","title":{"rendered":"Kompletan Dahua set za video nadzor 2 MP"},"content":{"rendered":"<p><span class=\"_5mfr\"><span class=\"_6qdm\">&#x2705;<\/span><\/span>Dahua komplet set 2 MP<br \/>\n<span class=\"_5mfr\"><span class=\"_6qdm\">&#x1f4a5;<\/span><\/span>659 KM<\/p>\n<p><span class=\"_5mfr\"><span class=\"_6qdm\">&#x27a1;&#xfe0f;<\/span><\/span>U setu dolazi :<\/p>\n<div class=\"text_exposed_show\">\n<p><span class=\"_5mfr\"><span class=\"_6qdm\">&#x26a1;&#xfe0f;<\/span><\/span>1 x 4 kanalni DVR<br \/>\n<span class=\"_5mfr\"><span class=\"_6qdm\">&#x26a1;&#xfe0f;<\/span><\/span>4 x Dahua kamere 2 MP HAC-HFW1200DP<br \/>\n<span class=\"_5mfr\"><span class=\"_6qdm\">&#x26a1;&#xfe0f;<\/span><\/span>1 x 500 GB HDD<br \/>\n<span class=\"_5mfr\"><span class=\"_6qdm\">&#x26a1;&#xfe0f;<\/span><\/span>1 x napajanje 12v 5a<br \/>\n<span class=\"_5mfr\"><span class=\"_6qdm\">&#x26a1;&#xfe0f;<\/span><\/span>100 metara kabla ( signal + struja )<br \/>\n<span class=\"_5mfr\"><span class=\"_6qdm\">&#x26a1;&#xfe0f;<\/span><\/span>8 bnc konektora<br \/>\n<span class=\"_5mfr\"><span class=\"_6qdm\">&#x26a1;&#xfe0f;<\/span><\/span>4 x dc konektora<\/p>\n<p><span class=\"_5mfr\"><span class=\"_6qdm\">&#x27a1;&#xfe0f;<\/span><\/span>Garancija na opremu je 24 mjeseca !<\/p>\n<p>Mogu\u0107nost pode\u0161avanja prije slanja i pomo\u0107 pri pu\u0161tanju u rad<\/p>\n<p>Nikole Tesle 31a<br \/>\nBijeljina<br \/>\n<a href=\"https:\/\/l.facebook.com\/l.php?u=http%3A%2F%2Fwww.technoshopbn.com%2F%3Ffbclid%3DIwAR1W3vKZG8eCissvSzN1N_1CQj9AKM_ISjUWr8m4ciiic5KBe5EY2lvs5tI&amp;h=AT0gBjwWBj9ez-Yac1dJyTBVWYJI2fV6kB2mQBw0Gn5y0zjhhmshlEObkAfkkgkBdPvON4LL0n8id0aD7t91CX9EPsDsTk9W7e_Yu-qE6LKnQSXqMM14QORUWdQttAzh_hgPHfH1y0ELzyZb_9x5k3-GQ2AD8OB52NBs728-jfm607i9R1kCNz3uY4LoOvTB6RSgglUBkV5UVy0q58fVpVOG-2vA9BLKzmYuIRfmzcLuvKzWtLQbo6tTB1VkR2fAwcYhjxHpUMS8vBTjtrMKOCIJUMUIwVFn96elO4yLtLQKoMN9jaBdrirCzUDgHMblBu48UpXGkiE_WXRs5PW6tLJgCSAgNT71KINWhrJvbpKUr1rlqe1yvyATY0p8XXhaFsDHCKNt7kJFji2xkuvmBsqAWmfBVgHj8fbDJaoxg_r38RtAIHMrPVjOy8oRFB_8HDzKHvWpvmfLbH9IIHY6m8k8CL3O4Gjuq_lB_JXAvwgmK6fgIUBGO0B38izQdlSSnXPJHBdxj25RZCsBEiYHFCwrJFfEaSGRC8LrYsp2q_MOeUD4Fy2sgHAncRN74tuSvaYyZohTTAy4R1UoFV-7eQD9085SUQ818VwOgdi5DerC___li_iyjiR0s7Lln_ETIoBt3qviBgpgbomnpQdmuSFxOoYzsBpqLwNXbDWRq3eYk63SY6JGDHxKnezFsRgV3YrtBSSPYp-TaNp9WO5CzdpV_KMKfOSEiyLHo7yj7UDMEjFX\" target=\"_blank\" rel=\"noopener nofollow\" data-ft=\"{&quot;tn&quot;:&quot;-U&quot;}\" data-lynx-mode=\"async\">www.technoshopbn.com<\/a><br \/>\n055 422 599<\/p>\n<\/div>\n","protected":false},"excerpt":{"rendered":"<p><span class=\"_5mfr\"><span class=\"_6qdm\">&#x2705;<\/span><\/span>Dahua komplet set 2 MP<br \/>\n<span class=\"_5mfr\"><span class=\"_6qdm\">&#x1f4a5;<\/span><\/span>659 KM<\/p>\n<p><span class=\"_5mfr\"><span class=\"_6qdm\">&#x27a1;&#xfe0f;<\/span><\/span>U setu dolazi :<\/p>\n<div class=\"text_exposed_show\">\n<p><span class=\"_5mfr\"><span class=\"_6qdm\">&#x26a1;&#xfe0f;<\/span><\/span>1 x 4 kanalni DVR<br \/>\n<span class=\"_5mfr\"><span class=\"_6qdm\">&#x26a1;&#xfe0f;<\/span><\/span>4 x Dahua kamere 2 MP HAC-HFW1200DP<br \/>\n<span class=\"_5mfr\"><span class=\"_6qdm\">&#x26a1;&#xfe0f;<\/span><\/span>1 x 500 GB HDD<br \/>\n<span class=\"_5mfr\"><span class=\"_6qdm\">&#x26a1;&#xfe0f;<\/span><\/span>1 x napajanje 12v 5a<br \/>\n<span class=\"_5mfr\"><span class=\"_6qdm\">&#x26a1;&#xfe0f;<\/span><\/span>100 metara kabla ( signal + struja )<br \/>\n<span class=\"_5mfr\"><span class=\"_6qdm\">&#x26a1;&#xfe0f;<\/span><\/span>8 bnc konektora<br \/>\n<span class=\"_5mfr\"><span class=\"_6qdm\">&#x26a1;&#xfe0f;<\/span><\/span>4 x dc konektora<\/p>\n<p><span class=\"_5mfr\"><span class=\"_6qdm\">&#x27a1;&#xfe0f;<\/span><\/span>Garancija na opremu je 24 mjeseca !<\/p>\n<p>Mogu\u0107nost pode\u0161avanja prije slanja i pomo\u0107 pri pu\u0161tanju u rad<\/p>\n<p>Nikole Tesle 31a<br \/>\nBijeljina<br \/>\n<a href=\"https:\/\/l.facebook.com\/l.php?u=http%3A%2F%2Fwww.technoshopbn.com%2F%3Ffbclid%3DIwAR1W3vKZG8eCissvSzN1N_1CQj9AKM_ISjUWr8m4ciiic5KBe5EY2lvs5tI&amp;h=AT0gBjwWBj9ez-Yac1dJyTBVWYJI2fV6kB2mQBw0Gn5y0zjhhmshlEObkAfkkgkBdPvON4LL0n8id0aD7t91CX9EPsDsTk9W7e_Yu-qE6LKnQSXqMM14QORUWdQttAzh_hgPHfH1y0ELzyZb_9x5k3-GQ2AD8OB52NBs728-jfm607i9R1kCNz3uY4LoOvTB6RSgglUBkV5UVy0q58fVpVOG-2vA9BLKzmYuIRfmzcLuvKzWtLQbo6tTB1VkR2fAwcYhjxHpUMS8vBTjtrMKOCIJUMUIwVFn96elO4yLtLQKoMN9jaBdrirCzUDgHMblBu48UpXGkiE_WXRs5PW6tLJgCSAgNT71KINWhrJvbpKUr1rlqe1yvyATY0p8XXhaFsDHCKNt7kJFji2xkuvmBsqAWmfBVgHj8fbDJaoxg_r38RtAIHMrPVjOy8oRFB_8HDzKHvWpvmfLbH9IIHY6m8k8CL3O4Gjuq_lB_JXAvwgmK6fgIUBGO0B38izQdlSSnXPJHBdxj25RZCsBEiYHFCwrJFfEaSGRC8LrYsp2q_MOeUD4Fy2sgHAncRN74tuSvaYyZohTTAy4R1UoFV-7eQD9085SUQ818VwOgdi5DerC___li_iyjiR0s7Lln_ETIoBt3qviBgpgbomnpQdmuSFxOoYzsBpqLwNXbDWRq3eYk63SY6JGDHxKnezFsRgV3YrtBSSPYp-TaNp9WO5CzdpV_KMKfOSEiyLHo7yj7UDMEjFX\" target=\"_blank\" rel=\"noopener nofollow\" data-ft=\"{&quot;tn&quot;:&quot;-U&quot;}\" data-lynx-mode=\"async\">www.technoshopbn.com<\/a><br \/>\n055 422 599<\/p>\n<\/div>\n","protected":false},"featured_media":3800,"comment_status":"open","ping_status":"closed","template":"","meta":{"_mi_skip_tracking":false,"_exactmetrics_sitenote_active":false,"_exactmetrics_sitenote_note":"","_exactmetrics_sitenote_category":0,"spay_email":""},"product_cat":[4415,130],"product_tag":[2029,2030,2031,1205,394,1780],"brands":[{"id":2045,"name":"Dahua","slug":"dahua"}],"df_price":"","df_sale_price":"","df_regular_price":"","df_image_link":"https:\/\/i2.wp.com\/astehshop.com\/wp-content\/uploads\/2020\/02\/kompletan-set-659-KM.jpg?fit=450%2C305","jetpack_publicize_connections":[],"jetpack_sharing_enabled":true,"jetpack_likes_enabled":true,"jetpack-related-posts":[{"id":4258,"url":"http:\/\/astehshop.com\/index.php\/product\/dahua-komplet-set-2-mp\/","url_meta":{"origin":3799,"position":0},"title":"Dahua komplet set 2 MP","date":"31. o\u017eujka 2020.","format":false,"excerpt":"\u2705Dahua komplet set 2 MP \ud83d\udca5659 KM \u27a1\ufe0fU setu dolazi : \u26a1\ufe0f1 x 4 kanalni DVR \u26a1\ufe0f4 x Dahua kamere 2 MP HAC-HFW1200DP \u26a1\ufe0f1 x 500 GB HDD \u26a1\ufe0f1 x napajanje 12v 5a \u26a1\ufe0f100 metara kabla ( signal + struja ) \u26a1\ufe0f8 bnc konektora \u26a1\ufe0f4 x dc konektora \u27a1\ufe0fGarancija na\u2026","rel":"","context":"Srodne objave","img":{"alt_text":"","src":"https:\/\/i1.wp.com\/astehshop.com\/wp-content\/uploads\/2020\/03\/Dahua-komplet-set-2-MP.jpg?fit=799%2C542&resize=350%2C200","width":350,"height":200},"classes":[]},{"id":4262,"url":"http:\/\/astehshop.com\/index.php\/product\/dahua-komplet-set-2-mp-1080p-4-kanalni\/","url_meta":{"origin":3799,"position":1},"title":"Dahua komplet set 2 MP 1080p 4 kanalni","date":"31. o\u017eujka 2020.","format":false,"excerpt":"\ud83d\udc49Kompletan set Dahua 2 MP \ud83d\udd25499 KM \u26a1\ufe0f4 x 1080p dahua kamere bullet vanjske \u26a1\ufe0f1 x XVR ( moze do 5 MPX ) 4 izlaza \u26a1\ufe0f1 x HDD 500 GB \u26a1\ufe0f1 x stabilisano napajanje 12v 5Ah \u26a1\ufe0f8 x bnc konektora \u26a1\ufe0f4 x dc konektora \u26a1\ufe0f\u26a1\ufe0fUz ovaj set mozete da kupite\u2026","rel":"","context":"Srodne objave","img":{"alt_text":"","src":"https:\/\/i2.wp.com\/astehshop.com\/wp-content\/uploads\/2020\/03\/dahua-499.jpg?fit=800%2C545&resize=350%2C200","width":350,"height":200},"classes":[]},{"id":4276,"url":"http:\/\/astehshop.com\/index.php\/product\/kompletan-set-dahua-2-mp-4-kanala-dome\/","url_meta":{"origin":3799,"position":2},"title":"Kompletan set DAHUA 2 MP 4 kanala dome","date":"31. o\u017eujka 2020.","format":false,"excerpt":"\u26a1\ufe0fKompletan set kamera Dahua 2 MP dome verzija \ud83d\udc49499 KM U kompletu dolazi : \ud83d\udca51 x DVR ( 4 kanalni, snima\u010d podr\u017eava kamere do 5 MPX ) \u26a1\ufe0f4 x unutra\u0161nja dome kamera 2 MP ( 1080p 20M IR ) \ud83d\udca51 x 500 GB HDD \u26a1\ufe0f1 x stabilisano napajanje 12v 5\u2026","rel":"","context":"Srodne objave","img":{"alt_text":"","src":"https:\/\/i1.wp.com\/astehshop.com\/wp-content\/uploads\/2020\/03\/Kompletan-set-DAHUA-2-MP-4-kanala-dome.jpg?fit=800%2C546&resize=350%2C200","width":350,"height":200},"classes":[]},{"id":4298,"url":"http:\/\/astehshop.com\/index.php\/product\/dahua-profesionalni-8-kanalni-set-kamera-2-mp-full-hd\/","url_meta":{"origin":3799,"position":3},"title":"Dahua profesionalni 8 kanalni set kamera 2 MP FULL HD","date":"31. o\u017eujka 2020.","format":false,"excerpt":"\ud83d\udd25Dahua profesionalni set kamera 2 MP FULL HD \u26a1\ufe0fGARANCIJA 2 GODINE \ud83d\udc4d799 KM 8 x dahua bullet vanjskih kamera 2 MP 1080P 1 x 8 kanalni dahua snima\u010d 8 x dc konektora 16 x bnc konektora 500 GB HDD Stabilisano napajanje 100 M kabla ( signal + struja ) Besplatno\u2026","rel":"","context":"Srodne objave","img":{"alt_text":"","src":"https:\/\/i1.wp.com\/astehshop.com\/wp-content\/uploads\/2020\/03\/Dahua-profesionalni-8-kanalni-set-kamera-2-MP-FULL-HD.jpg?fit=800%2C535&resize=350%2C200","width":350,"height":200},"classes":[]},{"id":4272,"url":"http:\/\/astehshop.com\/index.php\/product\/dahua-set-video-nadzor-4-mpx\/","url_meta":{"origin":3799,"position":4},"title":"Dahua set video nadzor 4 MPX","date":"31. o\u017eujka 2020.","format":false,"excerpt":"\ud83d\udca5Kada Vam treba stra\u0161no dobar VIDEO NADZOR ! \u2705Dahua set 4 kamere 4 MPX sa svom prate\u0107om opremom 699 KM 1 x 4 kanalni snima\u010d dahua 4 x bullet kamera 4 MPX ( 2560 x 1440 ) SMART IR dometa do \u010dak 80 metara - IP67 1 x 500 GB\u2026","rel":"","context":"Srodne objave","img":{"alt_text":"","src":"https:\/\/i2.wp.com\/astehshop.com\/wp-content\/uploads\/2020\/03\/Dahua-set-video-nadzor-4-MPX.jpg?fit=800%2C547&resize=350%2C200","width":350,"height":200},"classes":[]},{"id":5480,"url":"http:\/\/astehshop.com\/index.php\/product\/dahua-full-color-5-mp-kompletan-set-video-nadzor\/","url_meta":{"origin":3799,"position":5},"title":"Dahua FULL COLOR 5 MP kompletan set video nadzor","date":"17. listopada 2021.","format":false,"excerpt":"u setu dobijate 1 x 4 kanalni Dahua XVR 4 x FULL COLOR Dahua kamere 5 MP HAC-HFW1509T 1 x 500 GB HDD 100 metara RG59+ struja 1 x stabilisano napajanje 4 x dc konektora 8 x bnc konektora Nikole Tesle 31a Bijeljina 055 422 599 066 123 234 www.technoshopbn.com","rel":"","context":"Srodne objave","img":{"alt_text":"","src":"https:\/\/i0.wp.com\/astehshop.com\/wp-content\/uploads\/2021\/10\/slika-1854472-60c9049012a91-velika.jpg?fit=800%2C477&resize=350%2C200","width":350,"height":200},"classes":[]}],"_links":{"self":[{"href":"http:\/\/astehshop.com\/index.php\/wp-json\/wp\/v2\/product\/3799"}],"collection":[{"href":"http:\/\/astehshop.com\/index.php\/wp-json\/wp\/v2\/product"}],"about":[{"href":"http:\/\/astehshop.com\/index.php\/wp-json\/wp\/v2\/types\/product"}],"replies":[{"embeddable":true,"href":"http:\/\/astehshop.com\/index.php\/wp-json\/wp\/v2\/comments?post=3799"}],"wp:featuredmedia":[{"embeddable":true,"href":"http:\/\/astehshop.com\/index.php\/wp-json\/wp\/v2\/media\/3800"}],"wp:attachment":[{"href":"http:\/\/astehshop.com\/index.php\/wp-json\/wp\/v2\/media?parent=3799"}],"wp:term":[{"taxonomy":"product_cat","embeddable":true,"href":"http:\/\/astehshop.com\/index.php\/wp-json\/wp\/v2\/product_cat?post=3799"},{"taxonomy":"product_tag","embeddable":true,"href":"http:\/\/astehshop.com\/index.php\/wp-json\/wp\/v2\/product_tag?post=3799"}],"curies":[{"name":"wp","href":"https:\/\/api.w.org\/{rel}","templated":true}]}}