{"id":3750,"date":"2019-09-29T22:03:29","date_gmt":"2019-09-29T20:03:29","guid":{"rendered":"http:\/\/astehshop.com\/?post_type=product&#038;p=3750"},"modified":"2025-09-17T22:05:51","modified_gmt":"2025-09-17T20:05:51","slug":"dahua-8-kanalni-xvr-1080p-xvr5108hs-x","status":"publish","type":"product","link":"http:\/\/astehshop.com\/index.php\/product\/dahua-8-kanalni-xvr-1080p-xvr5108hs-x\/","title":{"rendered":"Dahua 8 kanalni XVR 1080p XVR5108HS-X"},"content":{"rendered":"<p><span class=\"tlid-translation translation\" lang=\"bs\"><span title=\"\">&gt; H.265 + \/ H.265 kompresija dvostrukog video zapisa<\/span><br \/>\n<span title=\"\">&gt; Podr\u017eava HDCVI \/ AHD \/ TVI \/ CVBS \/ IP video ulaze<\/span><br \/>\n<span title=\"\">&gt; Maks. 12\/24 kanala ulaza za IP kameru, svaki kanal do 6MP;<\/span> <span title=\"\">Maks. 48 \/ 96Mbps Dolazni opseg<\/span><br \/>\n<span class=\"\" title=\"\">&gt; Pametna pretraga i inteligentni video sistem<\/span><\/span><\/p>\n","protected":false},"excerpt":{"rendered":"<p><span class=\"tlid-translation translation\" lang=\"bs\"><span title=\"\">&gt; H.265 + \/ H.265 kompresija dvostrukog video zapisa<\/span><br \/>\n<span title=\"\">&gt; Podr\u017eava HDCVI \/ AHD \/ TVI \/ CVBS \/ IP video ulaze<\/span><br \/>\n<span title=\"\">&gt; Maks. 12\/24 kanala ulaza za IP kameru, svaki kanal do 6MP;<\/span> <span title=\"\">Maks. 48 \/ 96Mbps Dolazni opseg<\/span><br \/>\n<span class=\"\" title=\"\">&gt; Pametna pretraga i inteligentni video sistem<\/span><\/span><\/p>\n","protected":false},"featured_media":3748,"comment_status":"open","ping_status":"closed","template":"","meta":{"_mi_skip_tracking":false,"_exactmetrics_sitenote_active":false,"_exactmetrics_sitenote_note":"","_exactmetrics_sitenote_category":0,"spay_email":""},"product_cat":[133,4415],"product_tag":[1977],"brands":[],"df_price":"","df_sale_price":"","df_regular_price":"","df_image_link":"https:\/\/i0.wp.com\/astehshop.com\/wp-content\/uploads\/2019\/09\/DH-XVR5104HS-4KL-X_thumb.png?fit=300%2C300","jetpack_publicize_connections":[],"jetpack_sharing_enabled":true,"jetpack_likes_enabled":true,"jetpack-related-posts":[{"id":3751,"url":"http:\/\/astehshop.com\/index.php\/product\/dahua-32-kanalni-xvr-1080p-xvr5232an-x\/","url_meta":{"origin":3750,"position":0},"title":"Dahua 32 kanalni XVR 1080p XVR5232AN-X","date":"29. rujna 2019.","format":false,"excerpt":"> H.265 + \/ H.265 kompresija dvostrukog video zapisa > Podr\u017eava HDCVI \/ AHD \/ TVI \/ CVBS \/ IP video ulaze > Maks. 32 kanala ulaza za IP kameru, svaki kanal do 6MP; Maks. 128Mbps dolazne propusne \u0161irine > Pametna pretraga i inteligentni video sistem","rel":"","context":"Srodne objave","img":{"alt_text":"","src":"https:\/\/i1.wp.com\/astehshop.com\/wp-content\/uploads\/2019\/09\/DH-XVR5232AN-X_thumb.png?fit=400%2C400&resize=350%2C200","width":350,"height":200},"classes":[]},{"id":3749,"url":"http:\/\/astehshop.com\/index.php\/product\/dahua-4-kanalni-xvr-xvr5104hs-x1\/","url_meta":{"origin":3750,"position":1},"title":"Dahua 4 kanalni XVR XVR5104HS-X1","date":"29. rujna 2019.","format":false,"excerpt":"> H.265 + \/ H.265 kompresija dvostrukog video zapisa > Podr\u017eava HDCVI \/ AHD \/ TVI \/ CVBS \/ IP video ulaze > Max 6 kanala IP kamere ulazi, svaki kanal do 6MP; Maks. 24Mbps dolazne propusne \u0161irine > Pametna pretraga i inteligentni video sistem","rel":"","context":"Srodne objave","img":{"alt_text":"","src":"https:\/\/i0.wp.com\/astehshop.com\/wp-content\/uploads\/2019\/09\/DH-XVR5104HS-4KL-X_thumb.png?fit=400%2C400&resize=350%2C200","width":350,"height":200},"classes":[]},{"id":3747,"url":"http:\/\/astehshop.com\/index.php\/product\/dahua-4-kanalni-xvr-snimac-xvr5104hs-4kl-x\/","url_meta":{"origin":3750,"position":2},"title":"Dahua 4 kanalni XVR snima\u010d XVR5104HS-4KL-X","date":"29. rujna 2019.","format":false,"excerpt":"> H.265 + \/ H.265 kompresija dvostrukog video zapisa > Podr\u017eava HDCVI \/ AHD \/ TVI \/ CVBS \/ IP video ulaze > Max 6 kanala IP kamera ulazi, svaki kanal do 8MP; Maksimalna \u0161irina dolazne \u0161irine od 24Mbps > Pametna pretraga i inteligentni video sistem","rel":"","context":"Srodne objave","img":{"alt_text":"","src":"https:\/\/i0.wp.com\/astehshop.com\/wp-content\/uploads\/2019\/09\/DH-XVR5104HS-4KL-X_thumb.png?fit=400%2C400&resize=350%2C200","width":350,"height":200},"classes":[]},{"id":12325,"url":"http:\/\/astehshop.com\/index.php\/product\/hikvision-32-kanala-ids-7232hqhi-m2-xtd\/","url_meta":{"origin":3750,"position":3},"title":"HikVision 32 kanala iDS-7232HQHI-M2\/XTd","date":"28. velja\u010de 2026.","format":false,"excerpt":"32-kanalni 2 HDD 1U AcuSense DVR 8 kanala podr\u017eava AcuSearch tehnologiju Mogu\u0107nost kodiranja do 3K\/5MP Lite @ 12fps, Do 40 ulaza IP kamere, svaki kanal do 6MP","rel":"","context":"Srodne objave","img":{"alt_text":"","src":"https:\/\/i1.wp.com\/astehshop.com\/wp-content\/uploads\/2026\/02\/iDS-7216HQHI-M1.jpg?fit=463%2C382&resize=350%2C200","width":350,"height":200},"classes":[]},{"id":5461,"url":"http:\/\/astehshop.com\/index.php\/product\/dahua-xvr5232an-i2-snimac-32-kanala-2-diska\/","url_meta":{"origin":3750,"position":4},"title":"Dahua XVR5232AN-I2 snima\u010d 32 kanala 2 diska","date":"16. listopada 2021.","format":false,"excerpt":"32 Channel Penta-brid 5M-N\/1080P 1U 2HDDs WizSense Digital Video Recorder > H.265+\/H.265 dual-stream video compression > Supports HDCVI\/AHD\/TVI\/CVBS\/IP video inputs > Max 32 channels IP camera inputs, each channel up to 6MP; Max 128 Mbps incoming bandwidth > Up to 2 channels video stream ( analog channel ) Perimeter Protection\u2026","rel":"","context":"Srodne objave","img":{"alt_text":"","src":"https:\/\/i2.wp.com\/astehshop.com\/wp-content\/uploads\/2021\/10\/dahua-xvr5104hs-4kl-i2_0.jpg?fit=870%2C489&resize=350%2C200","width":350,"height":200},"classes":[]},{"id":6923,"url":"http:\/\/astehshop.com\/index.php\/product\/hibrid-h-265-h265-h264-16-kanalni-hd-tvi-ahdip-tvt-td-2116ns-hl\/","url_meta":{"origin":3750,"position":5},"title":"HIBRID H.265+\/H265\/H264 16-kanalni HD-TVI\/AHD+IP TVT TD-2116NS-HL","date":"4. prosinca 2022.","format":false,"excerpt":"HIBRID H.265+\/H265\/H264 16-kanalni HD-TVI\/AHD+IP CPU Cortex A9, NT98623,DUAL STREAM digitalni video rekorder (DVR); podr\u017eava HD-TVI,CVI,AHD,IP ianalogne kamere istovremeno, automatsko prepoznavanje za svaki kanal;mogu\u0107nost izbora dva IP kanala rezolucije 5Mp\/4Mp\/3Mp\/1080p\/960p\/720p,brzine zapisa 25kad\/sek, bandwidth 16\/80Mbps. Rezolucija snimka 1080p litebrzina zapisa kanal 1 -25kad\/sek, 720p -12kad\/sek,720p lite-25 kad\/sek. 16TVI\/CVI\/AHD\/analognih video ulaza, 1 audio\u2026","rel":"","context":"Srodne objave","img":{"alt_text":"","src":"https:\/\/i2.wp.com\/astehshop.com\/wp-content\/uploads\/2022\/12\/td-2004ns-hl.jpg?fit=590%2C446&resize=350%2C200","width":350,"height":200},"classes":[]}],"_links":{"self":[{"href":"http:\/\/astehshop.com\/index.php\/wp-json\/wp\/v2\/product\/3750"}],"collection":[{"href":"http:\/\/astehshop.com\/index.php\/wp-json\/wp\/v2\/product"}],"about":[{"href":"http:\/\/astehshop.com\/index.php\/wp-json\/wp\/v2\/types\/product"}],"replies":[{"embeddable":true,"href":"http:\/\/astehshop.com\/index.php\/wp-json\/wp\/v2\/comments?post=3750"}],"wp:featuredmedia":[{"embeddable":true,"href":"http:\/\/astehshop.com\/index.php\/wp-json\/wp\/v2\/media\/3748"}],"wp:attachment":[{"href":"http:\/\/astehshop.com\/index.php\/wp-json\/wp\/v2\/media?parent=3750"}],"wp:term":[{"taxonomy":"product_cat","embeddable":true,"href":"http:\/\/astehshop.com\/index.php\/wp-json\/wp\/v2\/product_cat?post=3750"},{"taxonomy":"product_tag","embeddable":true,"href":"http:\/\/astehshop.com\/index.php\/wp-json\/wp\/v2\/product_tag?post=3750"}],"curies":[{"name":"wp","href":"https:\/\/api.w.org\/{rel}","templated":true}]}}