{"id":3745,"date":"2019-09-28T21:21:13","date_gmt":"2019-09-28T19:21:13","guid":{"rendered":"http:\/\/astehshop.com\/?post_type=product&#038;p=3745"},"modified":"2025-09-17T22:05:52","modified_gmt":"2025-09-17T20:05:52","slug":"dahua-pfa134-kutija-nosac-za-skrivanje-kablova","status":"publish","type":"product","link":"http:\/\/astehshop.com\/index.php\/product\/dahua-pfa134-kutija-nosac-za-skrivanje-kablova\/","title":{"rendered":"Dahua PFA134 kutija + nosa\u010d za skrivanje kablova"},"content":{"rendered":"<p><span class=\"tlid-translation translation\" lang=\"bs\"><span title=\"\">&gt; Estetski dizajn<\/span><br \/>\n<span title=\"\">&gt; Materijal: aluminijum &amp; SECC<\/span><br \/>\n<span title=\"\">&gt; Vodootporna razvodna kutija<\/span><\/span><\/p>\n","protected":false},"excerpt":{"rendered":"<p><span class=\"tlid-translation translation\" lang=\"bs\"><span title=\"\">&gt; Estetski dizajn<\/span><br \/>\n<span title=\"\">&gt; Materijal: aluminij &amp; SECC<\/span><br \/>\n<span title=\"\">&gt; Vodootporna razvodna kutija<\/span><\/span><\/p>\n","protected":false},"featured_media":3746,"comment_status":"open","ping_status":"closed","template":"","meta":{"_mi_skip_tracking":false,"_exactmetrics_sitenote_active":false,"_exactmetrics_sitenote_note":"","_exactmetrics_sitenote_category":0,"spay_email":""},"product_cat":[1972,4415],"product_tag":[1973],"brands":[{"id":2045,"name":"Dahua","slug":"dahua"}],"df_price":"","df_sale_price":"","df_regular_price":"","df_image_link":"https:\/\/i1.wp.com\/astehshop.com\/wp-content\/uploads\/2019\/09\/PFA134.png?fit=300%2C300","jetpack_publicize_connections":[],"jetpack_sharing_enabled":true,"jetpack_likes_enabled":true,"jetpack-related-posts":[{"id":5860,"url":"http:\/\/astehshop.com\/index.php\/product\/razvodna-kutija-nadzbuk-100x100-vodonepropusna-ip55\/","url_meta":{"origin":3745,"position":0},"title":"Razvodna kutija nad\u017ebuk 100&#215;100, vodonepropusna, IP55","date":"23. sije\u010dnja 2022.","format":false,"excerpt":"Razvodna kutija nad\u017ebuk, dimenzija 100x100x45, 7 ulaza \u00d8 20mm, vodonepropusna, IP55.","rel":"","context":"Srodne objave","img":{"alt_text":"","src":"https:\/\/i0.wp.com\/astehshop.com\/wp-content\/uploads\/2022\/01\/Razvodna-kutija-nadzbuk-100x100-vodonepropusna-IP55.png?fit=566%2C566&resize=350%2C200","width":350,"height":200},"classes":[]},{"id":5864,"url":"http:\/\/astehshop.com\/index.php\/product\/razvodna-kutija-nadzbuk-80x80-vodonepropusna-ip55\/","url_meta":{"origin":3745,"position":1},"title":"Razvodna kutija nad\u017ebuk 80&#215;80, vodonepropusna, IP55","date":"23. sije\u010dnja 2022.","format":false,"excerpt":"Razvodna kutija nad\u017ebuk 80x80x36 mm, 7 ulaza \u00d820, vodonepropusna, IP55, bez halogena.","rel":"","context":"Srodne objave","img":{"alt_text":"","src":"https:\/\/i1.wp.com\/astehshop.com\/wp-content\/uploads\/2022\/01\/Razvodna-kutija-nadzbuk-80x80-vodonepropusna-IP55.png?fit=1200%2C1200&resize=350%2C200","width":350,"height":200},"classes":[]},{"id":5862,"url":"http:\/\/astehshop.com\/index.php\/product\/razvodna-kutija-nadzbuk-ip55-85x85x40-mm\/","url_meta":{"origin":3745,"position":2},"title":"Razvodna kutija, nad\u017ebuk, IP55, 85x85x40 mm","date":"23. sije\u010dnja 2022.","format":false,"excerpt":"Razvodna kutija, nad\u017ebuk, 85x85x40, 400V, vodonepropusna ,12 ulaza \u00d8 8-14 mm, za \u017eice presjeka do 2.5mm, bez halogena,instalacija pomo\u0107u vezice i \u0161arafa, odvojeni utor","rel":"","context":"Srodne objave","img":{"alt_text":"","src":"https:\/\/i1.wp.com\/astehshop.com\/wp-content\/uploads\/2022\/01\/Razvodna-kutija-nadzbuk-IP55-85x85x40-mm.png?fit=566%2C566&resize=350%2C200","width":350,"height":200},"classes":[]},{"id":6904,"url":"http:\/\/astehshop.com\/index.php\/product\/vivotek-vanjska-vodootporna-kutija-am-71e\/","url_meta":{"origin":3745,"position":3},"title":"Vivotek vanjska vodootporna kutija AM-71E","date":"2. prosinca 2022.","format":false,"excerpt":"Podr\u017eani modeli:V01: IB9360-H, IB9380-HV02: IB9360-H, IB9380-H, IB9369, FD9369","rel":"","context":"Srodne objave","img":{"alt_text":"","src":"https:\/\/i0.wp.com\/astehshop.com\/wp-content\/uploads\/2022\/12\/am_71e_.png?fit=288%2C288&resize=350%2C200","width":350,"height":200},"classes":[]},{"id":6902,"url":"http:\/\/astehshop.com\/index.php\/product\/vivotek-vodootporna-kutija-am-71c\/","url_meta":{"origin":3745,"position":4},"title":"Vivotek vodootporna kutija AM-71C","date":"2. prosinca 2022.","format":false,"excerpt":"Podr\u017eani modeli:FD9360-H, FD9380-H, IT9360-H, IT9380-H, IB9360-H, IB9368-HT, IB9380-H, IB9388-HT, IB9389-EH(T)-v2","rel":"","context":"Srodne objave","img":{"alt_text":"","src":"https:\/\/i2.wp.com\/astehshop.com\/wp-content\/uploads\/2022\/12\/am-71c.png?fit=456%2C460&resize=350%2C200","width":350,"height":200},"classes":[]},{"id":6079,"url":"http:\/\/astehshop.com\/index.php\/product\/plasticna-nadgradna-kutija-za-kamere-rbox-odgovara-za-sve-modele-kamera\/","url_meta":{"origin":3745,"position":5},"title":"Plasti\u010dna nadgradna kutija za kamere RBOX &#8211; odgovara za sve modele kamera","date":"20. velja\u010de 2022.","format":false,"excerpt":"Ova kutija ja odli\u010dna za za\u0161titu konektora i kablova od kamere od ki\u0161e, vremenskih neprilika kao i naleta vjetra. Dobar kvalitet dolazi od dobrih materijala. Transparetna. Odli\u010dan dizajn odgovara za sve modele kamera. Boja prljavo bijela \u00a0","rel":"","context":"Srodne objave","img":{"alt_text":"","src":"https:\/\/i2.wp.com\/astehshop.com\/wp-content\/uploads\/2022\/02\/rbox.jpg?fit=500%2C500&resize=350%2C200","width":350,"height":200},"classes":[]}],"_links":{"self":[{"href":"http:\/\/astehshop.com\/index.php\/wp-json\/wp\/v2\/product\/3745"}],"collection":[{"href":"http:\/\/astehshop.com\/index.php\/wp-json\/wp\/v2\/product"}],"about":[{"href":"http:\/\/astehshop.com\/index.php\/wp-json\/wp\/v2\/types\/product"}],"replies":[{"embeddable":true,"href":"http:\/\/astehshop.com\/index.php\/wp-json\/wp\/v2\/comments?post=3745"}],"wp:featuredmedia":[{"embeddable":true,"href":"http:\/\/astehshop.com\/index.php\/wp-json\/wp\/v2\/media\/3746"}],"wp:attachment":[{"href":"http:\/\/astehshop.com\/index.php\/wp-json\/wp\/v2\/media?parent=3745"}],"wp:term":[{"taxonomy":"product_cat","embeddable":true,"href":"http:\/\/astehshop.com\/index.php\/wp-json\/wp\/v2\/product_cat?post=3745"},{"taxonomy":"product_tag","embeddable":true,"href":"http:\/\/astehshop.com\/index.php\/wp-json\/wp\/v2\/product_tag?post=3745"}],"curies":[{"name":"wp","href":"https:\/\/api.w.org\/{rel}","templated":true}]}}