{"id":3710,"date":"2019-09-27T20:54:34","date_gmt":"2019-09-27T18:54:34","guid":{"rendered":"http:\/\/astehshop.com\/?post_type=product&#038;p=3710"},"modified":"2025-09-17T22:06:43","modified_gmt":"2025-09-17T20:06:43","slug":"dahua-3mp-wifi-ip-kamera-ipc-hdbw1320e-w-0280","status":"publish","type":"product","link":"http:\/\/astehshop.com\/index.php\/product\/dahua-3mp-wifi-ip-kamera-ipc-hdbw1320e-w-0280\/","title":{"rendered":"Dahua 3MP WiFi Ip kamera IPC-HDBW1320E-W-0280"},"content":{"rendered":"<blockquote><p><span class=\"tlid-translation translation\" lang=\"bs\"><span title=\"\">1\/3 \u201d3Megapikselni progresivni CMOS<\/span><br \/>\n<span title=\"\">&gt; H.264 &amp; MJPEG kodiranje dvostrukog toka<\/span><br \/>\n<span title=\"\">&gt; 20fps @ (2304&#215;1296) &amp; 25 \/ 30fps @ 2M (1920&#215;1080)<\/span><br \/>\n<span title=\"\">&gt; DWDR, dan \/ no\u0107 (ICR), 3DNR, AWB, AGC, BLC<\/span><br \/>\n<span class=\"\" title=\"\">&gt; Wi-Fi podr\u0161ka<\/span><br \/>\n<span class=\"\" title=\"\">&gt; 2,8 mm fiksna le\u0107a (opcija 3,6 mm)<\/span><br \/>\n<span class=\"\" title=\"\">&gt; Max IR LED diode Du\u017eina 30m<\/span><br \/>\n<span class=\"\" title=\"\">&gt; IP67, IK10<\/span><\/span><\/p><\/blockquote>\n<iframe  id=\"_ytid_57153\"  width=\"480\" height=\"270\"  data-origwidth=\"480\" data-origheight=\"270\"  src=\"https:\/\/www.youtube.com\/embed\/2qKvH8upPsc?enablejsapi=1&autoplay=0&cc_load_policy=0&cc_lang_pref=&iv_load_policy=1&loop=0&modestbranding=0&rel=1&fs=1&playsinline=0&autohide=2&theme=dark&color=red&controls=1&\" class=\"__youtube_prefs__  no-lazyload\" title=\"YouTube player\"  allow=\"autoplay; encrypted-media\" allowfullscreen data-no-lazy=\"1\" data-skipgform_ajax_framebjll=\"\"><\/iframe>\n","protected":false},"excerpt":{"rendered":"<p><span class=\"tlid-translation translation\" lang=\"bs\"><span title=\"\">&gt; 1\/3 \u201d3Megapikselni progresivni CMOS<\/span><br \/>\n<span title=\"\">&gt; H.264 &amp; MJPEG kodiranje dvostrukog toka<\/span><br \/>\n<span title=\"\">&gt; 20fps @ (2304&#215;1296) &amp; 25 \/ 30fps @ 2M (1920&#215;1080)<\/span><br \/>\n<span title=\"\">&gt; DWDR, dan \/ no\u0107 (ICR), 3DNR, AWB, AGC, BLC<\/span><br \/>\n<span class=\"\" title=\"\">&gt; Wi-Fi podr\u0161ka<\/span><br \/>\n<span class=\"\" title=\"\">&gt; 2,8 mm fiksna le\u0107a (opcija 3,6 mm)<\/span><br \/>\n<span class=\"\" title=\"\">&gt; Max IR LED diode Du\u017eina 30m<\/span><br \/>\n<span class=\"\" title=\"\">&gt; IP67, IK10<\/span><\/span><\/p>\n","protected":false},"featured_media":3715,"comment_status":"open","ping_status":"closed","template":"","meta":{"_mi_skip_tracking":false,"_exactmetrics_sitenote_active":false,"_exactmetrics_sitenote_note":"","_exactmetrics_sitenote_category":0,"spay_email":""},"product_cat":[4415,135],"product_tag":[1520,1948,1949,1947,1183],"brands":[],"df_price":"","df_sale_price":"","df_regular_price":"","df_image_link":"https:\/\/i1.wp.com\/astehshop.com\/wp-content\/uploads\/2019\/09\/PC-HDBW1320E-W-0280.png?fit=300%2C300","jetpack_publicize_connections":[],"jetpack_sharing_enabled":true,"jetpack_likes_enabled":true,"jetpack-related-posts":[{"id":3721,"url":"http:\/\/astehshop.com\/index.php\/product\/dahua-ip-kamera-2mp-bullet-ipc-hfw1230s-0280b-s\/","url_meta":{"origin":3710,"position":0},"title":"Dahua IP Kamera 2MP Bullet IPC-HFW1230S-0280B-S","date":"28. rujna 2019.","format":false,"excerpt":"> 1 \/ 2,7 \u201d2Megapiksela progresivni CMOS > H.265 i H.264 dvostruko kodiranje > 25\/30 kadrova u sekundi @ 1080P (1920 \u00d7 1080) > DWDR, dan \/ no\u0107 (ICR), 3DNR, AWB, AGC, BLC > Vi\u0161estruko nadgledanje mre\u017ee: Web preglednik, CMS (DSS \/ PSS) i DMSS > 2,8 mm fiksna le\u0107a\u2026","rel":"","context":"Srodne objave","img":{"alt_text":"","src":"https:\/\/i0.wp.com\/astehshop.com\/wp-content\/uploads\/2019\/09\/IPC-HFW1230S-0280B-S.png?fit=400%2C400&resize=350%2C200","width":350,"height":200},"classes":[]},{"id":3711,"url":"http:\/\/astehshop.com\/index.php\/product\/dahua-4mp-wdr-dome-kamera-ipc-hdbw1431e-s-0360\/","url_meta":{"origin":3710,"position":1},"title":"Dahua 4MP WDR dome kamera IPC-HDBW1431E-S-0360","date":"27. rujna 2019.","format":false,"excerpt":"> 1\/3 \u201d4Megapikselni progresivni CMOS > H.265 i H.264 dvostruko kodiranje > 20 kadrova u sekundi @ 4M (2688 \u00d7 1520) i 25\/30 kadrova u sekundi @ 3M (2304 \u00d7 1296) > WDR (120dB), dan \/ no\u0107 (ICR), 3DNR, AWB, AGC, BLC > Vi\u0161estruko nadgledanje mre\u017ee: Web preglednik, CMS (DSS\u2026","rel":"","context":"Srodne objave","img":{"alt_text":"","src":"https:\/\/i0.wp.com\/astehshop.com\/wp-content\/uploads\/2019\/09\/dh-ipc-hdbw1431e_thumb.png?fit=400%2C400&resize=350%2C200","width":350,"height":200},"classes":[]},{"id":4047,"url":"http:\/\/astehshop.com\/index.php\/product\/dahua-ip-kamera-4-mp-ipc-hdw1431sp-0280b-poe\/","url_meta":{"origin":3710,"position":2},"title":"Dahua IP kamera 4 MP IPC-HDW1431SP-0280B POE","date":"21. velja\u010de 2020.","format":false,"excerpt":"4MP WDR IR IP kamera > 1\/3 \u201d4 Megapiksela progresivni CMOS > H.265 i H.264 dvostruko kodiranje > 20 kadrova u sekundi @ 4M (2688 \u00d7 1520) i 25\/30 kadrova u sekundi @ 3M (2304 \u00d7 1296) > WDR (120dB), dan \/ no\u0107 (ICR), 3DNR, HLC, AGC, BLC > Vi\u0161estruko\u2026","rel":"","context":"Srodne objave","img":{"alt_text":"","src":"https:\/\/i0.wp.com\/astehshop.com\/wp-content\/uploads\/2020\/02\/IPC-HDW1431SP-0280B.jpg?fit=992%2C956&resize=350%2C200","width":350,"height":200},"classes":[]},{"id":3718,"url":"http:\/\/astehshop.com\/index.php\/product\/dahua-ip-kamera-2-mp-dome-ipc-hdbw4231fp-m-028\/","url_meta":{"origin":3710,"position":3},"title":"Dahua IP kamera 2 MP dome IPC-HDBW4231FP-M-028","date":"28. rujna 2019.","format":false,"excerpt":"> 1 \/ 2.8 \u201d2Megapikselsko progresivno skeniranje STARVIS \u2122 CMOS > H.265 i H.264 trostruko paro kodiranje > 50\/60 kadrova u sekundi @ 2M (1920 \u00d7 1080) > Podr\u017eana je pametna detekcija > WDR (120dB), dan \/ no\u0107 (ICR), 3DNR, AWB, AGC, BLC, > Vi\u0161estruko nadgledanje mre\u017ee: Web preglednik, CMS\u2026","rel":"","context":"Srodne objave","img":{"alt_text":"","src":"https:\/\/i1.wp.com\/astehshop.com\/wp-content\/uploads\/2019\/09\/IPC-HDBW4231FP-M-028.png?fit=400%2C400&resize=350%2C200","width":350,"height":200},"classes":[]},{"id":3716,"url":"http:\/\/astehshop.com\/index.php\/product\/dahua-2mp-dome-mrezna-kamera-ipc-hdbw4231e-ase-02\/","url_meta":{"origin":3710,"position":4},"title":"Dahua 2MP Dome mre\u017ena kamera IPC-HDBW4231E-ASE-02","date":"28. rujna 2019.","format":false,"excerpt":"> 1 \/ 2.8 \u201d2Megapikselsko progresivno skeniranje STARVIS \u2122 CMOS > H.265 i H.264 trostruko kodiranje > 50 \/ 60fps @ 1080P (1920 \u00d7 1080) > Podr\u017eana je pametna detekcija > WDR (120dB), dan \/ no\u0107 (ICR), 3DNR, AWB, AGC, BLC > Vi\u0161estruko nadgledanje mre\u017ee: Web preglednik, CMS (DSS \/\u2026","rel":"","context":"Srodne objave","img":{"alt_text":"","src":"https:\/\/i0.wp.com\/astehshop.com\/wp-content\/uploads\/2019\/09\/IPC-HDBW4231E-ASE-02.png?fit=400%2C400&resize=350%2C200","width":350,"height":200},"classes":[]},{"id":3720,"url":"http:\/\/astehshop.com\/index.php\/product\/dahua-ip-full-color-kamera-2mp-ipc-hdbw4239r-ase-ni\/","url_meta":{"origin":3710,"position":5},"title":"Dahua IP FULL COLOR kamera 2MP IPC-HDBW4239R-ASE-NI","date":"28. rujna 2019.","format":false,"excerpt":"> 1 \/ 2.8 \u201d2Megapikselsko progresivno skeniranje STARVIS \u2122 CMOS > H.265 i H.264 trostruko kodiranje > 25\/30 kadrova u sekundi @ 1080 (1920 \u00d7 1080) > Podr\u017eana je pametna detekcija > WDR (120dB), dan \/ no\u0107 (elektroni\u010dki), 3DNR, AWB, AGC, BLC > Vi\u0161estruko nadgledanje mre\u017ee: Web preglednik, CMS (DSS\u2026","rel":"","context":"Srodne objave","img":{"alt_text":"","src":"https:\/\/i2.wp.com\/astehshop.com\/wp-content\/uploads\/2019\/09\/DH-IPC-HDBW4239R-ASE_Image_thumb.png?fit=400%2C400&resize=350%2C200","width":350,"height":200},"classes":[]}],"_links":{"self":[{"href":"http:\/\/astehshop.com\/index.php\/wp-json\/wp\/v2\/product\/3710"}],"collection":[{"href":"http:\/\/astehshop.com\/index.php\/wp-json\/wp\/v2\/product"}],"about":[{"href":"http:\/\/astehshop.com\/index.php\/wp-json\/wp\/v2\/types\/product"}],"replies":[{"embeddable":true,"href":"http:\/\/astehshop.com\/index.php\/wp-json\/wp\/v2\/comments?post=3710"}],"wp:featuredmedia":[{"embeddable":true,"href":"http:\/\/astehshop.com\/index.php\/wp-json\/wp\/v2\/media\/3715"}],"wp:attachment":[{"href":"http:\/\/astehshop.com\/index.php\/wp-json\/wp\/v2\/media?parent=3710"}],"wp:term":[{"taxonomy":"product_cat","embeddable":true,"href":"http:\/\/astehshop.com\/index.php\/wp-json\/wp\/v2\/product_cat?post=3710"},{"taxonomy":"product_tag","embeddable":true,"href":"http:\/\/astehshop.com\/index.php\/wp-json\/wp\/v2\/product_tag?post=3710"}],"curies":[{"name":"wp","href":"https:\/\/api.w.org\/{rel}","templated":true}]}}