{"id":3684,"date":"2019-09-27T18:57:32","date_gmt":"2019-09-27T16:57:32","guid":{"rendered":"http:\/\/astehshop.com\/?post_type=product&#038;p=3684"},"modified":"2025-09-17T22:06:51","modified_gmt":"2025-09-17T20:06:51","slug":"dahua-2mp-bullet-kamera-hac-b2a21-0360b","status":"publish","type":"product","link":"http:\/\/astehshop.com\/index.php\/product\/dahua-2mp-bullet-kamera-hac-b2a21-0360b\/","title":{"rendered":"Dahua 2MP Bullet kamera HAC-B2A21-0360B"},"content":{"rendered":"<p><span class=\"tlid-translation translation\" lang=\"bs\"><span title=\"\">&gt; Maks.<\/span> <span title=\"\">30fps @ 1080P<\/span><br \/>\n<span class=\"\" title=\"\">&gt; HD i SD izlazni prekida\u010d<\/span><br \/>\n<span class=\"\" title=\"\">&gt; 3.6mm fiksna le\u0107a (opcija 6mm)<\/span><br \/>\n<span title=\"\">&gt; Maks.<\/span> <span class=\"\" title=\"\">IR du\u017eina 20m, Smart IR<\/span><br \/>\n<span class=\"\" title=\"\">&gt; IP67, DC12V<\/span><\/span><\/p>\n","protected":false},"excerpt":{"rendered":"<p><span class=\"tlid-translation translation\" lang=\"bs\"><span title=\"\">&gt; Maks.<\/span> <span title=\"\">30fps @ 1080P<\/span><br \/>\n<span class=\"\" title=\"\">&gt; HD i SD izlazni prekida\u010d<\/span><br \/>\n<span class=\"\" title=\"\">&gt; 3.6mm fiksna le\u0107a (opcija 6mm)<\/span><br \/>\n<span title=\"\">&gt; Maks.<\/span> <span class=\"\" title=\"\">IR du\u017eina 20m, Smart IR<\/span><br \/>\n<span class=\"\" title=\"\">&gt; IP67, DC12V<\/span><\/span><\/p>\n","protected":false},"featured_media":3685,"comment_status":"open","ping_status":"closed","template":"","meta":{"_mi_skip_tracking":false,"_exactmetrics_sitenote_active":false,"_exactmetrics_sitenote_note":"","_exactmetrics_sitenote_category":0,"spay_email":""},"product_cat":[132,4415],"product_tag":[942,598,1520,1919,483,1920],"brands":[{"id":2045,"name":"Dahua","slug":"dahua"}],"df_price":"","df_sale_price":"","df_regular_price":"","df_image_link":"https:\/\/i1.wp.com\/astehshop.com\/wp-content\/uploads\/2019\/09\/HAC-B2A21-0360B.png?fit=300%2C300","jetpack_publicize_connections":[],"jetpack_sharing_enabled":true,"jetpack_likes_enabled":true,"jetpack-related-posts":[{"id":3706,"url":"http:\/\/astehshop.com\/index.php\/product\/dahua-2mp-hdcvi-kamera-hac-t2a21-0360b\/","url_meta":{"origin":3684,"position":0},"title":"Dahua 2MP HDCVI kamera HAC-T2A21-0360B","date":"27. rujna 2019.","format":false,"excerpt":"> Maks. 30fps @ 1080P > HD i SD izlazni prekida\u010d > 3.6mm fiksna le\u0107a (2.8mm, 6mm opcionalno) > Maks. IR du\u017eina 20m, Smart IR > IP67, DC12V","rel":"","context":"Srodne objave","img":{"alt_text":"","src":"https:\/\/i0.wp.com\/astehshop.com\/wp-content\/uploads\/2019\/09\/HAC-T2A21-0360B.png?fit=400%2C400&resize=350%2C200","width":350,"height":200},"classes":[]},{"id":3704,"url":"http:\/\/astehshop.com\/index.php\/product\/dahua-2mp-hdcvi-dome-kamera-hac-t1a21-0280b\/","url_meta":{"origin":3684,"position":1},"title":"Dahua 2MP HDCVI dome kamera HAC-T1A21-0280B","date":"27. rujna 2019.","format":false,"excerpt":"> Maks. 30fps @ 1080P > HD i SD izlazni prekida\u010d > 3.6mm fiksna le\u0107a (2.8mm, 6mm opcionalno) > Maks. IR du\u017eina 20m, Smart IR > DC12V","rel":"","context":"Srodne objave","img":{"alt_text":"","src":"https:\/\/i1.wp.com\/astehshop.com\/wp-content\/uploads\/2019\/09\/HAC-T1A21-0280B.png?fit=400%2C400&resize=350%2C200","width":350,"height":200},"classes":[]},{"id":3700,"url":"http:\/\/astehshop.com\/index.php\/product\/dahua-2mp-bullet-kamera-hac-hfw1200r-0360b-s\/","url_meta":{"origin":3684,"position":2},"title":"Dahua 2MP Bullet kamera HAC-HFW1200R-0360B-S","date":"27. rujna 2019.","format":false,"excerpt":"> Maks. 30 kadrova u sekundi @ 1080P > HD i SD izlazni prekida\u010d > 3.6mm fiksna le\u0107a (2.8mm, 6mm opcionalno) > Maks. IR du\u017eina 20m, Smart IR > IP67, DC12V","rel":"","context":"Srodne objave","img":{"alt_text":"","src":"https:\/\/i2.wp.com\/astehshop.com\/wp-content\/uploads\/2019\/09\/HAC-HFW1200R-0360B-S.png?fit=400%2C400&resize=350%2C200","width":350,"height":200},"classes":[]},{"id":3702,"url":"http:\/\/astehshop.com\/index.php\/product\/dahua-2mp-bullet-kamera-hac-hfw1200s-0360b-s\/","url_meta":{"origin":3684,"position":3},"title":"Dahua 2MP Bullet kamera HAC-HFW1200S-0360B-S","date":"27. rujna 2019.","format":false,"excerpt":"> Maks. 30 kadrova u sekundi @ 1080P > HD i SD izlazni prekida\u010d > 3.6mm fiksna le\u0107a (2.8mm, 6mm opcionalno) > Maks. IC du\u017eina 30m, Smart IR > IP67, DC12V","rel":"","context":"Srodne objave","img":{"alt_text":"","src":"https:\/\/i0.wp.com\/astehshop.com\/wp-content\/uploads\/2019\/09\/HAC-HFW1200S-0360B-S.png?fit=400%2C400&resize=350%2C200","width":350,"height":200},"classes":[]},{"id":3688,"url":"http:\/\/astehshop.com\/index.php\/product\/dahua-2mp-hdcvi-dome-kamera-hac-hdbw1200e-0280b\/","url_meta":{"origin":3684,"position":4},"title":"Dahua 2MP HDCVI dome kamera HAC-HDBW1200E-0280B-","date":"27. rujna 2019.","format":false,"excerpt":"> Maks. 30 kadrova u sekundi @ 1080P > HD i SD izlazni prekida\u010d > 3.6 mm fiksna so\u010diva (opcija 2.8mm) > Maks. IC du\u017eina 30m, Smart IR > IP67, IK10, DC12V","rel":"","context":"Srodne objave","img":{"alt_text":"","src":"https:\/\/i0.wp.com\/astehshop.com\/wp-content\/uploads\/2019\/09\/HAC-HDBW1200E-0280B-.png?fit=400%2C400&resize=350%2C200","width":350,"height":200},"classes":[]},{"id":3690,"url":"http:\/\/astehshop.com\/index.php\/product\/dahua-4mp-dome-kamera-hac-hdbw1400ep-0280b\/","url_meta":{"origin":3684,"position":5},"title":"Dahua 4MP dome kamera HAC-HDBW1400EP-0280B","date":"27. rujna 2019.","format":false,"excerpt":"> Maks. 30 kadrova u sekundi @ 4MP > HD i SD izlazni prekida\u010d > 3.6 mm fiksna so\u010diva (opcija 2.8mm) > Maks. IC du\u017eina 30m, Smart IR > IP67, IK10, DC12V","rel":"","context":"Srodne objave","img":{"alt_text":"","src":"https:\/\/i0.wp.com\/astehshop.com\/wp-content\/uploads\/2019\/09\/HAC-HDBW1400EP-0280B.png?fit=400%2C400&resize=350%2C200","width":350,"height":200},"classes":[]}],"_links":{"self":[{"href":"http:\/\/astehshop.com\/index.php\/wp-json\/wp\/v2\/product\/3684"}],"collection":[{"href":"http:\/\/astehshop.com\/index.php\/wp-json\/wp\/v2\/product"}],"about":[{"href":"http:\/\/astehshop.com\/index.php\/wp-json\/wp\/v2\/types\/product"}],"replies":[{"embeddable":true,"href":"http:\/\/astehshop.com\/index.php\/wp-json\/wp\/v2\/comments?post=3684"}],"wp:featuredmedia":[{"embeddable":true,"href":"http:\/\/astehshop.com\/index.php\/wp-json\/wp\/v2\/media\/3685"}],"wp:attachment":[{"href":"http:\/\/astehshop.com\/index.php\/wp-json\/wp\/v2\/media?parent=3684"}],"wp:term":[{"taxonomy":"product_cat","embeddable":true,"href":"http:\/\/astehshop.com\/index.php\/wp-json\/wp\/v2\/product_cat?post=3684"},{"taxonomy":"product_tag","embeddable":true,"href":"http:\/\/astehshop.com\/index.php\/wp-json\/wp\/v2\/product_tag?post=3684"}],"curies":[{"name":"wp","href":"https:\/\/api.w.org\/{rel}","templated":true}]}}