{"id":3410,"date":"2019-05-25T11:15:55","date_gmt":"2019-05-25T09:15:55","guid":{"rendered":"http:\/\/astehshop.com\/?post_type=product&#038;p=3410"},"modified":"2024-02-18T09:06:43","modified_gmt":"2024-02-18T08:06:43","slug":"tenda-f3-wi-fi-ruter-access-point-i-extender-3-u-1","status":"publish","type":"product","link":"http:\/\/astehshop.com\/index.php\/product\/tenda-f3-wi-fi-ruter-access-point-i-extender-3-u-1\/","title":{"rendered":"Tenda F3 WI FI ruter \/ access point i extender 3 u 1"},"content":{"rendered":"<p>Tenda F3 WI FI ruter \/ access point i extender 3 u 1<\/p>\n<p>&nbsp;<\/p>\n<p>Tenda Wi-Fi Router F3, brzina do 300Mbps,<\/p>\n<p>radna frekvencija 2,4 GHz.<\/p>\n<p>Posjeduje tri antene od 5dBi, zbog \u010dega mo\u017ee stabilnim internetom snabdjevati ku\u0107e srednje veli\u010dine.<\/p>\n<p>Na otvorenom prostoru bez prepreka, ima domet do 200 metara, a uz to izuzetno je jednostavan za instalaciju, pa kompletan setup traje manje od 1 minute.<\/p>\n<p>Ovaj router posjeduje 1x 10\/100 Mbps WAN port, te 3x 10\/100 Mbps LAN porta.<\/p>\n<p>&nbsp;<\/p>\n","protected":false},"excerpt":{"rendered":"<p>Tenda F3 WI FI ruter \/ access point i extender 3 u 1<\/p>\n<p>&nbsp;<\/p>\n<p>Tenda Wi-Fi Router F3, brzina do 300Mbps,<\/p>\n<p>radna frekvencija 2,4 GHz.<\/p>\n<p>Posjeduje tri antene od 5dBi, zbog \u010dega mo\u017ee stabilnim internetom snabdjevati ku\u0107e srednje veli\u010dine.<\/p>\n<p>Na otvorenom prostoru bez prepreka, ima domet do 200 metara, a uz to izuzetno je jednostavan za instalaciju, pa kompletan setup traje manje od 1 minute.<\/p>\n<p>Ovaj router posjeduje 1x 10\/100 Mbps WAN port, te 3x 10\/100 Mbps LAN porta.<\/p>\n<p>&nbsp;<\/p>\n","protected":false},"featured_media":3411,"comment_status":"open","ping_status":"closed","template":"","meta":{"_mi_skip_tracking":false,"_exactmetrics_sitenote_active":false,"_exactmetrics_sitenote_note":"","_exactmetrics_sitenote_category":0,"spay_email":""},"product_cat":[164],"product_tag":[1591,508,1592,522,502,1590],"brands":[],"df_price":45,"df_sale_price":"","df_regular_price":45,"df_image_link":"https:\/\/i0.wp.com\/astehshop.com\/wp-content\/uploads\/2019\/05\/tenda-f3-1.jpg?fit=450%2C435","jetpack_publicize_connections":[],"jetpack_sharing_enabled":true,"jetpack_likes_enabled":true,"jetpack-related-posts":[{"id":7204,"url":"http:\/\/astehshop.com\/index.php\/product\/xiaomi-mi-wi-fi-range-extender-pro\/","url_meta":{"origin":3410,"position":0},"title":"XIAOMI Mi Wi-Fi Range Extender Pro","date":"28. sije\u010dnja 2023.","format":false,"excerpt":"Dvije sna\u017ene vanjske antene s visokim poja\u010danjem daju \u0161iru pokrivenost Be\u017ei\u010dna funkcija, pove\u0107ajte pokrivenost be\u017ei\u010dnom mre\u017eom Kompatibilan s ruterima drugih marki Brzina prijenosa: 300Mbps Podr\u017eava do 64 ure\u0111aja Jednostavno upravljajte svojim mre\u017enim postavkama uz Xiaomi Mi WiFi APP Plug and play, jednostavan za kori\u0161tenje","rel":"","context":"Srodne objave","img":{"alt_text":"","src":"https:\/\/i0.wp.com\/astehshop.com\/wp-content\/uploads\/2023\/01\/62de8661025f8_xiaomi-mi-wi-fi-range-extender-pro-slider.jpg?fit=800%2C800&resize=350%2C200","width":350,"height":200},"classes":[]},{"id":11669,"url":"http:\/\/astehshop.com\/index.php\/product\/ruter-tenda-wless-n-f6-300mbps\/","url_meta":{"origin":3410,"position":1},"title":"RUTER TENDA WLESS N F6 300MBPS","date":"24. kolovoza 2025.","format":false,"excerpt":"Brzina:\u00a0300 Mbps (2.4 GHz) Antene:\u00a04 \u00d7 5 dBi Portovi:\u00a01 WAN + 3 LAN (10\/100 Mbps) Funkcije:\u00a0Repeater mod, Wi-Fi timer, IPv6, WPA\/WPA2 Napajanje:\u00a09V \/ 600 mA Boja:\u00a0Bijela","rel":"","context":"Srodne objave","img":{"alt_text":"","src":"https:\/\/i2.wp.com\/astehshop.com\/wp-content\/uploads\/2025\/08\/tenda.png?fit=889%2C1060&resize=350%2C200","width":350,"height":200},"classes":[]},{"id":8084,"url":"http:\/\/astehshop.com\/index.php\/product\/cudy-ac1200-wi-fi-ruter-model-wr1200\/","url_meta":{"origin":3410,"position":2},"title":"Cudy AC1200 Wi-Fi Ruter, Model: WR1200","date":"24. kolovoza 2023.","format":false,"excerpt":"WR1200\u00a0 AC1200 Wi-Fi Router 5\u00d7 10\/100 Mbps Ethernet Ports \u25cf 4\u00d7 5 dBi High-Gain Antennas \u25cf SPI Firewall \u25cf Guest Network \u25cf PPTP\/L2TP VPN Client \u25cf Multi-Mode: Router\/AP\/RE\/WISP Nadogradnja sljede\u0107e generacije Wi-Fi Sa wirelees brzinom do 1.2Gbps, Cudy WR1200 vam pru\u017ea bolje iskustvo za online igre, gledanje va\u0161ih omiljenih video\u2026","rel":"","context":"Srodne objave","img":{"alt_text":"","src":"https:\/\/i1.wp.com\/astehshop.com\/wp-content\/uploads\/2023\/08\/WR1200.jpg?fit=1200%2C1099&resize=350%2C200","width":350,"height":200},"classes":[]},{"id":8098,"url":"http:\/\/astehshop.com\/index.php\/product\/cudy-ac1200-dual-band-range-extender-model-re1200\/","url_meta":{"origin":3410,"position":3},"title":"Cudy AC1200 Dual Band Range Extender, Model: RE1200","date":"24. kolovoza 2023.","format":false,"excerpt":"AC1200 Dual Band Range Extender, Model: RE1200 2.4 GHz 300Mbps+5 GHz 867Mbps Wi-Fi Speed Boost Wi-Fi coverage up to 12,000 sq.ft Work with any standard router or gateway Easily expand wireless coverage at a push of the WPS button Fast Ethernet ports to connect wired devices External antennas for faster\u2026","rel":"","context":"Srodne objave","img":{"alt_text":"","src":"https:\/\/i2.wp.com\/astehshop.com\/wp-content\/uploads\/2023\/08\/re1200.jpg?fit=1200%2C1163&resize=350%2C200","width":350,"height":200},"classes":[]},{"id":4816,"url":"http:\/\/astehshop.com\/index.php\/product\/wavlink-wireless-smart-wifi-router-300mbps-4x-5dbi-antene\/","url_meta":{"origin":3410,"position":4},"title":"WAVLINK Wireless Smart WiFi Router | 300Mbps | 4x 5dBi Antene","date":"27. rujna 2020.","format":false,"excerpt":"ARK 4 - N300 be\u017ei\u010dni pametni Wi-Fi Router s poja\u010danim antenama U skladu je sa IEEE 802.11a \/ b \/ g \/ n standardima Be\u017ei\u010dna brzina do 300Mbps Smart Mobile APP - daljinsko upravljanje bilo kada i bilo gdje Pametno upravljanje APP-om: Ozna\u010davanje terminala, isklju\u010denje mre\u017ee, nadzor i kontrola brzine\u2026","rel":"","context":"Srodne objave","img":{"alt_text":"","src":"https:\/\/i0.wp.com\/astehshop.com\/wp-content\/uploads\/2020\/09\/WAVLINK-Wireless-Smart-WiFi-Router-1.jpg?fit=400%2C300&resize=350%2C200","width":350,"height":200},"classes":[]},{"id":4814,"url":"http:\/\/astehshop.com\/index.php\/product\/wavlink-wireless-smart-wifi-router-300mbps-4x-5dbi-antene-touchlink\/","url_meta":{"origin":3410,"position":5},"title":"WAVLINK Wireless Smart WiFi Router | 300Mbps | 4x 5dBi Antene | Touchlink","date":"27. rujna 2020.","format":false,"excerpt":"QUANTUM S4 - N300 be\u017ei\u010dni pametni Wi-Fi Router s dodirnom vezom U skladu je sa IEEE 802.11a \/ b \/ g \/ n standardima Be\u017ei\u010dna brzina do 300Mbps Gosti Wi-Fi - pru\u017ea siguran Wi-Fi pristup gostima koji dijele va\u0161u ku\u0107nu ili uredsku mre\u017eu Podr\u017eava PPPoE, dinami\u010dki IP, stati\u010dki IP i\u2026","rel":"","context":"Srodne objave","img":{"alt_text":"","src":"https:\/\/i1.wp.com\/astehshop.com\/wp-content\/uploads\/2020\/09\/WAVLINK-Wireless-Smart-WiFi-Router.jpg?fit=400%2C400&resize=350%2C200","width":350,"height":200},"classes":[]}],"_links":{"self":[{"href":"http:\/\/astehshop.com\/index.php\/wp-json\/wp\/v2\/product\/3410"}],"collection":[{"href":"http:\/\/astehshop.com\/index.php\/wp-json\/wp\/v2\/product"}],"about":[{"href":"http:\/\/astehshop.com\/index.php\/wp-json\/wp\/v2\/types\/product"}],"replies":[{"embeddable":true,"href":"http:\/\/astehshop.com\/index.php\/wp-json\/wp\/v2\/comments?post=3410"}],"wp:featuredmedia":[{"embeddable":true,"href":"http:\/\/astehshop.com\/index.php\/wp-json\/wp\/v2\/media\/3411"}],"wp:attachment":[{"href":"http:\/\/astehshop.com\/index.php\/wp-json\/wp\/v2\/media?parent=3410"}],"wp:term":[{"taxonomy":"product_cat","embeddable":true,"href":"http:\/\/astehshop.com\/index.php\/wp-json\/wp\/v2\/product_cat?post=3410"},{"taxonomy":"product_tag","embeddable":true,"href":"http:\/\/astehshop.com\/index.php\/wp-json\/wp\/v2\/product_tag?post=3410"}],"curies":[{"name":"wp","href":"https:\/\/api.w.org\/{rel}","templated":true}]}}