{"id":3166,"date":"2019-02-13T17:43:59","date_gmt":"2019-02-13T16:43:59","guid":{"rendered":"http:\/\/astehshop.com\/?post_type=product&#038;p=3166"},"modified":"2023-03-12T09:31:32","modified_gmt":"2023-03-12T08:31:32","slug":"wireless-4-kanalni-nvr-set-13-mpx","status":"publish","type":"product","link":"http:\/\/astehshop.com\/index.php\/product\/wireless-4-kanalni-nvr-set-13-mpx\/","title":{"rendered":"Be\u017ei\u010dni 4 kanalni NVR set 1,3 MPx"},"content":{"rendered":"<div id=\"tab-description\" class=\"tab-content\">\n<p><b>Wi-Fi 4 CH Kit<\/b><\/p>\n<p><strong>Broj vidao ulaza:\u00a0<\/strong>4<\/p>\n<p><strong>Broj Audio ulaza:\u00a0<\/strong>4<\/p>\n<p><strong>Vrsta kompresije:\u00a0<\/strong>H.264<\/p>\n<p><strong>Mobile monitoring:\u00a0<\/strong>Da<\/p>\n<p><strong>Display mode:\u00a0<\/strong>PIP, Full, 4x<\/p>\n<p><strong>Recording modes:\u00a0<\/strong>All time, Schedule, Motion detect<\/p>\n<p><strong>Searching modes:\u00a0<\/strong>Time\/Date, Event, Urgent searching<\/p>\n<p><strong>Back up modes:\u00a0<\/strong>Network, USB Backups<\/p>\n<p><strong>Ulazi:\u00a0<\/strong>4 Video ulaza, LAN, 2 x USB, RS485<\/p>\n<p><strong>Izlazi:\u00a0<\/strong>HDMI, VGA, Video, Audio<\/p>\n<p><strong>Pal\u00a0<\/strong><strong>i NTSC:\u00a0<\/strong>DA<\/p>\n<p><strong>HDD:\u00a0<\/strong>MAx 4TB<\/p>\n<p><strong>Kamere:\u00a0<\/strong>4 Kamere<\/p>\n<p><strong>Broj TVL:\u00a0<\/strong>1,3 MPx<\/p>\n<p>Dostava 24\/48h ukoliko nije vikend<\/p>\n<\/div>\n","protected":false},"excerpt":{"rendered":"<div id=\"tab-description\" class=\"tab-content\">\n<p><b>Wi-Fi 4 CH Kit<\/b><\/p>\n<p><strong>Broj vidao ulaza:\u00a0<\/strong>4<\/p>\n<p><strong>Broj Audio ulaza:\u00a0<\/strong>4<\/p>\n<p><strong>Vrsta kompresije:\u00a0<\/strong>H.264<\/p>\n<p><strong>Mobile monitoring:\u00a0<\/strong>Da<\/p>\n<p><strong>Display mode:\u00a0<\/strong>PIP, Full, 4x<\/p>\n<p><strong>Recording modes:\u00a0<\/strong>All time, Schedule, Motion detect<\/p>\n<p><strong>Searching modes:\u00a0<\/strong>Time\/Date, Event, Urgent searching<\/p>\n<p><strong>Back up modes:\u00a0<\/strong>Network, USB Backups<\/p>\n<p><strong>Ulazi:\u00a0<\/strong>4 Video ulaza, LAN, 2 x USB, RS485<\/p>\n<p><strong>Izlazi:\u00a0<\/strong>HDMI, VGA, Video, Audio<\/p>\n<p><strong>Pal\u00a0<\/strong><strong>i NTSC:\u00a0<\/strong>DA<\/p>\n<p><strong>HDD:\u00a0<\/strong>MAx 4TB<\/p>\n<p><strong>Kamere:\u00a0<\/strong>4 Kamere<\/p>\n<p><strong>Broj TVL:\u00a0<\/strong>1,3 MPx<\/p>\n<p>Dostava 24\/48h ukoliko nije vikend<\/p>\n<\/div>\n","protected":false},"featured_media":3167,"comment_status":"open","ping_status":"closed","template":"","meta":{"_mi_skip_tracking":false,"_exactmetrics_sitenote_active":false,"_exactmetrics_sitenote_note":"","_exactmetrics_sitenote_category":0,"spay_email":""},"product_cat":[136],"product_tag":[1197,1196,1195],"brands":[],"df_price":"","df_sale_price":"","df_regular_price":"","df_image_link":"https:\/\/i0.wp.com\/astehshop.com\/wp-content\/uploads\/2019\/02\/A6104HP-1_1-228x228-1.gif?fit=450%2C434","jetpack_publicize_connections":[],"jetpack_sharing_enabled":true,"jetpack_likes_enabled":true,"jetpack-related-posts":[{"id":3168,"url":"http:\/\/astehshop.com\/index.php\/product\/bezicni-8-kanalni-nvr-set-13-mpx\/","url_meta":{"origin":3166,"position":0},"title":"Be\u017ei\u010dni 8 kanalni NVR set 1,3 MPx","date":"13. velja\u010de 2019.","format":false,"excerpt":"Wi-Fi 8 CH Kit Broj vidao ulaza:\u00a08 Broj Audio ulaza:\u00a04 Vrsta kompresije:\u00a0H.264 Mobile monitoring:\u00a0Da Display mode:\u00a0PIP, Full, 8x Recording modes:\u00a0All time, Schedule, Motion detect Searching modes:\u00a0Time\/Date, Event, Urgent searching Back up modes:\u00a0Network, USB Backups Ulazi:\u00a08 Video ulaza, LAN, 2 x USB, RS485 Izlazi:\u00a0HDMI, VGA, Video, Audio Pal\u00a0i NTSC:\u00a0DA HDD:\u00a0Max 4TB\u2026","rel":"","context":"Srodne objave","img":{"alt_text":"","src":"https:\/\/i0.wp.com\/astehshop.com\/wp-content\/uploads\/2019\/02\/ahd-8-kanalni-wi-fi.jpg?fit=742%2C716&resize=350%2C200","width":350,"height":200},"classes":[]},{"id":4302,"url":"http:\/\/astehshop.com\/index.php\/product\/video-nadzor-set-4-kamere-13-mpx-149-km\/","url_meta":{"origin":3166,"position":1},"title":"Video nadzor SET 4 kamere 1,3 MPX 149 KM","date":"31. o\u017eujka 2020.","format":false,"excerpt":"BROJ VIDEO-BNC ULAZA: 4 BROJ KAMERA U PAKIRANJU: 4 NA\u010cIN POVEZIVANJA: kablovima sa snima\u010dem REZOLUCIJA SNIMANJA: 1,3MPx NA\u010cIN SNIMANJA: Schedueled, MOTION DETECT i Manual LAN: GigaEthernet, RJ-45 HDD: 1x sata 6TB MAX HDMI: DA VGA: DA AUDIO IZLAZ: DA BROJ USB PORTOVA: 2X DODATNA OPREMA: Nosa\u010di za kamere, adapteri za\u2026","rel":"","context":"Srodne objave","img":{"alt_text":"","src":"https:\/\/i1.wp.com\/astehshop.com\/wp-content\/uploads\/2020\/03\/Video-nadzor-SET-4-kamere-13-MPX-149-KM.jpg?fit=800%2C533&resize=350%2C200","width":350,"height":200},"classes":[]},{"id":3266,"url":"http:\/\/astehshop.com\/index.php\/product\/video-nadzor-set-4-kamere-13-mpx\/","url_meta":{"origin":3166,"position":2},"title":"Video nadzor set 4 kamere 1,3 MPX","date":"24. velja\u010de 2019.","format":false,"excerpt":"BROJ VIDEO-BNC ULAZA: 4 BROJ KAMERA U PAKIRANJU: 4 NA\u010cIN POVEZIVANJA: kablovima sa snima\u010dem REZOLUCIJA SNIMANJA: 1,3MPx NA\u010cIN SNIMANJA: Schedueled, MOTION DETECT i Manual LAN: GigaEthernet, RJ-45 HDD: podr\u017ean do 1x sata 6TB MAX HDMI: DA VGA: DA AUDIO IZLAZ: DA BROJ USB PORTOVA: 2X DODATNA OPREMA: Nosa\u010di za kamere,\u2026","rel":"","context":"Srodne objave","img":{"alt_text":"A6004NR","src":"https:\/\/i0.wp.com\/astehshop.com\/wp-content\/uploads\/2019\/02\/set-kamera-1-3-mpx-164-km.jpg?fit=1200%2C800&resize=350%2C200","width":350,"height":200},"classes":[]},{"id":3165,"url":"http:\/\/astehshop.com\/index.php\/product\/snimac-za-video-nadzor-8-kanalni-3-u-1-hybrid-full-hd-1080p\/","url_meta":{"origin":3166,"position":3},"title":"Snima\u010d za video nadzor 8 kanalni 3 u 1 hybrid FULL HD 1080p","date":"13. velja\u010de 2019.","format":false,"excerpt":"8 Kanala snima\u010d A6108HP Broj vidao ulaza: 8 Broj Audio ulaza: 4 Analog video ulaz:\u00a08 Digital video ulaz :8 x AHDH\/1080P; 8xAHDNH\/1080N Network video ulaz:\u00a04 x 1080p 8 x 1080p; 16 x 960p; 4 x 3MPx; 4 x 5MPx Hybrid video ulaz:\u00a04 x AHDH\/1080P + 4 x 1080p IP Izlazi:\u2026","rel":"","context":"Srodne objave","img":{"alt_text":"","src":"https:\/\/i2.wp.com\/astehshop.com\/wp-content\/uploads\/2019\/02\/A6104HP-1_1-228x228.gif?fit=233%2C223&resize=350%2C200","width":350,"height":200},"classes":[]},{"id":3163,"url":"http:\/\/astehshop.com\/index.php\/product\/snimac-za-video-nadzor-4-kanalni-3-u-1-hybrid-full-hd-1080p\/","url_meta":{"origin":3166,"position":4},"title":"Snima\u010d za video nadzor 4 kanalni 3 u 1 hybrid FULL HD 1080p","date":"13. velja\u010de 2019.","format":false,"excerpt":"4 Kanala Snima\u010d 3 u 1 1080p Full HD Broj Video Ulaza: 4 Bron Audio Ulaza: 4 Analog Video Ulaz: 4 Digitalni Video Ulaz - AHD: 4xAHDH\/1080p Network Video Ulaz: 8 x 1080p; 16 x 960p; 4 x 3MPx; 4x 5MPx; Hybrid video ulaz: 4 x AHDH\/1080p + 4 x\u2026","rel":"","context":"Srodne objave","img":{"alt_text":"","src":"https:\/\/i2.wp.com\/astehshop.com\/wp-content\/uploads\/2019\/02\/A6104HP-1_1-228x228.gif?fit=233%2C223&resize=350%2C200","width":350,"height":200},"classes":[]},{"id":4300,"url":"http:\/\/astehshop.com\/index.php\/product\/video-nadzor-set-8-kamera-13-mpx-362-km\/","url_meta":{"origin":3166,"position":5},"title":"VIDEO NADZOR SET 8 KAMERA 1,3 MPX 362 KM","date":"31. o\u017eujka 2020.","format":false,"excerpt":"\ud83d\udc49Najbolja ponuda do sada \ud83e\uddd0Video nadzor sa 8 kamera SET - 362 KM \ud83d\udda5Nadgledajte svoj dom \/ kancelariju \/ gara\u017eu i sli\u010dno \u2139\ufe0fBROJ VIDEO-BNC ULAZA: 8 \ud83c\udfa5BROJ KAMERA U PAKOVANJU: 8 \ud83d\udc4cREZOLUCIJA SNIMANJA: 1,3MP \u26a1\ufe0fNA\u010cIN SNIMANJA: Schedueled, MOTION DETECT \ud83d\udce1LAN: GigaEthernet, RJ-45 \u2699\ufe0fHDD: podr\u017eava do 1x sata 6TB MAX \u2714\ufe0fHDMI:\u2026","rel":"","context":"Srodne objave","img":{"alt_text":"","src":"https:\/\/i1.wp.com\/astehshop.com\/wp-content\/uploads\/2020\/03\/set-362.jpg?fit=800%2C521&resize=350%2C200","width":350,"height":200},"classes":[]}],"_links":{"self":[{"href":"http:\/\/astehshop.com\/index.php\/wp-json\/wp\/v2\/product\/3166"}],"collection":[{"href":"http:\/\/astehshop.com\/index.php\/wp-json\/wp\/v2\/product"}],"about":[{"href":"http:\/\/astehshop.com\/index.php\/wp-json\/wp\/v2\/types\/product"}],"replies":[{"embeddable":true,"href":"http:\/\/astehshop.com\/index.php\/wp-json\/wp\/v2\/comments?post=3166"}],"wp:featuredmedia":[{"embeddable":true,"href":"http:\/\/astehshop.com\/index.php\/wp-json\/wp\/v2\/media\/3167"}],"wp:attachment":[{"href":"http:\/\/astehshop.com\/index.php\/wp-json\/wp\/v2\/media?parent=3166"}],"wp:term":[{"taxonomy":"product_cat","embeddable":true,"href":"http:\/\/astehshop.com\/index.php\/wp-json\/wp\/v2\/product_cat?post=3166"},{"taxonomy":"product_tag","embeddable":true,"href":"http:\/\/astehshop.com\/index.php\/wp-json\/wp\/v2\/product_tag?post=3166"}],"curies":[{"name":"wp","href":"https:\/\/api.w.org\/{rel}","templated":true}]}}