{"id":2903,"date":"2019-01-04T15:47:09","date_gmt":"2019-01-04T14:47:09","guid":{"rendered":"http:\/\/astehshop.com\/?post_type=product&#038;p=2903"},"modified":"2025-09-17T21:37:19","modified_gmt":"2025-09-17T19:37:19","slug":"full-hd-hikvision-ds-7108hqhi-k1-1080p-snimac-8-kanala","status":"publish","type":"product","link":"http:\/\/astehshop.com\/index.php\/product\/full-hd-hikvision-ds-7108hqhi-k1-1080p-snimac-8-kanala\/","title":{"rendered":"Full HD Hikvision DS-7108HGHI-K1 1080p snimac 8 kanala"},"content":{"rendered":"<p>HD-TVI video rekorder sa 8 kanala, kompresija H.265+\/H.265, H.264, H264+,<\/p>\n<p>rezolucija snimanja 1080p pri 16fps, podr\u017eava HD-TVI,HD-CVI, AHD i CVBS kamere,<\/p>\n<p>mogucnost povezivanja 2 IP kamere do 4Mpx rezolucije, 8 BNC ulaza za HD-TVI i analogne kamere, 1 RCA audio ulaz, 1 RCA audio izlaz, HDMI i VGA izlaz (1920&#215;1080),<\/p>\n<p>2 USB 2.0 port,<\/p>\n<p>mjesto za 1 hard disk SATA kapaciteta do 6TB (dolazi bez hard diska),<\/p>\n<p>1 RJ45 10M\/100M mre\u017eni ulaz, dual-stream,<\/p>\n<p>napajanje 12Vdc, maksimalna potro\u0161nja 12W bez HDD-a,<\/p>\n<p>plasti\u010dno ku\u0107i\u0161te dimenzija 200\u00d7200\u00d745 mm,<\/p>\n<p>ure\u0111aj se mo\u017ee prijaviti na besplatan P2P <a href=\"http:\/\/www.hikconnect.com\">www.hikconnect.com <\/a><\/p>\n<p>&nbsp;<\/p>\n<p>066 123 234<\/p>\n<p>&nbsp;<\/p>\n<p>BESPLATNA DOSTAVA<\/p>\n<p>24\/48h od narudzbe ukoliko nisu praznici ili vikend<\/p>\n<p>Zadnja strana snima\u010da :<br \/>\n<a href=\"https:\/\/i1.wp.com\/astehshop.com\/wp-content\/uploads\/2019\/01\/ds-7108hqhi-k1cs_img2.jpg\" data-rel=\"lightbox-image-0\" data-rl_title=\"\" data-rl_caption=\"\" title=\"\"><img data-attachment-id=\"6487\" data-permalink=\"http:\/\/astehshop.com\/?attachment_id=6487\" data-orig-file=\"https:\/\/i1.wp.com\/astehshop.com\/wp-content\/uploads\/2019\/01\/ds-7108hqhi-k1cs_img2.jpg?fit=390%2C139\" data-orig-size=\"390,139\" data-comments-opened=\"1\" data-image-meta=\"{&quot;aperture&quot;:&quot;18&quot;,&quot;credit&quot;:&quot;www.delta.poznan.pl&quot;,&quot;camera&quot;:&quot;Canon EOS 600D&quot;,&quot;caption&quot;:&quot;&quot;,&quot;created_timestamp&quot;:&quot;1502118949&quot;,&quot;copyright&quot;:&quot;www.delta.poznan.pl&quot;,&quot;focal_length&quot;:&quot;70&quot;,&quot;iso&quot;:&quot;100&quot;,&quot;shutter_speed&quot;:&quot;0.005&quot;,&quot;title&quot;:&quot;&quot;,&quot;orientation&quot;:&quot;1&quot;}\" data-image-title=\"ds-7108hqhi-k1(c)(s)_img2\" data-image-description=\"\" data-image-caption=\"\" data-medium-file=\"https:\/\/i1.wp.com\/astehshop.com\/wp-content\/uploads\/2019\/01\/ds-7108hqhi-k1cs_img2.jpg?fit=390%2C139\" data-large-file=\"https:\/\/i1.wp.com\/astehshop.com\/wp-content\/uploads\/2019\/01\/ds-7108hqhi-k1cs_img2.jpg?fit=390%2C139\" decoding=\"async\" loading=\"lazy\" class=\"alignnone size-full wp-image-6487\" src=\"https:\/\/i1.wp.com\/astehshop.com\/wp-content\/uploads\/2019\/01\/ds-7108hqhi-k1cs_img2.jpg?resize=390%2C139\" alt=\"\" width=\"390\" height=\"139\" srcset=\"https:\/\/i1.wp.com\/astehshop.com\/wp-content\/uploads\/2019\/01\/ds-7108hqhi-k1cs_img2.jpg?w=390 390w, https:\/\/i1.wp.com\/astehshop.com\/wp-content\/uploads\/2019\/01\/ds-7108hqhi-k1cs_img2.jpg?resize=300%2C107 300w\" sizes=\"(max-width: 390px) 100vw, 390px\" data-recalc-dims=\"1\" \/><\/a><\/p>\n<p>\u0160ta jo\u0161 dobijate uz snima\u010d :<br \/>\n<a href=\"https:\/\/i2.wp.com\/astehshop.com\/wp-content\/uploads\/2018\/03\/ds-7104hqhi-k1cs_img3.jpg\" data-rel=\"lightbox-image-1\" data-rl_title=\"\" data-rl_caption=\"\" title=\"\"><img data-attachment-id=\"6486\" data-permalink=\"http:\/\/astehshop.com\/?attachment_id=6486\" data-orig-file=\"https:\/\/i2.wp.com\/astehshop.com\/wp-content\/uploads\/2018\/03\/ds-7104hqhi-k1cs_img3.jpg?fit=390%2C244\" data-orig-size=\"390,244\" data-comments-opened=\"1\" data-image-meta=\"{&quot;aperture&quot;:&quot;16&quot;,&quot;credit&quot;:&quot;www.delta.poznan.pl&quot;,&quot;camera&quot;:&quot;Canon EOS 600D&quot;,&quot;caption&quot;:&quot;&quot;,&quot;created_timestamp&quot;:&quot;1502117798&quot;,&quot;copyright&quot;:&quot;www.delta.poznan.pl&quot;,&quot;focal_length&quot;:&quot;44&quot;,&quot;iso&quot;:&quot;100&quot;,&quot;shutter_speed&quot;:&quot;0.005&quot;,&quot;title&quot;:&quot;&quot;,&quot;orientation&quot;:&quot;1&quot;}\" data-image-title=\"ds-7104hqhi-k1(c)(s)_img3\" data-image-description=\"\" data-image-caption=\"\" data-medium-file=\"https:\/\/i2.wp.com\/astehshop.com\/wp-content\/uploads\/2018\/03\/ds-7104hqhi-k1cs_img3.jpg?fit=390%2C244\" data-large-file=\"https:\/\/i2.wp.com\/astehshop.com\/wp-content\/uploads\/2018\/03\/ds-7104hqhi-k1cs_img3.jpg?fit=390%2C244\" decoding=\"async\" loading=\"lazy\" class=\"alignnone size-full wp-image-6486\" src=\"https:\/\/i2.wp.com\/astehshop.com\/wp-content\/uploads\/2018\/03\/ds-7104hqhi-k1cs_img3.jpg?resize=390%2C244\" alt=\"\" width=\"390\" height=\"244\" srcset=\"https:\/\/i2.wp.com\/astehshop.com\/wp-content\/uploads\/2018\/03\/ds-7104hqhi-k1cs_img3.jpg?w=390 390w, https:\/\/i2.wp.com\/astehshop.com\/wp-content\/uploads\/2018\/03\/ds-7104hqhi-k1cs_img3.jpg?resize=300%2C188 300w\" sizes=\"(max-width: 390px) 100vw, 390px\" data-recalc-dims=\"1\" \/><\/a><\/p>\n<blockquote class=\"wp-embedded-content\" data-secret=\"GUgpUZV7ou\"><p><a href=\"http:\/\/astehshop.com\/index.php\/product\/plasticna-nadgradna-kutija-za-kamere-rbox-odgovara-za-sve-modele-kamera\/\">Plasti\u010dna nadgradna kutija za kamere RBOX &#8211; odgovara za sve modele kamera<\/a><\/p><\/blockquote>\n<p><iframe class=\"wp-embedded-content\" sandbox=\"allow-scripts\" security=\"restricted\" style=\"position: absolute; clip: rect(1px, 1px, 1px, 1px);\" title=\"&#8220;Plasti\u010dna nadgradna kutija za kamere RBOX &#8211; odgovara za sve modele kamera&#8221; &#8212; Techno Shop Bijeljina\" src=\"http:\/\/astehshop.com\/index.php\/product\/plasticna-nadgradna-kutija-za-kamere-rbox-odgovara-za-sve-modele-kamera\/embed\/#?secret=GUgpUZV7ou\" data-secret=\"GUgpUZV7ou\" width=\"500\" height=\"282\" frameborder=\"0\" marginwidth=\"0\" marginheight=\"0\" scrolling=\"no\"><\/iframe><\/p>\n<blockquote class=\"wp-embedded-content\" data-secret=\"54FoaVQltn\"><p><a href=\"http:\/\/astehshop.com\/index.php\/product\/rg59-kabal-1-02mm-ccs-60-al-oplet-75-cu-strujni-2x014-100m\/\">RG59 kabal ,1.02mm CCS, 60% AL oplet, 75% CU, strujni 2\u00d70,14 100M<\/a><\/p><\/blockquote>\n<p><iframe class=\"wp-embedded-content\" sandbox=\"allow-scripts\" security=\"restricted\" style=\"position: absolute; clip: rect(1px, 1px, 1px, 1px);\" title=\"&#8220;RG59 kabal ,1.02mm CCS, 60% AL oplet, 75% CU, strujni 2\u00d70,14 100M&#8221; &#8212; Techno Shop Bijeljina\" src=\"http:\/\/astehshop.com\/index.php\/product\/rg59-kabal-1-02mm-ccs-60-al-oplet-75-cu-strujni-2x014-100m\/embed\/#?secret=54FoaVQltn\" data-secret=\"54FoaVQltn\" width=\"500\" height=\"282\" frameborder=\"0\" marginwidth=\"0\" marginheight=\"0\" scrolling=\"no\"><\/iframe><\/p>\n<blockquote class=\"wp-embedded-content\" data-secret=\"v6gBq5sJA5\"><p><a href=\"http:\/\/astehshop.com\/index.php\/2022\/10\/31\/korisnicko-uputstvo-hik-connect\/\">Korisni\u010dko uputstvo &#8211; Hik Connect<\/a><\/p><\/blockquote>\n<p><iframe class=\"wp-embedded-content\" sandbox=\"allow-scripts\" security=\"restricted\" style=\"position: absolute; clip: rect(1px, 1px, 1px, 1px);\" title=\"&#8220;Korisni\u010dko uputstvo &#8211; Hik Connect&#8221; &#8212; Techno Shop Bijeljina\" src=\"http:\/\/astehshop.com\/index.php\/2022\/10\/31\/korisnicko-uputstvo-hik-connect\/embed\/#?secret=v6gBq5sJA5\" data-secret=\"v6gBq5sJA5\" width=\"500\" height=\"282\" frameborder=\"0\" marginwidth=\"0\" marginheight=\"0\" scrolling=\"no\"><\/iframe><\/p>\n<p>&nbsp;<\/p>\n","protected":false},"excerpt":{"rendered":"<p>HD-TVI video rekorder sa 8 kanala, kompresija H.265+\/H.265, H.264, H264+,<\/p>\n<p>rezolucija snimanja 1080p pri 16fps, podr\u017eava HD-TVI,HD-CVI, AHD i CVBS kamere,<\/p>\n<p>mogucnost povezivanja 2 IP kamere do 4Mpx rezolucije, 8 BNC ulaza za HD-TVI i analogne kamere, 1 RCA audio ulaz, 1 RCA audio izlaz, HDMI i VGA izlaz (1920&#215;1080),<\/p>\n<p>2 USB 2.0 port,<\/p>\n<p>mjesto za 1 hard disk SATA kapaciteta do 6TB (dolazi bez hard diska),<\/p>\n<p>1 RJ45 10M\/100M mre\u017eni ulaz, dual-stream,<\/p>\n<p>napajanje 12Vdc, maksimalna potro\u0161nja 12W bez HDD-a,<\/p>\n<p>plasti\u010dno ku\u0107i\u0161te dimenzija 200\u00d7200\u00d745 mm,<\/p>\n<p>ure\u0111aj se mo\u017ee prijaviti na besplatan P2P <a href=\"http:\/\/www.hikconnect.com\">www.hikconnect.com <\/a><\/p>\n<p>&nbsp;<\/p>\n<p>066 123 234<\/p>\n<p>&nbsp;<\/p>\n<p>BESPLATNA DOSTAVA<\/p>\n<p>24\/48h od narudzbe ukoliko nisu praznici ili vikend<\/p>\n<p>Zadnja strana snima\u010da :<br \/>\n<a href=\"http:\/\/astehshop.com\/wp-content\/uploads\/2019\/01\/ds-7108hqhi-k1cs_img2.jpg\"><img decoding=\"async\" loading=\"lazy\" class=\"alignnone size-full wp-image-6487\" src=\"http:\/\/astehshop.com\/wp-content\/uploads\/2019\/01\/ds-7108hqhi-k1cs_img2.jpg\" alt=\"\" width=\"390\" height=\"139\" srcset=\"https:\/\/i1.wp.com\/astehshop.com\/wp-content\/uploads\/2019\/01\/ds-7108hqhi-k1cs_img2.jpg?w=390 390w, https:\/\/i1.wp.com\/astehshop.com\/wp-content\/uploads\/2019\/01\/ds-7108hqhi-k1cs_img2.jpg?resize=300%2C107 300w\" sizes=\"(max-width: 390px) 100vw, 390px\" \/><\/a><\/p>\n<p>\u0160ta jo\u0161 dobijate uz snima\u010d :<br \/>\n<a href=\"http:\/\/astehshop.com\/wp-content\/uploads\/2018\/03\/ds-7104hqhi-k1cs_img3.jpg\"><img decoding=\"async\" loading=\"lazy\" class=\"alignnone size-full wp-image-6486\" src=\"http:\/\/astehshop.com\/wp-content\/uploads\/2018\/03\/ds-7104hqhi-k1cs_img3.jpg\" alt=\"\" width=\"390\" height=\"244\" srcset=\"https:\/\/i2.wp.com\/astehshop.com\/wp-content\/uploads\/2018\/03\/ds-7104hqhi-k1cs_img3.jpg?w=390 390w, https:\/\/i2.wp.com\/astehshop.com\/wp-content\/uploads\/2018\/03\/ds-7104hqhi-k1cs_img3.jpg?resize=300%2C188 300w\" sizes=\"(max-width: 390px) 100vw, 390px\" \/><\/a><\/p>\n<p>http:\/\/astehshop.com\/index.php\/product\/plasticna-nadgradna-kutija-za-kamere-rbox-odgovara-za-sve-modele-kamera\/<\/p>\n<p>http:\/\/astehshop.com\/index.php\/product\/rg59-kabal-1-02mm-ccs-60-al-oplet-75-cu-strujni-2&#215;014-100m\/<\/p>\n<p>http:\/\/astehshop.com\/index.php\/2022\/10\/31\/korisnicko-uputstvo-hik-connect\/<\/p>\n<p>&nbsp;<\/p>\n","protected":false},"featured_media":2590,"comment_status":"open","ping_status":"closed","template":"","meta":{"_mi_skip_tracking":false,"_exactmetrics_sitenote_active":false,"_exactmetrics_sitenote_note":"","_exactmetrics_sitenote_category":0,"spay_email":""},"product_cat":[133,130],"product_tag":[832,932,933,930,2976,401,377,827,931,626,836,934,378,394,462],"brands":[{"id":2044,"name":"HikVision","slug":"hikvision"}],"df_price":"","df_sale_price":"","df_regular_price":"","df_image_link":"https:\/\/i2.wp.com\/astehshop.com\/wp-content\/uploads\/2018\/03\/full-hd.jpg?fit=450%2C352","jetpack_publicize_connections":[],"jetpack_sharing_enabled":true,"jetpack_likes_enabled":true,"jetpack-related-posts":[{"id":2593,"url":"http:\/\/astehshop.com\/index.php\/product\/hikvision-dvr-16-kanala-ds-7116hqhi-f1-n-full-hd\/","url_meta":{"origin":2903,"position":0},"title":"HikVision DVR 16 kanala DS-7116HQHI-K1 FULL HD","date":"1. o\u017eujka 2018.","format":false,"excerpt":"HD-TVI video rekorder sa 16 kanala, kompresija H.264, H264+, rezolucija snimanja 1080p pri 16fps, podr\u017eava HD-TVI, AHD i CVBS kamere, 8 BNC ulaza za HD-TVI i analogne kamere","rel":"","context":"Srodne objave","img":{"alt_text":"","src":"https:\/\/i2.wp.com\/astehshop.com\/wp-content\/uploads\/2018\/03\/full-hd.jpg?fit=500%2C391&resize=350%2C200","width":350,"height":200},"classes":[]},{"id":2598,"url":"http:\/\/astehshop.com\/index.php\/product\/hikvision-dvr-8-kanala-ds-7208hqhi-f1-n\/","url_meta":{"origin":2903,"position":1},"title":"HikVision DVR  8 kanala DS-7208HQHI-K1\/A","date":"1. o\u017eujka 2018.","format":false,"excerpt":"HD-TVI video rekorder sa 8 kanala, kompresija H.264, H.264+, rezolucija snimanja 1080p pri 16fps, podr\u017eava HD-TVI, IPC, AHD i CVBS kamere, mogucnost povezivanja 2 IP kamere do 2Mpx rezolucije, 8 BNC ulaza za HD-TVI,AHD i analogne kamere","rel":"","context":"Srodne objave","img":{"alt_text":"","src":"https:\/\/i0.wp.com\/astehshop.com\/wp-content\/uploads\/2018\/03\/hikvision-metalno.jpg?fit=500%2C391&resize=350%2C200","width":350,"height":200},"classes":[]},{"id":2588,"url":"http:\/\/astehshop.com\/index.php\/product\/hikvision-dvr-16-kanala-ds-7116hghi-f1\/","url_meta":{"origin":2903,"position":2},"title":"HikVision DVR 16 kanala DS-7116HGHI-K1","date":"1. o\u017eujka 2018.","format":false,"excerpt":"HD-TVI video rekorder sa 16 kanala, kompresija H.264, rezolucija snimanja 720p pri 16fps, podr\u017eava HD-TVI i analogne kamere, 16 BNC ulaza za HD-TVI i analogne kamere BESPLATNA DOSTAVA","rel":"","context":"Srodne objave","img":{"alt_text":"","src":"https:\/\/i0.wp.com\/astehshop.com\/wp-content\/uploads\/2018\/03\/4-kanalni-snimac.jpg?fit=500%2C411&resize=350%2C200","width":350,"height":200},"classes":[]},{"id":2599,"url":"http:\/\/astehshop.com\/index.php\/product\/hikvision-dvr-8-kanala-ds-7208hqhi-f2-n-a\/","url_meta":{"origin":2903,"position":3},"title":"HikVision DVR  8 kanala DS-7208HQHI-K2","date":"1. o\u017eujka 2018.","format":false,"excerpt":"HD-TVI video rekorder sa 8 kanala, kompresija H.264, H.264+, rezolucija snimanja 1080p pri 16fps, podr\u017eava HD-TVI, IPC, AHD i CVBS kamere, mogucnost povezivanja 2 IP kamere do 2Mpx rezolucije, 8 BNC ulaza za HD-TVI,AHD i analogne kamere","rel":"","context":"Srodne objave","img":{"alt_text":"","src":"https:\/\/i0.wp.com\/astehshop.com\/wp-content\/uploads\/2018\/03\/hikvision-metalno.jpg?fit=500%2C391&resize=350%2C200","width":350,"height":200},"classes":[]},{"id":2595,"url":"http:\/\/astehshop.com\/index.php\/product\/hikvision-dvr-4-kanala-ds-7204hqhi-f1-n-a\/","url_meta":{"origin":2903,"position":4},"title":"HikVision DVR 4 kanala DS-7204HQHI-K1","date":"1. o\u017eujka 2018.","format":false,"excerpt":"HD-TVI video rekorder sa 4 kanala, kompresija H.264, H.264+, rezolucija snimanja 1080p pri 16fps, podr\u017eava HD-TVI, IPC, AHD i CVBS kamere, mogucnost povezivanja 2 IP kamere do 2Mpx rezolucije,","rel":"","context":"Srodne objave","img":{"alt_text":"","src":"https:\/\/i0.wp.com\/astehshop.com\/wp-content\/uploads\/2018\/03\/hikvision-metalno.jpg?fit=500%2C391&resize=350%2C200","width":350,"height":200},"classes":[]},{"id":2587,"url":"http:\/\/astehshop.com\/index.php\/product\/hikvision-dvr-8-kanala-ds-7108hghi-f1\/","url_meta":{"origin":2903,"position":5},"title":"HikVision DVR 8 kanala DS-7108HGHI-F1","date":"1. o\u017eujka 2018.","format":false,"excerpt":"HD-TVI video rekorder sa 8 kanala, kompresija H.264, rezolucija snimanja 720p pri 16fps, podr\u017eava HD-TVI, AHD i CVBS kamere, 8 BNC ulaza BESPLATNA DOSTAVA","rel":"","context":"Srodne objave","img":{"alt_text":"","src":"https:\/\/i0.wp.com\/astehshop.com\/wp-content\/uploads\/2018\/03\/4-kanalni-snimac.jpg?fit=500%2C411&resize=350%2C200","width":350,"height":200},"classes":[]}],"_links":{"self":[{"href":"http:\/\/astehshop.com\/index.php\/wp-json\/wp\/v2\/product\/2903"}],"collection":[{"href":"http:\/\/astehshop.com\/index.php\/wp-json\/wp\/v2\/product"}],"about":[{"href":"http:\/\/astehshop.com\/index.php\/wp-json\/wp\/v2\/types\/product"}],"replies":[{"embeddable":true,"href":"http:\/\/astehshop.com\/index.php\/wp-json\/wp\/v2\/comments?post=2903"}],"wp:featuredmedia":[{"embeddable":true,"href":"http:\/\/astehshop.com\/index.php\/wp-json\/wp\/v2\/media\/2590"}],"wp:attachment":[{"href":"http:\/\/astehshop.com\/index.php\/wp-json\/wp\/v2\/media?parent=2903"}],"wp:term":[{"taxonomy":"product_cat","embeddable":true,"href":"http:\/\/astehshop.com\/index.php\/wp-json\/wp\/v2\/product_cat?post=2903"},{"taxonomy":"product_tag","embeddable":true,"href":"http:\/\/astehshop.com\/index.php\/wp-json\/wp\/v2\/product_tag?post=2903"}],"curies":[{"name":"wp","href":"https:\/\/api.w.org\/{rel}","templated":true}]}}