{"id":2720,"date":"2018-06-01T17:36:21","date_gmt":"2018-06-01T15:36:21","guid":{"rendered":"http:\/\/astehshop.com\/?post_type=product&#038;p=2720"},"modified":"2023-09-19T01:40:26","modified_gmt":"2023-09-18T23:40:26","slug":"lenovo-ibm-adapter-punjac-19v-4-7-a","status":"publish","type":"product","link":"http:\/\/astehshop.com\/index.php\/product\/lenovo-ibm-adapter-punjac-19v-4-7-a\/","title":{"rendered":"Lenovo IBM Adapter punja\u010d 19v 4.7 A"},"content":{"rendered":"<div><strong>ADAPTER Punja\u010d ZA Laptop IMB LENOVO 19V 4.74A<\/strong><\/div>\n<div><strong>-Promjer d\u017eeka 5,5 x 2,5<\/strong><\/div>\n<div><strong>-UZ ADAPTER NE DOLAZI NAPOJNI KABAL<br \/>\nmo\u017eete ga kupiti na na\u0161em \u0161opu<\/p>\n<p>Rok isporuke 24\/48h samo radni dani<\/strong><\/div>\n","protected":false},"excerpt":{"rendered":"<div><strong>ADAPTER Punja\u010d ZA Laptop IMB LENOVO 19V 4.74A<\/strong><\/div>\n<div><strong>-Promjer d\u017eeka 5,5 x 2,5<\/strong><\/div>\n<div><strong>-UZ ADAPTER NE DOLAZI NAPOJNI KABAL<br \/>\nmo\u017eete ga kupiti na na\u0161em \u0161opu<\/p>\n<p>Rok isporuke 24\/48h samo radni dani<\/strong><\/div>\n","protected":false},"featured_media":2721,"comment_status":"open","ping_status":"closed","template":"","meta":{"_mi_skip_tracking":false,"_exactmetrics_sitenote_active":false,"_exactmetrics_sitenote_note":"","_exactmetrics_sitenote_category":0,"spay_email":""},"product_cat":[680,4415],"product_tag":[681,687,686,682,684,685,683,690,689,688],"brands":[],"df_price":19.9,"df_sale_price":"","df_regular_price":19.9,"df_image_link":"https:\/\/i2.wp.com\/astehshop.com\/wp-content\/uploads\/2018\/06\/lenovo-adapter-asteh.jpg?fit=450%2C450","jetpack_publicize_connections":[],"jetpack_sharing_enabled":true,"jetpack_likes_enabled":true,"jetpack-related-posts":[{"id":2736,"url":"http:\/\/astehshop.com\/index.php\/product\/punjac-adapter-za-laptop-hp-19v-474a\/","url_meta":{"origin":2720,"position":0},"title":"PUNJA\u010c ADAPTER ZA Laptop HP 19V 4,74A","date":"1. lipnja 2018.","format":false,"excerpt":"ADAPTER ZA Laptop HP 19V 4,47A -PROMJER D\u017dEKA 5,5 x 2,5 -UZ ADAPTER NE DOLAZI NAPOJNI KABAL ROK ISPORUKE 24\/48H","rel":"","context":"Srodne objave","img":{"alt_text":"","src":"https:\/\/i0.wp.com\/astehshop.com\/wp-content\/uploads\/2018\/06\/punjac-hp-asteh.jpg?fit=942%2C946&resize=350%2C200","width":350,"height":200},"classes":[]},{"id":2730,"url":"http:\/\/astehshop.com\/index.php\/product\/punjac-adapter-za-laptop-toshiba-19v-4-74a\/","url_meta":{"origin":2720,"position":1},"title":"PUNJA\u010c ADAPTER ZA Laptop TOSHIBA 19V 4.74A","date":"1. lipnja 2018.","format":false,"excerpt":"ADAPTER ZA Laptop TOSHIBA 19V 4.74A -Promjer d\u017eeka 5,5 x 2,5 -UZ ADAPTER NE DOLAZI NAPOJNI KABAL Isporuka 24\/48 h radni dani","rel":"","context":"Srodne objave","img":{"alt_text":"","src":"https:\/\/i0.wp.com\/astehshop.com\/wp-content\/uploads\/2018\/06\/toshiba-asteh.jpg?fit=958%2C1000&resize=350%2C200","width":350,"height":200},"classes":[]},{"id":2726,"url":"http:\/\/astehshop.com\/index.php\/product\/punjac-adapter-za-laptop-sony-195v-4-7a\/","url_meta":{"origin":2720,"position":2},"title":"PUNJA\u010c ADAPTER ZA Laptop SONY 19,5V 4.7A","date":"1. lipnja 2018.","format":false,"excerpt":"PUNJA\u010c ADAPTER ZA Laptop SONY 19,5V 4.7A ADAPTER ZA Laptop SONY 19,5V 4.7A -Promjer d\u017eeka 6,0 x 4,4 -UZ ADAPTER NE DOLAZI NAPOJNI KABAL ( MO\u017dETE GA POSEBNO KUPITI U NA\u0160EM ONLINE \u0160OPU ) Rok isporuke 24\/48 H radni dani","rel":"","context":"Srodne objave","img":{"alt_text":"","src":"https:\/\/i1.wp.com\/astehshop.com\/wp-content\/uploads\/2018\/06\/sony-zamjenski-adapter-asteh.jpg?fit=652%2C535&resize=350%2C200","width":350,"height":200},"classes":[]},{"id":2774,"url":"http:\/\/astehshop.com\/index.php\/product\/punjac-adapter-za-laptop-imb-lenovo-20v-4-5a\/","url_meta":{"origin":2720,"position":3},"title":"PUNJA\u010c ADAPTER ZA Laptop IMB LENOVO 20V 4.5A","date":"2. lipnja 2018.","format":false,"excerpt":"ADAPTER ZA Laptop IMB LENOVO 20V 4.5A -Promjer d\u017eeka 8,0x5,5 -UZ ADAPTER NE DOLAZI NAPOJNI KABAL Dostava 24\/48 H radni dani","rel":"","context":"Srodne objave","img":{"alt_text":"","src":"https:\/\/i0.wp.com\/astehshop.com\/wp-content\/uploads\/2018\/06\/lenovo-adapter-20v-asteh.jpg?fit=558%2C588&resize=350%2C200","width":350,"height":200},"classes":[]},{"id":2739,"url":"http:\/\/astehshop.com\/index.php\/product\/punjac-adapter-za-laptop-acer-19v-4-74a\/","url_meta":{"origin":2720,"position":4},"title":"PUNJA\u010c ADAPTER ZA Laptop ACER 19V 4.74A","date":"1. lipnja 2018.","format":false,"excerpt":"ADAPTER ZA Laptop ACER 19V 4,74A -PROMJER D\u017dEKA 5,5 x 1,7 -UZ ADAPTER NE DODJE NAPOJNI KABAL \u00a0 ROK ISPORUKE 24\/48 H","rel":"","context":"Srodne objave","img":{"alt_text":"","src":"https:\/\/i0.wp.com\/astehshop.com\/wp-content\/uploads\/2018\/06\/acer-asteh.jpg?fit=1200%2C1130&resize=350%2C200","width":350,"height":200},"classes":[]},{"id":2755,"url":"http:\/\/astehshop.com\/index.php\/product\/punjac-adapter-za-laptop-samsung-19v-4-74a\/","url_meta":{"origin":2720,"position":5},"title":"PUNJA\u010c ADAPTER ZA Laptop SAMSUNG 19V 4.74A","date":"1. lipnja 2018.","format":false,"excerpt":"ADAPTER ZA Laptop SAMSUNG 19V 4.74A -Promjer d\u017eeka 5,0 x 4,4 -UZ ADAPTER NE DODJE NAPOJNI KABAL Dostava 24\/48 H radni dani","rel":"","context":"Srodne objave","img":{"alt_text":"","src":"https:\/\/i1.wp.com\/astehshop.com\/wp-content\/uploads\/2018\/06\/samsung-19v-laptop-asteh.jpg?fit=952%2C950&resize=350%2C200","width":350,"height":200},"classes":[]}],"_links":{"self":[{"href":"http:\/\/astehshop.com\/index.php\/wp-json\/wp\/v2\/product\/2720"}],"collection":[{"href":"http:\/\/astehshop.com\/index.php\/wp-json\/wp\/v2\/product"}],"about":[{"href":"http:\/\/astehshop.com\/index.php\/wp-json\/wp\/v2\/types\/product"}],"replies":[{"embeddable":true,"href":"http:\/\/astehshop.com\/index.php\/wp-json\/wp\/v2\/comments?post=2720"}],"wp:featuredmedia":[{"embeddable":true,"href":"http:\/\/astehshop.com\/index.php\/wp-json\/wp\/v2\/media\/2721"}],"wp:attachment":[{"href":"http:\/\/astehshop.com\/index.php\/wp-json\/wp\/v2\/media?parent=2720"}],"wp:term":[{"taxonomy":"product_cat","embeddable":true,"href":"http:\/\/astehshop.com\/index.php\/wp-json\/wp\/v2\/product_cat?post=2720"},{"taxonomy":"product_tag","embeddable":true,"href":"http:\/\/astehshop.com\/index.php\/wp-json\/wp\/v2\/product_tag?post=2720"}],"curies":[{"name":"wp","href":"https:\/\/api.w.org\/{rel}","templated":true}]}}