{"id":2691,"date":"2018-03-02T14:39:04","date_gmt":"2018-03-02T13:39:04","guid":{"rendered":"http:\/\/astehshop.com\/?post_type=product&#038;p=2691"},"modified":"2025-09-17T21:39:02","modified_gmt":"2025-09-17T19:39:02","slug":"hikvision-kamera-ds-2ce16d7t-it-full-hd","status":"publish","type":"product","link":"http:\/\/astehshop.com\/index.php\/product\/hikvision-kamera-ds-2ce16d7t-it-full-hd\/","title":{"rendered":"HikVision kamera DS-2CE16D7T-IT full hd"},"content":{"rendered":"<p>IR BULLET HD-TVI kamera, 1080p (1920&#215;1080) 1\/3&#8243; Progressive Scan<br \/>\nCMOS, dan\/no\u0107, fiksna optika 2,8mm, EXIR diode dometa do 20m,<br \/>\nOSD meni, Smart IR, BLC, DNR, WDR, minimalno osvjetljenje 0,1<br \/>\nLux@F1,2, stepen za\u0161tite IP66, podr\u017eava protokol HIKVISION-C<br \/>\n(Coaxitron), radna temperatura od -20\u00b0C do +60\u00b0C, napajanje 12Vdc,<br \/>\nmaksimalna potro\u0161nja 5W<\/p>\n<iframe  id=\"_ytid_39891\"  width=\"480\" height=\"270\"  data-origwidth=\"480\" data-origheight=\"270\"  src=\"https:\/\/www.youtube.com\/embed\/EYWqsPr2Exw?enablejsapi=1&autoplay=0&cc_load_policy=0&cc_lang_pref=&iv_load_policy=1&loop=0&modestbranding=0&rel=1&fs=1&playsinline=0&autohide=2&theme=dark&color=red&controls=1&\" class=\"__youtube_prefs__  no-lazyload\" title=\"YouTube player\"  allow=\"autoplay; encrypted-media\" allowfullscreen data-no-lazy=\"1\" data-skipgform_ajax_framebjll=\"\"><\/iframe>\n","protected":false},"excerpt":{"rendered":"<p>IR BULLET HD-TVI kamera, 1080p (1920&#215;1080) 1\/3&#8243; Progressive Scan<br \/>\nCMOS, dan\/no\u0107, fiksna optika 2,8mm, EXIR diode dometa do 20m,<\/p>\n","protected":false},"featured_media":2692,"comment_status":"open","ping_status":"closed","template":"","meta":{"_mi_skip_tracking":false,"_exactmetrics_sitenote_active":false,"_exactmetrics_sitenote_note":"","_exactmetrics_sitenote_category":0,"spay_email":""},"product_cat":[132,4415,130],"product_tag":[623,401,624],"brands":[],"df_price":"","df_sale_price":"","df_regular_price":"","df_image_link":"https:\/\/i2.wp.com\/astehshop.com\/wp-content\/uploads\/2018\/03\/DS-2CE16D7T-IT.jpg?fit=450%2C375","jetpack_publicize_connections":[],"jetpack_sharing_enabled":true,"jetpack_likes_enabled":true,"jetpack-related-posts":[{"id":2657,"url":"http:\/\/astehshop.com\/index.php\/product\/hikvision-kamera-ds-2ce56d7t-itm\/","url_meta":{"origin":2691,"position":0},"title":"HikVision kamera DS-2CE56D7T-ITM","date":"2. o\u017eujka 2018.","format":false,"excerpt":"IR DOME HD-TVI kamera, 1080p (1920x1080) 1\/3\" Progressive Scan CMOS, dan\/no\u0107, fiksna optika 2,8mm, IR diode dometa do 20m,","rel":"","context":"Srodne objave","img":{"alt_text":"","src":"https:\/\/i0.wp.com\/astehshop.com\/wp-content\/uploads\/2018\/03\/DS-2CE56C0T-IRM.jpg?fit=500%2C388&resize=350%2C200","width":350,"height":200},"classes":[]},{"id":2689,"url":"http:\/\/astehshop.com\/index.php\/product\/hikvision-kamera-ds-2ce16d0t-it3-full-hd\/","url_meta":{"origin":2691,"position":1},"title":"HikVision kamera DS-2CE16D0T-IT3F FULL HD","date":"2. o\u017eujka 2018.","format":false,"excerpt":"IR BULLET HD-TVI kamera, 1080p (1920x1080) 1\/3\" Progressive Scan CMOS, dan\/no\u0107, fiksna optika 2,8mm, EXIR diode dometa do 40m, mehani\u010dki IR Cut filter (ICR), minimalno osvjetljenje 0,01 Lux@F1,2, stepen za\u0161tite IP66, radna temperatura od -40\u00b0C do +60\u00b0C, napajanje 12Vdc, maksimalna potro\u0161nja 4W","rel":"","context":"Srodne objave","img":{"alt_text":"","src":"https:\/\/i1.wp.com\/astehshop.com\/wp-content\/uploads\/2018\/03\/DS-2CE16C0T-IT3.jpg?fit=500%2C420&resize=350%2C200","width":350,"height":200},"classes":[]},{"id":2699,"url":"http:\/\/astehshop.com\/index.php\/product\/hikvision-kamera-ds-2ce16h1t-it-5mpx\/","url_meta":{"origin":2691,"position":2},"title":"HikVision kamera DS-2CE16H1T-IT 5MPX","date":"2. o\u017eujka 2018.","format":false,"excerpt":"IR BULLET HD-TVI kamera, 5 MPX (2592x1944) 1\/3\" Progressive Scan CMOS, dan\/no\u0107, fiksna optika 2,8mm, EXIR diode dometa do 20m","rel":"","context":"Srodne objave","img":{"alt_text":"","src":"https:\/\/i2.wp.com\/astehshop.com\/wp-content\/uploads\/2018\/03\/DS-2CE16H1T-IT.jpg?fit=550%2C400&resize=350%2C200","width":350,"height":200},"classes":[]},{"id":2695,"url":"http:\/\/astehshop.com\/index.php\/product\/hikvision-kamera-ds-2ce16d5t-ir-full-hd\/","url_meta":{"origin":2691,"position":3},"title":"HikVision kamera DS-2CE16D5T-IR FULL HD","date":"2. o\u017eujka 2018.","format":false,"excerpt":"IR BULLET HD-TVI kamera, 1080p (1920x1080) 1\/3\" Progressive Scan CMOS, dan\/no\u0107, fiksna optika 3,6mm, IR diode dometa do 20m,","rel":"","context":"Srodne objave","img":{"alt_text":"","src":"https:\/\/i1.wp.com\/astehshop.com\/wp-content\/uploads\/2018\/03\/DS-2CE16C0T-IR.jpg?fit=500%2C420&resize=350%2C200","width":350,"height":200},"classes":[]},{"id":2656,"url":"http:\/\/astehshop.com\/index.php\/product\/hikvision-kamera-ds-2ce56d1t-it3-full-hd\/","url_meta":{"origin":2691,"position":4},"title":"HikVision kamera DS-2CE56D1T-IT3 Full HD","date":"2. o\u017eujka 2018.","format":false,"excerpt":"IR DOME HD-TVI kamera, 1080p (1920x1080) 1\/3\" Progressive Scan CMOS, dan\/no\u0107, fiksna optika 2,8mm (3,6mm)","rel":"","context":"Srodne objave","img":{"alt_text":"","src":"https:\/\/i1.wp.com\/astehshop.com\/wp-content\/uploads\/2018\/03\/DS-2CE56C0T-IT3.jpg?fit=500%2C438&resize=350%2C200","width":350,"height":200},"classes":[]},{"id":2655,"url":"http:\/\/astehshop.com\/index.php\/product\/hikvision-kamera-ds-2ce56d0t-it3-full-hd\/","url_meta":{"origin":2691,"position":5},"title":"HikVision kamera DS-2CE56D0T-IT3 Full HD","date":"2. o\u017eujka 2018.","format":false,"excerpt":"IR DOME HD-TVI kamera, 1080p (1920x1080) 1\/3\" Progressive Scan CMOS, dan\/no\u0107, fiksna optika 3,6mm (2,8mm)","rel":"","context":"Srodne objave","img":{"alt_text":"","src":"https:\/\/i1.wp.com\/astehshop.com\/wp-content\/uploads\/2018\/03\/DS-2CE56C0T-IT3.jpg?fit=500%2C438&resize=350%2C200","width":350,"height":200},"classes":[]}],"_links":{"self":[{"href":"http:\/\/astehshop.com\/index.php\/wp-json\/wp\/v2\/product\/2691"}],"collection":[{"href":"http:\/\/astehshop.com\/index.php\/wp-json\/wp\/v2\/product"}],"about":[{"href":"http:\/\/astehshop.com\/index.php\/wp-json\/wp\/v2\/types\/product"}],"replies":[{"embeddable":true,"href":"http:\/\/astehshop.com\/index.php\/wp-json\/wp\/v2\/comments?post=2691"}],"wp:featuredmedia":[{"embeddable":true,"href":"http:\/\/astehshop.com\/index.php\/wp-json\/wp\/v2\/media\/2692"}],"wp:attachment":[{"href":"http:\/\/astehshop.com\/index.php\/wp-json\/wp\/v2\/media?parent=2691"}],"wp:term":[{"taxonomy":"product_cat","embeddable":true,"href":"http:\/\/astehshop.com\/index.php\/wp-json\/wp\/v2\/product_cat?post=2691"},{"taxonomy":"product_tag","embeddable":true,"href":"http:\/\/astehshop.com\/index.php\/wp-json\/wp\/v2\/product_tag?post=2691"}],"curies":[{"name":"wp","href":"https:\/\/api.w.org\/{rel}","templated":true}]}}