{"id":2588,"date":"2018-03-01T17:36:54","date_gmt":"2018-03-01T16:36:54","guid":{"rendered":"http:\/\/astehshop.com\/?post_type=product&#038;p=2588"},"modified":"2025-09-17T21:41:49","modified_gmt":"2025-09-17T19:41:49","slug":"hikvision-dvr-16-kanala-ds-7116hghi-f1","status":"publish","type":"product","link":"http:\/\/astehshop.com\/index.php\/product\/hikvision-dvr-16-kanala-ds-7116hghi-f1\/","title":{"rendered":"HikVision DVR 16 kanala DS-7116HGHI-K1"},"content":{"rendered":"<p>HD-TVI video rekorder sa 16 kanala, kompresija H.264, rezolucija<br \/>\nsnimanja 720p pri 16fps, podr\u017eava HD-TVI i analogne kamere, 16<br \/>\nBNC ulaza za HD-TVI i analogne kamere, 1 RCA audio ulaz, 1 RCA<br \/>\naudio izlaz, HDMI i VGA izlaz (1920&#215;1080), 2 USB 2.0 port, mjesto za 1<br \/>\nhard disk SATA kapaciteta do 6TB (dolazi bez hard diska), 1 RJ45<br \/>\n10M\/100M mre\u017eni ulaz, dual-stream, napajanje 12Vdc, maksimalna<br \/>\npotro\u0161nja 20W bez HDD-a, plasti\u010dno ku\u0107i\u0161te dimenzija 285\u00d7210\u00d745<br \/>\nmm, ure\u0111aj se mo\u017ee prijaviti na besplatan P2P<\/p>\n<p><span style=\"color: #ff0000;\">BESPLATNA DOSTAVA<\/span><\/p>\n","protected":false},"excerpt":{"rendered":"<p>HD-TVI video rekorder sa 16 kanala, kompresija H.264, rezolucija<br \/>\nsnimanja 720p pri 16fps, podr\u017eava HD-TVI i analogne kamere, 16<br \/>\nBNC ulaza za HD-TVI i analogne kamere<\/p>\n<p><span style=\"color: #ff0000;\">BESPLATNA DOSTAVA<\/span><\/p>\n","protected":false},"featured_media":2585,"comment_status":"open","ping_status":"closed","template":"","meta":{"_mi_skip_tracking":false,"_exactmetrics_sitenote_active":false,"_exactmetrics_sitenote_note":"","_exactmetrics_sitenote_category":0,"spay_email":""},"product_cat":[133,130],"product_tag":[397,392,6550,393,391,396,377,398,399],"brands":[],"df_price":"","df_sale_price":"","df_regular_price":"","df_image_link":"https:\/\/i0.wp.com\/astehshop.com\/wp-content\/uploads\/2018\/03\/4-kanalni-snimac.jpg?fit=450%2C370","jetpack_publicize_connections":[],"jetpack_sharing_enabled":true,"jetpack_likes_enabled":true,"jetpack-related-posts":[{"id":2593,"url":"http:\/\/astehshop.com\/index.php\/product\/hikvision-dvr-16-kanala-ds-7116hqhi-f1-n-full-hd\/","url_meta":{"origin":2588,"position":0},"title":"HikVision DVR 16 kanala DS-7116HQHI-K1 FULL HD","date":"1. o\u017eujka 2018.","format":false,"excerpt":"HD-TVI video rekorder sa 16 kanala, kompresija H.264, H264+, rezolucija snimanja 1080p pri 16fps, podr\u017eava HD-TVI, AHD i CVBS kamere, 8 BNC ulaza za HD-TVI i analogne kamere","rel":"","context":"Srodne objave","img":{"alt_text":"","src":"https:\/\/i2.wp.com\/astehshop.com\/wp-content\/uploads\/2018\/03\/full-hd.jpg?fit=500%2C391&resize=350%2C200","width":350,"height":200},"classes":[]},{"id":2587,"url":"http:\/\/astehshop.com\/index.php\/product\/hikvision-dvr-8-kanala-ds-7108hghi-f1\/","url_meta":{"origin":2588,"position":1},"title":"HikVision DVR 8 kanala DS-7108HGHI-F1","date":"1. o\u017eujka 2018.","format":false,"excerpt":"HD-TVI video rekorder sa 8 kanala, kompresija H.264, rezolucija snimanja 720p pri 16fps, podr\u017eava HD-TVI, AHD i CVBS kamere, 8 BNC ulaza BESPLATNA DOSTAVA","rel":"","context":"Srodne objave","img":{"alt_text":"","src":"https:\/\/i0.wp.com\/astehshop.com\/wp-content\/uploads\/2018\/03\/4-kanalni-snimac.jpg?fit=500%2C411&resize=350%2C200","width":350,"height":200},"classes":[]},{"id":2598,"url":"http:\/\/astehshop.com\/index.php\/product\/hikvision-dvr-8-kanala-ds-7208hqhi-f1-n\/","url_meta":{"origin":2588,"position":2},"title":"HikVision DVR  8 kanala DS-7208HQHI-K1\/A","date":"1. o\u017eujka 2018.","format":false,"excerpt":"HD-TVI video rekorder sa 8 kanala, kompresija H.264, H.264+, rezolucija snimanja 1080p pri 16fps, podr\u017eava HD-TVI, IPC, AHD i CVBS kamere, mogucnost povezivanja 2 IP kamere do 2Mpx rezolucije, 8 BNC ulaza za HD-TVI,AHD i analogne kamere","rel":"","context":"Srodne objave","img":{"alt_text":"","src":"https:\/\/i0.wp.com\/astehshop.com\/wp-content\/uploads\/2018\/03\/hikvision-metalno.jpg?fit=500%2C391&resize=350%2C200","width":350,"height":200},"classes":[]},{"id":2600,"url":"http:\/\/astehshop.com\/index.php\/product\/hikvision-dvr-16-kanala-ds-7216hqhi-f1-n\/","url_meta":{"origin":2588,"position":3},"title":"HikVision DVR 16 kanala DS-7216HQHI-K1","date":"1. o\u017eujka 2018.","format":false,"excerpt":"HD-TVI video rekorder sa 16 kanala, kompresija H.264,H.264+, rezolucija snimanja 1080p pri 16fps u realnom vremenu, podr\u017eava HDTVI, IPC, AHD i CVBS kamere, mogucnost povezivanja 2 IP kamere do 2Mpx, 16 BNC ulaza za HD-TVI i analogne kamere","rel":"","context":"Srodne objave","img":{"alt_text":"","src":"https:\/\/i0.wp.com\/astehshop.com\/wp-content\/uploads\/2018\/03\/hikvision-metalno.jpg?fit=500%2C391&resize=350%2C200","width":350,"height":200},"classes":[]},{"id":2599,"url":"http:\/\/astehshop.com\/index.php\/product\/hikvision-dvr-8-kanala-ds-7208hqhi-f2-n-a\/","url_meta":{"origin":2588,"position":4},"title":"HikVision DVR  8 kanala DS-7208HQHI-K2","date":"1. o\u017eujka 2018.","format":false,"excerpt":"HD-TVI video rekorder sa 8 kanala, kompresija H.264, H.264+, rezolucija snimanja 1080p pri 16fps, podr\u017eava HD-TVI, IPC, AHD i CVBS kamere, mogucnost povezivanja 2 IP kamere do 2Mpx rezolucije, 8 BNC ulaza za HD-TVI,AHD i analogne kamere","rel":"","context":"Srodne objave","img":{"alt_text":"","src":"https:\/\/i0.wp.com\/astehshop.com\/wp-content\/uploads\/2018\/03\/hikvision-metalno.jpg?fit=500%2C391&resize=350%2C200","width":350,"height":200},"classes":[]},{"id":2595,"url":"http:\/\/astehshop.com\/index.php\/product\/hikvision-dvr-4-kanala-ds-7204hqhi-f1-n-a\/","url_meta":{"origin":2588,"position":5},"title":"HikVision DVR 4 kanala DS-7204HQHI-K1","date":"1. o\u017eujka 2018.","format":false,"excerpt":"HD-TVI video rekorder sa 4 kanala, kompresija H.264, H.264+, rezolucija snimanja 1080p pri 16fps, podr\u017eava HD-TVI, IPC, AHD i CVBS kamere, mogucnost povezivanja 2 IP kamere do 2Mpx rezolucije,","rel":"","context":"Srodne objave","img":{"alt_text":"","src":"https:\/\/i0.wp.com\/astehshop.com\/wp-content\/uploads\/2018\/03\/hikvision-metalno.jpg?fit=500%2C391&resize=350%2C200","width":350,"height":200},"classes":[]}],"_links":{"self":[{"href":"http:\/\/astehshop.com\/index.php\/wp-json\/wp\/v2\/product\/2588"}],"collection":[{"href":"http:\/\/astehshop.com\/index.php\/wp-json\/wp\/v2\/product"}],"about":[{"href":"http:\/\/astehshop.com\/index.php\/wp-json\/wp\/v2\/types\/product"}],"replies":[{"embeddable":true,"href":"http:\/\/astehshop.com\/index.php\/wp-json\/wp\/v2\/comments?post=2588"}],"wp:featuredmedia":[{"embeddable":true,"href":"http:\/\/astehshop.com\/index.php\/wp-json\/wp\/v2\/media\/2585"}],"wp:attachment":[{"href":"http:\/\/astehshop.com\/index.php\/wp-json\/wp\/v2\/media?parent=2588"}],"wp:term":[{"taxonomy":"product_cat","embeddable":true,"href":"http:\/\/astehshop.com\/index.php\/wp-json\/wp\/v2\/product_cat?post=2588"},{"taxonomy":"product_tag","embeddable":true,"href":"http:\/\/astehshop.com\/index.php\/wp-json\/wp\/v2\/product_tag?post=2588"}],"curies":[{"name":"wp","href":"https:\/\/api.w.org\/{rel}","templated":true}]}}