{"id":2571,"date":"2018-02-27T18:52:02","date_gmt":"2018-02-27T17:52:02","guid":{"rendered":"http:\/\/astehshop.com\/?post_type=product&#038;p=2571"},"modified":"2024-02-18T08:55:28","modified_gmt":"2024-02-18T07:55:28","slug":"transformator-30va","status":"publish","type":"product","link":"http:\/\/astehshop.com\/index.php\/product\/transformator-30va\/","title":{"rendered":"Transformator 30VA"},"content":{"rendered":"<p>Transformator 30VA, zaliveni sa osigura\u010dem<\/p>\n","protected":false},"excerpt":{"rendered":"<p>Transformator 30VA, zaliveni sa osigura\u010dem<\/p>\n","protected":false},"featured_media":2572,"comment_status":"open","ping_status":"closed","template":"","meta":{"_mi_skip_tracking":false,"_exactmetrics_sitenote_active":false,"_exactmetrics_sitenote_note":"","_exactmetrics_sitenote_category":0,"spay_email":""},"product_cat":[141,146],"product_tag":[355,351,353,354,352],"brands":[],"df_price":35,"df_sale_price":"","df_regular_price":35,"df_image_link":"https:\/\/i1.wp.com\/astehshop.com\/wp-content\/uploads\/2018\/02\/tr30.jpg?fit=450%2C347","jetpack_publicize_connections":[],"jetpack_sharing_enabled":true,"jetpack_likes_enabled":true,"jetpack-related-posts":[{"id":2575,"url":"http:\/\/astehshop.com\/index.php\/product\/transformator-40va\/","url_meta":{"origin":2571,"position":0},"title":"Transformator 40VA","date":"27. velja\u010de 2018.","format":false,"excerpt":"Transformator 40VA, zaliveni sa osigura\u010dem","rel":"","context":"Srodne objave","img":{"alt_text":"","src":"https:\/\/i1.wp.com\/astehshop.com\/wp-content\/uploads\/2018\/02\/tr30.jpg?fit=500%2C385&resize=350%2C200","width":350,"height":200},"classes":[]},{"id":3966,"url":"http:\/\/astehshop.com\/index.php\/product\/evohd-panel-centrala-paradox\/","url_meta":{"origin":2571,"position":1},"title":"EVOHD PANEL centrala Paradox","date":"18. velja\u010de 2020.","format":false,"excerpt":"8 ulaza za zone (16 sa dupliranjem), pro\u0161irivo do 192 zone VIDEO HD verifikacija 999 korisnika, integracija sa kontrolom prolaza Napon: 13.8 Vdc 2A (zahtjeva 75 VA transformator) sigurnosno isklju\u010denje pri 2,5A Podr\u017eava GPRS i GSM modul (PCS serija), IP modul (IP150) i Voice modul (VDMP3) Jednostavna nadogradnja putem 307USB\u2026","rel":"","context":"Srodne objave","img":{"alt_text":"","src":"https:\/\/i0.wp.com\/astehshop.com\/wp-content\/uploads\/2020\/02\/EVOHD.jpeg?fit=1082%2C964&resize=350%2C200","width":350,"height":200},"classes":[]},{"id":7962,"url":"http:\/\/astehshop.com\/index.php\/product\/ugradni-zvucnik-t-104gk\/","url_meta":{"origin":2571,"position":2},"title":"Ugradni zvu\u010dnik T-104GK","date":"16. lipnja 2023.","format":false,"excerpt":"T-104GK je stropni zvu\u010dnik ugra\u0111en u transformator od 70v\/100v. Tehnika transformatora od 70v\/100v smanjuje gubitke u liniji na du\u017eim udaljenostima i omogu\u0107ava jednostavno paralelno povezivanje vi\u0161e zvu\u010dnika. Ugra\u0111eni 4\u201d vodootporni drajver zvu\u010dnika je dizajniran sa \u0161irokim frekventnim odzivom 90-20kHz, vi\u0161estruke slavine 3W i 6W su korisne za razli\u010dite primjene koje\u2026","rel":"","context":"Srodne objave","img":{"alt_text":"","src":"https:\/\/i2.wp.com\/astehshop.com\/wp-content\/uploads\/2023\/06\/T-104GK.jpg?fit=876%2C942&resize=350%2C200","width":350,"height":200},"classes":[]},{"id":7964,"url":"http:\/\/astehshop.com\/index.php\/product\/itc-t-775w-5-incni-dvosmjerni-30w-zvucnik-za-montiranje-na-zid\/","url_meta":{"origin":2571,"position":3},"title":"ITC T-775W 5-in\u010dni dvosmjerni 30W zvu\u010dnik za montiranje na zid","date":"16. lipnja 2023.","format":false,"excerpt":"T-775 je zidni zvu\u010dnik sa ugra\u0111enim transformatorom od 70v\/100v. Tehnika transformatora 70v\/100v smanjuje gubitke u liniji na ve\u0107oj udaljenosti i omogu\u0107ava lako paralelno povezivanje vi\u0161e zvu\u010dnika. Ugra\u0111eni 5\u201d+1,5\u201d dvosmjerni drajver zvu\u010dnika je dizajniran za \u0161irok frekventni odziv 130-15kHz, RMS izlazne snage 30 vati su pogodne za ve\u0107inu aplikacija. Metalna re\u0161etka,\u2026","rel":"","context":"Srodne objave","img":{"alt_text":"","src":"https:\/\/i2.wp.com\/astehshop.com\/wp-content\/uploads\/2023\/06\/T-775W.jpg?fit=930%2C948&resize=350%2C200","width":350,"height":200},"classes":[]},{"id":7214,"url":"http:\/\/astehshop.com\/index.php\/product\/strujna-uticnica-schuko-sa-2-x-usb-port-za-punjenje\/","url_meta":{"origin":2571,"position":4},"title":"Strujna uti\u010dnica, schuko, sa 2 x USB port za punjenje","date":"9. velja\u010de 2023.","format":false,"excerpt":"Maclean MCE237 ugradna Schuko uti\u010dnica ima 2 USB uti\u010dnice za punjenje. 2 x USB ulaza s max. 2.4A omogu\u0107uje punjenje do dva ure\u0111aja u isto vrijeme. Za jednostavno punjenje svih mobilnih ure\u0111aja koji imaju USB su\u010delje, kao \u0161to su iPhone, iPad i pametni telefoni. Sigurnosni sustav osigurava ispravan priklju\u010dak struje.\u2026","rel":"","context":"Srodne objave","img":{"alt_text":"","src":"https:\/\/i2.wp.com\/astehshop.com\/wp-content\/uploads\/2023\/02\/5902211112006.png?fit=1200%2C1117&resize=350%2C200","width":350,"height":200},"classes":[]},{"id":6050,"url":"http:\/\/astehshop.com\/index.php\/product\/sa-203-mini-magnetni-kontakt-sa-zicama\/","url_meta":{"origin":2571,"position":5},"title":"SA-203 Mini magnetni kontakt sa \u017eicama","date":"14. velja\u010de 2022.","format":false,"excerpt":"Plasti\u010dni magnetni kontakt.","rel":"","context":"Srodne objave","img":{"alt_text":"","src":"https:\/\/i1.wp.com\/astehshop.com\/wp-content\/uploads\/2022\/02\/Magnetni-kontakt-minijaturna-verzija.png?fit=600%2C569&resize=350%2C200","width":350,"height":200},"classes":[]}],"_links":{"self":[{"href":"http:\/\/astehshop.com\/index.php\/wp-json\/wp\/v2\/product\/2571"}],"collection":[{"href":"http:\/\/astehshop.com\/index.php\/wp-json\/wp\/v2\/product"}],"about":[{"href":"http:\/\/astehshop.com\/index.php\/wp-json\/wp\/v2\/types\/product"}],"replies":[{"embeddable":true,"href":"http:\/\/astehshop.com\/index.php\/wp-json\/wp\/v2\/comments?post=2571"}],"wp:featuredmedia":[{"embeddable":true,"href":"http:\/\/astehshop.com\/index.php\/wp-json\/wp\/v2\/media\/2572"}],"wp:attachment":[{"href":"http:\/\/astehshop.com\/index.php\/wp-json\/wp\/v2\/media?parent=2571"}],"wp:term":[{"taxonomy":"product_cat","embeddable":true,"href":"http:\/\/astehshop.com\/index.php\/wp-json\/wp\/v2\/product_cat?post=2571"},{"taxonomy":"product_tag","embeddable":true,"href":"http:\/\/astehshop.com\/index.php\/wp-json\/wp\/v2\/product_tag?post=2571"}],"curies":[{"name":"wp","href":"https:\/\/api.w.org\/{rel}","templated":true}]}}