{"id":2562,"date":"2018-02-27T18:38:13","date_gmt":"2018-02-27T17:38:13","guid":{"rendered":"http:\/\/astehshop.com\/?post_type=product&#038;p=2562"},"modified":"2024-06-23T10:50:03","modified_gmt":"2024-06-23T08:50:03","slug":"unutrasnja-sirena-sa-lampom-f1-ws-200","status":"publish","type":"product","link":"http:\/\/astehshop.com\/index.php\/product\/unutrasnja-sirena-sa-lampom-f1-ws-200\/","title":{"rendered":"Unutra\u0161nja sirena sa lampom F1\/WS-200"},"content":{"rendered":"<p>Unutra\u0161nja sirena sa lampom F1\/WS-200<\/p>\n","protected":false},"excerpt":{"rendered":"<p>Unutra\u0161nja sirena sa lampom F1\/WS-200<\/p>\n","protected":false},"featured_media":2563,"comment_status":"open","ping_status":"closed","template":"","meta":{"_mi_skip_tracking":false,"_exactmetrics_sitenote_active":false,"_exactmetrics_sitenote_note":"","_exactmetrics_sitenote_category":0,"spay_email":""},"product_cat":[141,145],"product_tag":[342,341,340,339,334,344,343],"brands":[{"id":2046,"name":"paradox","slug":"paradox"}],"df_price":35,"df_sale_price":"","df_regular_price":35,"df_image_link":"https:\/\/i2.wp.com\/astehshop.com\/wp-content\/uploads\/2018\/02\/F1WS-200.jpg?fit=450%2C348","jetpack_publicize_connections":[],"jetpack_sharing_enabled":true,"jetpack_likes_enabled":true,"jetpack-related-posts":[{"id":8874,"url":"http:\/\/astehshop.com\/index.php\/product\/spoljasna-sirena-westernsecurity-ws-20h\/","url_meta":{"origin":2562,"position":0},"title":"Spolja\u0161na sirena WesternSecurity WS-20H","date":"14. sije\u010dnja 2024.","format":false,"excerpt":"Spoljna sirena sa blicerom, antisabota\u017eno za\u0161ti\u0107ena, dvostruko ku\u0107i\u0161te pozitivna i negativna trigeracija, alarm u slu\u010daju gubitka napajanja, sa tr\u010de\u0107im diodama koje rade non stop.","rel":"","context":"Srodne objave","img":{"alt_text":"","src":"https:\/\/i2.wp.com\/astehshop.com\/wp-content\/uploads\/2024\/01\/westernsecurity-ws-20h_0.jpg?fit=1200%2C675&resize=350%2C200","width":350,"height":200},"classes":[]},{"id":2556,"url":"http:\/\/astehshop.com\/index.php\/product\/spoljna-sirena-ws-905r\/","url_meta":{"origin":2562,"position":1},"title":"Spoljna sirena WS-905R","date":"27. velja\u010de 2018.","format":false,"excerpt":"Spoljna sirena sa LED diodama, antisabota\u017eno za\u0161ti\u0107ena, dvostruko ku\u0107i\u0161te, sa akumulatorom 1.3Ah, crvena boja","rel":"","context":"Srodne objave","img":{"alt_text":"","src":"https:\/\/i2.wp.com\/astehshop.com\/wp-content\/uploads\/2018\/02\/ws905r.jpg?fit=500%2C387&resize=350%2C200","width":350,"height":200},"classes":[]},{"id":8877,"url":"http:\/\/astehshop.com\/index.php\/product\/spoljna-sirena-ws-30hr\/","url_meta":{"origin":2562,"position":2},"title":"Spoljna sirena WS-30HR","date":"14. sije\u010dnja 2024.","format":false,"excerpt":"Spoljna sirena sa sijalicom koja blica, antisabota\u017eno za\u0161ti\u0107ena, dvostruko ku\u0107i\u0161te, crvena boja pozitivna i negativna trigeracija, alarm u slu\u010daju gubitka napajanja, potreban akumulator od 12V 1.3Ah, sa tr\u010de\u0107im diodama koje rade non stop.","rel":"","context":"Srodne objave","img":{"alt_text":"","src":"https:\/\/i2.wp.com\/astehshop.com\/wp-content\/uploads\/2024\/01\/westernsecurity-ws-30hr_0.jpg?fit=1200%2C675&resize=350%2C200","width":350,"height":200},"classes":[]},{"id":12218,"url":"http:\/\/astehshop.com\/index.php\/product\/paradox-bezicna-unutrasnja-cm1m-sirena\/","url_meta":{"origin":2562,"position":3},"title":"Paradox be\u017ei\u010dna unutra\u0161nja CM1M sirena","date":"28. sije\u010dnja 2026.","format":false,"excerpt":"CM1M- Be\u017ei\u010dna unutra\u0161nja sirena Integrisano LED svjetlo plave boje. Integrisan be\u017ei\u010dni primopredajnik na frekvenciji 868MHz, koristi auto learn funkciju \u0161to zna\u010di da se automatski registruje na centralu M serije, unutra\u0161nja monta\u017ea, zvu\u010dna signalizacija za provalu, po\u017ear, panik, chime, ulazno i izlazno vrijeme, napajanje 220VAC https:\/\/www.youtube.com\/watch?v=wwNzb5jhWJE","rel":"","context":"Srodne objave","img":{"alt_text":"","src":"https:\/\/i0.wp.com\/astehshop.com\/wp-content\/uploads\/2026\/01\/cm1m-unutrasnja-paradox.jpg?fit=1200%2C1200&resize=350%2C200","width":350,"height":200},"classes":[]},{"id":6016,"url":"http:\/\/astehshop.com\/index.php\/product\/jablotron-ja-110a-ii-unutrasnja-sirena-sa-baterijom\/","url_meta":{"origin":2562,"position":4},"title":"Jablotron JA-110A II Unutra\u0161nja sirena sa baterijom","date":"14. velja\u010de 2022.","format":false,"excerpt":"JA-110A II BUS unutra\u0161nja sirena sa baterijom je namenjena za zvu\u010dnu signalizaciju alarma, izlaznih i ulaznih ka\u0161njenja (vreme ulaska i izlaska), signalizaciju stanja i aktivacije ili prorade programabilnih izlaza u sistemu.Sirena je opremljena tasterom sa mogu\u0107no\u0161\u0107u programiranja. Implementirana je funkcija provere alarma. Sirena komunicira i napaja se iz centralne jedinice\u2026","rel":"","context":"Srodne objave","img":{"alt_text":"","src":"https:\/\/i1.wp.com\/astehshop.com\/wp-content\/uploads\/2022\/02\/JA-110A.png?fit=600%2C569&resize=350%2C200","width":350,"height":200},"classes":[]},{"id":6011,"url":"http:\/\/astehshop.com\/index.php\/product\/jablotron-ja-150a-ii-bezicna-unutrasnja-sirena\/","url_meta":{"origin":2562,"position":5},"title":"Jablotron JA-150A II be\u017ei\u010dna unutra\u0161nja sirena","date":"14. velja\u010de 2022.","format":false,"excerpt":"JA-150A II be\u017ei\u010dna unutra\u0161nja sirena nove generacije je dizajnirana za glasno ogla\u0161avanje alarma, izlaznih i ulaznih sekvenci ka\u0161njenja (vreme ulaska i izlaska), signalizaciju stanja i aktivacije ili uklju\u010denja PGM-ova.Sirena je opremljena tasterom sa mogu\u0107no\u0161\u0107u programiranja. Implementirana je funkcija provere alarma. Sirena komunicira be\u017ei\u010dno sa centralom. Napajanje: 230 V, 50 Hz.\u2026","rel":"","context":"Srodne objave","img":{"alt_text":"","src":"https:\/\/i0.wp.com\/astehshop.com\/wp-content\/uploads\/2022\/02\/JA-150A-II.png?fit=633%2C600&resize=350%2C200","width":350,"height":200},"classes":[]}],"_links":{"self":[{"href":"http:\/\/astehshop.com\/index.php\/wp-json\/wp\/v2\/product\/2562"}],"collection":[{"href":"http:\/\/astehshop.com\/index.php\/wp-json\/wp\/v2\/product"}],"about":[{"href":"http:\/\/astehshop.com\/index.php\/wp-json\/wp\/v2\/types\/product"}],"replies":[{"embeddable":true,"href":"http:\/\/astehshop.com\/index.php\/wp-json\/wp\/v2\/comments?post=2562"}],"wp:featuredmedia":[{"embeddable":true,"href":"http:\/\/astehshop.com\/index.php\/wp-json\/wp\/v2\/media\/2563"}],"wp:attachment":[{"href":"http:\/\/astehshop.com\/index.php\/wp-json\/wp\/v2\/media?parent=2562"}],"wp:term":[{"taxonomy":"product_cat","embeddable":true,"href":"http:\/\/astehshop.com\/index.php\/wp-json\/wp\/v2\/product_cat?post=2562"},{"taxonomy":"product_tag","embeddable":true,"href":"http:\/\/astehshop.com\/index.php\/wp-json\/wp\/v2\/product_tag?post=2562"}],"curies":[{"name":"wp","href":"https:\/\/api.w.org\/{rel}","templated":true}]}}