{"id":2540,"date":"2018-02-27T16:16:53","date_gmt":"2018-02-27T15:16:53","guid":{"rendered":"http:\/\/astehshop.com\/?post_type=product&#038;p=2540"},"modified":"2025-04-16T20:08:44","modified_gmt":"2025-04-16T18:08:44","slug":"zicani-senzor-476pet","status":"publish","type":"product","link":"http:\/\/astehshop.com\/index.php\/product\/zicani-senzor-476pet\/","title":{"rendered":"\u017di\u010dani senzor 476PET"},"content":{"rendered":"<p><span class=\"fontstyle0\">domet 11m, vidni ugao 88.5\u00ba, neosjetljivost na \u017eivotinje<br \/>\ndo 18kg<br \/>\n<\/span><span class=\"fontstyle2\">dual element senzor, automatska impulsna obrada signala,<br \/>\nza\u0161tita od RF i EM smetnji, tamper prekida\u010d<\/span><\/p>\n","protected":false},"excerpt":{"rendered":"<p><span class=\"fontstyle0\">domet 11m, vidni ugao 88.5\u00ba, neosjetljivost na \u017eivotinje<br \/>\ndo 18kg<\/span><\/p>\n","protected":false},"featured_media":2538,"comment_status":"open","ping_status":"closed","template":"","meta":{"_mi_skip_tracking":false,"_exactmetrics_sitenote_active":false,"_exactmetrics_sitenote_note":"","_exactmetrics_sitenote_category":0,"spay_email":""},"product_cat":[141,143],"product_tag":[309,312,310,311],"brands":[{"id":2046,"name":"paradox","slug":"paradox"}],"df_price":31,"df_sale_price":"","df_regular_price":31,"df_image_link":"https:\/\/i0.wp.com\/astehshop.com\/wp-content\/uploads\/2018\/02\/476plus.jpg?fit=450%2C395","jetpack_publicize_connections":[],"jetpack_sharing_enabled":true,"jetpack_likes_enabled":true,"jetpack-related-posts":[{"id":2537,"url":"http:\/\/astehshop.com\/index.php\/product\/zicani-senzor-476\/","url_meta":{"origin":2540,"position":0},"title":"\u017di\u010dani senzor 476+","date":"27. velja\u010de 2018.","format":false,"excerpt":"domet 11m, vidni ugao 110\u00ba dual element senzor, automatska temperaturna kompenzacija, automatska impulsna obrada signala, za\u0161tita od RF i EM smetnji, tamper prekida\u010d","rel":"","context":"Srodne objave","img":{"alt_text":"","src":"https:\/\/i0.wp.com\/astehshop.com\/wp-content\/uploads\/2018\/02\/476plus.jpg?fit=500%2C439&resize=350%2C200","width":350,"height":200},"classes":[]},{"id":2528,"url":"http:\/\/astehshop.com\/index.php\/product\/bezicni-senzor-pmd2p\/","url_meta":{"origin":2540,"position":1},"title":"Be\u017ei\u010dni senzor PMD2P","date":"27. velja\u010de 2018.","format":false,"excerpt":"Be\u017ei\u010dni senzor dometa 11X11m 88.5\u00b0, neosjetljiv na zivotinje do18Kg,","rel":"","context":"Srodne objave","img":{"alt_text":"","src":"https:\/\/i2.wp.com\/astehshop.com\/wp-content\/uploads\/2018\/02\/pmd2p.jpg?fit=500%2C459&resize=350%2C200","width":350,"height":200},"classes":[]},{"id":2531,"url":"http:\/\/astehshop.com\/index.php\/product\/bezicni-digitalni-ic-senzor-pmd75\/","url_meta":{"origin":2540,"position":2},"title":"Be\u017ei\u010dni digitalni IC senzor PMD75","date":"27. velja\u010de 2018.","format":false,"excerpt":"Be\u017ei\u010dni digitalni IC senzor sa 2 NEZAVISNA ic ELEMENTA I duplom optikom, 11x11m, 90\u00b0, neosjetljivost na \u017eivotinje do 40kg","rel":"","context":"Srodne objave","img":{"alt_text":"","src":"https:\/\/i0.wp.com\/astehshop.com\/wp-content\/uploads\/2018\/02\/pmd75paradox.jpg?fit=500%2C459&resize=350%2C200","width":350,"height":200},"classes":[]},{"id":2534,"url":"http:\/\/astehshop.com\/index.php\/product\/spoljni-bezicni-digitalni-ic-senzor-pmd85\/","url_meta":{"origin":2540,"position":3},"title":"Spoljni be\u017ei\u010dni digitalni IC senzor PMD85","date":"27. velja\u010de 2018.","format":false,"excerpt":"Spoljni be\u017ei\u010dni digitalni IC senzor sa duplom optikom, 11x11m, 90\u00b0, neosjetljivost na \u017eivotinje do 40kg","rel":"","context":"Srodne objave","img":{"alt_text":"","src":"https:\/\/i2.wp.com\/astehshop.com\/wp-content\/uploads\/2018\/02\/pmd85.jpg?fit=500%2C420&resize=350%2C200","width":350,"height":200},"classes":[]},{"id":12234,"url":"http:\/\/astehshop.com\/index.php\/product\/paradox-bezicni-dual-optic-pir-detektor-sa-pet-opcijom-i-antimask-funkcijom-pmd37m\/","url_meta":{"origin":2540,"position":4},"title":"Paradox Be\u017ei\u010dni dual-optic PIR detektor sa PET opcijom i antimask funkcijom PMD37M","date":"29. sije\u010dnja 2026.","format":false,"excerpt":"Be\u017ei\u010dni dual-optic PIR detektor sa PET opcijom i antimask funkcijom Integrisan be\u017ei\u010dni primopredajnik na frekvenciji 868MHz, koristi auto learn funkciju \u0161to zna\u010di da se automatski registruje na centralu M serije, sa dvije optike u senzoru, unutra\u0161nja\/spolja\u0161nja monta\u017ea, domet 11m (88.5\u00b0), PET opcija do 40kg, tamper prekida\u010d, preko aplikacije BlueEye nadzor\u2026","rel":"","context":"Srodne objave","img":{"alt_text":"","src":"https:\/\/i0.wp.com\/astehshop.com\/wp-content\/uploads\/2026\/01\/pmd37m.jpg?fit=1200%2C1200&resize=350%2C200","width":350,"height":200},"classes":[]},{"id":2544,"url":"http:\/\/astehshop.com\/index.php\/product\/zicani-senzor-nv5\/","url_meta":{"origin":2540,"position":5},"title":"\u017di\u010dani senzor NV5","date":"27. velja\u010de 2018.","format":false,"excerpt":"Digitalni infracrveni detektor visokih performansi, u kompletu sa nosa\u010dem,","rel":"","context":"Srodne objave","img":{"alt_text":"","src":"https:\/\/i2.wp.com\/astehshop.com\/wp-content\/uploads\/2018\/02\/nv5senzor.jpg?fit=500%2C418&resize=350%2C200","width":350,"height":200},"classes":[]}],"_links":{"self":[{"href":"http:\/\/astehshop.com\/index.php\/wp-json\/wp\/v2\/product\/2540"}],"collection":[{"href":"http:\/\/astehshop.com\/index.php\/wp-json\/wp\/v2\/product"}],"about":[{"href":"http:\/\/astehshop.com\/index.php\/wp-json\/wp\/v2\/types\/product"}],"replies":[{"embeddable":true,"href":"http:\/\/astehshop.com\/index.php\/wp-json\/wp\/v2\/comments?post=2540"}],"wp:featuredmedia":[{"embeddable":true,"href":"http:\/\/astehshop.com\/index.php\/wp-json\/wp\/v2\/media\/2538"}],"wp:attachment":[{"href":"http:\/\/astehshop.com\/index.php\/wp-json\/wp\/v2\/media?parent=2540"}],"wp:term":[{"taxonomy":"product_cat","embeddable":true,"href":"http:\/\/astehshop.com\/index.php\/wp-json\/wp\/v2\/product_cat?post=2540"},{"taxonomy":"product_tag","embeddable":true,"href":"http:\/\/astehshop.com\/index.php\/wp-json\/wp\/v2\/product_tag?post=2540"}],"curies":[{"name":"wp","href":"https:\/\/api.w.org\/{rel}","templated":true}]}}