{"id":2531,"date":"2018-02-27T14:03:14","date_gmt":"2018-02-27T13:03:14","guid":{"rendered":"http:\/\/astehshop.com\/?post_type=product&#038;p=2531"},"modified":"2024-02-18T08:52:07","modified_gmt":"2024-02-18T07:52:07","slug":"bezicni-digitalni-ic-senzor-pmd75","status":"publish","type":"product","link":"http:\/\/astehshop.com\/index.php\/product\/bezicni-digitalni-ic-senzor-pmd75\/","title":{"rendered":"Be\u017ei\u010dni digitalni IC senzor PMD75"},"content":{"rendered":"<p><span class=\"fontstyle0\">Be\u017ei\u010dni digitalni IC senzor sa 2 NEZAVISNA ic ELEMENTA I<br \/>\nduplom optikom, 11x11m, 90\u00b0, neosjetljivost na \u017eivotinje do<br \/>\n40kg<br \/>\n<\/span><span class=\"fontstyle2\">domet: 35m (sa MG-6130\/6160\/6250, K32LX, K641LX, RX1), odnosno<br \/>\n70m (sa MG5000 \/ MG5050 \/ RTX3), tamper prekida\u010d, indikacija<br \/>\nprazne baterije<\/span><\/p>\n","protected":false},"excerpt":{"rendered":"<p><span class=\"fontstyle0\">Be\u017ei\u010dni digitalni IC senzor sa 2 NEZAVISNA ic ELEMENTA I<br \/>\nduplom optikom, 11x11m, 90\u00b0, neosjetljivost na \u017eivotinje do<br \/>\n40kg<\/span><\/p>\n","protected":false},"featured_media":2532,"comment_status":"open","ping_status":"closed","template":"","meta":{"_mi_skip_tracking":false,"_exactmetrics_sitenote_active":false,"_exactmetrics_sitenote_note":"","_exactmetrics_sitenote_category":0,"spay_email":""},"product_cat":[141,143],"product_tag":[300,302,299,303,298,301],"brands":[{"id":2046,"name":"paradox","slug":"paradox"}],"df_price":146,"df_sale_price":"","df_regular_price":146,"df_image_link":"https:\/\/i0.wp.com\/astehshop.com\/wp-content\/uploads\/2018\/02\/pmd75paradox.jpg?fit=450%2C413","jetpack_publicize_connections":[],"jetpack_sharing_enabled":true,"jetpack_likes_enabled":true,"jetpack-related-posts":[{"id":2534,"url":"http:\/\/astehshop.com\/index.php\/product\/spoljni-bezicni-digitalni-ic-senzor-pmd85\/","url_meta":{"origin":2531,"position":0},"title":"Spoljni be\u017ei\u010dni digitalni IC senzor PMD85","date":"27. velja\u010de 2018.","format":false,"excerpt":"Spoljni be\u017ei\u010dni digitalni IC senzor sa duplom optikom, 11x11m, 90\u00b0, neosjetljivost na \u017eivotinje do 40kg","rel":"","context":"Srodne objave","img":{"alt_text":"","src":"https:\/\/i2.wp.com\/astehshop.com\/wp-content\/uploads\/2018\/02\/pmd85.jpg?fit=500%2C420&resize=350%2C200","width":350,"height":200},"classes":[]},{"id":12237,"url":"http:\/\/astehshop.com\/index.php\/product\/bezicni-digitalni-dual-optic-pir-detektor-sa-pet-opcijom-pmd85m\/","url_meta":{"origin":2531,"position":1},"title":"Be\u017ei\u010dni digitalni dual-optic PIR detektor sa PET opcijom PMD85M","date":"29. sije\u010dnja 2026.","format":false,"excerpt":"Be\u017ei\u010dni digitalni dual-optic PIR detektor sa PET opcijom Integrisan be\u017ei\u010dni primopredajnik na frekvenciji 868MHz, koristi auto learn funkciju \u0161to zna\u010di da se automatski registruje na centralu M serije, 2 dualna PIR senzora, svaki od senzora sa 2 optike, unutra\u0161nja\/spolja\u0161nja monta\u017ea, domet 11m (90\u00b0), PET opcija do 40kg na visini monta\u017ee\u2026","rel":"","context":"Srodne objave","img":{"alt_text":"","src":"https:\/\/i1.wp.com\/astehshop.com\/wp-content\/uploads\/2026\/01\/pmd85m.jpg?fit=1200%2C1200&resize=350%2C200","width":350,"height":200},"classes":[]},{"id":12231,"url":"http:\/\/astehshop.com\/index.php\/product\/paradox-bezicni-digitalni-dual-optic-pir-detektor-sa-pet-opcijom-pmd75m\/","url_meta":{"origin":2531,"position":2},"title":"Paradox Be\u017ei\u010dni digitalni dual-optic PIR detektor sa PET opcijom PMD75M","date":"29. sije\u010dnja 2026.","format":false,"excerpt":"Be\u017ei\u010dni digitalni dual-optic PIR detektor sa PET opcijom Integrisan be\u017ei\u010dni primopredajnik na frekvenciji 868MHz, koristi auto learn funkciju \u0161to zna\u010di da se automatski registruje na centralu M serije, dualni PIR senzor, unutra\u0161nja monta\u017ea, sa dvije optike u senzoru, domet 11m (90\u00b0), PET opcija do 40kg na visini monta\u017ee 2.1m, tamper\u2026","rel":"","context":"Srodne objave","img":{"alt_text":"","src":"https:\/\/i1.wp.com\/astehshop.com\/wp-content\/uploads\/2026\/01\/pmd75m.jpg?fit=1200%2C1200&resize=350%2C200","width":350,"height":200},"classes":[]},{"id":2528,"url":"http:\/\/astehshop.com\/index.php\/product\/bezicni-senzor-pmd2p\/","url_meta":{"origin":2531,"position":3},"title":"Be\u017ei\u010dni senzor PMD2P","date":"27. velja\u010de 2018.","format":false,"excerpt":"Be\u017ei\u010dni senzor dometa 11X11m 88.5\u00b0, neosjetljiv na zivotinje do18Kg,","rel":"","context":"Srodne objave","img":{"alt_text":"","src":"https:\/\/i2.wp.com\/astehshop.com\/wp-content\/uploads\/2018\/02\/pmd2p.jpg?fit=500%2C459&resize=350%2C200","width":350,"height":200},"classes":[]},{"id":2544,"url":"http:\/\/astehshop.com\/index.php\/product\/zicani-senzor-nv5\/","url_meta":{"origin":2531,"position":4},"title":"\u017di\u010dani senzor NV5","date":"27. velja\u010de 2018.","format":false,"excerpt":"Digitalni infracrveni detektor visokih performansi, u kompletu sa nosa\u010dem,","rel":"","context":"Srodne objave","img":{"alt_text":"","src":"https:\/\/i2.wp.com\/astehshop.com\/wp-content\/uploads\/2018\/02\/nv5senzor.jpg?fit=500%2C418&resize=350%2C200","width":350,"height":200},"classes":[]},{"id":12234,"url":"http:\/\/astehshop.com\/index.php\/product\/paradox-bezicni-dual-optic-pir-detektor-sa-pet-opcijom-i-antimask-funkcijom-pmd37m\/","url_meta":{"origin":2531,"position":5},"title":"Paradox Be\u017ei\u010dni dual-optic PIR detektor sa PET opcijom i antimask funkcijom PMD37M","date":"29. sije\u010dnja 2026.","format":false,"excerpt":"Be\u017ei\u010dni dual-optic PIR detektor sa PET opcijom i antimask funkcijom Integrisan be\u017ei\u010dni primopredajnik na frekvenciji 868MHz, koristi auto learn funkciju \u0161to zna\u010di da se automatski registruje na centralu M serije, sa dvije optike u senzoru, unutra\u0161nja\/spolja\u0161nja monta\u017ea, domet 11m (88.5\u00b0), PET opcija do 40kg, tamper prekida\u010d, preko aplikacije BlueEye nadzor\u2026","rel":"","context":"Srodne objave","img":{"alt_text":"","src":"https:\/\/i0.wp.com\/astehshop.com\/wp-content\/uploads\/2026\/01\/pmd37m.jpg?fit=1200%2C1200&resize=350%2C200","width":350,"height":200},"classes":[]}],"_links":{"self":[{"href":"http:\/\/astehshop.com\/index.php\/wp-json\/wp\/v2\/product\/2531"}],"collection":[{"href":"http:\/\/astehshop.com\/index.php\/wp-json\/wp\/v2\/product"}],"about":[{"href":"http:\/\/astehshop.com\/index.php\/wp-json\/wp\/v2\/types\/product"}],"replies":[{"embeddable":true,"href":"http:\/\/astehshop.com\/index.php\/wp-json\/wp\/v2\/comments?post=2531"}],"wp:featuredmedia":[{"embeddable":true,"href":"http:\/\/astehshop.com\/index.php\/wp-json\/wp\/v2\/media\/2532"}],"wp:attachment":[{"href":"http:\/\/astehshop.com\/index.php\/wp-json\/wp\/v2\/media?parent=2531"}],"wp:term":[{"taxonomy":"product_cat","embeddable":true,"href":"http:\/\/astehshop.com\/index.php\/wp-json\/wp\/v2\/product_cat?post=2531"},{"taxonomy":"product_tag","embeddable":true,"href":"http:\/\/astehshop.com\/index.php\/wp-json\/wp\/v2\/product_tag?post=2531"}],"curies":[{"name":"wp","href":"https:\/\/api.w.org\/{rel}","templated":true}]}}