{"id":2528,"date":"2018-02-27T14:00:19","date_gmt":"2018-02-27T13:00:19","guid":{"rendered":"http:\/\/astehshop.com\/?post_type=product&#038;p=2528"},"modified":"2024-02-18T08:51:52","modified_gmt":"2024-02-18T07:51:52","slug":"bezicni-senzor-pmd2p","status":"publish","type":"product","link":"http:\/\/astehshop.com\/index.php\/product\/bezicni-senzor-pmd2p\/","title":{"rendered":"Be\u017ei\u010dni senzor PMD2P"},"content":{"rendered":"<p><span class=\"fontstyle0\">Be\u017ei\u010dni senzor dometa 11X11m 88.5\u00b0, neosjetljiv na zivotinje<br \/>\ndo18Kg,<br \/>\n<\/span><span class=\"fontstyle2\">Duyina centralnog snopa do 15m, domet do 35m (sa<br \/>\nMG-6130\/6160\/6250, K32LX, K641LX, RX1), odnosno 70m (sa MG5000 \/<br \/>\nMG5050 \/ RTX3), dupli mehanizam tampera (poklopac\/zid), bo\u010dni preklopnik za izbor ve\u0107e i manje osetljivosti.<\/span><\/p>\n","protected":false},"excerpt":{"rendered":"<p><span class=\"fontstyle0\">Be\u017ei\u010dni senzor dometa 11X11m 88.5\u00b0, neosjetljiv na zivotinje<br \/>\ndo18Kg,<\/span><\/p>\n","protected":false},"featured_media":2529,"comment_status":"open","ping_status":"closed","template":"","meta":{"_mi_skip_tracking":false,"_exactmetrics_sitenote_active":false,"_exactmetrics_sitenote_note":"","_exactmetrics_sitenote_category":0,"spay_email":""},"product_cat":[141,143],"product_tag":[293,296,295,294,297],"brands":[{"id":2046,"name":"paradox","slug":"paradox"}],"df_price":106,"df_sale_price":"","df_regular_price":106,"df_image_link":"https:\/\/i2.wp.com\/astehshop.com\/wp-content\/uploads\/2018\/02\/pmd2p.jpg?fit=450%2C413","jetpack_publicize_connections":[],"jetpack_sharing_enabled":true,"jetpack_likes_enabled":true,"jetpack-related-posts":[{"id":2531,"url":"http:\/\/astehshop.com\/index.php\/product\/bezicni-digitalni-ic-senzor-pmd75\/","url_meta":{"origin":2528,"position":0},"title":"Be\u017ei\u010dni digitalni IC senzor PMD75","date":"27. velja\u010de 2018.","format":false,"excerpt":"Be\u017ei\u010dni digitalni IC senzor sa 2 NEZAVISNA ic ELEMENTA I duplom optikom, 11x11m, 90\u00b0, neosjetljivost na \u017eivotinje do 40kg","rel":"","context":"Srodne objave","img":{"alt_text":"","src":"https:\/\/i0.wp.com\/astehshop.com\/wp-content\/uploads\/2018\/02\/pmd75paradox.jpg?fit=500%2C459&resize=350%2C200","width":350,"height":200},"classes":[]},{"id":2534,"url":"http:\/\/astehshop.com\/index.php\/product\/spoljni-bezicni-digitalni-ic-senzor-pmd85\/","url_meta":{"origin":2528,"position":1},"title":"Spoljni be\u017ei\u010dni digitalni IC senzor PMD85","date":"27. velja\u010de 2018.","format":false,"excerpt":"Spoljni be\u017ei\u010dni digitalni IC senzor sa duplom optikom, 11x11m, 90\u00b0, neosjetljivost na \u017eivotinje do 40kg","rel":"","context":"Srodne objave","img":{"alt_text":"","src":"https:\/\/i2.wp.com\/astehshop.com\/wp-content\/uploads\/2018\/02\/pmd85.jpg?fit=500%2C420&resize=350%2C200","width":350,"height":200},"classes":[]},{"id":2540,"url":"http:\/\/astehshop.com\/index.php\/product\/zicani-senzor-476pet\/","url_meta":{"origin":2528,"position":2},"title":"\u017di\u010dani senzor 476PET","date":"27. velja\u010de 2018.","format":false,"excerpt":"domet 11m, vidni ugao 88.5\u00ba, neosjetljivost na \u017eivotinje do 18kg","rel":"","context":"Srodne objave","img":{"alt_text":"","src":"https:\/\/i0.wp.com\/astehshop.com\/wp-content\/uploads\/2018\/02\/476plus.jpg?fit=500%2C439&resize=350%2C200","width":350,"height":200},"classes":[]},{"id":12234,"url":"http:\/\/astehshop.com\/index.php\/product\/paradox-bezicni-dual-optic-pir-detektor-sa-pet-opcijom-i-antimask-funkcijom-pmd37m\/","url_meta":{"origin":2528,"position":3},"title":"Paradox Be\u017ei\u010dni dual-optic PIR detektor sa PET opcijom i antimask funkcijom PMD37M","date":"29. sije\u010dnja 2026.","format":false,"excerpt":"Be\u017ei\u010dni dual-optic PIR detektor sa PET opcijom i antimask funkcijom Integrisan be\u017ei\u010dni primopredajnik na frekvenciji 868MHz, koristi auto learn funkciju \u0161to zna\u010di da se automatski registruje na centralu M serije, sa dvije optike u senzoru, unutra\u0161nja\/spolja\u0161nja monta\u017ea, domet 11m (88.5\u00b0), PET opcija do 40kg, tamper prekida\u010d, preko aplikacije BlueEye nadzor\u2026","rel":"","context":"Srodne objave","img":{"alt_text":"","src":"https:\/\/i0.wp.com\/astehshop.com\/wp-content\/uploads\/2026\/01\/pmd37m.jpg?fit=1200%2C1200&resize=350%2C200","width":350,"height":200},"classes":[]},{"id":12231,"url":"http:\/\/astehshop.com\/index.php\/product\/paradox-bezicni-digitalni-dual-optic-pir-detektor-sa-pet-opcijom-pmd75m\/","url_meta":{"origin":2528,"position":4},"title":"Paradox Be\u017ei\u010dni digitalni dual-optic PIR detektor sa PET opcijom PMD75M","date":"29. sije\u010dnja 2026.","format":false,"excerpt":"Be\u017ei\u010dni digitalni dual-optic PIR detektor sa PET opcijom Integrisan be\u017ei\u010dni primopredajnik na frekvenciji 868MHz, koristi auto learn funkciju \u0161to zna\u010di da se automatski registruje na centralu M serije, dualni PIR senzor, unutra\u0161nja monta\u017ea, sa dvije optike u senzoru, domet 11m (90\u00b0), PET opcija do 40kg na visini monta\u017ee 2.1m, tamper\u2026","rel":"","context":"Srodne objave","img":{"alt_text":"","src":"https:\/\/i1.wp.com\/astehshop.com\/wp-content\/uploads\/2026\/01\/pmd75m.jpg?fit=1200%2C1200&resize=350%2C200","width":350,"height":200},"classes":[]},{"id":4522,"url":"http:\/\/astehshop.com\/index.php\/product\/bezicni-detektor-pokreta-dometa-12m-crni-ajax-cp-bl\/","url_meta":{"origin":2528,"position":5},"title":"Be\u017ei\u010dni detektor pokreta dometa 12m Crni AJAX-CP-BL CombiProtect","date":"4. svibnja 2020.","format":false,"excerpt":"Model: AJAX CombiProtect BL Be\u017ei\u010dni detektor pokreta dometa 12m neosjetljiv na ku\u0107ne ljubimce i loma stakla dometa 9m. Crne boje, Be\u017ei\u010dna frekvencija 868Mhz, Dvosmjerna be\u017ei\u010dna komunikacija, Dimenzije 110 x 65 x 50mm, Stupanj sigurnosti Grade 2, Baterijsko napajanje, 1x3V, tip CR123A, Unutra\u0161nja ugradnja PIR \/GB Metoda detekcije, Zidna Monta\u017ea, Visina\u2026","rel":"","context":"Srodne objave","img":{"alt_text":"","src":"https:\/\/i0.wp.com\/astehshop.com\/wp-content\/uploads\/2020\/05\/AJAX-CP-BL-1.png?fit=1200%2C630&resize=350%2C200","width":350,"height":200},"classes":[]}],"_links":{"self":[{"href":"http:\/\/astehshop.com\/index.php\/wp-json\/wp\/v2\/product\/2528"}],"collection":[{"href":"http:\/\/astehshop.com\/index.php\/wp-json\/wp\/v2\/product"}],"about":[{"href":"http:\/\/astehshop.com\/index.php\/wp-json\/wp\/v2\/types\/product"}],"replies":[{"embeddable":true,"href":"http:\/\/astehshop.com\/index.php\/wp-json\/wp\/v2\/comments?post=2528"}],"wp:featuredmedia":[{"embeddable":true,"href":"http:\/\/astehshop.com\/index.php\/wp-json\/wp\/v2\/media\/2529"}],"wp:attachment":[{"href":"http:\/\/astehshop.com\/index.php\/wp-json\/wp\/v2\/media?parent=2528"}],"wp:term":[{"taxonomy":"product_cat","embeddable":true,"href":"http:\/\/astehshop.com\/index.php\/wp-json\/wp\/v2\/product_cat?post=2528"},{"taxonomy":"product_tag","embeddable":true,"href":"http:\/\/astehshop.com\/index.php\/wp-json\/wp\/v2\/product_tag?post=2528"}],"curies":[{"name":"wp","href":"https:\/\/api.w.org\/{rel}","templated":true}]}}