{"id":2511,"date":"2018-02-27T13:29:34","date_gmt":"2018-02-27T12:29:34","guid":{"rendered":"http:\/\/astehshop.com\/?post_type=product&#038;p=2511"},"modified":"2024-02-18T08:49:30","modified_gmt":"2024-02-18T07:49:30","slug":"bezicni-sifrator-k32rf","status":"publish","type":"product","link":"http:\/\/astehshop.com\/index.php\/product\/bezicni-sifrator-k32rf\/","title":{"rendered":"Be\u017ei\u010dni \u0161ifrator K32RF"},"content":{"rendered":"<p><span class=\"fontstyle0\">LED \u0161ifrator za 32 zone &#8211; be\u017ei\u010dni (za MG5000, MG5050 i za<br \/>\nSpectra SP sa RTX3 ili K32LX)<br \/>\n<\/span><span class=\"fontstyle2\">ugra\u0111en be\u017ei\u010dni primo-predajnik, 3 panik tastera, sa akumulatorom,<br \/>\nzahtjeva dodatno napajanje &#8211; ispravlja\u010d 6Vdc &#8211; PA6-EU<\/span><\/p>\n","protected":false},"excerpt":{"rendered":"<p><span class=\"fontstyle0\">LED \u0161ifrator za 32 zone &#8211; be\u017ei\u010dni (za MG5000, MG5050 i za<br \/>\nSpectra SP sa RTX3 ili K32LX)<\/span><\/p>\n","protected":false},"featured_media":2512,"comment_status":"open","ping_status":"closed","template":"","meta":{"_mi_skip_tracking":false,"_exactmetrics_sitenote_active":false,"_exactmetrics_sitenote_note":"","_exactmetrics_sitenote_category":0,"spay_email":""},"product_cat":[141],"product_tag":[272,274,273,277,276,275],"brands":[{"id":2046,"name":"paradox","slug":"paradox"}],"df_price":210,"df_sale_price":"","df_regular_price":210,"df_image_link":"https:\/\/i1.wp.com\/astehshop.com\/wp-content\/uploads\/2018\/02\/k32rf.jpg?fit=450%2C365","jetpack_publicize_connections":[],"jetpack_sharing_enabled":true,"jetpack_likes_enabled":true,"jetpack-related-posts":[{"id":8867,"url":"http:\/\/astehshop.com\/index.php\/product\/paradox-tastatura-sifrator-k38\/","url_meta":{"origin":2511,"position":0},"title":"Paradox tastatura \u0161ifrator K38","date":"14. sije\u010dnja 2024.","format":false,"excerpt":"ICON \u0161ifrator za 32 zone - be\u017ei\u010dni (za MG6250\/5000\/5050\/5050+\/5075 i za Spectra SP sa RTX3 ili K32LX osim SP4000) ugra\u0111en be\u017ei\u010dni primo-predajnik, 3 panik tastera, sa ugra\u0111enom backup baterijom, napaja se sa 2 AA baterije, preporu\u010deno je da se koristi i dodatno napajanje - ispravlja\u010d 6Vdc - PA6-EU","rel":"","context":"Srodne objave","img":{"alt_text":"","src":"https:\/\/i0.wp.com\/astehshop.com\/wp-content\/uploads\/2024\/01\/k38.jpg?fit=1200%2C1200&resize=350%2C200","width":350,"height":200},"classes":[]},{"id":2518,"url":"http:\/\/astehshop.com\/index.php\/product\/zicni-sifrator-k10v\/","url_meta":{"origin":2511,"position":1},"title":"\u017di\u010dni \u0161ifrator K10 LED","date":"27. velja\u010de 2018.","format":false,"excerpt":"LED \u0161ifrator za 10 zona (za MG5000, MG5050 i Spectra SP)","rel":"","context":"Srodne objave","img":{"alt_text":"","src":"https:\/\/i1.wp.com\/astehshop.com\/wp-content\/uploads\/2018\/02\/k10v.jpg?fit=500%2C421&resize=350%2C200","width":350,"height":200},"classes":[]},{"id":2524,"url":"http:\/\/astehshop.com\/index.php\/product\/zicni-sifrator-k32lcd\/","url_meta":{"origin":2511,"position":2},"title":"\u017di\u010dni \u0161ifrator K32LCD+","date":"27. velja\u010de 2018.","format":false,"excerpt":"LCD \u0161ifrator - \u017ei\u010dni (za MG5000, MG5050 i Spectra SP) 1 zona, 3 panik tastera","rel":"","context":"Srodne objave","img":{"alt_text":"","src":"https:\/\/i0.wp.com\/astehshop.com\/wp-content\/uploads\/2018\/02\/k32lcdplus.jpg?fit=500%2C459&resize=350%2C200","width":350,"height":200},"classes":[]},{"id":2514,"url":"http:\/\/astehshop.com\/index.php\/product\/bezicni-sifrator-k32wk\/","url_meta":{"origin":2511,"position":3},"title":"Be\u017ei\u010dni \u0161ifrator K32WK","date":"27. velja\u010de 2018.","format":false,"excerpt":"LED \u0161ifrator za 32 zone - be\u017ei\u010dni (za MG-6130\/MG-6160) ugra\u0111en be\u017ei\u010dni primo-predajnik, 3 panik tastera, sa akumulatorom, zahtjeva dodatno napajanje - ispravlja\u010d 6Vdc - PA6-EU","rel":"","context":"Srodne objave","img":{"alt_text":"","src":"https:\/\/i2.wp.com\/astehshop.com\/wp-content\/uploads\/2018\/02\/K32WKparadox.jpg?fit=500%2C406&resize=350%2C200","width":350,"height":200},"classes":[]},{"id":2521,"url":"http:\/\/astehshop.com\/index.php\/product\/zicni-sifrator-k32\/","url_meta":{"origin":2511,"position":4},"title":"\u017di\u010dni \u0161ifrator K32+","date":"27. velja\u010de 2018.","format":false,"excerpt":"LED \u0161ifrator za 32 zone (za centrale serije Spectra SP i Magellan) 1 ulaz za zonu, 3 panik tastera","rel":"","context":"Srodne objave","img":{"alt_text":"","src":"https:\/\/i2.wp.com\/astehshop.com\/wp-content\/uploads\/2018\/02\/k32plus.jpg?fit=500%2C459&resize=350%2C200","width":350,"height":200},"classes":[]},{"id":2528,"url":"http:\/\/astehshop.com\/index.php\/product\/bezicni-senzor-pmd2p\/","url_meta":{"origin":2511,"position":5},"title":"Be\u017ei\u010dni senzor PMD2P","date":"27. velja\u010de 2018.","format":false,"excerpt":"Be\u017ei\u010dni senzor dometa 11X11m 88.5\u00b0, neosjetljiv na zivotinje do18Kg,","rel":"","context":"Srodne objave","img":{"alt_text":"","src":"https:\/\/i2.wp.com\/astehshop.com\/wp-content\/uploads\/2018\/02\/pmd2p.jpg?fit=500%2C459&resize=350%2C200","width":350,"height":200},"classes":[]}],"_links":{"self":[{"href":"http:\/\/astehshop.com\/index.php\/wp-json\/wp\/v2\/product\/2511"}],"collection":[{"href":"http:\/\/astehshop.com\/index.php\/wp-json\/wp\/v2\/product"}],"about":[{"href":"http:\/\/astehshop.com\/index.php\/wp-json\/wp\/v2\/types\/product"}],"replies":[{"embeddable":true,"href":"http:\/\/astehshop.com\/index.php\/wp-json\/wp\/v2\/comments?post=2511"}],"wp:featuredmedia":[{"embeddable":true,"href":"http:\/\/astehshop.com\/index.php\/wp-json\/wp\/v2\/media\/2512"}],"wp:attachment":[{"href":"http:\/\/astehshop.com\/index.php\/wp-json\/wp\/v2\/media?parent=2511"}],"wp:term":[{"taxonomy":"product_cat","embeddable":true,"href":"http:\/\/astehshop.com\/index.php\/wp-json\/wp\/v2\/product_cat?post=2511"},{"taxonomy":"product_tag","embeddable":true,"href":"http:\/\/astehshop.com\/index.php\/wp-json\/wp\/v2\/product_tag?post=2511"}],"curies":[{"name":"wp","href":"https:\/\/api.w.org\/{rel}","templated":true}]}}