{"id":2502,"date":"2018-02-27T13:15:42","date_gmt":"2018-02-27T12:15:42","guid":{"rendered":"http:\/\/astehshop.com\/?post_type=product&#038;p=2502"},"modified":"2026-04-04T20:10:54","modified_gmt":"2026-04-04T18:10:54","slug":"daljinski-paradox-rem1","status":"publish","type":"product","link":"http:\/\/astehshop.com\/index.php\/product\/daljinski-paradox-rem1\/","title":{"rendered":"Daljinski Paradox REM1"},"content":{"rendered":"<p><span class=\"fontstyle0\">Daljinski upravlja\u010d sa 4 tastera,<br \/>\n<\/span><span class=\"fontstyle2\">vodootporan, do 5 razli\u010ditih operacija (uklju\u010denje \/ isklju\u010denje sistema,<br \/>\nkontrola PGMova,&#8230;), kompatibilan sa svim MG centralama, RTX3, RX1,<br \/>\nK641LX, K32LX.<\/span><\/p>\n","protected":false},"excerpt":{"rendered":"<p><span class=\"fontstyle0\">Daljinski upravlja\u010d sa 4 tastera,<br \/>\n<\/span><span class=\"fontstyle2\">vodootporan, do 5 razli\u010ditih operacija<\/span><\/p>\n","protected":false},"featured_media":2503,"comment_status":"open","ping_status":"closed","template":"","meta":{"_mi_skip_tracking":false,"_exactmetrics_sitenote_active":false,"_exactmetrics_sitenote_note":"","_exactmetrics_sitenote_category":0,"spay_email":""},"product_cat":[141,258],"product_tag":[261,259,260,262,263,264,265],"brands":[{"id":2046,"name":"paradox","slug":"paradox"}],"df_price":58,"df_sale_price":"","df_regular_price":58,"df_image_link":"https:\/\/i1.wp.com\/astehshop.com\/wp-content\/uploads\/2018\/02\/rem-1-daljinski.jpg?fit=450%2C365","jetpack_publicize_connections":[],"jetpack_sharing_enabled":true,"jetpack_likes_enabled":true,"jetpack-related-posts":[{"id":2508,"url":"http:\/\/astehshop.com\/index.php\/product\/paradox-daljinski-rem2\/","url_meta":{"origin":2502,"position":0},"title":"Paradox daljinski REM2","date":"27. velja\u010de 2018.","format":false,"excerpt":"Daljinski upravlja\u010d sa 5 tastera sa dvosmjernom komunikacijom vodootporan, do 6 razli\u010ditih operacija","rel":"","context":"Srodne objave","img":{"alt_text":"","src":"https:\/\/i0.wp.com\/astehshop.com\/wp-content\/uploads\/2018\/02\/rem2-paradox.jpg?fit=500%2C406&resize=350%2C200","width":350,"height":200},"classes":[]},{"id":2505,"url":"http:\/\/astehshop.com\/index.php\/product\/paradox-daljinski-rem15\/","url_meta":{"origin":2502,"position":1},"title":"Paradox daljinski REM15","date":"27. velja\u010de 2018.","format":false,"excerpt":"Daljinski upravlja\u010d sa 5 razli\u010ditih operacija, vodootporan, pozadinsko osvetljenje,","rel":"","context":"Srodne objave","img":{"alt_text":"","src":"https:\/\/i1.wp.com\/astehshop.com\/wp-content\/uploads\/2018\/02\/rem-15-daljinski.jpg?fit=500%2C406&resize=350%2C200","width":350,"height":200},"classes":[]},{"id":8889,"url":"http:\/\/astehshop.com\/index.php\/product\/paradox-rem25-daljinski\/","url_meta":{"origin":2502,"position":2},"title":"Paradox REM25 daljinski","date":"14. sije\u010dnja 2024.","format":false,"excerpt":"Daljinski upravlja\u010d sa 5 tastera sa dvosmernom komunikacijom, bele boje Vodootporan, do 6 razli\u010ditih operacija (uklju\u010denje \/ isklju\u010denje sistema, kontrola PGMova,...), prikaz statusa sistema, kompatibilan sa svim MG centralama, RTX3, K641LX, K32LX.","rel":"","context":"Srodne objave","img":{"alt_text":"","src":"https:\/\/i2.wp.com\/astehshop.com\/wp-content\/uploads\/2024\/01\/paradox-rem25w_0.jpg?fit=1200%2C675&resize=350%2C200","width":350,"height":200},"classes":[]},{"id":7878,"url":"http:\/\/astehshop.com\/index.php\/product\/dahua-alarmni-daljinski-ard323-w2\/","url_meta":{"origin":2502,"position":3},"title":"Dahua alarmni daljinski ARD323-W2","date":"1. lipnja 2023.","format":false,"excerpt":"Daljinski upravlja\u010d. 4 tastera (Home, Away, Disarm, and SOS). Dvobojni LED indikator. Frekvencija 868.0MHz\u2013868.6MHz. Domet do 900m na otvorenom. 2-smerna komunikacija sa AES128 enkripcijom. Frequency Hopping. Detekcija ja\u010dine signala. Sa CR2032 baterijom. Trajanje baterije do 5 godina. Upozorenje za slabu bateriju. Plasti\u010dno ku\u0107i\u0161te. Radna temperatura \u201310 \u00b0C to +55 \u00b0C.\u2026","rel":"","context":"Srodne objave","img":{"alt_text":"","src":"https:\/\/i2.wp.com\/astehshop.com\/wp-content\/uploads\/2023\/06\/dahua-ara24-w2-1.jpg?fit=1200%2C1131&resize=350%2C200","width":350,"height":200},"classes":[]},{"id":6036,"url":"http:\/\/astehshop.com\/index.php\/product\/ja-182j-daljinski-upravljac\/","url_meta":{"origin":2502,"position":4},"title":"JA-182J Daljinski upravlja\u010d","date":"14. velja\u010de 2022.","format":false,"excerpt":"JA-182J slu\u017ei za daljinsko ukjlju\u010divanje\/isklju\u010divanje sistema, aktivaciju panik alarma i kontrolu drugih ure\u0111aja. Daljinski upravlja\u010d je opremljen sa prakti\u010dnom funkcijom \u201cde\u010djeg zaklju\u010davanja\u201d koja spre\u010dava neovla\u0161\u0107eno kori\u0161tenje. Ako je ova funkcija uklju\u010dena, za aktiviranje ure\u0111aja je potrebno pritisnuti dugme dva puta u roku od 1 sekunde.","rel":"","context":"Srodne objave","img":{"alt_text":"","src":"https:\/\/i0.wp.com\/astehshop.com\/wp-content\/uploads\/2022\/02\/JA-182J.jpg?fit=600%2C600&resize=350%2C200","width":350,"height":200},"classes":[]},{"id":6136,"url":"http:\/\/astehshop.com\/index.php\/product\/hikvision-ax-pro-daljinski-upravljac-sa-4-tipke-ds-pkf1-we\/","url_meta":{"origin":2502,"position":5},"title":"HikVision AX PRO daljinski upravlja\u010d sa 4 tipke DS-PKF1-WE","date":"1. travnja 2022.","format":false,"excerpt":"868 MHz prijenos signala u otvorenom prostoru do 900m","rel":"","context":"Srodne objave","img":{"alt_text":"","src":"https:\/\/i2.wp.com\/astehshop.com\/wp-content\/uploads\/2022\/04\/DS-PKF1-WE.jpg?fit=800%2C600&resize=350%2C200","width":350,"height":200},"classes":[]}],"_links":{"self":[{"href":"http:\/\/astehshop.com\/index.php\/wp-json\/wp\/v2\/product\/2502"}],"collection":[{"href":"http:\/\/astehshop.com\/index.php\/wp-json\/wp\/v2\/product"}],"about":[{"href":"http:\/\/astehshop.com\/index.php\/wp-json\/wp\/v2\/types\/product"}],"replies":[{"embeddable":true,"href":"http:\/\/astehshop.com\/index.php\/wp-json\/wp\/v2\/comments?post=2502"}],"wp:featuredmedia":[{"embeddable":true,"href":"http:\/\/astehshop.com\/index.php\/wp-json\/wp\/v2\/media\/2503"}],"wp:attachment":[{"href":"http:\/\/astehshop.com\/index.php\/wp-json\/wp\/v2\/media?parent=2502"}],"wp:term":[{"taxonomy":"product_cat","embeddable":true,"href":"http:\/\/astehshop.com\/index.php\/wp-json\/wp\/v2\/product_cat?post=2502"},{"taxonomy":"product_tag","embeddable":true,"href":"http:\/\/astehshop.com\/index.php\/wp-json\/wp\/v2\/product_tag?post=2502"}],"curies":[{"name":"wp","href":"https:\/\/api.w.org\/{rel}","templated":true}]}}