{"id":2499,"date":"2018-02-27T09:49:04","date_gmt":"2018-02-27T08:49:04","guid":{"rendered":"http:\/\/astehshop.com\/?post_type=product&#038;p=2499"},"modified":"2026-04-06T11:32:19","modified_gmt":"2026-04-06T09:32:19","slug":"zicana-centrala-paradox-sp7000","status":"publish","type":"product","link":"http:\/\/astehshop.com\/index.php\/product\/zicana-centrala-paradox-sp7000\/","title":{"rendered":"\u017di\u010dana centrala paradox sp7000+"},"content":{"rendered":"<p><span class=\"fontstyle0\">Alarmna centrala 32 zone, 2 particije, 4 PGM izlaza, komunikator , bez \u0161ifratora i kutije.<br \/>\n<\/span><span class=\"fontstyle2\">16 ulaza za zone (32 sa dupliranjem) + max.15 zona na tastaturama,<br \/>\nmax. 16 dodatnih zona (ukupno max.32 zone), max. 16 PGM-ova,<br \/>\nmogu\u0107nost priklju\u010denja be\u017ei\u010dnih senzora preko RTX3, StayD funkcija,<br \/>\n4-\u017ei\u010dna magistrala (bus),<\/span><\/p>\n","protected":false},"excerpt":{"rendered":"<p><span class=\"fontstyle0\">Alarmna centrala 32 zone, 2 particije, 4 PGM izlaza, komunikator , bez \u0161ifratora i kutije.<br \/>\n<\/span><span class=\"fontstyle2\">16 ulaza za zone (32 sa dupliranjem) + max.15 zona na tastaturama,<\/span><\/p>\n","protected":false},"featured_media":2500,"comment_status":"open","ping_status":"closed","template":"","meta":{"_mi_skip_tracking":false,"_exactmetrics_sitenote_active":false,"_exactmetrics_sitenote_note":"","_exactmetrics_sitenote_category":0,"spay_email":""},"product_cat":[141,142],"product_tag":[256,257,255,235],"brands":[{"id":2046,"name":"paradox","slug":"paradox"}],"df_price":245,"df_sale_price":"","df_regular_price":245,"df_image_link":"https:\/\/i0.wp.com\/astehshop.com\/wp-content\/uploads\/2018\/02\/sp7000.jpg?fit=450%2C416","jetpack_publicize_connections":[],"jetpack_sharing_enabled":true,"jetpack_likes_enabled":true,"jetpack-related-posts":[{"id":2493,"url":"http:\/\/astehshop.com\/index.php\/product\/zicana-pardox-centrala-sp5500\/","url_meta":{"origin":2499,"position":0},"title":"\u017di\u010dana paradox centrala sp5500+","date":"27. velja\u010de 2018.","format":false,"excerpt":"Alarmna centrala 10 zona, 2 particije, 2 PGM izlaza, komunikator, BEZ \u0161ifratora i kutije. 5 ulaza za zone (10 sa dupliranjem) + max.15 zona na tastaturama,","rel":"","context":"Srodne objave","img":{"alt_text":"","src":"https:\/\/i0.wp.com\/astehshop.com\/wp-content\/uploads\/2018\/02\/sp5500paradox.jpg?fit=500%2C500&resize=350%2C200","width":350,"height":200},"classes":[]},{"id":2496,"url":"http:\/\/astehshop.com\/index.php\/product\/zicana-paradox-centrala-sp6000\/","url_meta":{"origin":2499,"position":1},"title":"\u017di\u010dana paradox centrala sp6000","date":"27. velja\u010de 2018.","format":false,"excerpt":"Alarmna centrala 16 zona, 2 particije, 2 PGM izlaza, komunikator,BEZ \u0161ifratora i kutije.","rel":"","context":"Srodne objave","img":{"alt_text":"","src":"https:\/\/i2.wp.com\/astehshop.com\/wp-content\/uploads\/2018\/02\/sp6000paradox.jpg?fit=500%2C500&resize=350%2C200","width":350,"height":200},"classes":[]},{"id":2419,"url":"http:\/\/astehshop.com\/index.php\/product\/sp4000\/","url_meta":{"origin":2499,"position":2},"title":"SP4000","date":"25. velja\u010de 2018.","format":false,"excerpt":"Alarmna centrala 8 zona, 2 particije, 1 PGM izlaz, komunikator, bez \u0161ifratora i kutije. 4 ulaza za zone (8 sa dupliranjem), StayD funkcija, 4-\u017ei\u010dna magistrala (bus)","rel":"","context":"Srodne objave","img":{"alt_text":"","src":"https:\/\/i0.wp.com\/astehshop.com\/wp-content\/uploads\/2018\/02\/sp4000.jpg?fit=1000%2C534&resize=350%2C200","width":350,"height":200},"classes":[]},{"id":2489,"url":"http:\/\/astehshop.com\/index.php\/product\/bezicna-paradox-alarmna-centrala-mg5000\/","url_meta":{"origin":2499,"position":3},"title":"Be\u017ei\u010dna paradox alarmna centrala MG5000","date":"27. velja\u010de 2018.","format":false,"excerpt":"Be\u017ei\u010dna alarmna centrala, 32 zone, 2 particije, maksimalno 16 PGM-ova","rel":"","context":"Srodne objave","img":{"alt_text":"","src":"https:\/\/i2.wp.com\/astehshop.com\/wp-content\/uploads\/2018\/02\/mg5500.jpg?fit=500%2C500&resize=350%2C200","width":350,"height":200},"classes":[]},{"id":2491,"url":"http:\/\/astehshop.com\/index.php\/product\/bezicna-paradox-alarmna-centrala-mg5500\/","url_meta":{"origin":2499,"position":4},"title":"Be\u017ei\u010dna paradox alarmna centrala MG5050+","date":"27. velja\u010de 2018.","format":false,"excerpt":"Be\u017ei\u010dna alarmna centrala, 32 zone, 2 particije, max.16 PGMova, ugra\u0111en be\u017ei\u010dni primo-predajnik, 5 \u017ei\u010danih ulaza za zone na plo\u010d","rel":"","context":"Srodne objave","img":{"alt_text":"","src":"https:\/\/i1.wp.com\/astehshop.com\/wp-content\/uploads\/2018\/02\/mg5500paradox.jpg?fit=500%2C500&resize=350%2C200","width":350,"height":200},"classes":[]},{"id":3966,"url":"http:\/\/astehshop.com\/index.php\/product\/evohd-panel-centrala-paradox\/","url_meta":{"origin":2499,"position":5},"title":"EVOHD PANEL centrala Paradox","date":"18. velja\u010de 2020.","format":false,"excerpt":"8 ulaza za zone (16 sa dupliranjem), pro\u0161irivo do 192 zone VIDEO HD verifikacija 999 korisnika, integracija sa kontrolom prolaza Napon: 13.8 Vdc 2A (zahtjeva 75 VA transformator) sigurnosno isklju\u010denje pri 2,5A Podr\u017eava GPRS i GSM modul (PCS serija), IP modul (IP150) i Voice modul (VDMP3) Jednostavna nadogradnja putem 307USB\u2026","rel":"","context":"Srodne objave","img":{"alt_text":"","src":"https:\/\/i0.wp.com\/astehshop.com\/wp-content\/uploads\/2020\/02\/EVOHD.jpeg?fit=1082%2C964&resize=350%2C200","width":350,"height":200},"classes":[]}],"_links":{"self":[{"href":"http:\/\/astehshop.com\/index.php\/wp-json\/wp\/v2\/product\/2499"}],"collection":[{"href":"http:\/\/astehshop.com\/index.php\/wp-json\/wp\/v2\/product"}],"about":[{"href":"http:\/\/astehshop.com\/index.php\/wp-json\/wp\/v2\/types\/product"}],"replies":[{"embeddable":true,"href":"http:\/\/astehshop.com\/index.php\/wp-json\/wp\/v2\/comments?post=2499"}],"wp:featuredmedia":[{"embeddable":true,"href":"http:\/\/astehshop.com\/index.php\/wp-json\/wp\/v2\/media\/2500"}],"wp:attachment":[{"href":"http:\/\/astehshop.com\/index.php\/wp-json\/wp\/v2\/media?parent=2499"}],"wp:term":[{"taxonomy":"product_cat","embeddable":true,"href":"http:\/\/astehshop.com\/index.php\/wp-json\/wp\/v2\/product_cat?post=2499"},{"taxonomy":"product_tag","embeddable":true,"href":"http:\/\/astehshop.com\/index.php\/wp-json\/wp\/v2\/product_tag?post=2499"}],"curies":[{"name":"wp","href":"https:\/\/api.w.org\/{rel}","templated":true}]}}