{"id":2489,"date":"2018-02-27T09:29:00","date_gmt":"2018-02-27T08:29:00","guid":{"rendered":"http:\/\/astehshop.com\/?post_type=product&#038;p=2489"},"modified":"2024-02-18T08:46:57","modified_gmt":"2024-02-18T07:46:57","slug":"bezicna-paradox-alarmna-centrala-mg5000","status":"publish","type":"product","link":"http:\/\/astehshop.com\/index.php\/product\/bezicna-paradox-alarmna-centrala-mg5000\/","title":{"rendered":"Be\u017ei\u010dna paradox alarmna centrala MG5000"},"content":{"rendered":"<p><span class=\"fontstyle0\">Be\u017ei\u010dna alarmna centrala, 32 zone, 2 particije, maksimalno 16<br \/>\nPGM-ova<br \/>\n<\/span><span class=\"fontstyle2\">2 \u017ei\u010dana ulaza za zone na plo\u010di (4 sa ATZ), 2 PGM-a na plo\u010di, maksimalno 32 daljinska upravlja\u010da.<\/span><\/p>\n","protected":false},"excerpt":{"rendered":"<p><span class=\"fontstyle0\">Be\u017ei\u010dna alarmna centrala, 32 zone, 2 particije, maksimalno 16<br \/>\nPGM-ova<\/span><\/p>\n","protected":false},"featured_media":2490,"comment_status":"open","ping_status":"closed","template":"","meta":{"_mi_skip_tracking":false,"_exactmetrics_sitenote_active":false,"_exactmetrics_sitenote_note":"","_exactmetrics_sitenote_category":0,"spay_email":""},"product_cat":[142],"product_tag":[149,236,238,239,237,234,235],"brands":[],"df_price":155,"df_sale_price":"","df_regular_price":155,"df_image_link":"https:\/\/i2.wp.com\/astehshop.com\/wp-content\/uploads\/2018\/02\/mg5500.jpg?fit=450%2C450","jetpack_publicize_connections":[],"jetpack_sharing_enabled":true,"jetpack_likes_enabled":true,"jetpack-related-posts":[{"id":2491,"url":"http:\/\/astehshop.com\/index.php\/product\/bezicna-paradox-alarmna-centrala-mg5500\/","url_meta":{"origin":2489,"position":0},"title":"Be\u017ei\u010dna paradox alarmna centrala MG5050+","date":"27. velja\u010de 2018.","format":false,"excerpt":"Be\u017ei\u010dna alarmna centrala, 32 zone, 2 particije, max.16 PGMova, ugra\u0111en be\u017ei\u010dni primo-predajnik, 5 \u017ei\u010danih ulaza za zone na plo\u010d","rel":"","context":"Srodne objave","img":{"alt_text":"","src":"https:\/\/i1.wp.com\/astehshop.com\/wp-content\/uploads\/2018\/02\/mg5500paradox.jpg?fit=500%2C500&resize=350%2C200","width":350,"height":200},"classes":[]},{"id":2499,"url":"http:\/\/astehshop.com\/index.php\/product\/zicana-centrala-paradox-sp7000\/","url_meta":{"origin":2489,"position":1},"title":"\u017di\u010dana centrala paradox sp7000+","date":"27. velja\u010de 2018.","format":false,"excerpt":"Alarmna centrala 32 zone, 2 particije, 4 PGM izlaza, komunikator , bez \u0161ifratora i kutije. 16 ulaza za zone (32 sa dupliranjem) + max.15 zona na tastaturama,","rel":"","context":"Srodne objave","img":{"alt_text":"","src":"https:\/\/i0.wp.com\/astehshop.com\/wp-content\/uploads\/2018\/02\/sp7000.jpg?fit=500%2C462&resize=350%2C200","width":350,"height":200},"classes":[]},{"id":2496,"url":"http:\/\/astehshop.com\/index.php\/product\/zicana-paradox-centrala-sp6000\/","url_meta":{"origin":2489,"position":2},"title":"\u017di\u010dana paradox centrala sp6000","date":"27. velja\u010de 2018.","format":false,"excerpt":"Alarmna centrala 16 zona, 2 particije, 2 PGM izlaza, komunikator,BEZ \u0161ifratora i kutije.","rel":"","context":"Srodne objave","img":{"alt_text":"","src":"https:\/\/i2.wp.com\/astehshop.com\/wp-content\/uploads\/2018\/02\/sp6000paradox.jpg?fit=500%2C500&resize=350%2C200","width":350,"height":200},"classes":[]},{"id":2493,"url":"http:\/\/astehshop.com\/index.php\/product\/zicana-pardox-centrala-sp5500\/","url_meta":{"origin":2489,"position":3},"title":"\u017di\u010dana paradox centrala sp5500+","date":"27. velja\u010de 2018.","format":false,"excerpt":"Alarmna centrala 10 zona, 2 particije, 2 PGM izlaza, komunikator, BEZ \u0161ifratora i kutije. 5 ulaza za zone (10 sa dupliranjem) + max.15 zona na tastaturama,","rel":"","context":"Srodne objave","img":{"alt_text":"","src":"https:\/\/i0.wp.com\/astehshop.com\/wp-content\/uploads\/2018\/02\/sp5500paradox.jpg?fit=500%2C500&resize=350%2C200","width":350,"height":200},"classes":[]},{"id":2419,"url":"http:\/\/astehshop.com\/index.php\/product\/sp4000\/","url_meta":{"origin":2489,"position":4},"title":"SP4000","date":"25. velja\u010de 2018.","format":false,"excerpt":"Alarmna centrala 8 zona, 2 particije, 1 PGM izlaz, komunikator, bez \u0161ifratora i kutije. 4 ulaza za zone (8 sa dupliranjem), StayD funkcija, 4-\u017ei\u010dna magistrala (bus)","rel":"","context":"Srodne objave","img":{"alt_text":"","src":"https:\/\/i0.wp.com\/astehshop.com\/wp-content\/uploads\/2018\/02\/sp4000.jpg?fit=1000%2C534&resize=350%2C200","width":350,"height":200},"classes":[]},{"id":6102,"url":"http:\/\/astehshop.com\/index.php\/product\/bezicna-alarmna-centrala-hikvision-ds-pwa64-l-we-ax-pro\/","url_meta":{"origin":2489,"position":5},"title":"Be\u017ei\u010dna alarmna centrala HikVision DS-PWA64-L-WE AX PRO","date":"1. travnja 2022.","format":false,"excerpt":"TCP\/IP, Wi-Fi, GPRS dvosmjerna komunikacija sa AES-128 enkripcijom do 64 zone, 8 tipkovnica, 4 sirene 4520 mAh baterija Contact ID i SIA protokol","rel":"","context":"Srodne objave","img":{"alt_text":"","src":"https:\/\/i1.wp.com\/astehshop.com\/wp-content\/uploads\/2022\/04\/DS-PWA64-L-WE.png?fit=800%2C800&resize=350%2C200","width":350,"height":200},"classes":[]}],"_links":{"self":[{"href":"http:\/\/astehshop.com\/index.php\/wp-json\/wp\/v2\/product\/2489"}],"collection":[{"href":"http:\/\/astehshop.com\/index.php\/wp-json\/wp\/v2\/product"}],"about":[{"href":"http:\/\/astehshop.com\/index.php\/wp-json\/wp\/v2\/types\/product"}],"replies":[{"embeddable":true,"href":"http:\/\/astehshop.com\/index.php\/wp-json\/wp\/v2\/comments?post=2489"}],"wp:featuredmedia":[{"embeddable":true,"href":"http:\/\/astehshop.com\/index.php\/wp-json\/wp\/v2\/media\/2490"}],"wp:attachment":[{"href":"http:\/\/astehshop.com\/index.php\/wp-json\/wp\/v2\/media?parent=2489"}],"wp:term":[{"taxonomy":"product_cat","embeddable":true,"href":"http:\/\/astehshop.com\/index.php\/wp-json\/wp\/v2\/product_cat?post=2489"},{"taxonomy":"product_tag","embeddable":true,"href":"http:\/\/astehshop.com\/index.php\/wp-json\/wp\/v2\/product_tag?post=2489"}],"curies":[{"name":"wp","href":"https:\/\/api.w.org\/{rel}","templated":true}]}}