{"id":12366,"date":"2026-02-28T19:06:22","date_gmt":"2026-02-28T18:06:22","guid":{"rendered":"http:\/\/astehshop.com\/?post_type=product&#038;p=12366"},"modified":"2026-02-28T19:06:24","modified_gmt":"2026-02-28T18:06:24","slug":"hikvision-hilook-ipc-b120ha-lu-ip-kamera","status":"publish","type":"product","link":"http:\/\/astehshop.com\/index.php\/product\/hikvision-hilook-ipc-b120ha-lu-ip-kamera\/","title":{"rendered":"HikVision HiLook IPC-B120HA-LU ip kamera"},"content":{"rendered":"<p>2MP Smart Hybrid Light mre\u017ena bullet kamera<\/p>\n<p>Visokokvalitetna slika s 2MP rezolucijom<\/p>\n<p>Podr\u017eava detekciju ljudi i vozila<\/p>\n<p>Smart Dual-Light: napredna tehnologija s velikim dometom<\/p>\n<p>Ugra\u0111en mikrofon<\/p>\n<p>Otporna na vodu i pra\u0161inu IP66<\/p>\n","protected":false},"excerpt":{"rendered":"<p>2MP Smart Hybrid Light mre\u017ena bullet kamera<\/p>\n<p>Visokokvalitetna slika s 2MP rezolucijom<\/p>\n<p>Podr\u017eava detekciju ljudi i vozila<\/p>\n<p>Smart Dual-Light: napredna tehnologija s velikim dometom<\/p>\n<p>Ugra\u0111en mikrofon<\/p>\n<p>Otporna na vodu i pra\u0161inu IP66<\/p>\n","protected":false},"featured_media":12367,"comment_status":"open","ping_status":"closed","template":"","meta":{"_mi_skip_tracking":false,"_exactmetrics_sitenote_active":false,"_exactmetrics_sitenote_note":"","_exactmetrics_sitenote_category":0,"spay_email":""},"product_cat":[1043],"product_tag":[9082,9081,8998,8946,8980,9069,9080,574,9084,8947,9027,9083,8991,1384,8667,462,8921],"brands":[{"id":2044,"name":"HikVision","slug":"hikvision"}],"df_price":108,"df_sale_price":"","df_regular_price":108,"df_image_link":"https:\/\/i0.wp.com\/astehshop.com\/wp-content\/uploads\/2026\/02\/IPC-B120HA-LU.jpg?fit=225%2C225","jetpack_publicize_connections":[],"jetpack_sharing_enabled":true,"jetpack_likes_enabled":true,"jetpack-related-posts":[{"id":12370,"url":"http:\/\/astehshop.com\/index.php\/product\/hikvision-hilook-ipc-d120ha-lu\/","url_meta":{"origin":12366,"position":0},"title":"HikVision HiLook IPC-D120HA-LU","date":"28. velja\u010de 2026.","format":false,"excerpt":"2MP Smart Hybrid Light mre\u017ena dome kamera Visokokvalitetna slika s 2MP rezolucijom Podr\u017eava detekciju ljudi i vozila Smart Dual-Light: napredna tehnologija svelikim dometom Ugra\u0111en mikrofon Otporna na vodu i pra\u0161inu IP66, antivandal IK08","rel":"","context":"Srodne objave","img":{"alt_text":"","src":"https:\/\/i2.wp.com\/astehshop.com\/wp-content\/uploads\/2026\/02\/IPC-D120HA-LU.jpg?fit=1000%2C667&resize=350%2C200","width":350,"height":200},"classes":[]},{"id":12368,"url":"http:\/\/astehshop.com\/index.php\/product\/hikvision-hilook-ipc-b140ha-lu\/","url_meta":{"origin":12366,"position":1},"title":"HikVision HiLook IPC-B140HA-LU","date":"28. velja\u010de 2026.","format":false,"excerpt":"4MP Smart Hybrid Light mre\u017ena bullet kamera Visokokvalitetna slika s 2MP rezolucijom Podr\u017eava detekciju ljudi i vozila Smart Dual-Light: napredna tehnologija s velikim dometom Ugra\u0111en mikrofon Otporna na vodu i pra\u0161inu IP66","rel":"","context":"Srodne objave","img":{"alt_text":"","src":"https:\/\/i0.wp.com\/astehshop.com\/wp-content\/uploads\/2026\/02\/IPC-B120HA-LU.jpg?fit=225%2C225&resize=350%2C200","width":350,"height":200},"classes":[]},{"id":12372,"url":"http:\/\/astehshop.com\/index.php\/product\/hikvision-hilook-ipc-d140ha-lu\/","url_meta":{"origin":12366,"position":2},"title":"HikVision HiLook IPC-D140HA-LU","date":"28. velja\u010de 2026.","format":false,"excerpt":"4MP Smart Hybrid Light mre\u017ena dome kamera Visokokvalitetna slika s 2MP rezolucijom Podr\u017eava detekciju ljudi i vozila Smart Dual-Light: napredna tehnologija svelikim dometom Ugra\u0111en mikrofon Otporna na vodu i pra\u0161inu IP66, antivandal IK08","rel":"","context":"Srodne objave","img":{"alt_text":"","src":"https:\/\/i2.wp.com\/astehshop.com\/wp-content\/uploads\/2026\/02\/IPC-D120HA-LU.jpg?fit=1000%2C667&resize=350%2C200","width":350,"height":200},"classes":[]},{"id":12334,"url":"http:\/\/astehshop.com\/index.php\/product\/hikvision-ip-kamera-ds-2cd1023g2-liu\/","url_meta":{"origin":12366,"position":3},"title":"HikVision IP kamera DS-2CD1023G2-LIU","date":"28. velja\u010de 2026.","format":false,"excerpt":"Bullet kamera 2MP s objektivom 2,8mm Podr\u017eava detekciju ljudi i vozila Ugra\u0111en mikrofon IR osvjetljenje do 30m, Smart Hybrid Light Otporna na vodu i pra\u0161inu (IP67) Napajanje: 12V DC ili PoE Odgovaraju\u0107i nosa\u010d: DS-1280ZJ-XS","rel":"","context":"Srodne objave","img":{"alt_text":"","src":"https:\/\/i0.wp.com\/astehshop.com\/wp-content\/uploads\/2026\/02\/DS-2CD1023G2-LIU.jpg?fit=225%2C225&resize=350%2C200","width":350,"height":200},"classes":[]},{"id":12344,"url":"http:\/\/astehshop.com\/index.php\/product\/hikvision-ds-2cd1123g2-liu\/","url_meta":{"origin":12366,"position":4},"title":"HikVision DS-2CD1123G2-LIU","date":"28. velja\u010de 2026.","format":false,"excerpt":"Dome kamera 2MP s objektivom 2,8mm ili 4mm Podr\u017eava detekciju ljudi i vozila, Smart Hybrid Light Ugra\u0111en mikrofon Napajanje: 12V DC ili PoE Otporna na vodu i pra\u0161inu (IP67), antivandal (IK08) Odgovaraju\u0107i nosa\u010d: DS-1280ZJ-DM46","rel":"","context":"Srodne objave","img":{"alt_text":"","src":"https:\/\/i0.wp.com\/astehshop.com\/wp-content\/uploads\/2026\/02\/DS-2CD1121G2-LIU.jpg?fit=790%2C400&resize=350%2C200","width":350,"height":200},"classes":[]},{"id":12338,"url":"http:\/\/astehshop.com\/index.php\/product\/hikvision-ds-2cd1121g2-liu\/","url_meta":{"origin":12366,"position":5},"title":"HikVision DS-2CD1121G2-LIU","date":"28. velja\u010de 2026.","format":false,"excerpt":"Dome kamera 2MP s objektiviom 2,8mm ili 4mm Podr\u017eava detekciju ljudi Ugra\u0111en mikrofon IR osvjetljenje do 20m, Smart Hybrid Light Napajanje: 12V DC ili PoE Otporna na vodu i pra\u0161inu (IP67), antivandal (IK08) Odgovaraju\u0107i nosa\u010d: DS-1280ZJ-DM46","rel":"","context":"Srodne objave","img":{"alt_text":"","src":"https:\/\/i0.wp.com\/astehshop.com\/wp-content\/uploads\/2026\/02\/DS-2CD1121G2-LIU.jpg?fit=790%2C400&resize=350%2C200","width":350,"height":200},"classes":[]}],"_links":{"self":[{"href":"http:\/\/astehshop.com\/index.php\/wp-json\/wp\/v2\/product\/12366"}],"collection":[{"href":"http:\/\/astehshop.com\/index.php\/wp-json\/wp\/v2\/product"}],"about":[{"href":"http:\/\/astehshop.com\/index.php\/wp-json\/wp\/v2\/types\/product"}],"replies":[{"embeddable":true,"href":"http:\/\/astehshop.com\/index.php\/wp-json\/wp\/v2\/comments?post=12366"}],"wp:featuredmedia":[{"embeddable":true,"href":"http:\/\/astehshop.com\/index.php\/wp-json\/wp\/v2\/media\/12367"}],"wp:attachment":[{"href":"http:\/\/astehshop.com\/index.php\/wp-json\/wp\/v2\/media?parent=12366"}],"wp:term":[{"taxonomy":"product_cat","embeddable":true,"href":"http:\/\/astehshop.com\/index.php\/wp-json\/wp\/v2\/product_cat?post=12366"},{"taxonomy":"product_tag","embeddable":true,"href":"http:\/\/astehshop.com\/index.php\/wp-json\/wp\/v2\/product_tag?post=12366"}],"curies":[{"name":"wp","href":"https:\/\/api.w.org\/{rel}","templated":true}]}}