{"id":12360,"date":"2026-02-28T19:01:27","date_gmt":"2026-02-28T18:01:27","guid":{"rendered":"http:\/\/astehshop.com\/?post_type=product&#038;p=12360"},"modified":"2026-02-28T19:01:29","modified_gmt":"2026-02-28T18:01:29","slug":"hikvision-hilook-thc-t129-m","status":"publish","type":"product","link":"http:\/\/astehshop.com\/index.php\/product\/hikvision-hilook-thc-t129-m\/","title":{"rendered":"HikVision HiLook THC-T129-M"},"content":{"rendered":"<p>2 MP ColorVu turret kamera<\/p>\n<p>Visokokvalitetna slika s 2MP rezolucijom<\/p>\n<p>Snimanje u boji 24\/7<\/p>\n<p>Domet bijelog svjetla do 20 m za snimanje u svijetlim no\u0107nim uvjetima<\/p>\n<p>Otporna na vodu i pra\u0161inu (IP66)<\/p>\n","protected":false},"excerpt":{"rendered":"<p>2 MP ColorVu turret kamera<\/p>\n<p>Visokokvalitetna slika s 2MP rezolucijom<\/p>\n<p>Snimanje u boji 24\/7<\/p>\n<p>Domet bijelog svjetla do 20 m za snimanje u svijetlim no\u0107nim uvjetima<\/p>\n<p>Otporna na vodu i pra\u0161inu (IP66)<\/p>\n","protected":false},"featured_media":12361,"comment_status":"open","ping_status":"closed","template":"","meta":{"_mi_skip_tracking":false,"_exactmetrics_sitenote_active":false,"_exactmetrics_sitenote_note":"","_exactmetrics_sitenote_category":0,"spay_email":""},"product_cat":[131],"product_tag":[9064,9066,9067,9065,8980,9069,9023,9068,6170,9027,1384,9063,9070,8667,462,8921],"brands":[{"id":2044,"name":"HikVision","slug":"hikvision"}],"df_price":84,"df_sale_price":"","df_regular_price":84,"df_image_link":"https:\/\/i2.wp.com\/astehshop.com\/wp-content\/uploads\/2026\/02\/THC-T129-M.jpg?fit=450%2C450","jetpack_publicize_connections":[],"jetpack_sharing_enabled":true,"jetpack_likes_enabled":true,"jetpack-related-posts":[{"id":12363,"url":"http:\/\/astehshop.com\/index.php\/product\/hikvision-hilook-thc-b159-ms\/","url_meta":{"origin":12360,"position":0},"title":"HikVision HiLook THC-B159-MS","date":"28. velja\u010de 2026.","format":false,"excerpt":"3K ColorVu fiksna mini bullet kamera Visokokvalitetna slika s 3K rezolucijom, Snimanje u boji 24\/7 Domet bijelog svjetla do 20 m za snimanje u svijetlim no\u0107nim uvjetima Visokokvalitetni zvuk putem koaksijalnog kabela Otporna na vodu i pra\u0161inu (IP66)","rel":"","context":"Srodne objave","img":{"alt_text":"","src":"https:\/\/i0.wp.com\/astehshop.com\/wp-content\/uploads\/2026\/02\/THC-B159-MS.png?fit=1200%2C1200&resize=350%2C200","width":350,"height":200},"classes":[]},{"id":12296,"url":"http:\/\/astehshop.com\/index.php\/product\/hikvision-ds-2ce12kf0t-lfs\/","url_meta":{"origin":12360,"position":1},"title":"HikVision DS-2CE12KF0T-LFS","date":"27. velja\u010de 2026.","format":false,"excerpt":"Bullet kamera 3K sa objektivom 2,8 mm ili 3,6 mm Smart Hybrid Light, 24h snimanje u boji, IR domet do 40 m Ugra\u0111en mikrofon Domet bijelog svjetla do 40 m za snimanje u svijetlim no\u0107nim uvjetima, Otpornost na vodu i pra\u0161inu (IP67) Odgovaraju\u0107i nosa\u010d: DS-1280ZJ-XS","rel":"","context":"Srodne objave","img":{"alt_text":"","src":"https:\/\/i2.wp.com\/astehshop.com\/wp-content\/uploads\/2026\/02\/DS-2CE12KF0T-LFS.jpg?fit=870%2C489&resize=350%2C200","width":350,"height":200},"classes":[]},{"id":12285,"url":"http:\/\/astehshop.com\/index.php\/product\/hikvision-ds-2ce76k0t-lmfs\/","url_meta":{"origin":12360,"position":2},"title":"HikVision DS-2CE76K0T-LMFS","date":"26. velja\u010de 2026.","format":false,"excerpt":"Turret kamera 3K sa objektivom 2,8 mm ili 3,6 mm IR domet do 30 m, domet bijelog svjetla do 20 m zasnimanje u svijetlim no\u0107nim uvjetima, Smart Hybrid Light Ugra\u0111en mikrofon Otpornost na vodu i pra\u0161inu (IP67) Odgovaraju\u0107i nosa\u010d: DS-1280ZJ-XS","rel":"","context":"Srodne objave","img":{"alt_text":"","src":"https:\/\/i0.wp.com\/astehshop.com\/wp-content\/uploads\/2026\/02\/DS-2CE76K0T-LMFS-1.png?fit=800%2C569&resize=350%2C200","width":350,"height":200},"classes":[]},{"id":7483,"url":"http:\/\/astehshop.com\/index.php\/product\/hikvision-colorvu-kamera-1080p-ds-2ce10df3t-fs-sa-mikrofonom\/","url_meta":{"origin":12360,"position":3},"title":"HikVision ColorVu kamera 1080p DS-2CE10DF3T-FS sa mikrofonom","date":"12. o\u017eujka 2023.","format":false,"excerpt":"Visokokvalitetna slika sa 2 MP, rezolucijom 1920 \u00d7 1080 24\/7 slika u boji sa otvorom blende F1.0 Jasna slika uz jako pozadinsko svjetlo zahvaljuju\u0107i istinskoj WDR tehnologiji od 130 dB 3D DNR tehnologija daje \u010diste i o\u0161tre slike 2,8 mm, 3,6 mm fiksna \u017ei\u017ena so\u010diva Udaljenost bijelog svjetla do 20\u2026","rel":"","context":"Srodne objave","img":{"alt_text":"","src":"https:\/\/i0.wp.com\/astehshop.com\/wp-content\/uploads\/2023\/03\/DS-2CE10DF3T-F-2.jpg?fit=590%2C590&resize=350%2C200","width":350,"height":200},"classes":[]},{"id":12366,"url":"http:\/\/astehshop.com\/index.php\/product\/hikvision-hilook-ipc-b120ha-lu-ip-kamera\/","url_meta":{"origin":12360,"position":4},"title":"HikVision HiLook IPC-B120HA-LU ip kamera","date":"28. velja\u010de 2026.","format":false,"excerpt":"2MP Smart Hybrid Light mre\u017ena bullet kamera Visokokvalitetna slika s 2MP rezolucijom Podr\u017eava detekciju ljudi i vozila Smart Dual-Light: napredna tehnologija s velikim dometom Ugra\u0111en mikrofon Otporna na vodu i pra\u0161inu IP66","rel":"","context":"Srodne objave","img":{"alt_text":"","src":"https:\/\/i0.wp.com\/astehshop.com\/wp-content\/uploads\/2026\/02\/IPC-B120HA-LU.jpg?fit=225%2C225&resize=350%2C200","width":350,"height":200},"classes":[]},{"id":12294,"url":"http:\/\/astehshop.com\/index.php\/product\/ds-2ce72df3t-lfs-hikvision\/","url_meta":{"origin":12360,"position":5},"title":"DS-2CE72DF3T-LFS HikVision","date":"26. velja\u010de 2026.","format":false,"excerpt":"Turret kamera 2MP sa objektivom 2,8 mm ili 3,6 mm Smart-Hybrid svjetlo, 24h slika u boji Ugra\u0111en mikrofon Do 40 m udaljenosti bijelog svjetla za svijetle no\u0107ne slike Napajanje: 12 VDC \u00b1 25%, max. 6.9 W Odgovaraju\u0107i nosa\u010d: DS-1280ZJ-S","rel":"","context":"Srodne objave","img":{"alt_text":"","src":"https:\/\/i2.wp.com\/astehshop.com\/wp-content\/uploads\/2026\/02\/DS-2CE72DF3T-LFS.png?fit=700%2C700&resize=350%2C200","width":350,"height":200},"classes":[]}],"_links":{"self":[{"href":"http:\/\/astehshop.com\/index.php\/wp-json\/wp\/v2\/product\/12360"}],"collection":[{"href":"http:\/\/astehshop.com\/index.php\/wp-json\/wp\/v2\/product"}],"about":[{"href":"http:\/\/astehshop.com\/index.php\/wp-json\/wp\/v2\/types\/product"}],"replies":[{"embeddable":true,"href":"http:\/\/astehshop.com\/index.php\/wp-json\/wp\/v2\/comments?post=12360"}],"wp:featuredmedia":[{"embeddable":true,"href":"http:\/\/astehshop.com\/index.php\/wp-json\/wp\/v2\/media\/12361"}],"wp:attachment":[{"href":"http:\/\/astehshop.com\/index.php\/wp-json\/wp\/v2\/media?parent=12360"}],"wp:term":[{"taxonomy":"product_cat","embeddable":true,"href":"http:\/\/astehshop.com\/index.php\/wp-json\/wp\/v2\/product_cat?post=12360"},{"taxonomy":"product_tag","embeddable":true,"href":"http:\/\/astehshop.com\/index.php\/wp-json\/wp\/v2\/product_tag?post=12360"}],"curies":[{"name":"wp","href":"https:\/\/api.w.org\/{rel}","templated":true}]}}