{"id":12348,"date":"2026-02-28T18:45:39","date_gmt":"2026-02-28T17:45:39","guid":{"rendered":"http:\/\/astehshop.com\/?post_type=product&#038;p=12348"},"modified":"2026-02-28T18:45:42","modified_gmt":"2026-02-28T17:45:42","slug":"hikvision-ds-2cd1047g3h-liu","status":"publish","type":"product","link":"http:\/\/astehshop.com\/index.php\/product\/hikvision-ds-2cd1047g3h-liu\/","title":{"rendered":"HikVision DS-2CD1047G3H-LIU"},"content":{"rendered":"<p>Bullet kamera 4 MP ColorVu 3.0 s objektivom 2,8mm ili 4mm<\/p>\n<p>HikAI-ISP za izvrstan u\u010dinak smanjenja \u0161uma<\/p>\n<p>IR domet do 30m, Ugra\u0111en mikrofon<\/p>\n<p>24\/7 ColorVu 3.0 tehnologijom, Smart Hybrid Ligh<\/p>\n<p>Napajanje: 12V DC ili PoE, IP za\u0161tita IP67<\/p>\n<p>Odgovaraju\u0107i nosa\u010d: DS-1280ZJ-XS<\/p>\n","protected":false},"excerpt":{"rendered":"<p>Bullet kamera 4 MP ColorVu 3.0 s objektivom 2,8mm ili 4mm<\/p>\n<p>HikAI-ISP za izvrstan u\u010dinak smanjenja \u0161uma<\/p>\n<p>IR domet do 30m, Ugra\u0111en mikrofon<\/p>\n<p>24\/7 ColorVu 3.0 tehnologijom, Smart Hybrid Ligh<\/p>\n<p>Napajanje: 12V DC ili PoE, IP za\u0161tita IP67<\/p>\n<p>Odgovaraju\u0107i nosa\u010d: DS-1280ZJ-XS<\/p>\n","protected":false},"featured_media":12349,"comment_status":"open","ping_status":"closed","template":"","meta":{"_mi_skip_tracking":false,"_exactmetrics_sitenote_active":false,"_exactmetrics_sitenote_note":"","_exactmetrics_sitenote_category":0,"spay_email":""},"product_cat":[1043],"product_tag":[8978,8973,8989,9021,9022,9028,8987,9029,9002,8996,574,9023,9030,8983,2828,9027,8991,1384,8667,462,8921],"brands":[{"id":2044,"name":"HikVision","slug":"hikvision"}],"df_price":305,"df_sale_price":"","df_regular_price":305,"df_image_link":"https:\/\/i1.wp.com\/astehshop.com\/wp-content\/uploads\/2026\/02\/DS-2CD1047G3H-LIU.jpg?fit=450%2C450","jetpack_publicize_connections":[],"jetpack_sharing_enabled":true,"jetpack_likes_enabled":true,"jetpack-related-posts":[{"id":12346,"url":"http:\/\/astehshop.com\/index.php\/product\/hikvision-ds-2cd1t47g3h-liu\/","url_meta":{"origin":12348,"position":0},"title":"HikVision DS-2CD1T47G3H-LIU","date":"28. velja\u010de 2026.","format":false,"excerpt":"Bullet kamera 4 MP ColorVu 3.0 s objektivom 2,8mm ili 4mm IR domet do 50m, Ugra\u0111en mikrofon Super jasna slika u boji 24\/7 s ColorVu 3.0 tehnologijom, Detekcija pokreta 3.0, preciznija klasifikacija, Smart Hybrid Light Napajanje: 12V DC ili PoE, IP za\u0161tita IP67 Odgovaraju\u0107i nosa\u010d: DS-1280ZJ-XS","rel":"","context":"Srodne objave","img":{"alt_text":"","src":"https:\/\/i0.wp.com\/astehshop.com\/wp-content\/uploads\/2026\/02\/DS-2CD1T47G3H-LIU.png?fit=500%2C500&resize=350%2C200","width":350,"height":200},"classes":[]},{"id":12336,"url":"http:\/\/astehshop.com\/index.php\/product\/hikvision-ip-kamera-ds-2cd1043g2-liu\/","url_meta":{"origin":12348,"position":1},"title":"HikVision IP kamera DS-2CD1043G2-LIU","date":"28. velja\u010de 2026.","format":false,"excerpt":"Bullet kamera 4MP s objektiviom 2,8mm ili 4mm Podr\u017eava detekciju ljudi i vozila Ugra\u0111en mikrofon IR osvjetljenje do 30m, Smart Hybrid Light Otporna na vodu i pra\u0161inu (IP67) Napajanje: 12V DC ili PoE Odgovaraju\u0107i nosa\u010d: DS-1280ZJ-XS","rel":"","context":"Srodne objave","img":{"alt_text":"","src":"https:\/\/i2.wp.com\/astehshop.com\/wp-content\/uploads\/2026\/02\/DS-2CD1023G2-LIU-1.jpg?fit=225%2C225&resize=350%2C200","width":350,"height":200},"classes":[]},{"id":12331,"url":"http:\/\/astehshop.com\/index.php\/product\/hikvision-ip-kamera-ds-2cd1t43g2-liu\/","url_meta":{"origin":12348,"position":2},"title":"HikVision IP kamera DS-2CD1T43G2-LIU","date":"28. velja\u010de 2026.","format":false,"excerpt":"Bullet kamera 4MP s objektivom 2,8mm ili 4mm Podr\u017eava detekciju ljudi i vozila Ugra\u0111en mikrofon IR osvjetljenje do 50m, Smart Hybrid Light Otporna na vodu i pra\u0161inu (IP67) Napajanje: 12V DC ili PoE Odgovaraju\u0107i nosa\u010d: DS-1280ZJ-XS","rel":"","context":"Srodne objave","img":{"alt_text":"","src":"https:\/\/i1.wp.com\/astehshop.com\/wp-content\/uploads\/2026\/02\/DS-2CD1T43G2-LIU.jpg?fit=300%2C225&resize=350%2C200","width":350,"height":200},"classes":[]},{"id":12278,"url":"http:\/\/astehshop.com\/index.php\/product\/hikvision-ds-2ce76h0t-itmfs\/","url_meta":{"origin":12348,"position":3},"title":"HikVision DS-2CE76H0T-ITMFS","date":"26. velja\u010de 2026.","format":false,"excerpt":"Turret kamera 5MP sa objektivom 2,8 mm ili 3,6 mm EXIR osvjetljenje do 30m Za vanjsku primjenu, IP67 Napajanje: 12 VDC \u00b1 25%, Ugra\u0111en mikrofon Odgovaraju\u0107i nosa\u010d: DS-1280ZJ-XS","rel":"","context":"Srodne objave","img":{"alt_text":"","src":"https:\/\/i2.wp.com\/astehshop.com\/wp-content\/uploads\/2026\/02\/DS-2CE76H0T-ITMFS.png?fit=588%2C493&resize=350%2C200","width":350,"height":200},"classes":[]},{"id":12334,"url":"http:\/\/astehshop.com\/index.php\/product\/hikvision-ip-kamera-ds-2cd1023g2-liu\/","url_meta":{"origin":12348,"position":4},"title":"HikVision IP kamera DS-2CD1023G2-LIU","date":"28. velja\u010de 2026.","format":false,"excerpt":"Bullet kamera 2MP s objektivom 2,8mm Podr\u017eava detekciju ljudi i vozila Ugra\u0111en mikrofon IR osvjetljenje do 30m, Smart Hybrid Light Otporna na vodu i pra\u0161inu (IP67) Napajanje: 12V DC ili PoE Odgovaraju\u0107i nosa\u010d: DS-1280ZJ-XS","rel":"","context":"Srodne objave","img":{"alt_text":"","src":"https:\/\/i0.wp.com\/astehshop.com\/wp-content\/uploads\/2026\/02\/DS-2CD1023G2-LIU.jpg?fit=225%2C225&resize=350%2C200","width":350,"height":200},"classes":[]},{"id":12340,"url":"http:\/\/astehshop.com\/index.php\/product\/hikvision-ds-2cd1141g2-liu\/","url_meta":{"origin":12348,"position":5},"title":"HikVision DS-2CD1141G2-LIU","date":"28. velja\u010de 2026.","format":false,"excerpt":"Dome kamera 2MP s objektivom 2,8mm ili 4mm Podr\u017eava detekciju ljudi Ugra\u0111en mikrofon IR osvjetljenje do 20m, Smart Hybrid Light Napajanje: 12V DC ili PoE Otporna na vodu i pra\u0161inu (IP67), antivandal (IK08) Odgovaraju\u0107i nosa\u010d: DS-1280ZJ-DM46","rel":"","context":"Srodne objave","img":{"alt_text":"","src":"https:\/\/i0.wp.com\/astehshop.com\/wp-content\/uploads\/2026\/02\/DS-2CD1121G2-LIU.jpg?fit=790%2C400&resize=350%2C200","width":350,"height":200},"classes":[]}],"_links":{"self":[{"href":"http:\/\/astehshop.com\/index.php\/wp-json\/wp\/v2\/product\/12348"}],"collection":[{"href":"http:\/\/astehshop.com\/index.php\/wp-json\/wp\/v2\/product"}],"about":[{"href":"http:\/\/astehshop.com\/index.php\/wp-json\/wp\/v2\/types\/product"}],"replies":[{"embeddable":true,"href":"http:\/\/astehshop.com\/index.php\/wp-json\/wp\/v2\/comments?post=12348"}],"wp:featuredmedia":[{"embeddable":true,"href":"http:\/\/astehshop.com\/index.php\/wp-json\/wp\/v2\/media\/12349"}],"wp:attachment":[{"href":"http:\/\/astehshop.com\/index.php\/wp-json\/wp\/v2\/media?parent=12348"}],"wp:term":[{"taxonomy":"product_cat","embeddable":true,"href":"http:\/\/astehshop.com\/index.php\/wp-json\/wp\/v2\/product_cat?post=12348"},{"taxonomy":"product_tag","embeddable":true,"href":"http:\/\/astehshop.com\/index.php\/wp-json\/wp\/v2\/product_tag?post=12348"}],"curies":[{"name":"wp","href":"https:\/\/api.w.org\/{rel}","templated":true}]}}