{"id":12334,"date":"2026-02-28T16:52:33","date_gmt":"2026-02-28T15:52:33","guid":{"rendered":"http:\/\/astehshop.com\/?post_type=product&#038;p=12334"},"modified":"2026-02-28T16:52:36","modified_gmt":"2026-02-28T15:52:36","slug":"hikvision-ip-kamera-ds-2cd1023g2-liu","status":"publish","type":"product","link":"http:\/\/astehshop.com\/index.php\/product\/hikvision-ip-kamera-ds-2cd1023g2-liu\/","title":{"rendered":"HikVision IP kamera DS-2CD1023G2-LIU"},"content":{"rendered":"<p>Bullet kamera 2MP s objektivom 2,8mm<\/p>\n<p>Podr\u017eava detekciju ljudi i vozila<\/p>\n<p>Ugra\u0111en mikrofon<\/p>\n<p>IR osvjetljenje do 30m, Smart Hybrid Light<\/p>\n<p>Otporna na vodu i pra\u0161inu (IP67)<\/p>\n<p>Napajanje: 12V DC ili PoE<\/p>\n<p>Odgovaraju\u0107i nosa\u010d: DS-1280ZJ-XS<\/p>\n","protected":false},"excerpt":{"rendered":"<p>Bullet kamera 2MP s objektivom 2,8mm<\/p>\n<p>Podr\u017eava detekciju ljudi i vozila<\/p>\n<p>Ugra\u0111en mikrofon<\/p>\n<p>IR osvjetljenje do 30m, Smart Hybrid Light<\/p>\n<p>Otporna na vodu i pra\u0161inu (IP67)<\/p>\n<p>Napajanje: 12V DC ili PoE<\/p>\n<p>Odgovaraju\u0107i nosa\u010d: DS-1280ZJ-XS<\/p>\n","protected":false},"featured_media":12335,"comment_status":"open","ping_status":"closed","template":"","meta":{"_mi_skip_tracking":false,"_exactmetrics_sitenote_active":false,"_exactmetrics_sitenote_note":"","_exactmetrics_sitenote_category":0,"spay_email":""},"product_cat":[1043],"product_tag":[8978,8973,8971,8982,8946,8995,8980,8996,574,8983,8947,2828,8981,8972,8991,1384,8976,462,8921,8977],"brands":[{"id":2044,"name":"HikVision","slug":"hikvision"}],"df_price":158,"df_sale_price":"","df_regular_price":158,"df_image_link":"https:\/\/i0.wp.com\/astehshop.com\/wp-content\/uploads\/2026\/02\/DS-2CD1023G2-LIU.jpg?fit=225%2C225","jetpack_publicize_connections":[],"jetpack_sharing_enabled":true,"jetpack_likes_enabled":true,"jetpack-related-posts":[{"id":12336,"url":"http:\/\/astehshop.com\/index.php\/product\/hikvision-ip-kamera-ds-2cd1043g2-liu\/","url_meta":{"origin":12334,"position":0},"title":"HikVision IP kamera DS-2CD1043G2-LIU","date":"28. velja\u010de 2026.","format":false,"excerpt":"Bullet kamera 4MP s objektiviom 2,8mm ili 4mm Podr\u017eava detekciju ljudi i vozila Ugra\u0111en mikrofon IR osvjetljenje do 30m, Smart Hybrid Light Otporna na vodu i pra\u0161inu (IP67) Napajanje: 12V DC ili PoE Odgovaraju\u0107i nosa\u010d: DS-1280ZJ-XS","rel":"","context":"Srodne objave","img":{"alt_text":"","src":"https:\/\/i2.wp.com\/astehshop.com\/wp-content\/uploads\/2026\/02\/DS-2CD1023G2-LIU-1.jpg?fit=225%2C225&resize=350%2C200","width":350,"height":200},"classes":[]},{"id":12331,"url":"http:\/\/astehshop.com\/index.php\/product\/hikvision-ip-kamera-ds-2cd1t43g2-liu\/","url_meta":{"origin":12334,"position":1},"title":"HikVision IP kamera DS-2CD1T43G2-LIU","date":"28. velja\u010de 2026.","format":false,"excerpt":"Bullet kamera 4MP s objektivom 2,8mm ili 4mm Podr\u017eava detekciju ljudi i vozila Ugra\u0111en mikrofon IR osvjetljenje do 50m, Smart Hybrid Light Otporna na vodu i pra\u0161inu (IP67) Napajanje: 12V DC ili PoE Odgovaraju\u0107i nosa\u010d: DS-1280ZJ-XS","rel":"","context":"Srodne objave","img":{"alt_text":"","src":"https:\/\/i1.wp.com\/astehshop.com\/wp-content\/uploads\/2026\/02\/DS-2CD1T43G2-LIU.jpg?fit=300%2C225&resize=350%2C200","width":350,"height":200},"classes":[]},{"id":12344,"url":"http:\/\/astehshop.com\/index.php\/product\/hikvision-ds-2cd1123g2-liu\/","url_meta":{"origin":12334,"position":2},"title":"HikVision DS-2CD1123G2-LIU","date":"28. velja\u010de 2026.","format":false,"excerpt":"Dome kamera 2MP s objektivom 2,8mm ili 4mm Podr\u017eava detekciju ljudi i vozila, Smart Hybrid Light Ugra\u0111en mikrofon Napajanje: 12V DC ili PoE Otporna na vodu i pra\u0161inu (IP67), antivandal (IK08) Odgovaraju\u0107i nosa\u010d: DS-1280ZJ-DM46","rel":"","context":"Srodne objave","img":{"alt_text":"","src":"https:\/\/i0.wp.com\/astehshop.com\/wp-content\/uploads\/2026\/02\/DS-2CD1121G2-LIU.jpg?fit=790%2C400&resize=350%2C200","width":350,"height":200},"classes":[]},{"id":12340,"url":"http:\/\/astehshop.com\/index.php\/product\/hikvision-ds-2cd1141g2-liu\/","url_meta":{"origin":12334,"position":3},"title":"HikVision DS-2CD1141G2-LIU","date":"28. velja\u010de 2026.","format":false,"excerpt":"Dome kamera 2MP s objektivom 2,8mm ili 4mm Podr\u017eava detekciju ljudi Ugra\u0111en mikrofon IR osvjetljenje do 20m, Smart Hybrid Light Napajanje: 12V DC ili PoE Otporna na vodu i pra\u0161inu (IP67), antivandal (IK08) Odgovaraju\u0107i nosa\u010d: DS-1280ZJ-DM46","rel":"","context":"Srodne objave","img":{"alt_text":"","src":"https:\/\/i0.wp.com\/astehshop.com\/wp-content\/uploads\/2026\/02\/DS-2CD1121G2-LIU.jpg?fit=790%2C400&resize=350%2C200","width":350,"height":200},"classes":[]},{"id":12345,"url":"http:\/\/astehshop.com\/index.php\/product\/hikvision-ds-2cd1143g2-liu\/","url_meta":{"origin":12334,"position":4},"title":"HikVision DS-2CD1143G2-LIU","date":"28. velja\u010de 2026.","format":false,"excerpt":"Dome kamera 4MP s objektivom 2,8mm ili 4mm Podr\u017eava detekciju ljudi i vozila, Smart Hybrid Light Ugra\u0111en mikrofon Napajanje: 12V DC ili PoE Otporna na vodu i pra\u0161inu (IP67), antivandal (IK08) Odgovaraju\u0107i nosa\u010d: DS-1280ZJ-DM46","rel":"","context":"Srodne objave","img":{"alt_text":"","src":"https:\/\/i0.wp.com\/astehshop.com\/wp-content\/uploads\/2026\/02\/DS-2CD1121G2-LIU.jpg?fit=790%2C400&resize=350%2C200","width":350,"height":200},"classes":[]},{"id":12338,"url":"http:\/\/astehshop.com\/index.php\/product\/hikvision-ds-2cd1121g2-liu\/","url_meta":{"origin":12334,"position":5},"title":"HikVision DS-2CD1121G2-LIU","date":"28. velja\u010de 2026.","format":false,"excerpt":"Dome kamera 2MP s objektiviom 2,8mm ili 4mm Podr\u017eava detekciju ljudi Ugra\u0111en mikrofon IR osvjetljenje do 20m, Smart Hybrid Light Napajanje: 12V DC ili PoE Otporna na vodu i pra\u0161inu (IP67), antivandal (IK08) Odgovaraju\u0107i nosa\u010d: DS-1280ZJ-DM46","rel":"","context":"Srodne objave","img":{"alt_text":"","src":"https:\/\/i0.wp.com\/astehshop.com\/wp-content\/uploads\/2026\/02\/DS-2CD1121G2-LIU.jpg?fit=790%2C400&resize=350%2C200","width":350,"height":200},"classes":[]}],"_links":{"self":[{"href":"http:\/\/astehshop.com\/index.php\/wp-json\/wp\/v2\/product\/12334"}],"collection":[{"href":"http:\/\/astehshop.com\/index.php\/wp-json\/wp\/v2\/product"}],"about":[{"href":"http:\/\/astehshop.com\/index.php\/wp-json\/wp\/v2\/types\/product"}],"replies":[{"embeddable":true,"href":"http:\/\/astehshop.com\/index.php\/wp-json\/wp\/v2\/comments?post=12334"}],"wp:featuredmedia":[{"embeddable":true,"href":"http:\/\/astehshop.com\/index.php\/wp-json\/wp\/v2\/media\/12335"}],"wp:attachment":[{"href":"http:\/\/astehshop.com\/index.php\/wp-json\/wp\/v2\/media?parent=12334"}],"wp:term":[{"taxonomy":"product_cat","embeddable":true,"href":"http:\/\/astehshop.com\/index.php\/wp-json\/wp\/v2\/product_cat?post=12334"},{"taxonomy":"product_tag","embeddable":true,"href":"http:\/\/astehshop.com\/index.php\/wp-json\/wp\/v2\/product_tag?post=12334"}],"curies":[{"name":"wp","href":"https:\/\/api.w.org\/{rel}","templated":true}]}}