{"id":12327,"date":"2026-02-28T16:46:06","date_gmt":"2026-02-28T15:46:06","guid":{"rendered":"http:\/\/astehshop.com\/?post_type=product&#038;p=12327"},"modified":"2026-02-28T16:46:09","modified_gmt":"2026-02-28T15:46:09","slug":"ip-kamera-hikvision-ds-2cd1021g2-liu","status":"publish","type":"product","link":"http:\/\/astehshop.com\/index.php\/product\/ip-kamera-hikvision-ds-2cd1021g2-liu\/","title":{"rendered":"IP kamera HikVision DS-2CD1021G2-LIU"},"content":{"rendered":"<p>Bullet kamera 2MP s objektivom 2,8mm<\/p>\n<p>IR osvjetljenje do 20m, bijelo svjetlo do 15m<\/p>\n<p>Ugra\u0111en mikrofon<\/p>\n<p>Za vanjsku primjenu, IP67<\/p>\n<p>Napajanje: 12V DC ili PoE (Power over Ethernet)<\/p>\n<p>Odgovaraju\u0107i nosa\u010d: DS-1280ZJ-XS<\/p>\n","protected":false},"excerpt":{"rendered":"<p>Bullet kamera 2MP s objektivom 2,8mm<\/p>\n<p>IR osvjetljenje do 20m, bijelo svjetlo do 15m<\/p>\n<p>Ugra\u0111en mikrofon<\/p>\n<p>Za vanjsku primjenu, IP67<\/p>\n<p>Napajanje: 12V DC ili PoE (Power over Ethernet)<\/p>\n<p>Odgovaraju\u0107i nosa\u010d: DS-1280ZJ-XS<\/p>\n","protected":false},"featured_media":12328,"comment_status":"open","ping_status":"closed","template":"","meta":{"_mi_skip_tracking":false,"_exactmetrics_sitenote_active":false,"_exactmetrics_sitenote_note":"","_exactmetrics_sitenote_category":0,"spay_email":""},"product_cat":[1043],"product_tag":[8978,8973,8971,8975,8982,8970,8980,8974,574,8983,2828,8979,8981,8972,1384,8976,462,8921,8977],"brands":[{"id":2044,"name":"HikVision","slug":"hikvision"}],"df_price":120,"df_sale_price":"","df_regular_price":120,"df_image_link":"https:\/\/i1.wp.com\/astehshop.com\/wp-content\/uploads\/2026\/02\/DS-2CD1021G2-LIU.jpg?fit=450%2C450","jetpack_publicize_connections":[],"jetpack_sharing_enabled":true,"jetpack_likes_enabled":true,"jetpack-related-posts":[{"id":12329,"url":"http:\/\/astehshop.com\/index.php\/product\/hikvision-ip-kamera-ds-2cd1041g2-liu\/","url_meta":{"origin":12327,"position":0},"title":"HikVision IP kamera DS-2CD1041G2-LIU","date":"28. velja\u010de 2026.","format":false,"excerpt":"Bullet kamera 4MP s objektivom 2,8mm IR osvjetljenje do 20m, bijelo svjetlo do 15m Ugra\u0111en mikrofon Za vanjsku primjenu, IP67 Napajanje: 12V DC ili PoE (Power over Ethernet) Odgovaraju\u0107i nosa\u010d: DS-1280ZJ-XS","rel":"","context":"Srodne objave","img":{"alt_text":"","src":"https:\/\/i1.wp.com\/astehshop.com\/wp-content\/uploads\/2026\/02\/DS-2CD1021G2-LIU.jpg?fit=800%2C800&resize=350%2C200","width":350,"height":200},"classes":[]},{"id":12278,"url":"http:\/\/astehshop.com\/index.php\/product\/hikvision-ds-2ce76h0t-itmfs\/","url_meta":{"origin":12327,"position":1},"title":"HikVision DS-2CE76H0T-ITMFS","date":"26. velja\u010de 2026.","format":false,"excerpt":"Turret kamera 5MP sa objektivom 2,8 mm ili 3,6 mm EXIR osvjetljenje do 30m Za vanjsku primjenu, IP67 Napajanje: 12 VDC \u00b1 25%, Ugra\u0111en mikrofon Odgovaraju\u0107i nosa\u010d: DS-1280ZJ-XS","rel":"","context":"Srodne objave","img":{"alt_text":"","src":"https:\/\/i2.wp.com\/astehshop.com\/wp-content\/uploads\/2026\/02\/DS-2CE76H0T-ITMFS.png?fit=588%2C493&resize=350%2C200","width":350,"height":200},"classes":[]},{"id":12334,"url":"http:\/\/astehshop.com\/index.php\/product\/hikvision-ip-kamera-ds-2cd1023g2-liu\/","url_meta":{"origin":12327,"position":2},"title":"HikVision IP kamera DS-2CD1023G2-LIU","date":"28. velja\u010de 2026.","format":false,"excerpt":"Bullet kamera 2MP s objektivom 2,8mm Podr\u017eava detekciju ljudi i vozila Ugra\u0111en mikrofon IR osvjetljenje do 30m, Smart Hybrid Light Otporna na vodu i pra\u0161inu (IP67) Napajanje: 12V DC ili PoE Odgovaraju\u0107i nosa\u010d: DS-1280ZJ-XS","rel":"","context":"Srodne objave","img":{"alt_text":"","src":"https:\/\/i0.wp.com\/astehshop.com\/wp-content\/uploads\/2026\/02\/DS-2CD1023G2-LIU.jpg?fit=225%2C225&resize=350%2C200","width":350,"height":200},"classes":[]},{"id":12340,"url":"http:\/\/astehshop.com\/index.php\/product\/hikvision-ds-2cd1141g2-liu\/","url_meta":{"origin":12327,"position":3},"title":"HikVision DS-2CD1141G2-LIU","date":"28. velja\u010de 2026.","format":false,"excerpt":"Dome kamera 2MP s objektivom 2,8mm ili 4mm Podr\u017eava detekciju ljudi Ugra\u0111en mikrofon IR osvjetljenje do 20m, Smart Hybrid Light Napajanje: 12V DC ili PoE Otporna na vodu i pra\u0161inu (IP67), antivandal (IK08) Odgovaraju\u0107i nosa\u010d: DS-1280ZJ-DM46","rel":"","context":"Srodne objave","img":{"alt_text":"","src":"https:\/\/i0.wp.com\/astehshop.com\/wp-content\/uploads\/2026\/02\/DS-2CD1121G2-LIU.jpg?fit=790%2C400&resize=350%2C200","width":350,"height":200},"classes":[]},{"id":12264,"url":"http:\/\/astehshop.com\/index.php\/product\/ds-2ce76d0t-itmf-hikvision\/","url_meta":{"origin":12327,"position":4},"title":"DS-2CE76D0T-ITMF HikVision","date":"26. velja\u010de 2026.","format":false,"excerpt":"Turret kamera 2MP sa objektivom 2,8 mm ili 3,6 mm IR osvjetljenje do 30m Za vanjsku primjenu, IP67 Napajanje: 12 VDC \u00b1 25%, max. 3.7 W Odgovaraju\u0107i nosa\u010d: DS-1280ZJ-XS","rel":"","context":"Srodne objave","img":{"alt_text":"","src":"https:\/\/i1.wp.com\/astehshop.com\/wp-content\/uploads\/2026\/02\/DS-2CE76D0T-ITMF.jpg?fit=600%2C600&resize=350%2C200","width":350,"height":200},"classes":[]},{"id":12331,"url":"http:\/\/astehshop.com\/index.php\/product\/hikvision-ip-kamera-ds-2cd1t43g2-liu\/","url_meta":{"origin":12327,"position":5},"title":"HikVision IP kamera DS-2CD1T43G2-LIU","date":"28. velja\u010de 2026.","format":false,"excerpt":"Bullet kamera 4MP s objektivom 2,8mm ili 4mm Podr\u017eava detekciju ljudi i vozila Ugra\u0111en mikrofon IR osvjetljenje do 50m, Smart Hybrid Light Otporna na vodu i pra\u0161inu (IP67) Napajanje: 12V DC ili PoE Odgovaraju\u0107i nosa\u010d: DS-1280ZJ-XS","rel":"","context":"Srodne objave","img":{"alt_text":"","src":"https:\/\/i1.wp.com\/astehshop.com\/wp-content\/uploads\/2026\/02\/DS-2CD1T43G2-LIU.jpg?fit=300%2C225&resize=350%2C200","width":350,"height":200},"classes":[]}],"_links":{"self":[{"href":"http:\/\/astehshop.com\/index.php\/wp-json\/wp\/v2\/product\/12327"}],"collection":[{"href":"http:\/\/astehshop.com\/index.php\/wp-json\/wp\/v2\/product"}],"about":[{"href":"http:\/\/astehshop.com\/index.php\/wp-json\/wp\/v2\/types\/product"}],"replies":[{"embeddable":true,"href":"http:\/\/astehshop.com\/index.php\/wp-json\/wp\/v2\/comments?post=12327"}],"wp:featuredmedia":[{"embeddable":true,"href":"http:\/\/astehshop.com\/index.php\/wp-json\/wp\/v2\/media\/12328"}],"wp:attachment":[{"href":"http:\/\/astehshop.com\/index.php\/wp-json\/wp\/v2\/media?parent=12327"}],"wp:term":[{"taxonomy":"product_cat","embeddable":true,"href":"http:\/\/astehshop.com\/index.php\/wp-json\/wp\/v2\/product_cat?post=12327"},{"taxonomy":"product_tag","embeddable":true,"href":"http:\/\/astehshop.com\/index.php\/wp-json\/wp\/v2\/product_tag?post=12327"}],"curies":[{"name":"wp","href":"https:\/\/api.w.org\/{rel}","templated":true}]}}