{"id":12323,"date":"2026-02-28T16:42:08","date_gmt":"2026-02-28T15:42:08","guid":{"rendered":"http:\/\/astehshop.com\/?post_type=product&#038;p=12323"},"modified":"2026-02-28T16:42:11","modified_gmt":"2026-02-28T15:42:11","slug":"hikvision-ids-7208huhi-m1-xt","status":"publish","type":"product","link":"http:\/\/astehshop.com\/index.php\/product\/hikvision-ids-7208huhi-m1-xt\/","title":{"rendered":"HikVision iDS-7208HUHI-M1\/XT"},"content":{"rendered":"<p>8-kanalni 5MP 1 HDD 1U AcuSense DVR<\/p>\n<p>8 kanala podr\u017eava AcuSearch tehnologiju<\/p>\n<p>Mogu\u0107nost kodiranja do 4K\/8MP @ 8fps; 3K\/5MP @ 12fps<\/p>\n<p>Do 16 ulaza za IP kamere, svaki kanal do 8MP<\/p>\n<p>Mogu\u0107nost dekodiranja do 24*1080P@30fps<\/p>\n","protected":false},"excerpt":{"rendered":"<p>8-kanalni 5MP 1 HDD 1U AcuSense DVR<\/p>\n<p>8 kanala podr\u017eava AcuSearch tehnologiju<\/p>\n<p>Mogu\u0107nost kodiranja do 4K\/8MP @ 8fps; 3K\/5MP @ 12fps<\/p>\n<p>Do 16 ulaza za IP kamere, svaki kanal do 8MP<\/p>\n<p>Mogu\u0107nost dekodiranja do 24*1080P@30fps<\/p>\n","protected":false},"featured_media":12310,"comment_status":"open","ping_status":"closed","template":"","meta":{"_mi_skip_tracking":false,"_exactmetrics_sitenote_active":false,"_exactmetrics_sitenote_note":"","_exactmetrics_sitenote_category":0,"spay_email":""},"product_cat":[133],"product_tag":[8953,8955,8954,8943,8923,8934,8924,8958,8960,8940,8959,8952,8957,8956,8938,6599,1384,462],"brands":[{"id":2044,"name":"HikVision","slug":"hikvision"}],"df_price":628,"df_sale_price":"","df_regular_price":628,"df_image_link":"https:\/\/i1.wp.com\/astehshop.com\/wp-content\/uploads\/2026\/02\/iDS-7216HQHI-M1.jpg?fit=450%2C371","jetpack_publicize_connections":[],"jetpack_sharing_enabled":true,"jetpack_likes_enabled":true,"jetpack-related-posts":[{"id":12325,"url":"http:\/\/astehshop.com\/index.php\/product\/hikvision-32-kanala-ids-7232hqhi-m2-xtd\/","url_meta":{"origin":12323,"position":0},"title":"HikVision 32 kanala iDS-7232HQHI-M2\/XTd","date":"28. velja\u010de 2026.","format":false,"excerpt":"32-kanalni 2 HDD 1U AcuSense DVR 8 kanala podr\u017eava AcuSearch tehnologiju Mogu\u0107nost kodiranja do 3K\/5MP Lite @ 12fps, Do 40 ulaza IP kamere, svaki kanal do 6MP","rel":"","context":"Srodne objave","img":{"alt_text":"","src":"https:\/\/i1.wp.com\/astehshop.com\/wp-content\/uploads\/2026\/02\/iDS-7216HQHI-M1.jpg?fit=463%2C382&resize=350%2C200","width":350,"height":200},"classes":[]},{"id":12315,"url":"http:\/\/astehshop.com\/index.php\/product\/hikvision-16-kanala-ids-7216hqhi-m1-xt\/","url_meta":{"origin":12323,"position":1},"title":"HikVision 16 kanala iDS-7216HQHI-M1\/XT","date":"28. velja\u010de 2026.","format":false,"excerpt":"16-kanalni 1 HDD 1U AcuSense DVR 8 kanala podr\u017eava AcuSearch tehnologiju Mogu\u0107nost kodiranja do 3K\/5M Lite @ 12 fps 5 prilagodljivih ulaza (HDTVI\/AHD\/CVI\/CVBS\/IP) Mogu\u0107e spojiti do 24 mre\u017ene kamere Podr\u017eava detekcije pokreta na svim kanalima","rel":"","context":"Srodne objave","img":{"alt_text":"","src":"https:\/\/i1.wp.com\/astehshop.com\/wp-content\/uploads\/2026\/02\/iDS-7216HQHI-M1.jpg?fit=463%2C382&resize=350%2C200","width":350,"height":200},"classes":[]},{"id":12317,"url":"http:\/\/astehshop.com\/index.php\/product\/hikvision-16-kanala-ids-7216hqhi-m2-xt\/","url_meta":{"origin":12323,"position":2},"title":"HikVision 16 kanala iDS-7216HQHI-M2\/XT","date":"28. velja\u010de 2026.","format":false,"excerpt":"16-kanalni 1 HDD 1U AcuSense DVR 8 kanala podr\u017eava AcuSearch tehnologiju Mogu\u0107nost kodiranja do 3K\/5M Lite @ 12 fps 5 prilagodljivih ulaza (HDTVI\/AHD\/CVI\/CVBS\/IP) Mogu\u0107e spojiti do 24 mre\u017ene kamere Podr\u017eava detekcije pokreta na svim kanalima","rel":"","context":"Srodne objave","img":{"alt_text":"","src":"https:\/\/i1.wp.com\/astehshop.com\/wp-content\/uploads\/2026\/02\/iDS-7216HQHI-M1.jpg?fit=463%2C382&resize=350%2C200","width":350,"height":200},"classes":[]},{"id":12311,"url":"http:\/\/astehshop.com\/index.php\/product\/hikvision-ids-7204hqhi-m1-xt\/","url_meta":{"origin":12323,"position":3},"title":"HikVision  iDS-7204HQHI-M1\/XT","date":"28. velja\u010de 2026.","format":false,"excerpt":"4-kanalni1 HDD 1U AcuSense DVR 2 kanala podr\u017eavaju AcuSearch tehnologiju Mogu\u0107nost kodiranja do 3K\/5MP Lite @ 12 fps Mogu\u0107e spojiti do 6 mre\u017enih kamera Podr\u017eava detekcije pokreta na svim kanalima Svi kanali podr\u017eavaju dvosmjernu audio tehnologiju","rel":"","context":"Srodne objave","img":{"alt_text":"","src":"https:\/\/i1.wp.com\/astehshop.com\/wp-content\/uploads\/2026\/02\/hqhi.jpg?fit=367%2C420&resize=350%2C200","width":350,"height":200},"classes":[]},{"id":12318,"url":"http:\/\/astehshop.com\/index.php\/product\/hikvision-8-kanalni-ids-7208hqhi-m1-xt-4a8-4alm\/","url_meta":{"origin":12323,"position":4},"title":"HikVision 8 kanalni iDS-7208HQHI-M1\/XT\/4A+8\/4ALM","date":"28. velja\u010de 2026.","format":false,"excerpt":"8-kanalni 1 HDD 1U AcuSense DVR Podr\u017eava 4-kanalnu AcuSearch tehnologiju Mogu\u0107nost kodiranja do 3K\/5M Lite @ 12 fps Mogu\u0107e spojiti do 12 mre\u017enih kamera","rel":"","context":"Srodne objave","img":{"alt_text":"","src":"https:\/\/i1.wp.com\/astehshop.com\/wp-content\/uploads\/2026\/02\/iDS-7216HQHI-M1.jpg?fit=463%2C382&resize=350%2C200","width":350,"height":200},"classes":[]},{"id":12319,"url":"http:\/\/astehshop.com\/index.php\/product\/hikvision-snimac-ids-7216hqhi-m2-xt-4a4-1alm\/","url_meta":{"origin":12323,"position":5},"title":"HikVision snimac iDS-7216HQHI-M2\/XT\/4A+4\/1ALM","date":"28. velja\u010de 2026.","format":false,"excerpt":"16-kanalni 2 HDD 1U AcuSense DVR Podr\u017eava 8-kanalnu AcuSearch tehnologiju U\u010dinkovita H.265 pro+ tehnologija kompresije Mogu\u0107nost kodiranja do 3K\/5M Lite @ 12 fps Mogu\u0107e spojiti do 24 mre\u017ene kamere","rel":"","context":"Srodne objave","img":{"alt_text":"","src":"https:\/\/i1.wp.com\/astehshop.com\/wp-content\/uploads\/2026\/02\/iDS-7216HQHI-M1.jpg?fit=463%2C382&resize=350%2C200","width":350,"height":200},"classes":[]}],"_links":{"self":[{"href":"http:\/\/astehshop.com\/index.php\/wp-json\/wp\/v2\/product\/12323"}],"collection":[{"href":"http:\/\/astehshop.com\/index.php\/wp-json\/wp\/v2\/product"}],"about":[{"href":"http:\/\/astehshop.com\/index.php\/wp-json\/wp\/v2\/types\/product"}],"replies":[{"embeddable":true,"href":"http:\/\/astehshop.com\/index.php\/wp-json\/wp\/v2\/comments?post=12323"}],"wp:featuredmedia":[{"embeddable":true,"href":"http:\/\/astehshop.com\/index.php\/wp-json\/wp\/v2\/media\/12310"}],"wp:attachment":[{"href":"http:\/\/astehshop.com\/index.php\/wp-json\/wp\/v2\/media?parent=12323"}],"wp:term":[{"taxonomy":"product_cat","embeddable":true,"href":"http:\/\/astehshop.com\/index.php\/wp-json\/wp\/v2\/product_cat?post=12323"},{"taxonomy":"product_tag","embeddable":true,"href":"http:\/\/astehshop.com\/index.php\/wp-json\/wp\/v2\/product_tag?post=12323"}],"curies":[{"name":"wp","href":"https:\/\/api.w.org\/{rel}","templated":true}]}}