{"id":12306,"date":"2026-02-27T20:47:42","date_gmt":"2026-02-27T19:47:42","guid":{"rendered":"http:\/\/astehshop.com\/?post_type=product&#038;p=12306"},"modified":"2026-02-27T20:47:44","modified_gmt":"2026-02-27T19:47:44","slug":"hikvision-snimac-4-kanala-ids-7104hqhi-m1","status":"publish","type":"product","link":"http:\/\/astehshop.com\/index.php\/product\/hikvision-snimac-4-kanala-ids-7104hqhi-m1\/","title":{"rendered":"HikVision snima\u010d 4 kanala iDS-7104HQHI-M1"},"content":{"rendered":"<p>4-kanalni 1080P Mini 1U H.265 AcuSense DVR<\/p>\n<p>Detekcija pokreta ljudi i vozila, Za\u0161tita perimetra temeljena na<\/p>\n<p>dubokom u\u010denju<\/p>\n<p>Audio putem koaksijalnog kabela<\/p>\n<p>Do 6-kanalnih ulaza za IP kamere (do 6 MP)<\/p>\n<p>Mogu\u0107nost kodiranja do 3K\/5M Lite @ 12 fp<\/p>\n","protected":false},"excerpt":{"rendered":"<p>4-kanalni 1080P Mini 1U H.265 AcuSense DVR<\/p>\n<p>Detekcija pokreta ljudi i vozila, Za\u0161tita perimetra temeljena na<\/p>\n<p>dubokom u\u010denju<\/p>\n<p>Audio putem koaksijalnog kabela<\/p>\n<p>Do 6-kanalnih ulaza za IP kamere (do 6 MP)<\/p>\n<p>Mogu\u0107nost kodiranja do 3K\/5M Lite @ 12 fp<\/p>\n","protected":false},"featured_media":12307,"comment_status":"open","ping_status":"closed","template":"","meta":{"_mi_skip_tracking":false,"_exactmetrics_sitenote_active":false,"_exactmetrics_sitenote_note":"","_exactmetrics_sitenote_category":0,"spay_email":""},"product_cat":[133],"product_tag":[391,8892,8891,377,8890],"brands":[{"id":2044,"name":"HikVision","slug":"hikvision"}],"df_price":200,"df_sale_price":"","df_regular_price":200,"df_image_link":"https:\/\/i0.wp.com\/astehshop.com\/wp-content\/uploads\/2026\/02\/iDS-7104HQHI-M1.png?fit=450%2C450","jetpack_publicize_connections":[],"jetpack_sharing_enabled":true,"jetpack_likes_enabled":true,"jetpack-related-posts":[{"id":12309,"url":"http:\/\/astehshop.com\/index.php\/product\/16-kanalni-hqhi-hikvision-ids-7216hqhi-m1-e\/","url_meta":{"origin":12306,"position":0},"title":"16 kanalni HQHI  HikVision iDS-7216HQHI-M1\/E","date":"28. velja\u010de 2026.","format":false,"excerpt":"16-kanalni 1080p 1U H.265 AcuSense DVR Detekcija pokreta ljudi i vozila, Za\u0161tita perimetra temeljena na dubokom u\u010denju Audio putem koaksijalnog kabela Do 24-kanalnih ulaza za IP kamere (do 6 MP) Mogu\u0107nost kodiranja do 3K\/5M Lite @ 12 fps","rel":"","context":"Srodne objave","img":{"alt_text":"","src":"https:\/\/i1.wp.com\/astehshop.com\/wp-content\/uploads\/2026\/02\/iDS-7216HQHI-M1.jpg?fit=463%2C382&resize=350%2C200","width":350,"height":200},"classes":[]},{"id":12321,"url":"http:\/\/astehshop.com\/index.php\/product\/hikvision-ids-7204huhi-m1-e\/","url_meta":{"origin":12306,"position":1},"title":"HikVision iDS-7204HUHI-M1\/E","date":"28. velja\u010de 2026.","format":false,"excerpt":"4-kanalni 5MP 1U H.265 AcuSense DVR Detekcija pokreta ljudi i vozila Do 6 ulaza za IP kamere (do 8 MP) Mogu\u0107nost kodiranja do 8 MP@8 fps 5 prilagodljivih ulaza (HDTVI\/AHD\/CVI\/CVBS\/IP) Svi kanali podr\u017eavaju detekciju pokreta","rel":"","context":"Srodne objave","img":{"alt_text":"","src":"https:\/\/i0.wp.com\/astehshop.com\/wp-content\/uploads\/2026\/02\/iDS-7204HUHI-M1-e.jpg?fit=870%2C489&resize=350%2C200","width":350,"height":200},"classes":[]},{"id":12315,"url":"http:\/\/astehshop.com\/index.php\/product\/hikvision-16-kanala-ids-7216hqhi-m1-xt\/","url_meta":{"origin":12306,"position":2},"title":"HikVision 16 kanala iDS-7216HQHI-M1\/XT","date":"28. velja\u010de 2026.","format":false,"excerpt":"16-kanalni 1 HDD 1U AcuSense DVR 8 kanala podr\u017eava AcuSearch tehnologiju Mogu\u0107nost kodiranja do 3K\/5M Lite @ 12 fps 5 prilagodljivih ulaza (HDTVI\/AHD\/CVI\/CVBS\/IP) Mogu\u0107e spojiti do 24 mre\u017ene kamere Podr\u017eava detekcije pokreta na svim kanalima","rel":"","context":"Srodne objave","img":{"alt_text":"","src":"https:\/\/i1.wp.com\/astehshop.com\/wp-content\/uploads\/2026\/02\/iDS-7216HQHI-M1.jpg?fit=463%2C382&resize=350%2C200","width":350,"height":200},"classes":[]},{"id":12317,"url":"http:\/\/astehshop.com\/index.php\/product\/hikvision-16-kanala-ids-7216hqhi-m2-xt\/","url_meta":{"origin":12306,"position":3},"title":"HikVision 16 kanala iDS-7216HQHI-M2\/XT","date":"28. velja\u010de 2026.","format":false,"excerpt":"16-kanalni 1 HDD 1U AcuSense DVR 8 kanala podr\u017eava AcuSearch tehnologiju Mogu\u0107nost kodiranja do 3K\/5M Lite @ 12 fps 5 prilagodljivih ulaza (HDTVI\/AHD\/CVI\/CVBS\/IP) Mogu\u0107e spojiti do 24 mre\u017ene kamere Podr\u017eava detekcije pokreta na svim kanalima","rel":"","context":"Srodne objave","img":{"alt_text":"","src":"https:\/\/i1.wp.com\/astehshop.com\/wp-content\/uploads\/2026\/02\/iDS-7216HQHI-M1.jpg?fit=463%2C382&resize=350%2C200","width":350,"height":200},"classes":[]},{"id":12356,"url":"http:\/\/astehshop.com\/index.php\/product\/hikvision-dvr-204g-k1-hilook\/","url_meta":{"origin":12306,"position":4},"title":"HikVision DVR-204G-K1 HiLook","date":"28. velja\u010de 2026.","format":false,"excerpt":"4-kanalni 1080p Lite 1U H.265 DVR H.265+\/H.265\/H.264+\/H.264 video formati Klasifikacija ljudskih i vozila temeljena na dubokom u\u010denju putem Motion Detection 2.0 HDTVI\/AHD\/CVI\/CVBS\/IP video ulaz Do 5 IP ulaza za kamere (do 2 MP) Mogu\u0107nost kodiranja do 1080p Lite@15 fps","rel":"","context":"Srodne objave","img":{"alt_text":"","src":"https:\/\/i2.wp.com\/astehshop.com\/wp-content\/uploads\/2026\/02\/DVR-204G-K1.png?fit=700%2C700&resize=350%2C200","width":350,"height":200},"classes":[]},{"id":12325,"url":"http:\/\/astehshop.com\/index.php\/product\/hikvision-32-kanala-ids-7232hqhi-m2-xtd\/","url_meta":{"origin":12306,"position":5},"title":"HikVision 32 kanala iDS-7232HQHI-M2\/XTd","date":"28. velja\u010de 2026.","format":false,"excerpt":"32-kanalni 2 HDD 1U AcuSense DVR 8 kanala podr\u017eava AcuSearch tehnologiju Mogu\u0107nost kodiranja do 3K\/5MP Lite @ 12fps, Do 40 ulaza IP kamere, svaki kanal do 6MP","rel":"","context":"Srodne objave","img":{"alt_text":"","src":"https:\/\/i1.wp.com\/astehshop.com\/wp-content\/uploads\/2026\/02\/iDS-7216HQHI-M1.jpg?fit=463%2C382&resize=350%2C200","width":350,"height":200},"classes":[]}],"_links":{"self":[{"href":"http:\/\/astehshop.com\/index.php\/wp-json\/wp\/v2\/product\/12306"}],"collection":[{"href":"http:\/\/astehshop.com\/index.php\/wp-json\/wp\/v2\/product"}],"about":[{"href":"http:\/\/astehshop.com\/index.php\/wp-json\/wp\/v2\/types\/product"}],"replies":[{"embeddable":true,"href":"http:\/\/astehshop.com\/index.php\/wp-json\/wp\/v2\/comments?post=12306"}],"wp:featuredmedia":[{"embeddable":true,"href":"http:\/\/astehshop.com\/index.php\/wp-json\/wp\/v2\/media\/12307"}],"wp:attachment":[{"href":"http:\/\/astehshop.com\/index.php\/wp-json\/wp\/v2\/media?parent=12306"}],"wp:term":[{"taxonomy":"product_cat","embeddable":true,"href":"http:\/\/astehshop.com\/index.php\/wp-json\/wp\/v2\/product_cat?post=12306"},{"taxonomy":"product_tag","embeddable":true,"href":"http:\/\/astehshop.com\/index.php\/wp-json\/wp\/v2\/product_tag?post=12306"}],"curies":[{"name":"wp","href":"https:\/\/api.w.org\/{rel}","templated":true}]}}