{"id":12296,"date":"2026-02-27T20:37:13","date_gmt":"2026-02-27T19:37:13","guid":{"rendered":"http:\/\/astehshop.com\/?post_type=product&#038;p=12296"},"modified":"2026-04-06T11:14:09","modified_gmt":"2026-04-06T09:14:09","slug":"hikvision-ds-2ce12kf0t-lfs","status":"publish","type":"product","link":"http:\/\/astehshop.com\/index.php\/product\/hikvision-ds-2ce12kf0t-lfs\/","title":{"rendered":"HikVision DS-2CE12KF0T-LFS"},"content":{"rendered":"<p>Bullet kamera 3K sa objektivom 2,8 mm ili 3,6 mm<\/p>\n<p>Smart Hybrid Light, 24h snimanje u boji, IR domet do 40 m<\/p>\n<p>Ugra\u0111en mikrofon<\/p>\n<p>Domet bijelog svjetla do 40 m za snimanje u svijetlim no\u0107nim uvjetima,<\/p>\n<p>Otpornost na vodu i pra\u0161inu (IP67)<\/p>\n<p>Odgovaraju\u0107i nosa\u010d: DS-1280ZJ-XS<\/p>\n","protected":false},"excerpt":{"rendered":"<p>Bullet kamera 3K sa objektivom 2,8 mm ili 3,6 mm<\/p>\n<p>Smart Hybrid Light, 24h snimanje u boji, IR domet do 40 m<\/p>\n<p>Ugra\u0111en mikrofon<\/p>\n<p>Domet bijelog svjetla do 40 m za snimanje u svijetlim no\u0107nim uvjetima,<\/p>\n<p>Otpornost na vodu i pra\u0161inu (IP67)<\/p>\n<p>Odgovaraju\u0107i nosa\u010d: DS-1280ZJ-XS<\/p>\n","protected":false},"featured_media":12297,"comment_status":"open","ping_status":"closed","template":"","meta":{"_mi_skip_tracking":false,"_exactmetrics_sitenote_active":false,"_exactmetrics_sitenote_note":"","_exactmetrics_sitenote_category":0,"spay_email":""},"product_cat":[132],"product_tag":[8884,377,3599,827,4831],"brands":[{"id":2044,"name":"HikVision","slug":"hikvision"}],"df_price":150,"df_sale_price":"","df_regular_price":150,"df_image_link":"https:\/\/i2.wp.com\/astehshop.com\/wp-content\/uploads\/2026\/02\/DS-2CE12KF0T-LFS.jpg?fit=450%2C253","jetpack_publicize_connections":[],"jetpack_sharing_enabled":true,"jetpack_likes_enabled":true,"jetpack-related-posts":[{"id":12285,"url":"http:\/\/astehshop.com\/index.php\/product\/hikvision-ds-2ce76k0t-lmfs\/","url_meta":{"origin":12296,"position":0},"title":"HikVision DS-2CE76K0T-LMFS","date":"26. velja\u010de 2026.","format":false,"excerpt":"Turret kamera 3K sa objektivom 2,8 mm ili 3,6 mm IR domet do 30 m, domet bijelog svjetla do 20 m zasnimanje u svijetlim no\u0107nim uvjetima, Smart Hybrid Light Ugra\u0111en mikrofon Otpornost na vodu i pra\u0161inu (IP67) Odgovaraju\u0107i nosa\u010d: DS-1280ZJ-XS","rel":"","context":"Srodne objave","img":{"alt_text":"","src":"https:\/\/i0.wp.com\/astehshop.com\/wp-content\/uploads\/2026\/02\/DS-2CE76K0T-LMFS-1.png?fit=800%2C569&resize=350%2C200","width":350,"height":200},"classes":[]},{"id":12251,"url":"http:\/\/astehshop.com\/index.php\/product\/hikvision-ds-2ce17d0t-lfs\/","url_meta":{"origin":12296,"position":1},"title":"HikVision DS-2CE17D0T-LFS","date":"26. velja\u010de 2026.","format":false,"excerpt":"Bullet kamera 2MP sa objektivom 2,8 mm ili 3,6 mm IR domet do 40 m, Smart Hybrid Light Ugra\u0111en mikrofon Otporna na vodu i pra\u0161inu (IP67) Odgovaraju\u0107i nosa\u010d: DS-1280ZJ-XS","rel":"","context":"Srodne objave","img":{"alt_text":"","src":"https:\/\/i0.wp.com\/astehshop.com\/wp-content\/uploads\/2026\/02\/DS-2CE17D0T-LFS.png?fit=700%2C700&resize=350%2C200","width":350,"height":200},"classes":[]},{"id":12262,"url":"http:\/\/astehshop.com\/index.php\/product\/hikvision-ds-2ce17k0t-lfs\/","url_meta":{"origin":12296,"position":2},"title":"HikVision DS-2CE17K0T-LFS","date":"26. velja\u010de 2026.","format":false,"excerpt":"Bullet kamera sa objektivom 2,8 mm ili 3,6 mm IR domet do 40 m, Smart Hybrid Light Ugra\u0111en mikrofon Otporna na vodu i pra\u0161inu (IP67) Odgovaraju\u0107i nosa\u010d: DS-1280ZJ-XS","rel":"","context":"Srodne objave","img":{"alt_text":"","src":"https:\/\/i2.wp.com\/astehshop.com\/wp-content\/uploads\/2026\/02\/DS-2CE17K0T-LFS.jpg?fit=960%2C720&resize=350%2C200","width":350,"height":200},"classes":[]},{"id":12363,"url":"http:\/\/astehshop.com\/index.php\/product\/hikvision-hilook-thc-b159-ms\/","url_meta":{"origin":12296,"position":3},"title":"HikVision HiLook THC-B159-MS","date":"28. velja\u010de 2026.","format":false,"excerpt":"3K ColorVu fiksna mini bullet kamera Visokokvalitetna slika s 3K rezolucijom, Snimanje u boji 24\/7 Domet bijelog svjetla do 20 m za snimanje u svijetlim no\u0107nim uvjetima Visokokvalitetni zvuk putem koaksijalnog kabela Otporna na vodu i pra\u0161inu (IP66)","rel":"","context":"Srodne objave","img":{"alt_text":"","src":"https:\/\/i0.wp.com\/astehshop.com\/wp-content\/uploads\/2026\/02\/THC-B159-MS.png?fit=1200%2C1200&resize=350%2C200","width":350,"height":200},"classes":[]},{"id":12301,"url":"http:\/\/astehshop.com\/index.php\/product\/hikvision-ds-2ce72kf3t-ls\/","url_meta":{"origin":12296,"position":4},"title":"HikVision DS-2CE72KF3T-LS","date":"27. velja\u010de 2026.","format":false,"excerpt":"Turret kamera 3K sa objektivom 2,8 mm ili3,6 mm Smart-Hybrid svjetlo, 24h slika u boji Ugra\u0111en mikrofon Do 40 m udaljenosti bijelog svjetla za svijetle no\u0107ne slike Napajanje: 12 VDC \u00b1 25%, max. 6.9 W Odgovaraju\u0107i nosa\u010d: DS-1280ZJ-S","rel":"","context":"Srodne objave","img":{"alt_text":"","src":"https:\/\/i1.wp.com\/astehshop.com\/wp-content\/uploads\/2026\/02\/DS-2CE72KF3T-LS.png?fit=700%2C700&resize=350%2C200","width":350,"height":200},"classes":[]},{"id":12291,"url":"http:\/\/astehshop.com\/index.php\/product\/hikvision-ds-2ce12df3t-lfs\/","url_meta":{"origin":12296,"position":5},"title":"HikVision DS-2CE12DF3T-LFS","date":"26. velja\u010de 2026.","format":false,"excerpt":"Bullet kamera 2MP sa objektivom 2,8 mm ili 3,6 mm Smart-Hybrid svjetlo, 24h slika u boji Ugra\u0111en mikrofon Do 40 m udaljenosti bijelog svjetla za svijetle no\u0107ne slike Napajanje: 12 VDC \u00b1 25%, max. 6.9 W Odgovaraju\u0107i nosa\u010d: DS-1280ZJ-XS","rel":"","context":"Srodne objave","img":{"alt_text":"","src":"https:\/\/i0.wp.com\/astehshop.com\/wp-content\/uploads\/2026\/02\/DS-2CE12DF3T-LFS.png?fit=800%2C800&resize=350%2C200","width":350,"height":200},"classes":[]}],"_links":{"self":[{"href":"http:\/\/astehshop.com\/index.php\/wp-json\/wp\/v2\/product\/12296"}],"collection":[{"href":"http:\/\/astehshop.com\/index.php\/wp-json\/wp\/v2\/product"}],"about":[{"href":"http:\/\/astehshop.com\/index.php\/wp-json\/wp\/v2\/types\/product"}],"replies":[{"embeddable":true,"href":"http:\/\/astehshop.com\/index.php\/wp-json\/wp\/v2\/comments?post=12296"}],"wp:featuredmedia":[{"embeddable":true,"href":"http:\/\/astehshop.com\/index.php\/wp-json\/wp\/v2\/media\/12297"}],"wp:attachment":[{"href":"http:\/\/astehshop.com\/index.php\/wp-json\/wp\/v2\/media?parent=12296"}],"wp:term":[{"taxonomy":"product_cat","embeddable":true,"href":"http:\/\/astehshop.com\/index.php\/wp-json\/wp\/v2\/product_cat?post=12296"},{"taxonomy":"product_tag","embeddable":true,"href":"http:\/\/astehshop.com\/index.php\/wp-json\/wp\/v2\/product_tag?post=12296"}],"curies":[{"name":"wp","href":"https:\/\/api.w.org\/{rel}","templated":true}]}}