{"id":12291,"date":"2026-02-26T20:01:46","date_gmt":"2026-02-26T19:01:46","guid":{"rendered":"http:\/\/astehshop.com\/?post_type=product&#038;p=12291"},"modified":"2026-02-28T15:23:19","modified_gmt":"2026-02-28T14:23:19","slug":"hikvision-ds-2ce12df3t-lfs","status":"publish","type":"product","link":"http:\/\/astehshop.com\/index.php\/product\/hikvision-ds-2ce12df3t-lfs\/","title":{"rendered":"HikVision DS-2CE12DF3T-LFS"},"content":{"rendered":"<p>Bullet kamera 2MP sa objektivom 2,8 mm ili 3,6 mm<\/p>\n<p>Smart-Hybrid svjetlo, 24h slika u boji<\/p>\n<p>Ugra\u0111en mikrofon<\/p>\n<p>Do 40 m udaljenosti bijelog svjetla za svijetle no\u0107ne slike<\/p>\n<p>Napajanje: 12 VDC \u00b1 25%, max. 6.9 W<\/p>\n<p>Odgovaraju\u0107i nosa\u010d: DS-1280ZJ-XS<\/p>\n","protected":false},"excerpt":{"rendered":"<p>Bullet kamera 2MP sa objektivom 2,8 mm ili 3,6 mm<\/p>\n<p>Smart-Hybrid svjetlo, 24h slika u boji<\/p>\n<p>Ugra\u0111en mikrofon<\/p>\n<p>Do 40 m udaljenosti bijelog svjetla za svijetle no\u0107ne slike<\/p>\n<p>Napajanje: 12 VDC \u00b1 25%, max. 6.9 W<\/p>\n<p>Odgovaraju\u0107i nosa\u010d: DS-1280ZJ-XS<\/p>\n","protected":false},"featured_media":12292,"comment_status":"open","ping_status":"closed","template":"","meta":{"_mi_skip_tracking":false,"_exactmetrics_sitenote_active":false,"_exactmetrics_sitenote_note":"","_exactmetrics_sitenote_category":0,"spay_email":""},"product_cat":[132],"product_tag":[598,8880,3038],"brands":[{"id":2044,"name":"HikVision","slug":"hikvision"}],"df_price":151,"df_sale_price":"","df_regular_price":151,"df_image_link":"https:\/\/i0.wp.com\/astehshop.com\/wp-content\/uploads\/2026\/02\/DS-2CE12DF3T-LFS.png?fit=450%2C450","jetpack_publicize_connections":[],"jetpack_sharing_enabled":true,"jetpack_likes_enabled":true,"jetpack-related-posts":[{"id":12294,"url":"http:\/\/astehshop.com\/index.php\/product\/ds-2ce72df3t-lfs-hikvision\/","url_meta":{"origin":12291,"position":0},"title":"DS-2CE72DF3T-LFS HikVision","date":"26. velja\u010de 2026.","format":false,"excerpt":"Turret kamera 2MP sa objektivom 2,8 mm ili 3,6 mm Smart-Hybrid svjetlo, 24h slika u boji Ugra\u0111en mikrofon Do 40 m udaljenosti bijelog svjetla za svijetle no\u0107ne slike Napajanje: 12 VDC \u00b1 25%, max. 6.9 W Odgovaraju\u0107i nosa\u010d: DS-1280ZJ-S","rel":"","context":"Srodne objave","img":{"alt_text":"","src":"https:\/\/i2.wp.com\/astehshop.com\/wp-content\/uploads\/2026\/02\/DS-2CE72DF3T-LFS.png?fit=700%2C700&resize=350%2C200","width":350,"height":200},"classes":[]},{"id":12304,"url":"http:\/\/astehshop.com\/index.php\/product\/hikvision-ds-2ce10df3t-lfs\/","url_meta":{"origin":12291,"position":1},"title":"HikVision DS-2CE10DF3T-LFS","date":"27. velja\u010de 2026.","format":false,"excerpt":"Bullet kamera 2MP sa objektivom 2,8 mm ili 3,6 mm Smart-Hybrid svjetlo, 24h slika u boji Ugra\u0111en mikrofon Do 20 m udaljenosti bijelog svjetla za svijetle no\u0107ne slike Napajanje: 2 VDC \u00b1 25%, max. 5.4 W Odgovaraju\u0107i nosa\u010d: DS-1280ZJ-XS","rel":"","context":"Srodne objave","img":{"alt_text":"","src":"https:\/\/i0.wp.com\/astehshop.com\/wp-content\/uploads\/2026\/02\/DS-2CE10DF3T-LFS.jpg?fit=225%2C225&resize=350%2C200","width":350,"height":200},"classes":[]},{"id":12299,"url":"http:\/\/astehshop.com\/index.php\/product\/ds-2ce12kf3t-ls-hikvision\/","url_meta":{"origin":12291,"position":2},"title":"DS-2CE12KF3T-LS HikVision","date":"27. velja\u010de 2026.","format":false,"excerpt":"Bullet kamera 3 sa objektivom 2,8 mm ili 3,6 mm Smart-Hybrid svjetlo, 24h slika u boji Ugra\u0111en mikrofon Do 40 m udaljenosti bijelog svjetla za svijetle no\u0107ne slike Napajanje: 12 VDC \u00b1 25%, max. 6.9 W Odgovaraju\u0107i nosa\u010d: DS-1280ZJ-XS","rel":"","context":"Srodne objave","img":{"alt_text":"","src":"https:\/\/i2.wp.com\/astehshop.com\/wp-content\/uploads\/2026\/02\/DS-2CE12KF3T-LS.jpg?fit=800%2C800&resize=350%2C200","width":350,"height":200},"classes":[]},{"id":12301,"url":"http:\/\/astehshop.com\/index.php\/product\/hikvision-ds-2ce72kf3t-ls\/","url_meta":{"origin":12291,"position":3},"title":"HikVision DS-2CE72KF3T-LS","date":"27. velja\u010de 2026.","format":false,"excerpt":"Turret kamera 3K sa objektivom 2,8 mm ili3,6 mm Smart-Hybrid svjetlo, 24h slika u boji Ugra\u0111en mikrofon Do 40 m udaljenosti bijelog svjetla za svijetle no\u0107ne slike Napajanje: 12 VDC \u00b1 25%, max. 6.9 W Odgovaraju\u0107i nosa\u010d: DS-1280ZJ-S","rel":"","context":"Srodne objave","img":{"alt_text":"","src":"https:\/\/i1.wp.com\/astehshop.com\/wp-content\/uploads\/2026\/02\/DS-2CE72KF3T-LS.png?fit=700%2C700&resize=350%2C200","width":350,"height":200},"classes":[]},{"id":12256,"url":"http:\/\/astehshop.com\/index.php\/product\/ds-2ce12d8t-it3fs-hikvision\/","url_meta":{"origin":12291,"position":4},"title":"DS-2CE12D8T-IT3FS HikVision","date":"26. velja\u010de 2026.","format":false,"excerpt":"Bullet kamera 2MP sa objektivom 2,8 mm Do 40 m IR udaljenosti za svijetle no\u0107ne slike WDR tehnologija od 130 dB Ugra\u0111en mikrofon Napajanje: 12 VDC \u00b1 25%, max. 6.9 W Odgovaraju\u0107i nosa\u010d: DS-1280ZJ-XS","rel":"","context":"Srodne objave","img":{"alt_text":"","src":"https:\/\/i1.wp.com\/astehshop.com\/wp-content\/uploads\/2026\/02\/DS-2CE12D8T-IT3FS-1.jpg?fit=800%2C800&resize=350%2C200","width":350,"height":200},"classes":[]},{"id":12254,"url":"http:\/\/astehshop.com\/index.php\/product\/hikvision-ds-2ce10d8t-itfs\/","url_meta":{"origin":12291,"position":5},"title":"HikVision DS-2CE10D8T-ITFS","date":"26. velja\u010de 2026.","format":false,"excerpt":"Bullet kamera 2MP sa objektivom 2,8 mm ili 3,6 mm Do 20 m IR udaljenosti za svijetle no\u0107ne slike WDR tehnologija od 130 dB Ugra\u0111en mikrofon Napajanje: 12 VDC \u00b1 25%, max. 5.4 W Odgovaraju\u0107i nosa\u010d: DS-1280ZJ-XS","rel":"","context":"Srodne objave","img":{"alt_text":"","src":"https:\/\/i2.wp.com\/astehshop.com\/wp-content\/uploads\/2026\/02\/DS-2CE10D8T-ITFS.jpg?fit=800%2C800&resize=350%2C200","width":350,"height":200},"classes":[]}],"_links":{"self":[{"href":"http:\/\/astehshop.com\/index.php\/wp-json\/wp\/v2\/product\/12291"}],"collection":[{"href":"http:\/\/astehshop.com\/index.php\/wp-json\/wp\/v2\/product"}],"about":[{"href":"http:\/\/astehshop.com\/index.php\/wp-json\/wp\/v2\/types\/product"}],"replies":[{"embeddable":true,"href":"http:\/\/astehshop.com\/index.php\/wp-json\/wp\/v2\/comments?post=12291"}],"wp:featuredmedia":[{"embeddable":true,"href":"http:\/\/astehshop.com\/index.php\/wp-json\/wp\/v2\/media\/12292"}],"wp:attachment":[{"href":"http:\/\/astehshop.com\/index.php\/wp-json\/wp\/v2\/media?parent=12291"}],"wp:term":[{"taxonomy":"product_cat","embeddable":true,"href":"http:\/\/astehshop.com\/index.php\/wp-json\/wp\/v2\/product_cat?post=12291"},{"taxonomy":"product_tag","embeddable":true,"href":"http:\/\/astehshop.com\/index.php\/wp-json\/wp\/v2\/product_tag?post=12291"}],"curies":[{"name":"wp","href":"https:\/\/api.w.org\/{rel}","templated":true}]}}