{"id":12288,"date":"2026-02-26T19:59:21","date_gmt":"2026-02-26T18:59:21","guid":{"rendered":"http:\/\/astehshop.com\/?post_type=product&#038;p=12288"},"modified":"2026-02-26T19:59:23","modified_gmt":"2026-02-26T18:59:23","slug":"ds-2ce78k0t-lfs-hikvision","status":"publish","type":"product","link":"http:\/\/astehshop.com\/index.php\/product\/ds-2ce78k0t-lfs-hikvision\/","title":{"rendered":"DS-2CE78K0T-LFS HikVision"},"content":{"rendered":"<p>Turret kamera 3K sa objektivom 2,8 mm ili 3,6 mm<\/p>\n<p>IR domet do 40 m, Smart Hybrid Light<\/p>\n<p>Ugra\u0111en mikrofon<\/p>\n<p>Odgovaraju\u0107i nosa\u010di:DS-1280ZJ-S, DS-1280ZJ-TR13<\/p>\n","protected":false},"excerpt":{"rendered":"<p>Turret kamera 3K sa objektivom 2,8 mm ili 3,6 mm<\/p>\n<p>IR domet do 40 m, Smart Hybrid Light<\/p>\n<p>Ugra\u0111en mikrofon<\/p>\n<p>Odgovaraju\u0107i nosa\u010di:DS-1280ZJ-S, DS-1280ZJ-TR13<\/p>\n","protected":false},"featured_media":12289,"comment_status":"open","ping_status":"closed","template":"","meta":{"_mi_skip_tracking":false,"_exactmetrics_sitenote_active":false,"_exactmetrics_sitenote_note":"","_exactmetrics_sitenote_category":0,"spay_email":""},"product_cat":[131],"product_tag":[435,468,8879,377,474,394],"brands":[{"id":2044,"name":"HikVision","slug":"hikvision"}],"df_price":113,"df_sale_price":"","df_regular_price":113,"df_image_link":"https:\/\/i0.wp.com\/astehshop.com\/wp-content\/uploads\/2026\/02\/DS-2CE78K0T-LFS.png?fit=450%2C450","jetpack_publicize_connections":[],"jetpack_sharing_enabled":true,"jetpack_likes_enabled":true,"jetpack-related-posts":[{"id":12285,"url":"http:\/\/astehshop.com\/index.php\/product\/hikvision-ds-2ce76k0t-lmfs\/","url_meta":{"origin":12288,"position":0},"title":"HikVision DS-2CE76K0T-LMFS","date":"26. velja\u010de 2026.","format":false,"excerpt":"Turret kamera 3K sa objektivom 2,8 mm ili 3,6 mm IR domet do 30 m, domet bijelog svjetla do 20 m zasnimanje u svijetlim no\u0107nim uvjetima, Smart Hybrid Light Ugra\u0111en mikrofon Otpornost na vodu i pra\u0161inu (IP67) Odgovaraju\u0107i nosa\u010d: DS-1280ZJ-XS","rel":"","context":"Srodne objave","img":{"alt_text":"","src":"https:\/\/i0.wp.com\/astehshop.com\/wp-content\/uploads\/2026\/02\/DS-2CE76K0T-LMFS-1.png?fit=800%2C569&resize=350%2C200","width":350,"height":200},"classes":[]},{"id":12269,"url":"http:\/\/astehshop.com\/index.php\/product\/hikvision-ds-2ce76d0t-lmfs\/","url_meta":{"origin":12288,"position":1},"title":"HikVision DS-2CE76D0T-LMFS","date":"26. velja\u010de 2026.","format":false,"excerpt":"Turret kamera 2MP sa objektivom 2,8 mm ili 3,6 mm IR domet do 30 m, Smart Hybrid Light Jedan priklju\u010dak za \u010detiri signala (TVI\/AHD\/CVI\/CVBS) Ugra\u0111en mikrofon Odgovaraju\u0107i nosa\u010d: DS-1280ZJ-XS","rel":"","context":"Srodne objave","img":{"alt_text":"","src":"","width":0,"height":0},"classes":[]},{"id":12262,"url":"http:\/\/astehshop.com\/index.php\/product\/hikvision-ds-2ce17k0t-lfs\/","url_meta":{"origin":12288,"position":2},"title":"HikVision DS-2CE17K0T-LFS","date":"26. velja\u010de 2026.","format":false,"excerpt":"Bullet kamera sa objektivom 2,8 mm ili 3,6 mm IR domet do 40 m, Smart Hybrid Light Ugra\u0111en mikrofon Otporna na vodu i pra\u0161inu (IP67) Odgovaraju\u0107i nosa\u010d: DS-1280ZJ-XS","rel":"","context":"Srodne objave","img":{"alt_text":"","src":"https:\/\/i2.wp.com\/astehshop.com\/wp-content\/uploads\/2026\/02\/DS-2CE17K0T-LFS.jpg?fit=960%2C720&resize=350%2C200","width":350,"height":200},"classes":[]},{"id":12251,"url":"http:\/\/astehshop.com\/index.php\/product\/hikvision-ds-2ce17d0t-lfs\/","url_meta":{"origin":12288,"position":3},"title":"HikVision DS-2CE17D0T-LFS","date":"26. velja\u010de 2026.","format":false,"excerpt":"Bullet kamera 2MP sa objektivom 2,8 mm ili 3,6 mm IR domet do 40 m, Smart Hybrid Light Ugra\u0111en mikrofon Otporna na vodu i pra\u0161inu (IP67) Odgovaraju\u0107i nosa\u010d: DS-1280ZJ-XS","rel":"","context":"Srodne objave","img":{"alt_text":"","src":"https:\/\/i0.wp.com\/astehshop.com\/wp-content\/uploads\/2026\/02\/DS-2CE17D0T-LFS.png?fit=700%2C700&resize=350%2C200","width":350,"height":200},"classes":[]},{"id":12296,"url":"http:\/\/astehshop.com\/index.php\/product\/hikvision-ds-2ce12kf0t-lfs\/","url_meta":{"origin":12288,"position":4},"title":"HikVision DS-2CE12KF0T-LFS","date":"27. velja\u010de 2026.","format":false,"excerpt":"Bullet kamera 3K sa objektivom 2,8 mm ili 3,6 mm Smart Hybrid Light, 24h snimanje u boji, IR domet do 40 m Ugra\u0111en mikrofon Domet bijelog svjetla do 40 m za snimanje u svijetlim no\u0107nim uvjetima, Otpornost na vodu i pra\u0161inu (IP67) Odgovaraju\u0107i nosa\u010d: DS-1280ZJ-XS","rel":"","context":"Srodne objave","img":{"alt_text":"","src":"https:\/\/i2.wp.com\/astehshop.com\/wp-content\/uploads\/2026\/02\/DS-2CE12KF0T-LFS.jpg?fit=870%2C489&resize=350%2C200","width":350,"height":200},"classes":[]},{"id":12283,"url":"http:\/\/astehshop.com\/index.php\/product\/hikvision-ds-2ce78h0t-it3fs\/","url_meta":{"origin":12288,"position":5},"title":"HikVision DS-2CE78H0T-IT3FS","date":"26. velja\u010de 2026.","format":false,"excerpt":"Turret kamera 5MP sa objektivom 2,8 mm ili 3,6 mm Za vanjsku primjenu, IP67 Napajanje: 12 VDC \u00b1 25% Ugra\u0111en mikrofon Odgovaraju\u0107i nosa\u010d: DS-1280ZJ-S","rel":"","context":"Srodne objave","img":{"alt_text":"","src":"https:\/\/i2.wp.com\/astehshop.com\/wp-content\/uploads\/2026\/02\/DS-2CE78H0T-IT3FS-1.jpg?fit=231%2C218&resize=350%2C200","width":350,"height":200},"classes":[]}],"_links":{"self":[{"href":"http:\/\/astehshop.com\/index.php\/wp-json\/wp\/v2\/product\/12288"}],"collection":[{"href":"http:\/\/astehshop.com\/index.php\/wp-json\/wp\/v2\/product"}],"about":[{"href":"http:\/\/astehshop.com\/index.php\/wp-json\/wp\/v2\/types\/product"}],"replies":[{"embeddable":true,"href":"http:\/\/astehshop.com\/index.php\/wp-json\/wp\/v2\/comments?post=12288"}],"wp:featuredmedia":[{"embeddable":true,"href":"http:\/\/astehshop.com\/index.php\/wp-json\/wp\/v2\/media\/12289"}],"wp:attachment":[{"href":"http:\/\/astehshop.com\/index.php\/wp-json\/wp\/v2\/media?parent=12288"}],"wp:term":[{"taxonomy":"product_cat","embeddable":true,"href":"http:\/\/astehshop.com\/index.php\/wp-json\/wp\/v2\/product_cat?post=12288"},{"taxonomy":"product_tag","embeddable":true,"href":"http:\/\/astehshop.com\/index.php\/wp-json\/wp\/v2\/product_tag?post=12288"}],"curies":[{"name":"wp","href":"https:\/\/api.w.org\/{rel}","templated":true}]}}