{"id":12283,"date":"2026-02-26T19:54:50","date_gmt":"2026-02-26T18:54:50","guid":{"rendered":"http:\/\/astehshop.com\/?post_type=product&#038;p=12283"},"modified":"2026-02-26T19:54:52","modified_gmt":"2026-02-26T18:54:52","slug":"hikvision-ds-2ce78h0t-it3fs","status":"publish","type":"product","link":"http:\/\/astehshop.com\/index.php\/product\/hikvision-ds-2ce78h0t-it3fs\/","title":{"rendered":"HikVision DS-2CE78H0T-IT3FS"},"content":{"rendered":"<p>Turret kamera 5MP sa objektivom 2,8 mm ili 3,6 mm<\/p>\n<p>Za vanjsku primjenu, IP67<\/p>\n<p>Napajanje: 12 VDC \u00b1 25%<\/p>\n<p>Ugra\u0111en mikrofon<\/p>\n<p>Odgovaraju\u0107i nosa\u010d: DS-1280ZJ-S<\/p>\n","protected":false},"excerpt":{"rendered":"<p>Turret kamera 5MP sa objektivom 2,8 mm ili 3,6 mm<\/p>\n<p>Za vanjsku primjenu, IP67<\/p>\n<p>Napajanje: 12 VDC \u00b1 25%<\/p>\n<p>Ugra\u0111en mikrofon<\/p>\n<p>Odgovaraju\u0107i nosa\u010d: DS-1280ZJ-S<\/p>\n","protected":false},"featured_media":12284,"comment_status":"open","ping_status":"closed","template":"","meta":{"_mi_skip_tracking":false,"_exactmetrics_sitenote_active":false,"_exactmetrics_sitenote_note":"","_exactmetrics_sitenote_category":0,"spay_email":""},"product_cat":[131],"product_tag":[468,8877,377],"brands":[{"id":2044,"name":"HikVision","slug":"hikvision"}],"df_price":113,"df_sale_price":"","df_regular_price":113,"df_image_link":"https:\/\/i2.wp.com\/astehshop.com\/wp-content\/uploads\/2026\/02\/DS-2CE78H0T-IT3FS-1.jpg?fit=231%2C218","jetpack_publicize_connections":[],"jetpack_sharing_enabled":true,"jetpack_likes_enabled":true,"jetpack-related-posts":[{"id":12278,"url":"http:\/\/astehshop.com\/index.php\/product\/hikvision-ds-2ce76h0t-itmfs\/","url_meta":{"origin":12283,"position":0},"title":"HikVision DS-2CE76H0T-ITMFS","date":"26. velja\u010de 2026.","format":false,"excerpt":"Turret kamera 5MP sa objektivom 2,8 mm ili 3,6 mm EXIR osvjetljenje do 30m Za vanjsku primjenu, IP67 Napajanje: 12 VDC \u00b1 25%, Ugra\u0111en mikrofon Odgovaraju\u0107i nosa\u010d: DS-1280ZJ-XS","rel":"","context":"Srodne objave","img":{"alt_text":"","src":"https:\/\/i2.wp.com\/astehshop.com\/wp-content\/uploads\/2026\/02\/DS-2CE76H0T-ITMFS.png?fit=588%2C493&resize=350%2C200","width":350,"height":200},"classes":[]},{"id":12264,"url":"http:\/\/astehshop.com\/index.php\/product\/ds-2ce76d0t-itmf-hikvision\/","url_meta":{"origin":12283,"position":1},"title":"DS-2CE76D0T-ITMF HikVision","date":"26. velja\u010de 2026.","format":false,"excerpt":"Turret kamera 2MP sa objektivom 2,8 mm ili 3,6 mm IR osvjetljenje do 30m Za vanjsku primjenu, IP67 Napajanje: 12 VDC \u00b1 25%, max. 3.7 W Odgovaraju\u0107i nosa\u010d: DS-1280ZJ-XS","rel":"","context":"Srodne objave","img":{"alt_text":"","src":"https:\/\/i1.wp.com\/astehshop.com\/wp-content\/uploads\/2026\/02\/DS-2CE76D0T-ITMF.jpg?fit=600%2C600&resize=350%2C200","width":350,"height":200},"classes":[]},{"id":12266,"url":"http:\/\/astehshop.com\/index.php\/product\/hikvision-ds-2ce56d0t-it3f\/","url_meta":{"origin":12283,"position":2},"title":"HikVision DS-2CE56D0T-IT3F","date":"26. velja\u010de 2026.","format":false,"excerpt":"Turret kamera 2MP sa objektivom 2,8 mm ili 3,6 mm Dan\/no\u0107, EXIR osvjetljenje do 40m, DNR, Smart IR Za vanjsku primjenu, IP67 Napajanje: 12 VDC \u00b1 25%, max. 3 W Odgovaraju\u0107i nosa\u010d: DS-1280ZJ-S","rel":"","context":"Srodne objave","img":{"alt_text":"","src":"https:\/\/i2.wp.com\/astehshop.com\/wp-content\/uploads\/2026\/02\/DS-2CE56D0T-IT3F.png?fit=754%2C597&resize=350%2C200","width":350,"height":200},"classes":[]},{"id":12294,"url":"http:\/\/astehshop.com\/index.php\/product\/ds-2ce72df3t-lfs-hikvision\/","url_meta":{"origin":12283,"position":3},"title":"DS-2CE72DF3T-LFS HikVision","date":"26. velja\u010de 2026.","format":false,"excerpt":"Turret kamera 2MP sa objektivom 2,8 mm ili 3,6 mm Smart-Hybrid svjetlo, 24h slika u boji Ugra\u0111en mikrofon Do 40 m udaljenosti bijelog svjetla za svijetle no\u0107ne slike Napajanje: 12 VDC \u00b1 25%, max. 6.9 W Odgovaraju\u0107i nosa\u010d: DS-1280ZJ-S","rel":"","context":"Srodne objave","img":{"alt_text":"","src":"https:\/\/i2.wp.com\/astehshop.com\/wp-content\/uploads\/2026\/02\/DS-2CE72DF3T-LFS.png?fit=700%2C700&resize=350%2C200","width":350,"height":200},"classes":[]},{"id":12274,"url":"http:\/\/astehshop.com\/index.php\/product\/hikvision-ds-2ce72d8t-it3fs\/","url_meta":{"origin":12283,"position":4},"title":"HikVision DS-2CE72D8T-IT3FS","date":"26. velja\u010de 2026.","format":false,"excerpt":"Turret kamera 2MP sa objektivom 2,8 mm Do 40 m IR udaljenosti Ugra\u0111en mikrofon Napajanje: 12 VDC \u00b1 25%, max. 6.9 W Odgovaraju\u0107i nosa\u010d: DS-1280ZJ-S","rel":"","context":"Srodne objave","img":{"alt_text":"","src":"https:\/\/i2.wp.com\/astehshop.com\/wp-content\/uploads\/2026\/02\/DS-2CE72D8T-IT3FS-1.jpg?fit=800%2C800&resize=350%2C200","width":350,"height":200},"classes":[]},{"id":12272,"url":"http:\/\/astehshop.com\/index.php\/product\/hikvision-ds-2ce70d8t-itmfs\/","url_meta":{"origin":12283,"position":5},"title":"HikVision DS-2CE70D8T-ITMFS","date":"26. velja\u010de 2026.","format":false,"excerpt":"Turret kamera 2MP sa objektivom 2,8 mm Do 20 m IR udaljenosti WDR od 130 dB Ugra\u0111en mikrofon Napajanje: 12 VDC \u00b1 25%, max. 5.4 W Odgovaraju\u0107i nosa\u010d: DS-1280ZJ-XS","rel":"","context":"Srodne objave","img":{"alt_text":"","src":"https:\/\/i1.wp.com\/astehshop.com\/wp-content\/uploads\/2026\/02\/DS-2CE70D8T-ITMFS.jpg?fit=800%2C800&resize=350%2C200","width":350,"height":200},"classes":[]}],"_links":{"self":[{"href":"http:\/\/astehshop.com\/index.php\/wp-json\/wp\/v2\/product\/12283"}],"collection":[{"href":"http:\/\/astehshop.com\/index.php\/wp-json\/wp\/v2\/product"}],"about":[{"href":"http:\/\/astehshop.com\/index.php\/wp-json\/wp\/v2\/types\/product"}],"replies":[{"embeddable":true,"href":"http:\/\/astehshop.com\/index.php\/wp-json\/wp\/v2\/comments?post=12283"}],"wp:featuredmedia":[{"embeddable":true,"href":"http:\/\/astehshop.com\/index.php\/wp-json\/wp\/v2\/media\/12284"}],"wp:attachment":[{"href":"http:\/\/astehshop.com\/index.php\/wp-json\/wp\/v2\/media?parent=12283"}],"wp:term":[{"taxonomy":"product_cat","embeddable":true,"href":"http:\/\/astehshop.com\/index.php\/wp-json\/wp\/v2\/product_cat?post=12283"},{"taxonomy":"product_tag","embeddable":true,"href":"http:\/\/astehshop.com\/index.php\/wp-json\/wp\/v2\/product_tag?post=12283"}],"curies":[{"name":"wp","href":"https:\/\/api.w.org\/{rel}","templated":true}]}}