{"id":12231,"date":"2026-01-29T19:29:52","date_gmt":"2026-01-29T18:29:52","guid":{"rendered":"http:\/\/astehshop.com\/?post_type=product&#038;p=12231"},"modified":"2026-04-03T04:21:24","modified_gmt":"2026-04-03T02:21:24","slug":"paradox-bezicni-digitalni-dual-optic-pir-detektor-sa-pet-opcijom-pmd75m","status":"publish","type":"product","link":"http:\/\/astehshop.com\/index.php\/product\/paradox-bezicni-digitalni-dual-optic-pir-detektor-sa-pet-opcijom-pmd75m\/","title":{"rendered":"Paradox Be\u017ei\u010dni digitalni dual-optic PIR detektor sa PET opcijom PMD75M"},"content":{"rendered":"<p>Be\u017ei\u010dni digitalni dual-optic PIR detektor sa PET opcijom<br \/>\nIntegrisan be\u017ei\u010dni primopredajnik na frekvenciji 868MHz, koristi auto learn funkciju \u0161to<br \/>\nzna\u010di da se automatski registruje na centralu M serije, dualni PIR<br \/>\nsenzor, unutra\u0161nja monta\u017ea, sa dvije optike u senzoru, domet 11m (90\u00b0), PET opcija<br \/>\ndo 40kg na visini monta\u017ee 2.1m, tamper prekida\u010d, preko aplikacije BlueEye nadzor<br \/>\nstanja baterije, temperature i RX\/TX signala, baterija 3 x AAA 1,5V<\/p>\n","protected":false},"excerpt":{"rendered":"<p>Be\u017ei\u010dni digitalni dual-optic PIR detektor sa PET opcijom<br \/>\nIntegrisan be\u017ei\u010dni primopredajnik na frekvenciji 868MHz, koristi auto learn funkciju \u0161to<br \/>\nzna\u010di da se automatski registruje na centralu M serije, dualni PIR<br \/>\nsenzor, unutra\u0161nja monta\u017ea, sa dvije optike u senzoru, domet 11m (90\u00b0), PET opcija<br \/>\ndo 40kg na visini monta\u017ee 2.1m, tamper prekida\u010d, preko aplikacije BlueEye nadzor<br \/>\nstanja baterije, temperature i RX\/TX signala, baterija 3 x AAA 1,5V<\/p>\n","protected":false},"featured_media":12232,"comment_status":"open","ping_status":"closed","template":"","meta":{"_mi_skip_tracking":false,"_exactmetrics_sitenote_active":false,"_exactmetrics_sitenote_note":"","_exactmetrics_sitenote_category":0,"spay_email":""},"product_cat":[8709],"product_tag":[8841,8848,8826,8849,8842,8817,8750,8827,8758,8840,8845,8839,8847,8834,8846,8843,8850,8851,8838,8852,8844],"brands":[{"id":2046,"name":"paradox","slug":"paradox"}],"df_price":"","df_sale_price":"","df_regular_price":"","df_image_link":"https:\/\/i1.wp.com\/astehshop.com\/wp-content\/uploads\/2026\/01\/pmd75m.jpg?fit=450%2C450","jetpack_publicize_connections":[],"jetpack_sharing_enabled":true,"jetpack_likes_enabled":true,"jetpack-related-posts":[{"id":12237,"url":"http:\/\/astehshop.com\/index.php\/product\/bezicni-digitalni-dual-optic-pir-detektor-sa-pet-opcijom-pmd85m\/","url_meta":{"origin":12231,"position":0},"title":"Be\u017ei\u010dni digitalni dual-optic PIR detektor sa PET opcijom PMD85M","date":"29. sije\u010dnja 2026.","format":false,"excerpt":"Be\u017ei\u010dni digitalni dual-optic PIR detektor sa PET opcijom Integrisan be\u017ei\u010dni primopredajnik na frekvenciji 868MHz, koristi auto learn funkciju \u0161to zna\u010di da se automatski registruje na centralu M serije, 2 dualna PIR senzora, svaki od senzora sa 2 optike, unutra\u0161nja\/spolja\u0161nja monta\u017ea, domet 11m (90\u00b0), PET opcija do 40kg na visini monta\u017ee\u2026","rel":"","context":"Srodne objave","img":{"alt_text":"","src":"https:\/\/i1.wp.com\/astehshop.com\/wp-content\/uploads\/2026\/01\/pmd85m.jpg?fit=1200%2C1200&resize=350%2C200","width":350,"height":200},"classes":[]},{"id":12234,"url":"http:\/\/astehshop.com\/index.php\/product\/paradox-bezicni-dual-optic-pir-detektor-sa-pet-opcijom-i-antimask-funkcijom-pmd37m\/","url_meta":{"origin":12231,"position":1},"title":"Paradox Be\u017ei\u010dni dual-optic PIR detektor sa PET opcijom i antimask funkcijom PMD37M","date":"29. sije\u010dnja 2026.","format":false,"excerpt":"Be\u017ei\u010dni dual-optic PIR detektor sa PET opcijom i antimask funkcijom Integrisan be\u017ei\u010dni primopredajnik na frekvenciji 868MHz, koristi auto learn funkciju \u0161to zna\u010di da se automatski registruje na centralu M serije, sa dvije optike u senzoru, unutra\u0161nja\/spolja\u0161nja monta\u017ea, domet 11m (88.5\u00b0), PET opcija do 40kg, tamper prekida\u010d, preko aplikacije BlueEye nadzor\u2026","rel":"","context":"Srodne objave","img":{"alt_text":"","src":"https:\/\/i0.wp.com\/astehshop.com\/wp-content\/uploads\/2026\/01\/pmd37m.jpg?fit=1200%2C1200&resize=350%2C200","width":350,"height":200},"classes":[]},{"id":12229,"url":"http:\/\/astehshop.com\/index.php\/product\/paradox-alarmni-bezicni-pir-detektor-pmd3m\/","url_meta":{"origin":12231,"position":2},"title":"Paradox alarmni Be\u017ei\u010dni PIR detektor PMD3M","date":"29. sije\u010dnja 2026.","format":false,"excerpt":"Be\u017ei\u010dni PIR detektor Integrisan be\u017ei\u010dni primopredajnik na frekvenciji 868MHz, koristi auto learn funkciju \u0161to zna\u010di da se automatski registruje na centralu M serije, dualni PIR senzor, unutra\u0161nja monta\u017ea, domet 12m (110\u00b0), tamper prekida\u010d, preko aplikacije BlueEye nadzor stanja baterije, temperature I RX\/TX signala, baterija 2 x AA 1,5V.","rel":"","context":"Srodne objave","img":{"alt_text":"","src":"https:\/\/i0.wp.com\/astehshop.com\/wp-content\/uploads\/2026\/01\/PMD3M.png?fit=750%2C1000&resize=350%2C200","width":350,"height":200},"classes":[]},{"id":12226,"url":"http:\/\/astehshop.com\/index.php\/product\/paradox-bezicni-pir-detektor-minijaturni-bijeli-pmd5m-bijeli-ili-crni\/","url_meta":{"origin":12231,"position":3},"title":"Paradox Be\u017ei\u010dni PIR detektor &#8211; minijaturni, bijeli PMD5M Bijeli ili Crni","date":"28. sije\u010dnja 2026.","format":false,"excerpt":"Be\u017ei\u010dni PIR detektor - minijaturni, bijeli Integrisan be\u017ei\u010dni primopredajnik na frekvenciji 868MHz, koristi auto learn funkciju \u0161to zna\u010di da se automatski registruje na centralu M serije, dualni PIR senzor, unutra\u0161nja monta\u017ea, domet 12m (110\u00b0), creep zona detekcije, tamper prekida\u010d, preko aplikacije BlueEye nadzor stanja baterije, temperature i RX\/TX signala, baterija\u2026","rel":"","context":"Srodne objave","img":{"alt_text":"","src":"https:\/\/i1.wp.com\/astehshop.com\/wp-content\/uploads\/2026\/01\/paradox-senzor.jpg?fit=1200%2C1200&resize=350%2C200","width":350,"height":200},"classes":[]},{"id":6001,"url":"http:\/\/astehshop.com\/index.php\/product\/ja-180w-bezicni-kombinovani-detektor-pir-i-mw\/","url_meta":{"origin":12231,"position":4},"title":"JA-180W Be\u017ei\u010dni kombinovani detektor PIR i MW","date":"13. velja\u010de 2022.","format":false,"excerpt":"JA-180W je dualni PIR + MW be\u017ei\u010dni detektor koji se koristi za otkrivanje pokreta unutar \u0161ti\u010denog prostora * Stepen otpornosti se mo\u017ee izabrati na dva nivoa * Napajanje: 1 kom. BAT-3V6-AA-LS * Visina monta\u017ee:2- 2,5 m iznad poda * Opseg detekcije: 110 \u00b0 \/ 12 m (sa standardnim so\u010divom) *\u2026","rel":"","context":"Srodne objave","img":{"alt_text":"","src":"https:\/\/i2.wp.com\/astehshop.com\/wp-content\/uploads\/2022\/02\/JA-180W-Bez.-komb.-detektor-PIR-i-MW.png?fit=600%2C569&resize=350%2C200","width":350,"height":200},"classes":[]},{"id":5989,"url":"http:\/\/astehshop.com\/index.php\/product\/jablotron-ja-162pw-bezicni-dual-pir-mw\/","url_meta":{"origin":12231,"position":5},"title":"Jablotron JA-162PW be\u017ei\u010dni dual PIR + MW","date":"13. velja\u010de 2022.","format":false,"excerpt":"Be\u017ei\u010dni senzor visoke imunosti na la\u017ene alarme posti\u017ee se zahvaljuju\u0107i kombinaciji PIR i mikrotalasne (MW) detekcije. Detektor radi kao klasi\u010dni PIR detektor, me\u0111utim, kada PIR detektira kretanje u za\u0161ti\u0107enom podru\u010dju, aktivira se MW deo i potvr\u0111uje prethodnu PIR aktivaciju.","rel":"","context":"Srodne objave","img":{"alt_text":"","src":"https:\/\/i2.wp.com\/astehshop.com\/wp-content\/uploads\/2022\/02\/JA-162PW.jpg?fit=600%2C569&resize=350%2C200","width":350,"height":200},"classes":[]}],"_links":{"self":[{"href":"http:\/\/astehshop.com\/index.php\/wp-json\/wp\/v2\/product\/12231"}],"collection":[{"href":"http:\/\/astehshop.com\/index.php\/wp-json\/wp\/v2\/product"}],"about":[{"href":"http:\/\/astehshop.com\/index.php\/wp-json\/wp\/v2\/types\/product"}],"replies":[{"embeddable":true,"href":"http:\/\/astehshop.com\/index.php\/wp-json\/wp\/v2\/comments?post=12231"}],"wp:featuredmedia":[{"embeddable":true,"href":"http:\/\/astehshop.com\/index.php\/wp-json\/wp\/v2\/media\/12232"}],"wp:attachment":[{"href":"http:\/\/astehshop.com\/index.php\/wp-json\/wp\/v2\/media?parent=12231"}],"wp:term":[{"taxonomy":"product_cat","embeddable":true,"href":"http:\/\/astehshop.com\/index.php\/wp-json\/wp\/v2\/product_cat?post=12231"},{"taxonomy":"product_tag","embeddable":true,"href":"http:\/\/astehshop.com\/index.php\/wp-json\/wp\/v2\/product_tag?post=12231"}],"curies":[{"name":"wp","href":"https:\/\/api.w.org\/{rel}","templated":true}]}}