{"id":12178,"date":"2026-01-18T16:13:54","date_gmt":"2026-01-18T15:13:54","guid":{"rendered":"http:\/\/astehshop.com\/?post_type=product&#038;p=12178"},"modified":"2026-01-18T16:13:58","modified_gmt":"2026-01-18T15:13:58","slug":"kompletno-profesionalno-podesen-unv-uniview-set-4-kamere-uradi-sam-smart","status":"publish","type":"product","link":"http:\/\/astehshop.com\/index.php\/product\/kompletno-profesionalno-podesen-unv-uniview-set-4-kamere-uradi-sam-smart\/","title":{"rendered":"Kompletno profesionalno pode\u0161en UNV UniView set &#8211; 4 kamere &#8211; uradi sam &#8211; SMART"},"content":{"rendered":"<div>\n<p>Uradi sam opcija : Mi podesimo, vi montirate<br \/>\n\u2013 Aplikacija spremna<br \/>\n\u2013 bez \u010dekanja majstora<br \/>\n\u2013 bez tro\u0161kova ugradnje<br \/>\n\u2013 Profesionalna priprema iz radnje<\/p>\n<p>Sistemi su testirani i spremni<br \/>\nKamere pode\u0161ene po va\u0161oj \u017eelji<br \/>\nAplikacija pripremljena za brzo povezivanje<\/p>\n<p>Paket sadr\u017ei :<br \/>\n1 x UniView snima\u010d 4 kanala + 1 TB disk za skladi\u0161tenje snimaka<br \/>\n4 x IP kamere OwlView ( sova ) 2 MPX<br \/>\nPoe switch za povezivanje sistema<\/p>\n<p>Odli\u010dan izbor za dvori\u0161ta, poslovne objekte i objekte sa slabim osvjeteljenjem<br \/>\nTop odnos cijena i kvalitet<\/p>\n<p>U ovom Uradi sam Basic modelu u cijeni dobijate :<br \/>\nsistem koji je testiran i ve\u0107 unaprijed spojen<br \/>\nbrzo uputstvo na jednom listu papira<br \/>\nobja\u0161njenje gdje spajate internet<br \/>\ndodatni ruter radi lak\u0161eg spajanja<br \/>\ntelefonska podr\u0161ka 5 dana<\/p>\n<p>Garancija 24 mjeseca<br \/>\n066 123 234<\/p>\n<\/div>\n","protected":false},"excerpt":{"rendered":"<div>\n<div>\n<p>Uradi sam opcija : Mi podesimo, vi montirate<br \/>\n\u2013 Aplikacija spremna<br \/>\n\u2013 bez \u010dekanja majstora<br \/>\n\u2013 bez tro\u0161kova ugradnje<br \/>\n\u2013 Profesionalna priprema iz radnje<\/p>\n<p>Sistemi su testirani i spremni<br \/>\nKamere pode\u0161ene po va\u0161oj \u017eelji<br \/>\nAplikacija pripremljena za brzo povezivanje<\/p>\n<p>Paket sadr\u017ei :<br \/>\n1 x UniView snima\u010d 4 kanala + 1 TB disk za skladi\u0161tenje snimaka<br \/>\n4 x IP kamere OwlView ( sova ) 2 MPX<br \/>\nPoe switch za povezivanje sistema<\/p>\n<p>Odli\u010dan izbor za dvori\u0161ta, poslovne objekte i objekte sa slabim osvjeteljenjem<br \/>\nTop odnos cijena i kvalitet<\/p>\n<p>U ovom Uradi sam Basic modelu u cijeni dobijate :<br \/>\nsistem koji je testiran i ve\u0107 unaprijed spojen<br \/>\nbrzo uputstvo na jednom listu papira<br \/>\nobja\u0161njenje gdje spajate internet<br \/>\ndodatni ruter radi lak\u0161eg spajanja<br \/>\ntelefonska podr\u0161ka 5 dana<\/p>\n<p>Garancija 24 mjeseca<br \/>\n066 123 234<\/p>\n<\/div>\n<\/div>\n","protected":false},"featured_media":12177,"comment_status":"open","ping_status":"closed","template":"","meta":{"_mi_skip_tracking":false,"_exactmetrics_sitenote_active":false,"_exactmetrics_sitenote_note":"","_exactmetrics_sitenote_category":0,"spay_email":""},"product_cat":[8639],"product_tag":[8651,8646,8645,435,8647,8641,8648,8652,8642,8654,8490,8644,8653,8658,8662,743,8655,383,8650,8661,1384,8649,8663,6132,8640,1556,8659,8660,8643,8657,8656],"brands":[{"id":6129,"name":"UNV","slug":"unv"}],"df_price":1499,"df_sale_price":"","df_regular_price":1499,"df_image_link":"https:\/\/i2.wp.com\/astehshop.com\/wp-content\/uploads\/2026\/01\/UniView-set-scaled.jpeg?fit=450%2C338","jetpack_publicize_connections":[],"jetpack_sharing_enabled":true,"jetpack_likes_enabled":true,"jetpack-related-posts":[{"id":12176,"url":"http:\/\/astehshop.com\/index.php\/product\/kompletno-profesionalno-podesen-unv-uniview-set-4-kamere-uradi-sam-basic\/","url_meta":{"origin":12178,"position":0},"title":"Kompletno profesionalno pode\u0161en UNV UniView set &#8211; 4 kamere &#8211; uradi sam &#8211; Basic","date":"18. sije\u010dnja 2026.","format":false,"excerpt":"Uradi sam opcija : Mi podesimo, vi montirate - Aplikacija spremna - bez \u010dekanja majstora - bez tro\u0161kova ugradnje - Profesionalna priprema iz radnje Sistemi su testirani i spremni Kamere pode\u0161ene po va\u0161oj \u017eelji Aplikacija pripremljena za brzo povezivanje Paket sadr\u017ei : 1 x UniView snima\u010d 4 kanala + 1\u2026","rel":"","context":"Srodne objave","img":{"alt_text":"","src":"https:\/\/i2.wp.com\/astehshop.com\/wp-content\/uploads\/2026\/01\/UniView-set-scaled.jpeg?fit=1200%2C900&resize=350%2C200","width":350,"height":200},"classes":[]},{"id":3585,"url":"http:\/\/astehshop.com\/index.php\/product\/hikvision-video-nadzor-set-5-megapiksela\/","url_meta":{"origin":12178,"position":1},"title":"HikVision video nadzor set 5 MegaPiksela","date":"1. rujna 2019.","format":false,"excerpt":"Prava akcijska ponuda video nadzora koji je broj 1 u svijetu !!! 1 x DVR snimac za 4 kamere do 5 megapiksela 4 x kamere 5 megapiksela - DS-2CE56H1T-IT3 1 x napajanje za sve 4 kamere 4 x dc konektora za kamere 8 x bnc konektora za povezivanje 100 M\u2026","rel":"","context":"Srodne objave","img":{"alt_text":"","src":"https:\/\/i0.wp.com\/astehshop.com\/wp-content\/uploads\/2019\/09\/turbo-hd-sistem-dome-5-megapiksela.jpg?fit=1200%2C798&resize=350%2C200","width":350,"height":200},"classes":[]},{"id":3583,"url":"http:\/\/astehshop.com\/index.php\/product\/hikvision-video-nadzor-set-turbohd-02\/","url_meta":{"origin":12178,"position":2},"title":"HikVision video nadzor set TurboHD  02","date":"1. rujna 2019.","format":false,"excerpt":"Prava akcijska ponuda video nadzora koji je broj 1 u svijetu !!! 1 x DVR snimac za 4 analogne + 1 IP kameru 2 x Turbo HD kamere DS-2CE56C0T-IT3F 2 x Turbo HD kamere DS-2CE16C0T-IT3F ( 40 metara nocni IR ) 1 x napajanje za sve 4 kamere 4 x\u2026","rel":"","context":"Srodne objave","img":{"alt_text":"","src":"https:\/\/i0.wp.com\/astehshop.com\/wp-content\/uploads\/2019\/09\/turbo-hd-sistem-2-vani-2-unutra.jpg?fit=1200%2C798&resize=350%2C200","width":350,"height":200},"classes":[]},{"id":3581,"url":"http:\/\/astehshop.com\/index.php\/product\/hikvision-video-nadzor-set-turbohd\/","url_meta":{"origin":12178,"position":3},"title":"HikVision video nadzor set TurboHD","date":"1. rujna 2019.","format":false,"excerpt":"Prava akcijska ponuda video nadzora koji je broj 1 u svijetu !!! 1 x DVR snimac za 4 analogne + 1 IP kameru 4 x Turbo HD kamera DS-2CE56C0T-IT3F 1 x napajanje za sve 4 kamere 4 x dc konektora za kamere 8 x bnc konektora za povezivanje 100 M\u2026","rel":"","context":"Srodne objave","img":{"alt_text":"","src":"https:\/\/i1.wp.com\/astehshop.com\/wp-content\/uploads\/2019\/09\/69173406_485924835580848_3933001900563103744_n.jpg?fit=960%2C640&resize=350%2C200","width":350,"height":200},"classes":[]},{"id":8979,"url":"http:\/\/astehshop.com\/index.php\/product\/vanjska-sigurnosna-kamera-wifi-u-obliku-sijalice\/","url_meta":{"origin":12178,"position":4},"title":"Vanjska sigurnosna kamera wifi u obliku sijalice","date":"17. velja\u010de 2024.","format":false,"excerpt":"2 MPX Jednostavno povezivanje na wifi mrezu dvojsmerni razgovor pametni no\u0107ni re\u017eim snimanje na mikro sd karticu https:\/\/www.youtube.com\/watch?v=pNqMrtFhqCY","rel":"","context":"Srodne objave","img":{"alt_text":"","src":"https:\/\/i0.wp.com\/astehshop.com\/wp-content\/uploads\/2024\/02\/sijalica-kamera.jpg?fit=1162%2C1200&resize=350%2C200","width":350,"height":200},"classes":[]},{"id":11780,"url":"http:\/\/astehshop.com\/index.php\/product\/myers-kompletan-set-uradi-sam-5-mpx-slika-nocu-u-boji\/","url_meta":{"origin":12178,"position":5},"title":"Myers kompletan set uradi sam 5 MPX slika no\u0107u u boji","date":"28. rujna 2025.","format":false,"excerpt":"Pristupa\u010dan i visokokvalitetan IP komplet za video nadzor sa kamerama od 5 megapiksela i be\u017ei\u010dnim prijenosom podataka. Komplet je dizajniran za vanjsku instalaciju, \u0161to ga \u010dini odli\u010dnim izborom za privatne domove, urede, skladi\u0161ta i male komercijalne prostore gdje su visoki kvalitet slike i jednostavnost instalacije va\u017eni. Komplet uklju\u010duje \u010detiri be\u017ei\u010dne\u2026","rel":"","context":"Srodne objave","img":{"alt_text":"","src":"https:\/\/i0.wp.com\/astehshop.com\/wp-content\/uploads\/2025\/09\/myers-kamere-wifi.jpg?fit=855%2C662&resize=350%2C200","width":350,"height":200},"classes":[]}],"_links":{"self":[{"href":"http:\/\/astehshop.com\/index.php\/wp-json\/wp\/v2\/product\/12178"}],"collection":[{"href":"http:\/\/astehshop.com\/index.php\/wp-json\/wp\/v2\/product"}],"about":[{"href":"http:\/\/astehshop.com\/index.php\/wp-json\/wp\/v2\/types\/product"}],"replies":[{"embeddable":true,"href":"http:\/\/astehshop.com\/index.php\/wp-json\/wp\/v2\/comments?post=12178"}],"wp:featuredmedia":[{"embeddable":true,"href":"http:\/\/astehshop.com\/index.php\/wp-json\/wp\/v2\/media\/12177"}],"wp:attachment":[{"href":"http:\/\/astehshop.com\/index.php\/wp-json\/wp\/v2\/media?parent=12178"}],"wp:term":[{"taxonomy":"product_cat","embeddable":true,"href":"http:\/\/astehshop.com\/index.php\/wp-json\/wp\/v2\/product_cat?post=12178"},{"taxonomy":"product_tag","embeddable":true,"href":"http:\/\/astehshop.com\/index.php\/wp-json\/wp\/v2\/product_tag?post=12178"}],"curies":[{"name":"wp","href":"https:\/\/api.w.org\/{rel}","templated":true}]}}