{"id":12170,"date":"2026-01-09T18:25:55","date_gmt":"2026-01-09T17:25:55","guid":{"rendered":"http:\/\/astehshop.com\/?post_type=product&#038;p=12170"},"modified":"2026-01-09T18:25:57","modified_gmt":"2026-01-09T17:25:57","slug":"wi-fi-mesh-sustav-cudy-m1200-2pack-ac-1200-vpn-2kom","status":"publish","type":"product","link":"http:\/\/astehshop.com\/index.php\/product\/wi-fi-mesh-sustav-cudy-m1200-2pack-ac-1200-vpn-2kom\/","title":{"rendered":"Wi-Fi mesh sustav Cudy M1200-2PACK, AC 1200, VPN, 2kom"},"content":{"rendered":"<p>WiFi Mesh sustav s dvopojasnim signalom od 2.4 GHz i 5 GHz pru\u017ea stabilnu be\u017ei\u010dnu pokrivenost do 220 m\u00b2, uz automatsko povezivanje izme\u0111u jedinica, podr\u0161ku za Cudy Mesh i jednostavno upravljanje putem aplikacije.<\/p>\n<div class=\"product-specs\">\n<ul>\n<li><strong>Model:<\/strong> M1200<\/li>\n<li><strong>Procesor:<\/strong> 580 MHz jedn jezgreni, MIPS24KEC<\/li>\n<li><strong>Memorija \/ Pohrana:<\/strong> Flash\/ROM: 16 MB (128 Mbit) NOR; DDR\/RAM: 128 MB (1Gbit) DDR3<\/li>\n<li><strong>Be\u017ei\u010dna mre\u017ea:<\/strong> 5 GHz do 867 Mbps; 2.4 GHz do 300 Mbps; obje frekvencije 2T2R (2\u00d72 MIMO)<\/li>\n<li><strong>Antene:<\/strong> 2 interne<\/li>\n<li><strong>Poja\u010dala (FEM ili PA\/LNA):<\/strong> 5 GHz: 2\u00d7 interna; 2.4 GHz: 2\u00d7 interna<\/li>\n<li><strong>Beamforming:<\/strong> Da (True)<\/li>\n<li><strong>Domet:<\/strong> Maks. 170 m (testirano u otvorenom prostoru)<\/li>\n<li><strong>Performanse kroz zidove:<\/strong> 2 drvena zida &lt; 10 cm; 1 betonski zid &lt; 20 cm<\/li>\n<li><strong>Pokri\u0107e u zatvorenom prostoru:<\/strong>\u00a0do 160 m\u00b2 (u slu\u010daju be\u017ei\u010dne me\u0111uveze, postaviti centralno s najvi\u0161e dvije prepreke po prostoriji)<\/li>\n<li><strong>Su\u010delja:<\/strong> 2 RJ45 porta (10\/100 Mbps)<\/li>\n<li><strong>Napomena za Ethernet:<\/strong> Port 1 je zadano WAN port; u Mesh satelitskom na\u010dinu svi portovi su LAN<\/li>\n<li><strong>LED indikatori:<\/strong> Sustav<\/li>\n<li><strong>Tipke:<\/strong> WPS, Reset<\/li>\n<li><strong>Ulaz napajanja:<\/strong> DC priklju\u010dak<\/li>\n<li><strong>Na\u010din napajanja:<\/strong> DC 12V 1A<\/li>\n<li><strong>Adapter za napajanje:<\/strong> Ulaz: 100\u2013240V AC, 50\/60 Hz; Izlaz: 12V 1A DC<\/li>\n<li><strong>Maks. potro\u0161nja energije:<\/strong> 8 W<\/li>\n<li><strong>Radno okru\u017eenje:<\/strong> 0\u201340 \u2103; skladi\u0161tenje -40\u201370 \u2103; vla\u017enost 10\u201390% (bez kondenzacije)<\/li>\n<li><strong>Certifikati:<\/strong> FCC, CE<\/li>\n<li><strong>Instalacija:<\/strong> Stolna<\/li>\n<li><strong>Dimenzije:<\/strong> \u03a6110\u00d7154.5 mm<\/li>\n<li><strong>Te\u017eina proizvoda:<\/strong>\u00a0586 g<\/li>\n<li><strong>Sadr\u017eaj pakiranja:<\/strong> M1200 jedinica, adapter za napajanje, Ethernet kabel, upute za instalaciju<\/li>\n<\/ul>\n<\/div>\n","protected":false},"excerpt":{"rendered":"<p>WiFi Mesh sustav s dvopojasnim signalom od 2.4 GHz i 5 GHz pru\u017ea stabilnu be\u017ei\u010dnu pokrivenost do 220 m\u00b2, uz automatsko povezivanje izme\u0111u jedinica, podr\u0161ku za Cudy Mesh i jednostavno upravljanje putem aplikacije.<\/p>\n<div class=\"product-specs\">\n<ul>\n<li><strong>Model:<\/strong> M1200<\/li>\n<li><strong>Procesor:<\/strong> 580 MHz jedn jezgreni, MIPS24KEC<\/li>\n<li><strong>Memorija \/ Pohrana:<\/strong> Flash\/ROM: 16 MB (128 Mbit) NOR; DDR\/RAM: 128 MB (1Gbit) DDR3<\/li>\n<li><strong>Be\u017ei\u010dna mre\u017ea:<\/strong> 5 GHz do 867 Mbps; 2.4 GHz do 300 Mbps; obje frekvencije 2T2R (2\u00d72 MIMO)<\/li>\n<li><strong>Antene:<\/strong> 2 interne<\/li>\n<li><strong>Poja\u010dala (FEM ili PA\/LNA):<\/strong> 5 GHz: 2\u00d7 interna; 2.4 GHz: 2\u00d7 interna<\/li>\n<li><strong>Beamforming:<\/strong> Da (True)<\/li>\n<li><strong>Domet:<\/strong> Maks. 170 m (testirano u otvorenom prostoru)<\/li>\n<li><strong>Performanse kroz zidove:<\/strong> 2 drvena zida &lt; 10 cm; 1 betonski zid &lt; 20 cm<\/li>\n<li><strong>Pokri\u0107e u zatvorenom prostoru:<\/strong>\u00a0do 160 m\u00b2 (u slu\u010daju be\u017ei\u010dne me\u0111uveze, postaviti centralno s najvi\u0161e dvije prepreke po prostoriji)<\/li>\n<li><strong>Su\u010delja:<\/strong> 2 RJ45 porta (10\/100 Mbps)<\/li>\n<li><strong>Napomena za Ethernet:<\/strong> Port 1 je zadano WAN port; u Mesh satelitskom na\u010dinu svi portovi su LAN<\/li>\n<li><strong>LED indikatori:<\/strong> Sustav<\/li>\n<li><strong>Tipke:<\/strong> WPS, Reset<\/li>\n<li><strong>Ulaz napajanja:<\/strong> DC priklju\u010dak<\/li>\n<li><strong>Na\u010din napajanja:<\/strong> DC 12V 1A<\/li>\n<li><strong>Adapter za napajanje:<\/strong> Ulaz: 100\u2013240V AC, 50\/60 Hz; Izlaz: 12V 1A DC<\/li>\n<li><strong>Maks. potro\u0161nja energije:<\/strong> 8 W<\/li>\n<li><strong>Radno okru\u017eenje:<\/strong> 0\u201340 \u2103; skladi\u0161tenje -40\u201370 \u2103; vla\u017enost 10\u201390% (bez kondenzacije)<\/li>\n<li><strong>Certifikati:<\/strong> FCC, CE<\/li>\n<li><strong>Instalacija:<\/strong> Stolna<\/li>\n<li><strong>Dimenzije:<\/strong> \u03a6110\u00d7154.5 mm<\/li>\n<li><strong>Te\u017eina proizvoda:<\/strong>\u00a0586 g<\/li>\n<li><strong>Sadr\u017eaj pakiranja:<\/strong> M1200 jedinica, adapter za napajanje, Ethernet kabel, upute za instalaciju<\/li>\n<\/ul>\n<\/div>\n","protected":false},"featured_media":12171,"comment_status":"open","ping_status":"closed","template":"","meta":{"_mi_skip_tracking":false,"_exactmetrics_sitenote_active":false,"_exactmetrics_sitenote_note":"","_exactmetrics_sitenote_category":0,"spay_email":""},"product_cat":[5830],"product_tag":[8638,8630,8636,8637],"brands":[{"id":5831,"name":"Cudy","slug":"cudy"}],"df_price":159,"df_sale_price":"","df_regular_price":159,"df_image_link":"https:\/\/i0.wp.com\/astehshop.com\/wp-content\/uploads\/2026\/01\/cudy-m1200-pakovanje-2-kom.png?fit=450%2C450","jetpack_publicize_connections":[],"jetpack_sharing_enabled":true,"jetpack_likes_enabled":true,"jetpack-related-posts":[{"id":8359,"url":"http:\/\/astehshop.com\/index.php\/product\/mercusys-mr30g-ac1200-wireless-dual-band-router\/","url_meta":{"origin":12170,"position":0},"title":"Mercusys MR30G AC1200 Wireless Dual Band Router","date":"21. listopada 2023.","format":false,"excerpt":"IEEE 802.11ac\/n\/a 5 GHz, IEEE 802.11b\/g\/n 2.4 GHz, 2.4 GHz, 5 GHz, 867 Mbps (5 GHz) + 300 Mbps (2.4 GHz), compatible with 11ac\/a\/b\/g\/n Wi-Fi standards, 2.4 GHz < 20dBm (EIRP), 5 GHz < 23dBm (EIRP), Wireless Security WPA-PSK \/ WPA2-PSK, Router Mode, Access Point Mode","rel":"","context":"Srodne objave","img":{"alt_text":"","src":"https:\/\/i2.wp.com\/astehshop.com\/wp-content\/uploads\/2023\/10\/Mercusys-MR30G-AC1200.jpg?fit=1000%2C1000&resize=350%2C200","width":350,"height":200},"classes":[]},{"id":5366,"url":"http:\/\/astehshop.com\/index.php\/product\/xiaomi-mi-aiot-router-ac2350\/","url_meta":{"origin":12170,"position":1},"title":"Xiaomi Mi AIoT Router AC2350","date":"10. listopada 2021.","format":false,"excerpt":"AC2350 R2350 ima Qualcomm QCA9563 1-jezgreni 775MHz CPU s 128 MB memorije za odr\u017eavanje veza s do 128 ure\u0111aja. Teoretski, router mo\u017ee emitirati do 2183 Mbps i ima 7 vanjskih antena za pru\u017eanje optimalne pokrivenosti. AC2350 R2350 nudi dva opsega od 2,4 GHz i 5 GHz. Dva opsega nude kombiniranu\u2026","rel":"","context":"Srodne objave","img":{"alt_text":"","src":"https:\/\/i0.wp.com\/astehshop.com\/wp-content\/uploads\/2021\/10\/Xiaomi-Mi-AIoT-Router-AC2350.jpg?fit=1200%2C675&resize=350%2C200","width":350,"height":200},"classes":[]},{"id":8327,"url":"http:\/\/astehshop.com\/index.php\/product\/mercusys-ac1200-me30-range-extender\/","url_meta":{"origin":12170,"position":2},"title":"Mercusys AC1200 ME30 Range Extender","date":"21. listopada 2023.","format":false,"excerpt":"300 Mbps on 2.4 GHz, 867 Mbps on 5 GHz, IEEE 802.11a\/n\/ac 5 GHz, IEEE 802.11b\/g\/n 2.4 GHz, Reception Sensitivity 5 GHz: 11ac HT80 MCS9 < -63 dBm, 2.4 GHz: 11n HT40 MCS7 < -70 dBm, Transmission Power < 20 dBm, Antenna Type 2\u00d7 External Antennas, Power Consumption 9.2 W,\u2026","rel":"","context":"Srodne objave","img":{"alt_text":"","src":"https:\/\/i2.wp.com\/astehshop.com\/wp-content\/uploads\/2023\/10\/mercusys_me30f.png?fit=800%2C800&resize=350%2C200","width":350,"height":200},"classes":[]},{"id":12164,"url":"http:\/\/astehshop.com\/index.php\/product\/wi-fi-pristupna-tacka-cudy-ap1300d-ac-1200-desktop\/","url_meta":{"origin":12170,"position":3},"title":"Wi-Fi pristupna ta\u010dka Cudy AP1300D, AC 1200, desktop","date":"9. sije\u010dnja 2026.","format":false,"excerpt":"Desktop ili zidno postavljena Wi-Fi pristupna to\u010dka za urede, hotele i studije. Model: AP1300D CPU: 880 MHz Dual-Core Flash\/ROM: 16 MB (128 Mbit) NOR DDR\/RAM: 128 MB (1 Gbit) DDR3 Wi-Fi brzine: 5 GHz: 867 Mbps; 2.4 GHz: 300 Mbps Wi-Fi streamovi: 5 GHz: 2T2R; 2.4 GHz: 2T2R Wi-Fi antene:\u2026","rel":"","context":"Srodne objave","img":{"alt_text":"","src":"https:\/\/i1.wp.com\/astehshop.com\/wp-content\/uploads\/2026\/01\/Wi-Fi-pristupna-tocka-Cudy-AP1300D-AC-1200-desktop.png?fit=800%2C800&resize=350%2C200","width":350,"height":200},"classes":[]},{"id":8086,"url":"http:\/\/astehshop.com\/index.php\/product\/ac1200-gigabit-wi-fi-mesh-router-model-wr1300\/","url_meta":{"origin":12170,"position":4},"title":"AC1200 Gigabit Wi-Fi Mesh Router, Model: WR1300","date":"24. kolovoza 2023.","format":false,"excerpt":"WR1300 Cudy AC1200 Gigabit Wi-Fi Mesh Ruter \u00a0 AC1200 Dual Band Wi-Fi \u25cf High-Performance Dual-Core CPU \u25cf 16 MB Flash and 128 MB DDR3 \u25cf 5\u00d7 Gigabit Ethernet Ports \u25cf 4\u00d7 5 dBi High-Gain Antennas \u25cf VPN Server and Client \u25cf 5-IN-1 Multi-Mode: Router\/Mesh\/Repeater\/WISP\/Access Point Istovremeni dvopojasni Wi-Fi 2.4 GHz\u2026","rel":"","context":"Srodne objave","img":{"alt_text":"","src":"https:\/\/i1.wp.com\/astehshop.com\/wp-content\/uploads\/2023\/08\/wr1300.jpg?fit=1200%2C1131&resize=350%2C200","width":350,"height":200},"classes":[]},{"id":6696,"url":"http:\/\/astehshop.com\/index.php\/product\/wi-fi-mrezna-kartica-2-4-ghz-4-db-150-mbps-tp-link\/","url_meta":{"origin":12170,"position":5},"title":"Wi-Fi mre\u017ena kartica, 2.4 GHz, 4 dB, 150 Mbps, TP LINK","date":"19. studenoga 2022.","format":false,"excerpt":"USB Wi-Fi mre\u017ena kartica, 150 Mbps, 4 dB, 802.11 b \/ g \/ n, frekventni opseg 2.4 GHz, 64 \/ 128-bit WPA, WPA-PSK, WPA2, WPA2-PSK, Podr\u017eano Windows XP \/ Vista \/ 7 \/ 8, Linux i Mac OS-X","rel":"","context":"Srodne objave","img":{"alt_text":"","src":"https:\/\/i0.wp.com\/astehshop.com\/wp-content\/uploads\/2022\/11\/6935364050467.jpg?fit=974%2C944&resize=350%2C200","width":350,"height":200},"classes":[]}],"_links":{"self":[{"href":"http:\/\/astehshop.com\/index.php\/wp-json\/wp\/v2\/product\/12170"}],"collection":[{"href":"http:\/\/astehshop.com\/index.php\/wp-json\/wp\/v2\/product"}],"about":[{"href":"http:\/\/astehshop.com\/index.php\/wp-json\/wp\/v2\/types\/product"}],"replies":[{"embeddable":true,"href":"http:\/\/astehshop.com\/index.php\/wp-json\/wp\/v2\/comments?post=12170"}],"wp:featuredmedia":[{"embeddable":true,"href":"http:\/\/astehshop.com\/index.php\/wp-json\/wp\/v2\/media\/12171"}],"wp:attachment":[{"href":"http:\/\/astehshop.com\/index.php\/wp-json\/wp\/v2\/media?parent=12170"}],"wp:term":[{"taxonomy":"product_cat","embeddable":true,"href":"http:\/\/astehshop.com\/index.php\/wp-json\/wp\/v2\/product_cat?post=12170"},{"taxonomy":"product_tag","embeddable":true,"href":"http:\/\/astehshop.com\/index.php\/wp-json\/wp\/v2\/product_tag?post=12170"}],"curies":[{"name":"wp","href":"https:\/\/api.w.org\/{rel}","templated":true}]}}