{"id":12167,"date":"2026-01-09T18:24:10","date_gmt":"2026-01-09T17:24:10","guid":{"rendered":"http:\/\/astehshop.com\/?post_type=product&#038;p=12167"},"modified":"2026-01-09T18:24:12","modified_gmt":"2026-01-09T17:24:12","slug":"4g-ruter-router-cudy-lt300-n300-4g-lte-cat4-vpn","status":"publish","type":"product","link":"http:\/\/astehshop.com\/index.php\/product\/4g-ruter-router-cudy-lt300-n300-4g-lte-cat4-vpn\/","title":{"rendered":"4G ruter router Cudy LT300, N300, 4G, LTE, Cat4, VPN"},"content":{"rendered":"<p>Umetnite SIM karticu i odmah se pove\u017eite na internet. Novi LT300 opremljen je USB-C priklju\u010dkom za napajanje koji podr\u017eava standardno USB napajanje, \u0161to omogu\u0107uje fleksibilniju upotrebu. Uz ugra\u0111eni Wi-Fi brzine 300 Mbps i automatsko prebacivanje izme\u0111u mobilne i WAN veze, idealan je za dom, trgovine, male urede, poslovna putovanja, putovanja i sigurnosni nadzor.<\/p>\n<div class=\"product-specs\">\n<ul>\n<li><strong>Verzija modela:<\/strong> LT300<\/li>\n<li><strong>CPU detalji:<\/strong> 580 MHz jedn0jezgreni, MIPS24KEC<\/li>\n<li><strong>Flash\/ROM:<\/strong> 16 MB (128 Mbit) NOR<\/li>\n<li><strong>DDR\/RAM:<\/strong> 64 MB (512 Mbit) DDR2<\/li>\n<li><strong>Mobilni standardi:<\/strong> 4G Cat. 4<\/li>\n<li><strong>Mobilne antene:<\/strong> 2 fiksne<\/li>\n<li><strong>SIM opcije:<\/strong> 1\u00d7 Nano SIM utor<\/li>\n<li><strong>Dostupne verzije:<\/strong> EU, CN, LA<\/li>\n<li><strong>EU verzija \u2014 prikladna regija:<\/strong> Europa, Bliski Istok, Afrika<\/li>\n<li><strong>EU verzija \u2014 maksimalna DL brzina:<\/strong> 150 Mbps (LTE-FDD), 130 Mbps (LTE-TDD)<\/li>\n<li><strong>EU verzija \u2014 maksimalna UL brzina:<\/strong> 50 Mbps (LTE-FDD), 30 Mbps (LTE-TDD)<\/li>\n<li><strong>EU verzija \u2014 napredno:<\/strong> DL 2\u00d72 MIMO<\/li>\n<li><strong>EU verzija \u2014 mobilne frekvencije:<\/strong> LTE-FDD: B1\/3\/5\/7\/8\/20\/28; LTE-TDD: B38\/40\/41; WCDMA: B1\/5\/8<\/li>\n<li><strong>2.4 GHz Wi-Fi brzina:<\/strong> 300 Mbps<\/li>\n<li><strong>2.4 GHz Wi-Fi tokovi:<\/strong> 2T2R (2\u00d72 MIMO)<\/li>\n<li><strong>Wi-Fi antene:<\/strong> 2 interne<\/li>\n<li><strong>FEM ili PA\/LNA:<\/strong> 2.4 GHz: 2 interne<\/li>\n<li><strong>Domet:<\/strong> Maksimalno 100 m u otvorenom prostoru<\/li>\n<li><strong>Performanse kroz zidove:<\/strong> 1 drveni zid &lt; 10 cm; 1 betonski zid &lt; 10 cm<\/li>\n<li><strong>Fizi\u010dke tipke:<\/strong> WPS tipka, Reset tipka<\/li>\n<li><strong>RJ45 portovi (10\/100 Mbps):<\/strong> 2<\/li>\n<li><strong>Ethernet napomene:<\/strong> 1\u00d7 RJ45 port je WAN\/LAN konfigurabilan, ostali su LAN portovi<\/li>\n<li><strong>LED indikatori:<\/strong> Sustav, Ja\u010dina mobilnog signala<\/li>\n<li><strong>Ulaz za napajanje:<\/strong> USB-C priklju\u010dak<\/li>\n<li><strong>Na\u010dini napajanja:<\/strong> DC \/ PD<\/li>\n<li><strong>DC ulaz:<\/strong> 5V 2A<\/li>\n<li><strong>Maksimalna potro\u0161nja energije:<\/strong> 8 W<\/li>\n<li><strong>Potro\u0161nja u mirovanju:<\/strong> 3 W<\/li>\n<li><strong>EMC:<\/strong> ESD kontakt: 4 kV; zrak: 8 kV<\/li>\n<li><strong>Radni uvjeti:<\/strong> temperatura rada 0\u201340 \u2103; skladi\u0161tenje -40\u201370 \u2103; vla\u017enost 10\u201390% nekondenziraju\u0107a<\/li>\n<li><strong>Certifikati:<\/strong> FCC, CE<\/li>\n<li><strong>Dimenzije:<\/strong> 118 \u00d7 80 \u00d7 27.5 mm<\/li>\n<li><strong>Te\u017eina proizvoda:<\/strong> 126.0 g<\/li>\n<li><strong>Instalacija:<\/strong> Stolna<\/li>\n<\/ul>\n<\/div>\n","protected":false},"excerpt":{"rendered":"<p>Umetnite SIM karticu i odmah se pove\u017eite na internet. Novi LT300 opremljen je USB-C priklju\u010dkom za napajanje koji podr\u017eava standardno USB napajanje, \u0161to omogu\u0107uje fleksibilniju upotrebu. Uz ugra\u0111eni Wi-Fi brzine 300 Mbps i automatsko prebacivanje izme\u0111u mobilne i WAN veze, idealan je za dom, trgovine, male urede, poslovna putovanja, putovanja i sigurnosni nadzor.<\/p>\n<div class=\"product-specs\">\n<ul>\n<li><strong>Verzija modela:<\/strong> LT300<\/li>\n<li><strong>CPU detalji:<\/strong> 580 MHz jedn0jezgreni, MIPS24KEC<\/li>\n<li><strong>Flash\/ROM:<\/strong> 16 MB (128 Mbit) NOR<\/li>\n<li><strong>DDR\/RAM:<\/strong> 64 MB (512 Mbit) DDR2<\/li>\n<li><strong>Mobilni standardi:<\/strong> 4G Cat. 4<\/li>\n<li><strong>Mobilne antene:<\/strong> 2 fiksne<\/li>\n<li><strong>SIM opcije:<\/strong> 1\u00d7 Nano SIM utor<\/li>\n<li><strong>Dostupne verzije:<\/strong> EU, CN, LA<\/li>\n<li><strong>EU verzija \u2014 prikladna regija:<\/strong> Europa, Bliski Istok, Afrika<\/li>\n<li><strong>EU verzija \u2014 maksimalna DL brzina:<\/strong> 150 Mbps (LTE-FDD), 130 Mbps (LTE-TDD)<\/li>\n<li><strong>EU verzija \u2014 maksimalna UL brzina:<\/strong> 50 Mbps (LTE-FDD), 30 Mbps (LTE-TDD)<\/li>\n<li><strong>EU verzija \u2014 napredno:<\/strong> DL 2\u00d72 MIMO<\/li>\n<li><strong>EU verzija \u2014 mobilne frekvencije:<\/strong> LTE-FDD: B1\/3\/5\/7\/8\/20\/28; LTE-TDD: B38\/40\/41; WCDMA: B1\/5\/8<\/li>\n<li><strong>2.4 GHz Wi-Fi brzina:<\/strong> 300 Mbps<\/li>\n<li><strong>2.4 GHz Wi-Fi tokovi:<\/strong> 2T2R (2\u00d72 MIMO)<\/li>\n<li><strong>Wi-Fi antene:<\/strong> 2 interne<\/li>\n<li><strong>FEM ili PA\/LNA:<\/strong> 2.4 GHz: 2 interne<\/li>\n<li><strong>Domet:<\/strong> Maksimalno 100 m u otvorenom prostoru<\/li>\n<li><strong>Performanse kroz zidove:<\/strong> 1 drveni zid &lt; 10 cm; 1 betonski zid &lt; 10 cm<\/li>\n<li><strong>Fizi\u010dke tipke:<\/strong> WPS tipka, Reset tipka<\/li>\n<li><strong>RJ45 portovi (10\/100 Mbps):<\/strong> 2<\/li>\n<li><strong>Ethernet napomene:<\/strong> 1\u00d7 RJ45 port je WAN\/LAN konfigurabilan, ostali su LAN portovi<\/li>\n<li><strong>LED indikatori:<\/strong> Sustav, Ja\u010dina mobilnog signala<\/li>\n<li><strong>Ulaz za napajanje:<\/strong> USB-C priklju\u010dak<\/li>\n<li><strong>Na\u010dini napajanja:<\/strong> DC \/ PD<\/li>\n<li><strong>DC ulaz:<\/strong> 5V 2A<\/li>\n<li><strong>Maksimalna potro\u0161nja energije:<\/strong> 8 W<\/li>\n<li><strong>Potro\u0161nja u mirovanju:<\/strong> 3 W<\/li>\n<li><strong>EMC:<\/strong> ESD kontakt: 4 kV; zrak: 8 kV<\/li>\n<li><strong>Radni uvjeti:<\/strong> temperatura rada 0\u201340 \u2103; skladi\u0161tenje -40\u201370 \u2103; vla\u017enost 10\u201390% nekondenziraju\u0107a<\/li>\n<li><strong>Certifikati:<\/strong> FCC, CE<\/li>\n<li><strong>Dimenzije:<\/strong> 118 \u00d7 80 \u00d7 27.5 mm<\/li>\n<li><strong>Te\u017eina proizvoda:<\/strong> 126.0 g<\/li>\n<li><strong>Instalacija:<\/strong> Stolna<\/li>\n<\/ul>\n<\/div>\n","protected":false},"featured_media":12168,"comment_status":"open","ping_status":"closed","template":"","meta":{"_mi_skip_tracking":false,"_exactmetrics_sitenote_active":false,"_exactmetrics_sitenote_note":"","_exactmetrics_sitenote_category":0,"spay_email":""},"product_cat":[5858],"product_tag":[7258,8635,8634,8633,8636,8632],"brands":[{"id":5831,"name":"Cudy","slug":"cudy"}],"df_price":139,"df_sale_price":"","df_regular_price":139,"df_image_link":"https:\/\/i1.wp.com\/astehshop.com\/wp-content\/uploads\/2026\/01\/Wi-Fi-router-Cudy-LT300-N300-4G-LTE-Cat4-VPN.png?fit=450%2C450","jetpack_publicize_connections":[],"jetpack_sharing_enabled":true,"jetpack_likes_enabled":true,"jetpack-related-posts":[{"id":9448,"url":"http:\/\/astehshop.com\/index.php\/product\/dahua-imou-cruiser-4g-kamera-na-sim-karticu\/","url_meta":{"origin":12167,"position":0},"title":"Dahua Imou Cruiser 4G kamera na sim karticu","date":"5. kolovoza 2024.","format":false,"excerpt":"4G konekcija | 1080P HD slika | Panoramic Pan & Tilt | Human Detection | Smart Tracking \u00a0 Pove\u017eite svoj Cruiser na mjestima gdje Wi-Fi nije dostupan Cruiser 4G podr\u017eava 4G LTE vezu\u00b9, jednostavno uklju\u010dite svoju nano SIM karticu da je pove\u017eete vani gdje Wi-Fi signal ne mo\u017ee pokriti. \u00a0\u2026","rel":"","context":"Srodne objave","img":{"alt_text":"","src":"https:\/\/i0.wp.com\/astehshop.com\/wp-content\/uploads\/2024\/08\/Cruiser-4G-3.png?fit=885%2C1038&resize=350%2C200","width":350,"height":200},"classes":[]},{"id":6693,"url":"http:\/\/astehshop.com\/index.php\/product\/4g-mobilni-wifi-router-150-mbps\/","url_meta":{"origin":12167,"position":1},"title":"4G mobilni WiFi router, 150 Mbps","date":"19. studenoga 2022.","format":false,"excerpt":"Ako \u010desto putujete, E5577-320 4G LTE je pravi ure\u0111aj koji mo\u017eete ponijeti sa sobom, super brzi, d\u017eepni WiFi ... Roditeljska kontrola i mre\u017ea gostiju - Pojednostavljeni sustav koji \u0107e vam pomo\u0107i osigurati mre\u017enu sigurnost na svim povezanim ure\u0111ajima i isklju\u010diti bilo koji ure\u0111aj pritiskom na tipku. Mo\u0107na, punjiva baterija sa\u2026","rel":"","context":"Srodne objave","img":{"alt_text":"","src":"https:\/\/i1.wp.com\/astehshop.com\/wp-content\/uploads\/2022\/11\/6901443446780.jpg?fit=1170%2C1200&resize=350%2C200","width":350,"height":200},"classes":[]},{"id":8114,"url":"http:\/\/astehshop.com\/index.php\/product\/cudy-4g-lte-cat-18-ax1800-wi-fi-6-router-model-lt18\/","url_meta":{"origin":12167,"position":2},"title":"Cudy 4G LTE Cat. 18 AX1800 Wi-Fi 6 Router, Model: LT18","date":"24. kolovoza 2023.","format":false,"excerpt":"4G LTE cat18 AX1800 Wi-Fi 6 Router, Model: LT18 4G LTE-Advanced Cat.18, Max 1.2 Gbps download Br\u017ei 4G sa 4\u00d74 MIMO i DL 5CA tehnologijama Super brzi AX1800 Wi-Fi 6 Dual Nano SIM slotovi za kartice 4\u00d7 gigabitni portovi 4\u00d7 odvojive mobilne antene 2\u00d7 fiksne WiFi antene DNS enkripcija sa\u2026","rel":"","context":"Srodne objave","img":{"alt_text":"","src":"https:\/\/i2.wp.com\/astehshop.com\/wp-content\/uploads\/2023\/08\/Ruter-prednja-strana-1.jpg?fit=1200%2C1114&resize=350%2C200","width":350,"height":200},"classes":[]},{"id":8117,"url":"http:\/\/astehshop.com\/index.php\/product\/cudy-outdoor-4g-cat-4-n300-wi-fi-router-model-lt400-outdoor\/","url_meta":{"origin":12167,"position":3},"title":"Cudy Outdoor 4G Cat 4 N300 Wi-Fi Router, Model: LT400 Outdoor","date":"24. kolovoza 2023.","format":false,"excerpt":"Vanjski 4G Cat 4 N300 Wi-Fi usmjeriva\u010d, model: LT400 Outdoor LTE FDD\/TDD Cat 4 N300 Wi-Fi 1\u00d7 10\/100Mbps WAN\/LAN Nano SIM Slot 24V pasivni poE 2\u00d7 unutra\u0161nje WiFi antene + 2\u00d7 odvojive 4G antene VPN i DDNS IP65 WaterProof \u00a0 Pretvorite 4G u N300 Wi-Fi Sa 4G Cat.4 standardima, LT400\u2026","rel":"","context":"Srodne objave","img":{"alt_text":"","src":"https:\/\/i2.wp.com\/astehshop.com\/wp-content\/uploads\/2023\/08\/Prednja-strana.png?fit=1200%2C1146&resize=350%2C200","width":350,"height":200},"classes":[]},{"id":8120,"url":"http:\/\/astehshop.com\/index.php\/product\/cudy-outdoor-4g-cat-4-ac1200-wi-fi-router-model-lt500-outdoor\/","url_meta":{"origin":12167,"position":4},"title":"Cudy Outdoor 4G Cat 4 AC1200 Wi-Fi Router, Model: LT500 Outdoor","date":"24. kolovoza 2023.","format":false,"excerpt":"Outdoor 4G Cat 4 AC1200 Wi-Fi Router, Model: LT500 Outdoor LTE FDD\/TDD Cat 4 AC1200 Wi-Fi 1\u00d7 10\/100 Mbps WAN\/LAN Nano SIM Slot 24 V pasivni poE 2\u00d7 unutra\u0161nje WiFi antene + 2\u00d7 odvojive 4G antene VPN i DDNS IP65 WaterProof \u00a0 Pretvorite 4G u brzi AC1200 Wi-Fi Sa 4G,\u2026","rel":"","context":"Srodne objave","img":{"alt_text":"","src":"https:\/\/i2.wp.com\/astehshop.com\/wp-content\/uploads\/2023\/08\/Sadrzaj-pakovanja.png?fit=1200%2C1117&resize=350%2C200","width":350,"height":200},"classes":[]},{"id":8393,"url":"http:\/\/astehshop.com\/index.php\/product\/tp-link-m7350-4g-lte-mobile-wi-fi-router\/","url_meta":{"origin":12167,"position":5},"title":"TP-Link M7350 4G LTE Mobile Wi-Fi Router","date":"21. listopada 2023.","format":false,"excerpt":"4G LTE supported with up to 150 Mbps download and 50 Mbps upload speeds; Supports up to 10 devices simultaneously; All useful information at a glance with screen display 2000mAh battery for up to 8 hours of working; Equipped with a micro SD card slot for up to 32GB of\u2026","rel":"","context":"Srodne objave","img":{"alt_text":"","src":"https:\/\/i2.wp.com\/astehshop.com\/wp-content\/uploads\/2023\/10\/27103-TP-Link-MR7350-4G-LTE-Mobile-Wi-Fi-Router-1.jpg?fit=450%2C450&resize=350%2C200","width":350,"height":200},"classes":[]}],"_links":{"self":[{"href":"http:\/\/astehshop.com\/index.php\/wp-json\/wp\/v2\/product\/12167"}],"collection":[{"href":"http:\/\/astehshop.com\/index.php\/wp-json\/wp\/v2\/product"}],"about":[{"href":"http:\/\/astehshop.com\/index.php\/wp-json\/wp\/v2\/types\/product"}],"replies":[{"embeddable":true,"href":"http:\/\/astehshop.com\/index.php\/wp-json\/wp\/v2\/comments?post=12167"}],"wp:featuredmedia":[{"embeddable":true,"href":"http:\/\/astehshop.com\/index.php\/wp-json\/wp\/v2\/media\/12168"}],"wp:attachment":[{"href":"http:\/\/astehshop.com\/index.php\/wp-json\/wp\/v2\/media?parent=12167"}],"wp:term":[{"taxonomy":"product_cat","embeddable":true,"href":"http:\/\/astehshop.com\/index.php\/wp-json\/wp\/v2\/product_cat?post=12167"},{"taxonomy":"product_tag","embeddable":true,"href":"http:\/\/astehshop.com\/index.php\/wp-json\/wp\/v2\/product_tag?post=12167"}],"curies":[{"name":"wp","href":"https:\/\/api.w.org\/{rel}","templated":true}]}}