{"id":12149,"date":"2026-01-08T16:45:57","date_gmt":"2026-01-08T15:45:57","guid":{"rendered":"http:\/\/astehshop.com\/?post_type=product&#038;p=12149"},"modified":"2026-04-04T20:19:30","modified_gmt":"2026-04-04T18:19:30","slug":"laptop-asus-vivobook-s-14-q423sa-u5512","status":"publish","type":"product","link":"http:\/\/astehshop.com\/index.php\/product\/laptop-asus-vivobook-s-14-q423sa-u5512\/","title":{"rendered":"LAPTOP ASUS VivoBook S 14 Q423SA-U5512"},"content":{"rendered":"<ul>\n<li data-start=\"113\" data-end=\"252\">\n<p data-start=\"115\" data-end=\"252\"><strong data-start=\"115\" data-end=\"125\">Ekran:<\/strong> 14&#8243; 1920 \u00d7 1200 px, WUXGA, OLED, 16:10, Gloss, 400 cd\/m\u00b2, DCI-P3, 60 Hz, 1.073 milijardi boja, 1000000:1, HDR True Black 600<\/p>\n<\/li>\n<li data-start=\"253\" data-end=\"329\">\n<p data-start=\"255\" data-end=\"329\"><strong data-start=\"255\" data-end=\"268\">Procesor:<\/strong> Intel Core Ultra 5 226V (2.1 \u2013 4.5 GHz, 8C\/8T, 8 MB cache)<\/p>\n<\/li>\n<li data-start=\"330\" data-end=\"358\">\n<p data-start=\"332\" data-end=\"358\"><strong data-start=\"332\" data-end=\"345\">Memorija:<\/strong> 16 GB DDR5<\/p>\n<\/li>\n<li data-start=\"359\" data-end=\"388\">\n<p data-start=\"361\" data-end=\"388\"><strong data-start=\"361\" data-end=\"375\">Hard disk:<\/strong> 512 GB SSD<\/p>\n<\/li>\n<li data-start=\"389\" data-end=\"445\">\n<p data-start=\"391\" data-end=\"445\"><strong data-start=\"391\" data-end=\"410\">Grafi\u010dka karta:<\/strong> Intel Arc Graphics (integrisana)<\/p>\n<\/li>\n<li data-start=\"446\" data-end=\"505\">\n<p data-start=\"448\" data-end=\"505\"><strong data-start=\"448\" data-end=\"470\">Operativni sistem:<\/strong> Windows 11 Home + MS Office 2019<\/p>\n<\/li>\n<li data-start=\"506\" data-end=\"579\">\n<p data-start=\"508\" data-end=\"579\"><strong data-start=\"508\" data-end=\"522\">Tastatura:<\/strong> US-Internacionalna, jednobojno pozadinsko osvjetljenje<\/p>\n<\/li>\n<li data-start=\"580\" data-end=\"609\">\n<p data-start=\"582\" data-end=\"609\"><strong data-start=\"582\" data-end=\"596\">Garancija:<\/strong> 12 mjeseci<\/p>\n<\/li>\n<li data-start=\"610\" data-end=\"632\">\n<p data-start=\"612\" data-end=\"632\"><strong data-start=\"612\" data-end=\"623\">Te\u017eina:<\/strong> 1.3 kg<\/p>\n<\/li>\n<li data-start=\"633\" data-end=\"651\">\n<p data-start=\"635\" data-end=\"651\"><strong data-start=\"635\" data-end=\"644\">Boja:<\/strong> Crna<\/p>\n<\/li>\n<li data-start=\"652\" data-end=\"849\">\n<p data-start=\"654\" data-end=\"849\"><strong data-start=\"654\" data-end=\"665\">Ostalo:<\/strong> FHD WebCam sa IR funkcijom, Wi-Fi 7, Bluetooth 5.4, 2x USB 3.2 Gen 1 Type-A, 1x HDMI 2.1, 2x Thunderbolt 4, 1x USB-C DisplayPort Alternate Mode, baterija 75Wh, aluminijumsko ku\u0107i\u0161te<\/p>\n<\/li>\n<\/ul>\n<p>&nbsp;<\/p>\n<p>&#x1f4cd; Li\u010dno preuzimanje ili slanje brzom po\u0161tom<\/p>\n<p><strong>Za sve dodatne informacije mozete nas kontaktirati na OLX poruke, 065824333 ili Viber<\/strong><\/p>\n<p><strong>\u00a0NUDIMO KUPOVINU NOVE ROBE NA RATE:<\/strong><\/p>\n<p><strong>-DO 18 RATA PREKO MIKROFIN KREDITNA ORGANIZACIJA<\/strong><\/p>\n<p><strong>-DO 12 RATA PREKO \u0160OPING KARTICE UNICREDIT BANK<\/strong><\/p>\n<p><strong>Trgovinska Radnja<\/strong><\/p>\n<p><strong>TECHNO SHOP BN<\/strong><\/p>\n<p><strong>Nikole Tesle 31a, Bijeljina<\/strong><\/p>\n<p><strong>(izme\u0111u Moja Apoteka i picerije Park Ne\u0161kovi\u0107)<\/strong><\/p>\n<p><strong>055\/422-599<\/strong><\/p>\n<p><strong>065\/824-333<\/strong><\/p>\n<p><strong>Radnim danima 09-19h<\/strong><\/p>\n<p><strong>Subotom 09-16h<\/strong><\/p>\n<p><strong>www.technoshopbn.com<\/strong><\/p>\n<p><strong>info@technoshopbn.com<\/strong><\/p>\n","protected":false},"excerpt":{"rendered":"<ul>\n<li data-start=\"113\" data-end=\"252\">\n<p data-start=\"115\" data-end=\"252\"><strong data-start=\"115\" data-end=\"125\">Ekran:<\/strong> 14&#8243; 1920 \u00d7 1200 px, WUXGA, OLED, 16:10, Gloss, 400 cd\/m\u00b2, DCI-P3, 60 Hz, 1.073 milijardi boja, 1000000:1, HDR True Black 600<\/p>\n<\/li>\n<li data-start=\"253\" data-end=\"329\">\n<p data-start=\"255\" data-end=\"329\"><strong data-start=\"255\" data-end=\"268\">Procesor:<\/strong> Intel Core Ultra 5 226V (2.1 \u2013 4.5 GHz, 8C\/8T, 8 MB cache)<\/p>\n<\/li>\n<li data-start=\"330\" data-end=\"358\">\n<p data-start=\"332\" data-end=\"358\"><strong data-start=\"332\" data-end=\"345\">Memorija:<\/strong> 16 GB DDR5<\/p>\n<\/li>\n<li data-start=\"359\" data-end=\"388\">\n<p data-start=\"361\" data-end=\"388\"><strong data-start=\"361\" data-end=\"375\">Hard disk:<\/strong> 512 GB SSD<\/p>\n<\/li>\n<li data-start=\"389\" data-end=\"445\">\n<p data-start=\"391\" data-end=\"445\"><strong data-start=\"391\" data-end=\"410\">Grafi\u010dka karta:<\/strong> Intel Arc Graphics (integrisana)<\/p>\n<\/li>\n<li data-start=\"446\" data-end=\"505\">\n<p data-start=\"448\" data-end=\"505\"><strong data-start=\"448\" data-end=\"470\">Operativni sistem:<\/strong> Windows 11 Home + MS Office 2019<\/p>\n<\/li>\n<\/ul>\n","protected":false},"featured_media":12150,"comment_status":"open","ping_status":"closed","template":"","meta":{"_mi_skip_tracking":false,"_exactmetrics_sitenote_active":false,"_exactmetrics_sitenote_note":"","_exactmetrics_sitenote_category":0,"spay_email":""},"product_cat":[5138],"product_tag":[],"brands":[{"id":5147,"name":"ASUS","slug":"asus"}],"df_price":1555,"df_sale_price":"","df_regular_price":1555,"df_image_link":"https:\/\/i0.wp.com\/astehshop.com\/wp-content\/uploads\/2026\/01\/38833-ASUS-VivoBook-S-14-laptop-Q423SA-U5512-3.webp?fit=450%2C450","jetpack_publicize_connections":[],"jetpack_sharing_enabled":true,"jetpack_likes_enabled":true,"jetpack-related-posts":[{"id":12120,"url":"http:\/\/astehshop.com\/index.php\/product\/laptop-hp-probook-4-g1ir-16-2\/","url_meta":{"origin":12149,"position":0},"title":"LAPTOP HP ProBook 4 G1iR 16","date":"8. sije\u010dnja 2026.","format":false,"excerpt":"Veli\u010dina ekrana: 16.0\" 1920 \u00d7 1200 px, IPS, anti-glare, 300 nita, 62,5% sRGB Procesor: Intel Core i5-120U (1.4 \u2013 5.0 GHz), 10 jezgri \/ 12 threadova, 12 MB cache Memorija: 16 GB DDR5 Hard disk: 512 GB SSD Grafi\u010dka karta: Intel UHD Graphics (integrisana) Operativni sistem: Windows 11 + MS\u2026","rel":"","context":"Srodne objave","img":{"alt_text":"","src":"https:\/\/i1.wp.com\/astehshop.com\/wp-content\/uploads\/2026\/01\/39950-HP-ProBook-4-G1iR-16-laptop-C38L2AT-1.webp?fit=450%2C450&resize=350%2C200","width":350,"height":200},"classes":[]},{"id":12133,"url":"http:\/\/astehshop.com\/index.php\/product\/laptop-hp-probook-460-g11-c14p4etw\/","url_meta":{"origin":12149,"position":1},"title":"LAPTOP HP ProBook 460 G11 C14P4ETW","date":"8. sije\u010dnja 2026.","format":false,"excerpt":"Veli\u010dina ekrana: 16.0\" 1920 \u00d7 1200 px, IPS, anti-glare, 300 nits, 45% NTSC Procesor: Intel Core Ultra 5 125U (1.3 \u2013 4.3 GHz), 12 jezgri \/ 14 threadova, 12 MB cache Memorija: 16 GB DDR5 Hard disk: 512 GB SSD Grafi\u010dka karta: Intel UHD Graphics (integrisana) Operativni sistem: Windows 11\u2026","rel":"","context":"Srodne objave","img":{"alt_text":"","src":"https:\/\/i0.wp.com\/astehshop.com\/wp-content\/uploads\/2026\/01\/39929-HP-ProBook-460-G11-laptop-C14P4ET-2.webp?fit=450%2C450&resize=350%2C200","width":350,"height":200},"classes":[]},{"id":12101,"url":"http:\/\/astehshop.com\/index.php\/product\/laptop-asus-vivobook-16-f1605va-ws74\/","url_meta":{"origin":12149,"position":2},"title":"LAPTOP ASUS Vivobook 16 F1605VA-WS74","date":"8. sije\u010dnja 2026.","format":false,"excerpt":"Veli\u010dina ekrana: 16\" WUXGA (1920 \u00d7 1200), IPS-level, 16:10, anti-glare, 300 nits, 60 Hz Procesor: Intel Core i7-1355U (3.7 \u2013 5.0 GHz), 10 jezgri \/ 12 threadova, 12 MB cache Memorija: 16 GB DDR4 Hard disk: 512 GB SSD Grafi\u010dka karta: Intel Iris Xe Graphics (integrisana) Operativni sistem: Windows 11\u2026","rel":"","context":"Srodne objave","img":{"alt_text":"","src":"https:\/\/i1.wp.com\/astehshop.com\/wp-content\/uploads\/2026\/01\/40020-ASUS-Vivobook-16-laptop-F1605VA-WS74-4.webp?fit=450%2C450&resize=350%2C200","width":350,"height":200},"classes":[]},{"id":12034,"url":"http:\/\/astehshop.com\/index.php\/product\/laptop-dell-inspiron-14-5440-5463blk-16gb\/","url_meta":{"origin":12149,"position":3},"title":"LAPTOP DELL Inspiron 14 5440-5463BLK\/16GB","date":"27. prosinca 2025.","format":false,"excerpt":"Veli\u010dina ekrana: 14\" 1920 \u00d7 1200 px, IPS WVA, anti-glare, 250 nits, 45% NTSC, 60 Hz Procesor: Intel Core i5-1334U (3.4 \u2013 4.6 GHz), 10 jezgri \/ 12 threadova, 12 MB cache Memorija: 16 GB DDR5 Hard disk: 512 GB SSD Grafi\u010dka karta: Intel UHD Graphics (integrisana) Operativni sistem: Windows\u2026","rel":"","context":"Srodne objave","img":{"alt_text":"","src":"https:\/\/i0.wp.com\/astehshop.com\/wp-content\/uploads\/2025\/12\/39480-DELL-Inspiron-14-laptop-5440-5463BLK-3.webp?fit=450%2C450&resize=350%2C200","width":350,"height":200},"classes":[]},{"id":12002,"url":"http:\/\/astehshop.com\/index.php\/product\/laptop-hp-250-g10-b3aa2at-16gb\/","url_meta":{"origin":12149,"position":4},"title":"LAPTOP HP 250 G10 B3AA2AT\/16GB","date":"26. prosinca 2025.","format":false,"excerpt":"Veli\u010dina ekrana: 15.6\" 1920 \u00d7 1080 px Procesor: Intel Core i3-1315U (1.2 \u2013 4.5 GHz), 6 jezgri \/ 8 threadova, 10 MB cache Memorija: 16 GB DDR4 Hard disk: 512 GB SSD Grafi\u010dka karta: Intel Iris Xe Graphics (integrisana) Operativni sistem: Windows 11, MS Office 2019","rel":"","context":"Srodne objave","img":{"alt_text":"","src":"https:\/\/i2.wp.com\/astehshop.com\/wp-content\/uploads\/2025\/12\/39573-HP-250-G10-laptop-B3AA2AT-3.webp?fit=450%2C450&resize=350%2C200","width":350,"height":200},"classes":[]},{"id":12110,"url":"http:\/\/astehshop.com\/index.php\/product\/laptop-hp-probook-4-g1ir-16-b39zjatw\/","url_meta":{"origin":12149,"position":5},"title":"LAPTOP HP ProBook 4 G1iR 16 B39ZJATW","date":"8. sije\u010dnja 2026.","format":false,"excerpt":"Veli\u010dina ekrana: 16.0\" WUXGA (1920 \u00d7 1200), IPS, anti-glare, 300 nits, 62.5% sRGB Procesor: Intel Core i5-1334U (1.3 \u2013 4.6 GHz), 10 jezgri \/ 12 threadova, 12 MB cache Memorija: 16 GB DDR5 Hard disk: 1 TB SSD Grafi\u010dka karta: Intel Iris Xe Graphics (integrisana) Operativni sistem: Windows 11 +\u2026","rel":"","context":"Srodne objave","img":{"alt_text":"","src":"https:\/\/i1.wp.com\/astehshop.com\/wp-content\/uploads\/2026\/01\/39574-HP-ProBook-4-G1iR-16-laptop-B39ZJAT-1.webp?fit=450%2C450&resize=350%2C200","width":350,"height":200},"classes":[]}],"_links":{"self":[{"href":"http:\/\/astehshop.com\/index.php\/wp-json\/wp\/v2\/product\/12149"}],"collection":[{"href":"http:\/\/astehshop.com\/index.php\/wp-json\/wp\/v2\/product"}],"about":[{"href":"http:\/\/astehshop.com\/index.php\/wp-json\/wp\/v2\/types\/product"}],"replies":[{"embeddable":true,"href":"http:\/\/astehshop.com\/index.php\/wp-json\/wp\/v2\/comments?post=12149"}],"wp:featuredmedia":[{"embeddable":true,"href":"http:\/\/astehshop.com\/index.php\/wp-json\/wp\/v2\/media\/12150"}],"wp:attachment":[{"href":"http:\/\/astehshop.com\/index.php\/wp-json\/wp\/v2\/media?parent=12149"}],"wp:term":[{"taxonomy":"product_cat","embeddable":true,"href":"http:\/\/astehshop.com\/index.php\/wp-json\/wp\/v2\/product_cat?post=12149"},{"taxonomy":"product_tag","embeddable":true,"href":"http:\/\/astehshop.com\/index.php\/wp-json\/wp\/v2\/product_tag?post=12149"}],"curies":[{"name":"wp","href":"https:\/\/api.w.org\/{rel}","templated":true}]}}