{"id":12089,"date":"2026-01-08T15:00:22","date_gmt":"2026-01-08T14:00:22","guid":{"rendered":"http:\/\/astehshop.com\/?post_type=product&#038;p=12089"},"modified":"2026-01-08T15:00:24","modified_gmt":"2026-01-08T14:00:24","slug":"laptop-asus-vivobook-14-x1404va-i712512-24gb","status":"publish","type":"product","link":"http:\/\/astehshop.com\/index.php\/product\/laptop-asus-vivobook-14-x1404va-i712512-24gb\/","title":{"rendered":"LAPTOP ASUS VivoBook 14 X1404VA-I712512\/24GB"},"content":{"rendered":"<p>\u2022 <strong data-start=\"186\" data-end=\"206\">Veli\u010dina ekrana:<\/strong> 14&#8243; Full HD (1920 \u00d7 1080), LED Backlit, IPS-level, anti-glare, 16:9, 60 Hz, 250 nits, 45% NTSC, T\u00dcV Rheinland, screen-to-body 82%<br data-start=\"336\" data-end=\"339\" \/>\u2022 <strong data-start=\"341\" data-end=\"354\">Procesor:<\/strong> Intel Core i7-1355U (3.6 \u2013 5.0 GHz), 10 jezgri \/ 12 threadova, 12 MB cache<br data-start=\"429\" data-end=\"432\" \/>\u2022 <strong data-start=\"434\" data-end=\"447\">Memorija:<\/strong> 24 GB DDR4<br data-start=\"458\" data-end=\"461\" \/>\u2022 <strong data-start=\"463\" data-end=\"477\">Hard disk:<\/strong> 512 GB SSD<br data-start=\"488\" data-end=\"491\" \/>\u2022 <strong data-start=\"493\" data-end=\"512\">Grafi\u010dka karta:<\/strong> Intel Iris Xe Graphics (integrisana)<br data-start=\"549\" data-end=\"552\" \/>\u2022 <strong data-start=\"554\" data-end=\"576\">Operativni sistem:<\/strong> Windows 11 + MS Office 2019<br data-start=\"604\" data-end=\"607\" \/>\u2022 <strong data-start=\"609\" data-end=\"623\">Tastatura:<\/strong> US-Internacionalna, bijelo pozadinsko osvjetljenje<br data-start=\"674\" data-end=\"677\" \/>\u2022 <strong data-start=\"679\" data-end=\"693\">Garancija:<\/strong> 12 mjeseci<br data-start=\"704\" data-end=\"707\" \/>\u2022 <strong data-start=\"709\" data-end=\"720\">Te\u017eina:<\/strong> 1.4 kg<br data-start=\"727\" data-end=\"730\" \/>\u2022 <strong data-start=\"732\" data-end=\"741\">Boja:<\/strong> Plava<br data-start=\"747\" data-end=\"750\" \/>\u2022 <strong data-start=\"752\" data-end=\"763\">Ostalo:<\/strong> HD 720p kamera sa privacy shutterom, Wi-Fi 6, Bluetooth 5.2, USB-C 3.2 Gen 1, 2\u00d7 USB 3.2 Gen 1, USB 2.0, HDMI 1.4, audio combo jack, DC-in, \u010dita\u010d otiska prsta u touchpadu, baterija 42 Wh (3-\u0107elijska Li-ion)<\/p>\n<p>&nbsp;<\/p>\n<p>&#x1f4cd; Li\u010dno preuzimanje ili slanje brzom po\u0161tom<\/p>\n<p><strong>Za sve dodatne informacije mozete nas kontaktirati na OLX poruke, 065824333 ili Viber<\/strong><\/p>\n<p><strong>\u00a0NUDIMO KUPOVINU NOVE ROBE NA RATE:<\/strong><\/p>\n<p><strong>-DO 18 RATA PREKO MIKROFIN KREDITNA ORGANIZACIJA<\/strong><\/p>\n<p><strong>-DO 12 RATA PREKO \u0160OPING KARTICE UNICREDIT BANK<\/strong><\/p>\n<p><strong>Trgovinska Radnja<\/strong><\/p>\n<p><strong>TECHNO SHOP BN<\/strong><\/p>\n<p><strong>Nikole Tesle 31a, Bijeljina<\/strong><\/p>\n<p><strong>(izme\u0111u Moja Apoteka i picerije Park Ne\u0161kovi\u0107)<\/strong><\/p>\n<p><strong>055\/422-599<\/strong><\/p>\n<p><strong>065\/824-333<\/strong><\/p>\n<p><strong>Radnim danima 09-19h<\/strong><\/p>\n<p><strong>Subotom 09-16h<\/strong><\/p>\n<p><strong>www.technoshopbn.com<\/strong><\/p>\n<p><strong>info@technoshopbn.com<\/strong><\/p>\n<p>&nbsp;<\/p>\n<p>&nbsp;<\/p>\n","protected":false},"excerpt":{"rendered":"<p>\u2022 <strong data-start=\"186\" data-end=\"206\">Veli\u010dina ekrana:<\/strong> 14&#8243; Full HD (1920 \u00d7 1080), LED Backlit, IPS-level, anti-glare, 16:9, 60 Hz, 250 nits, 45% NTSC, T\u00dcV Rheinland, screen-to-body 82%<br data-start=\"336\" data-end=\"339\" \/>\u2022 <strong data-start=\"341\" data-end=\"354\">Procesor:<\/strong> Intel Core i7-1355U (3.6 \u2013 5.0 GHz), 10 jezgri \/ 12 threadova, 12 MB cache<br data-start=\"429\" data-end=\"432\" \/>\u2022 <strong data-start=\"434\" data-end=\"447\">Memorija:<\/strong> 24 GB DDR4<br data-start=\"458\" data-end=\"461\" \/>\u2022 <strong data-start=\"463\" data-end=\"477\">Hard disk:<\/strong> 512 GB SSD<br data-start=\"488\" data-end=\"491\" \/>\u2022 <strong data-start=\"493\" data-end=\"512\">Grafi\u010dka karta:<\/strong> Intel Iris Xe Graphics (integrisana)<br data-start=\"549\" data-end=\"552\" \/>\u2022 <strong data-start=\"554\" data-end=\"576\">Operativni sistem:<\/strong> Windows 11 + MS Office 2019<\/p>\n","protected":false},"featured_media":12090,"comment_status":"open","ping_status":"closed","template":"","meta":{"_mi_skip_tracking":false,"_exactmetrics_sitenote_active":false,"_exactmetrics_sitenote_note":"","_exactmetrics_sitenote_category":0,"spay_email":""},"product_cat":[5138],"product_tag":[],"brands":[{"id":5147,"name":"ASUS","slug":"asus"}],"df_price":1339,"df_sale_price":"","df_regular_price":1339,"df_image_link":"https:\/\/i2.wp.com\/astehshop.com\/wp-content\/uploads\/2026\/01\/39605-ASUS-VivoBook-14-laptop-X1404VA-I712512-5-1.webp?fit=450%2C450","jetpack_publicize_connections":[],"jetpack_sharing_enabled":true,"jetpack_likes_enabled":true,"jetpack-related-posts":[{"id":12101,"url":"http:\/\/astehshop.com\/index.php\/product\/laptop-asus-vivobook-16-f1605va-ws74\/","url_meta":{"origin":12089,"position":0},"title":"LAPTOP ASUS Vivobook 16 F1605VA-WS74","date":"8. sije\u010dnja 2026.","format":false,"excerpt":"Veli\u010dina ekrana: 16\" WUXGA (1920 \u00d7 1200), IPS-level, 16:10, anti-glare, 300 nits, 60 Hz Procesor: Intel Core i7-1355U (3.7 \u2013 5.0 GHz), 10 jezgri \/ 12 threadova, 12 MB cache Memorija: 16 GB DDR4 Hard disk: 512 GB SSD Grafi\u010dka karta: Intel Iris Xe Graphics (integrisana) Operativni sistem: Windows 11\u2026","rel":"","context":"Srodne objave","img":{"alt_text":"","src":"https:\/\/i1.wp.com\/astehshop.com\/wp-content\/uploads\/2026\/01\/40020-ASUS-Vivobook-16-laptop-F1605VA-WS74-4.webp?fit=450%2C450&resize=350%2C200","width":350,"height":200},"classes":[]},{"id":12078,"url":"http:\/\/astehshop.com\/index.php\/product\/laptop-asus-vivobook-14\/","url_meta":{"origin":12089,"position":1},"title":"LAPTOP ASUS VivoBook 14","date":"3. sije\u010dnja 2026.","format":false,"excerpt":"\u2022 Veli\u010dina ekrana: 14\" Full HD (1920 \u00d7 1080), IPS-level, anti-glare, 250 nits, 45% NTSC, 60 Hz, T\u00dcV Rheinland certifikat\u2022 Procesor: Intel Core i7-1355U (3.6 \u2013 5.0 GHz), 10 jezgri \/ 12 threadova, 12 MB cache\u2022 Memorija: 24 GB DDR4\u2022 Hard disk: 512 GB SSD\u2022 Grafi\u010dka karta: Intel Iris Xe\u2026","rel":"","context":"Srodne objave","img":{"alt_text":"","src":"https:\/\/i0.wp.com\/astehshop.com\/wp-content\/uploads\/2026\/01\/39605-ASUS-VivoBook-14-laptop-X1404VA-I712512-5.webp?fit=450%2C450&resize=350%2C200","width":350,"height":200},"classes":[]},{"id":12104,"url":"http:\/\/astehshop.com\/index.php\/product\/laptop-asus-vivobook-15-x1504va-bq1358w\/","url_meta":{"origin":12089,"position":2},"title":"LAPTOP ASUS VivoBook 15 X1504VA-BQ1358W","date":"8. sije\u010dnja 2026.","format":false,"excerpt":"Veli\u010dina ekrana: 15.6\" (1920 \u00d7 1080), Full HD Procesor: Intel Core i7-1355U (1.7 \u2013 5.0 GHz), 10 jezgri \/ 12 threadova, 12 MB cache Memorija: 16 GB DDR4 Hard disk: 1 TB SSD Grafi\u010dka karta: Intel Iris Xe Graphics (integrisana) Operativni sistem: Windows 11 + MS Office 2019","rel":"","context":"Srodne objave","img":{"alt_text":"","src":"https:\/\/i1.wp.com\/astehshop.com\/wp-content\/uploads\/2026\/01\/39371-ASUS-VivoBook-15-laptop-X1504VA-BQ1358-6.webp?fit=450%2C450&resize=350%2C200","width":350,"height":200},"classes":[]},{"id":12098,"url":"http:\/\/astehshop.com\/index.php\/product\/laptop-hp-probook-450-g10-ak9r0atw\/","url_meta":{"origin":12089,"position":3},"title":"LAPTOP HP ProBook 450 G10 AK9R0ATW","date":"8. sije\u010dnja 2026.","format":false,"excerpt":"Veli\u010dina ekrana: 15.6\" FHD (1920 \u00d7 1080), IPS, narrow bezel, anti-glare, 250 nits, 45% NTSC Procesor: Intel Core i5-1334U (1.3 \u2013 4.6 GHz), 10 jezgri \/ 12 threadova, 12 MB cache Memorija: 16 GB DDR4 Hard disk: 512 GB SSD Grafi\u010dka karta: Intel Iris Xe Graphics (integrisana) Operativni sistem: Windows\u2026","rel":"","context":"Srodne objave","img":{"alt_text":"","src":"https:\/\/i2.wp.com\/astehshop.com\/wp-content\/uploads\/2026\/01\/39690-HP-ProBook-4-G1iR-16-laptop-B39ZHAT-3-1.webp?fit=450%2C450&resize=350%2C200","width":350,"height":200},"classes":[]},{"id":11998,"url":"http:\/\/astehshop.com\/index.php\/product\/laptop-lenovo-v15-g4-iru\/","url_meta":{"origin":12089,"position":4},"title":"LAPTOP LENOVO V15 G4 IRU","date":"26. prosinca 2025.","format":false,"excerpt":"Veli\u010dina ekrana: 15.6\" 1920 \u00d7 1080 px, FHD TN, 250 nits, anti-glare, 45% NTSC Procesor: Intel Core i3-1315U (3.3 \u2013 4.5 GHz), 6 jezgri \/ 8 threadova, 10 MB cache Memorija: 16 GB DDR4 Hard disk: 512 GB SSD Grafi\u010dka karta: Intel UHD Graphics (integrisana) Operativni sistem: Windows 11, MS\u2026","rel":"","context":"Srodne objave","img":{"alt_text":"","src":"https:\/\/i2.wp.com\/astehshop.com\/wp-content\/uploads\/2025\/12\/37652-LENOVO-V15-G4-IRU-laptop-83A100P4PB-2.webp?fit=450%2C450&resize=350%2C200","width":350,"height":200},"classes":[]},{"id":12009,"url":"http:\/\/astehshop.com\/index.php\/product\/laptop-lenovo-v15-g4-iru-83a100p4pbw\/","url_meta":{"origin":12089,"position":5},"title":"LAPTOP LENOVO V15 G4 IRU 83A100P4PBW","date":"26. prosinca 2025.","format":false,"excerpt":"Veli\u010dina ekrana: 15.6\" 1920 \u00d7 1080 px, FHD TN, 250 nits, anti-glare, 45% NTSC Procesor: Intel Core i3-1315U (3.3 \u2013 4.5 GHz), 6 jezgri \/ 8 threadova, 10 MB cache Memorija: 16 GB DDR4 Hard disk: 512 GB SSD Grafi\u010dka karta: Intel UHD Graphics (integrisana) Operativni sistem: Windows 11, MS\u2026","rel":"","context":"Srodne objave","img":{"alt_text":"","src":"https:\/\/i0.wp.com\/astehshop.com\/wp-content\/uploads\/2025\/12\/39085-LENOVO-V15-G4-IRU-laptop-83A100P4PBW-1.webp?fit=450%2C450&resize=350%2C200","width":350,"height":200},"classes":[]}],"_links":{"self":[{"href":"http:\/\/astehshop.com\/index.php\/wp-json\/wp\/v2\/product\/12089"}],"collection":[{"href":"http:\/\/astehshop.com\/index.php\/wp-json\/wp\/v2\/product"}],"about":[{"href":"http:\/\/astehshop.com\/index.php\/wp-json\/wp\/v2\/types\/product"}],"replies":[{"embeddable":true,"href":"http:\/\/astehshop.com\/index.php\/wp-json\/wp\/v2\/comments?post=12089"}],"wp:featuredmedia":[{"embeddable":true,"href":"http:\/\/astehshop.com\/index.php\/wp-json\/wp\/v2\/media\/12090"}],"wp:attachment":[{"href":"http:\/\/astehshop.com\/index.php\/wp-json\/wp\/v2\/media?parent=12089"}],"wp:term":[{"taxonomy":"product_cat","embeddable":true,"href":"http:\/\/astehshop.com\/index.php\/wp-json\/wp\/v2\/product_cat?post=12089"},{"taxonomy":"product_tag","embeddable":true,"href":"http:\/\/astehshop.com\/index.php\/wp-json\/wp\/v2\/product_tag?post=12089"}],"curies":[{"name":"wp","href":"https:\/\/api.w.org\/{rel}","templated":true}]}}