{"id":12078,"date":"2026-01-03T16:26:02","date_gmt":"2026-01-03T15:26:02","guid":{"rendered":"http:\/\/astehshop.com\/?post_type=product&#038;p=12078"},"modified":"2026-01-03T16:26:04","modified_gmt":"2026-01-03T15:26:04","slug":"laptop-asus-vivobook-14","status":"publish","type":"product","link":"http:\/\/astehshop.com\/index.php\/product\/laptop-asus-vivobook-14\/","title":{"rendered":"LAPTOP ASUS VivoBook 14"},"content":{"rendered":"<p>\u2022 <strong data-start=\"205\" data-end=\"225\">Veli\u010dina ekrana:<\/strong> 14&#8243; Full HD (1920 \u00d7 1080), IPS-level, anti-glare, 250 nits, 45% NTSC, 60 Hz, T\u00dcV Rheinland certifikat<br data-start=\"327\" data-end=\"330\" \/>\u2022 <strong data-start=\"332\" data-end=\"345\">Procesor:<\/strong> Intel Core i7-1355U (3.6 \u2013 5.0 GHz), 10 jezgri \/ 12 threadova, 12 MB cache<br data-start=\"420\" data-end=\"423\" \/>\u2022 <strong data-start=\"425\" data-end=\"438\">Memorija:<\/strong> 24 GB DDR4<br data-start=\"449\" data-end=\"452\" \/>\u2022 <strong data-start=\"454\" data-end=\"468\">Hard disk:<\/strong> 512 GB SSD<br data-start=\"479\" data-end=\"482\" \/>\u2022 <strong data-start=\"484\" data-end=\"503\">Grafi\u010dka karta:<\/strong> Intel Iris Xe Graphics (integrisana)<br data-start=\"540\" data-end=\"543\" \/>\u2022 <strong data-start=\"545\" data-end=\"567\">Operativni sistem:<\/strong> Windows 11 + MS Office 2019<br data-start=\"595\" data-end=\"598\" \/>\u2022 <strong data-start=\"600\" data-end=\"614\">Tastatura:<\/strong> US-Internacionalna, bijelo pozadinsko osvjetljenje<br data-start=\"665\" data-end=\"668\" \/>\u2022 <strong data-start=\"670\" data-end=\"684\">Garancija:<\/strong> 12 mjeseci<br data-start=\"695\" data-end=\"698\" \/>\u2022 <strong data-start=\"700\" data-end=\"711\">Te\u017eina:<\/strong> 1.4 kg<br data-start=\"718\" data-end=\"721\" \/>\u2022 <strong data-start=\"723\" data-end=\"732\">Boja:<\/strong> Plava<br data-start=\"738\" data-end=\"741\" \/>\u2022 <strong data-start=\"743\" data-end=\"754\">Ostalo:<\/strong> 720p HD kamera sa privacy shutterom, Wi-Fi 6, Bluetooth 5.2, USB-C 3.2 Gen 1, 2\u00d7 USB-A 3.2 Gen 1, USB 2.0, HDMI 1.4, combo audio jack, DC-in, fingerprint senzor u touchpadu, baterija 42 Wh Li-ion<\/p>\n<p>&nbsp;<\/p>\n<p>&nbsp;<\/p>\n<p>Za sve dodatne informacije mozete nas kontaktirati na\u00a0<strong>OLX poruke, 065824333 ili Viber<\/strong><\/p>\n<p>NUDIMO KUPOVINU NOVE ROBE NA RATE:<\/p>\n<p>-DO 18 RATA PREKO MIKROFIN KREDITNA ORGANIZACIJA<\/p>\n<p>-DO 12 RATA PREKO \u0160OPING KARTICE UNICREDIT BANK<\/p>\n<p>&nbsp;<\/p>\n<p>Trgovinska Radnja TECHNO SHOP BN<\/p>\n<p>Nikole Tesle 31a, Bijeljina<\/p>\n<p>(izme\u0111u Moja Apoteka i picerije Park Ne\u0161kovi\u0107)<\/p>\n<p>055\/422-599;\u00a0<strong><u>065\/824-333<\/u><\/strong><\/p>\n<p>Radnim danima 09-19h<\/p>\n<p>Subotom 09-16h<\/p>\n<p>www.technoshopbn.com<\/p>\n<p><a href=\"https:\/\/olx.ba\/artikal\/51187537\/gaming-racunar-pc-i5-10400f-16gb-gtx-1660-ti\">info@technoshopbn.com<\/a><\/p>\n","protected":false},"excerpt":{"rendered":"<p>\u2022 <strong data-start=\"205\" data-end=\"225\">Veli\u010dina ekrana:<\/strong> 14&#8243; Full HD (1920 \u00d7 1080), IPS-level, anti-glare, 250 nits, 45% NTSC, 60 Hz, T\u00dcV Rheinland certifikat<br data-start=\"327\" data-end=\"330\" \/>\u2022 <strong data-start=\"332\" data-end=\"345\">Procesor:<\/strong> Intel Core i7-1355U (3.6 \u2013 5.0 GHz), 10 jezgri \/ 12 threadova, 12 MB cache<br data-start=\"420\" data-end=\"423\" \/>\u2022 <strong data-start=\"425\" data-end=\"438\">Memorija:<\/strong> 24 GB DDR4<br data-start=\"449\" data-end=\"452\" \/>\u2022 <strong data-start=\"454\" data-end=\"468\">Hard disk:<\/strong> 512 GB SSD<br data-start=\"479\" data-end=\"482\" \/>\u2022 <strong data-start=\"484\" data-end=\"503\">Grafi\u010dka karta:<\/strong> Intel Iris Xe Graphics (integrisana)<br data-start=\"540\" data-end=\"543\" \/>\u2022 <strong data-start=\"545\" data-end=\"567\">Operativni sistem:<\/strong> Windows 11 + MS Office 2019<\/p>\n","protected":false},"featured_media":12079,"comment_status":"open","ping_status":"closed","template":"","meta":{"_mi_skip_tracking":false,"_exactmetrics_sitenote_active":false,"_exactmetrics_sitenote_note":"","_exactmetrics_sitenote_category":0,"spay_email":""},"product_cat":[15],"product_tag":[],"brands":[],"df_price":1333,"df_sale_price":"","df_regular_price":1333,"df_image_link":"https:\/\/i0.wp.com\/astehshop.com\/wp-content\/uploads\/2026\/01\/39605-ASUS-VivoBook-14-laptop-X1404VA-I712512-5.webp?fit=450%2C450","jetpack_publicize_connections":[],"jetpack_sharing_enabled":true,"jetpack_likes_enabled":true,"jetpack-related-posts":[{"id":12101,"url":"http:\/\/astehshop.com\/index.php\/product\/laptop-asus-vivobook-16-f1605va-ws74\/","url_meta":{"origin":12078,"position":0},"title":"LAPTOP ASUS Vivobook 16 F1605VA-WS74","date":"8. sije\u010dnja 2026.","format":false,"excerpt":"Veli\u010dina ekrana: 16\" WUXGA (1920 \u00d7 1200), IPS-level, 16:10, anti-glare, 300 nits, 60 Hz Procesor: Intel Core i7-1355U (3.7 \u2013 5.0 GHz), 10 jezgri \/ 12 threadova, 12 MB cache Memorija: 16 GB DDR4 Hard disk: 512 GB SSD Grafi\u010dka karta: Intel Iris Xe Graphics (integrisana) Operativni sistem: Windows 11\u2026","rel":"","context":"Srodne objave","img":{"alt_text":"","src":"https:\/\/i1.wp.com\/astehshop.com\/wp-content\/uploads\/2026\/01\/40020-ASUS-Vivobook-16-laptop-F1605VA-WS74-4.webp?fit=450%2C450&resize=350%2C200","width":350,"height":200},"classes":[]},{"id":12104,"url":"http:\/\/astehshop.com\/index.php\/product\/laptop-asus-vivobook-15-x1504va-bq1358w\/","url_meta":{"origin":12078,"position":1},"title":"LAPTOP ASUS VivoBook 15 X1504VA-BQ1358W","date":"8. sije\u010dnja 2026.","format":false,"excerpt":"Veli\u010dina ekrana: 15.6\" (1920 \u00d7 1080), Full HD Procesor: Intel Core i7-1355U (1.7 \u2013 5.0 GHz), 10 jezgri \/ 12 threadova, 12 MB cache Memorija: 16 GB DDR4 Hard disk: 1 TB SSD Grafi\u010dka karta: Intel Iris Xe Graphics (integrisana) Operativni sistem: Windows 11 + MS Office 2019","rel":"","context":"Srodne objave","img":{"alt_text":"","src":"https:\/\/i1.wp.com\/astehshop.com\/wp-content\/uploads\/2026\/01\/39371-ASUS-VivoBook-15-laptop-X1504VA-BQ1358-6.webp?fit=450%2C450&resize=350%2C200","width":350,"height":200},"classes":[]},{"id":12098,"url":"http:\/\/astehshop.com\/index.php\/product\/laptop-hp-probook-450-g10-ak9r0atw\/","url_meta":{"origin":12078,"position":2},"title":"LAPTOP HP ProBook 450 G10 AK9R0ATW","date":"8. sije\u010dnja 2026.","format":false,"excerpt":"Veli\u010dina ekrana: 15.6\" FHD (1920 \u00d7 1080), IPS, narrow bezel, anti-glare, 250 nits, 45% NTSC Procesor: Intel Core i5-1334U (1.3 \u2013 4.6 GHz), 10 jezgri \/ 12 threadova, 12 MB cache Memorija: 16 GB DDR4 Hard disk: 512 GB SSD Grafi\u010dka karta: Intel Iris Xe Graphics (integrisana) Operativni sistem: Windows\u2026","rel":"","context":"Srodne objave","img":{"alt_text":"","src":"https:\/\/i2.wp.com\/astehshop.com\/wp-content\/uploads\/2026\/01\/39690-HP-ProBook-4-G1iR-16-laptop-B39ZHAT-3-1.webp?fit=450%2C450&resize=350%2C200","width":350,"height":200},"classes":[]},{"id":11998,"url":"http:\/\/astehshop.com\/index.php\/product\/laptop-lenovo-v15-g4-iru\/","url_meta":{"origin":12078,"position":3},"title":"LAPTOP LENOVO V15 G4 IRU","date":"26. prosinca 2025.","format":false,"excerpt":"Veli\u010dina ekrana: 15.6\" 1920 \u00d7 1080 px, FHD TN, 250 nits, anti-glare, 45% NTSC Procesor: Intel Core i3-1315U (3.3 \u2013 4.5 GHz), 6 jezgri \/ 8 threadova, 10 MB cache Memorija: 16 GB DDR4 Hard disk: 512 GB SSD Grafi\u010dka karta: Intel UHD Graphics (integrisana) Operativni sistem: Windows 11, MS\u2026","rel":"","context":"Srodne objave","img":{"alt_text":"","src":"https:\/\/i2.wp.com\/astehshop.com\/wp-content\/uploads\/2025\/12\/37652-LENOVO-V15-G4-IRU-laptop-83A100P4PB-2.webp?fit=450%2C450&resize=350%2C200","width":350,"height":200},"classes":[]},{"id":12009,"url":"http:\/\/astehshop.com\/index.php\/product\/laptop-lenovo-v15-g4-iru-83a100p4pbw\/","url_meta":{"origin":12078,"position":4},"title":"LAPTOP LENOVO V15 G4 IRU 83A100P4PBW","date":"26. prosinca 2025.","format":false,"excerpt":"Veli\u010dina ekrana: 15.6\" 1920 \u00d7 1080 px, FHD TN, 250 nits, anti-glare, 45% NTSC Procesor: Intel Core i3-1315U (3.3 \u2013 4.5 GHz), 6 jezgri \/ 8 threadova, 10 MB cache Memorija: 16 GB DDR4 Hard disk: 512 GB SSD Grafi\u010dka karta: Intel UHD Graphics (integrisana) Operativni sistem: Windows 11, MS\u2026","rel":"","context":"Srodne objave","img":{"alt_text":"","src":"https:\/\/i0.wp.com\/astehshop.com\/wp-content\/uploads\/2025\/12\/39085-LENOVO-V15-G4-IRU-laptop-83A100P4PBW-1.webp?fit=450%2C450&resize=350%2C200","width":350,"height":200},"classes":[]},{"id":12089,"url":"http:\/\/astehshop.com\/index.php\/product\/laptop-asus-vivobook-14-x1404va-i712512-24gb\/","url_meta":{"origin":12078,"position":5},"title":"LAPTOP ASUS VivoBook 14 X1404VA-I712512\/24GB","date":"8. sije\u010dnja 2026.","format":false,"excerpt":"\u2022 Veli\u010dina ekrana: 14\" Full HD (1920 \u00d7 1080), LED Backlit, IPS-level, anti-glare, 16:9, 60 Hz, 250 nits, 45% NTSC, T\u00dcV Rheinland, screen-to-body 82%\u2022 Procesor: Intel Core i7-1355U (3.6 \u2013 5.0 GHz), 10 jezgri \/ 12 threadova, 12 MB cache\u2022 Memorija: 24 GB DDR4\u2022 Hard disk: 512 GB SSD\u2022 Grafi\u010dka\u2026","rel":"","context":"Srodne objave","img":{"alt_text":"","src":"https:\/\/i2.wp.com\/astehshop.com\/wp-content\/uploads\/2026\/01\/39605-ASUS-VivoBook-14-laptop-X1404VA-I712512-5-1.webp?fit=450%2C450&resize=350%2C200","width":350,"height":200},"classes":[]}],"_links":{"self":[{"href":"http:\/\/astehshop.com\/index.php\/wp-json\/wp\/v2\/product\/12078"}],"collection":[{"href":"http:\/\/astehshop.com\/index.php\/wp-json\/wp\/v2\/product"}],"about":[{"href":"http:\/\/astehshop.com\/index.php\/wp-json\/wp\/v2\/types\/product"}],"replies":[{"embeddable":true,"href":"http:\/\/astehshop.com\/index.php\/wp-json\/wp\/v2\/comments?post=12078"}],"wp:featuredmedia":[{"embeddable":true,"href":"http:\/\/astehshop.com\/index.php\/wp-json\/wp\/v2\/media\/12079"}],"wp:attachment":[{"href":"http:\/\/astehshop.com\/index.php\/wp-json\/wp\/v2\/media?parent=12078"}],"wp:term":[{"taxonomy":"product_cat","embeddable":true,"href":"http:\/\/astehshop.com\/index.php\/wp-json\/wp\/v2\/product_cat?post=12078"},{"taxonomy":"product_tag","embeddable":true,"href":"http:\/\/astehshop.com\/index.php\/wp-json\/wp\/v2\/product_tag?post=12078"}],"curies":[{"name":"wp","href":"https:\/\/api.w.org\/{rel}","templated":true}]}}