{"id":12065,"date":"2025-12-30T16:13:16","date_gmt":"2025-12-30T15:13:16","guid":{"rendered":"http:\/\/astehshop.com\/?post_type=product&#038;p=12065"},"modified":"2025-12-30T16:13:18","modified_gmt":"2025-12-30T15:13:18","slug":"laptop-hp-probook-455-g10","status":"publish","type":"product","link":"http:\/\/astehshop.com\/index.php\/product\/laptop-hp-probook-455-g10\/","title":{"rendered":"LAPTOP HP ProBook 455 G10"},"content":{"rendered":"<p>\u2022 <strong data-start=\"196\" data-end=\"216\">Veli\u010dina ekrana:<\/strong> 15.6&#8243; 1920 \u00d7 1080 px, IPS panel, narrow bezel, anti-glare, 250 nits, 45% NTSC<br data-start=\"294\" data-end=\"297\" \/>\u2022 <strong data-start=\"299\" data-end=\"312\">Procesor:<\/strong> AMD Ryzen 5 7530U (2.0 \u2013 4.5 GHz), 6 jezgri \/ 12 threadova, 16 MB cache<br data-start=\"384\" data-end=\"387\" \/>\u2022 <strong data-start=\"389\" data-end=\"402\">Memorija:<\/strong> 16 GB DDR4<br data-start=\"413\" data-end=\"416\" \/>\u2022 <strong data-start=\"418\" data-end=\"432\">Hard disk:<\/strong> 512 GB SSD<br data-start=\"443\" data-end=\"446\" data-is-only-node=\"\" \/>\u2022 <strong data-start=\"448\" data-end=\"467\">Grafi\u010dka karta:<\/strong> AMD Radeon Graphics (integrisana)<br data-start=\"501\" data-end=\"504\" \/>\u2022 <strong data-start=\"506\" data-end=\"528\">Operativni sistem:<\/strong> Windows 11 + MS Office 2019<br data-start=\"556\" data-end=\"559\" \/>\u2022 <strong data-start=\"561\" data-end=\"575\">Tastatura:<\/strong> BiH lokalizacija, jednobojno pozadinsko osvjetljenje<br data-start=\"628\" data-end=\"631\" \/>\u2022 <strong data-start=\"633\" data-end=\"647\">Garancija:<\/strong> 24 mjeseca<br data-start=\"658\" data-end=\"661\" \/>\u2022 <strong data-start=\"663\" data-end=\"674\">Te\u017eina:<\/strong> 1.79 kg<br data-start=\"682\" data-end=\"685\" \/>\u2022 <strong data-start=\"687\" data-end=\"696\">Boja:<\/strong> Siva<br data-start=\"701\" data-end=\"704\" \/>\u2022 <strong data-start=\"706\" data-end=\"717\">Ostalo:<\/strong> WebCam, LAN, Wi-Fi 6, Bluetooth 5.3, HDMI, 3\u00d7 USB 3.2 Type-A, USB Type-C (PD &amp; DP), headphone\/microphone combo, baterija 42 Wh Li-ion (3-cell)<\/p>\n<p>&nbsp;<\/p>\n<p>&#x1f4cd; Li\u010dno preuzimanje ili slanje brzom po\u0161tom<\/p>\n<p><strong>Za sve dodatne informacije mozete nas kontaktirati na OLX poruke, 065824333 ili Viber<\/strong><\/p>\n<p><strong>\u00a0NUDIMO KUPOVINU NOVE ROBE NA RATE:<\/strong><\/p>\n<p><strong>-DO 18 RATA PREKO MIKROFIN KREDITNA ORGANIZACIJA<\/strong><\/p>\n<p><strong>-DO 12 RATA PREKO \u0160OPING KARTICE UNICREDIT BANK<\/strong><\/p>\n<p><strong>Trgovinska Radnja<\/strong><\/p>\n<p><strong>TECHNO SHOP BN<\/strong><\/p>\n<p><strong>Nikole Tesle 31a, Bijeljina<\/strong><\/p>\n<p><strong>(izme\u0111u Moja Apoteka i picerije Park Ne\u0161kovi\u0107)<\/strong><\/p>\n<p><strong>055\/422-599<\/strong><\/p>\n<p><strong>065\/824-333<\/strong><\/p>\n<p><strong>Radnim danima 09-19h<\/strong><\/p>\n<p><strong>Subotom 09-16h<\/strong><\/p>\n<p><strong>www.technoshopbn.com<\/strong><\/p>\n<p><strong>info@technoshopbn.com<\/strong><\/p>\n<p>&nbsp;<\/p>\n","protected":false},"excerpt":{"rendered":"<p>\u2022 <strong data-start=\"196\" data-end=\"216\">Veli\u010dina ekrana:<\/strong> 15.6&#8243; 1920 \u00d7 1080 px, IPS panel, narrow bezel, anti-glare, 250 nits, 45% NTSC<br data-start=\"294\" data-end=\"297\" \/>\u2022 <strong data-start=\"299\" data-end=\"312\">Procesor:<\/strong> AMD Ryzen 5 7530U (2.0 \u2013 4.5 GHz), 6 jezgri \/ 12 threadova, 16 MB cache<br data-start=\"384\" data-end=\"387\" \/>\u2022 <strong data-start=\"389\" data-end=\"402\">Memorija:<\/strong> 16 GB DDR4<br data-start=\"413\" data-end=\"416\" \/>\u2022 <strong data-start=\"418\" data-end=\"432\">Hard disk:<\/strong> 512 GB SSD<br data-start=\"443\" data-end=\"446\" data-is-only-node=\"\" \/>\u2022 <strong data-start=\"448\" data-end=\"467\">Grafi\u010dka karta:<\/strong> AMD Radeon Graphics (integrisana)<br data-start=\"501\" data-end=\"504\" \/>\u2022 <strong data-start=\"506\" data-end=\"528\">Operativni sistem:<\/strong> Windows 11 + MS Office 2019<\/p>\n","protected":false},"featured_media":12066,"comment_status":"open","ping_status":"closed","template":"","meta":{"_mi_skip_tracking":false,"_exactmetrics_sitenote_active":false,"_exactmetrics_sitenote_note":"","_exactmetrics_sitenote_category":0,"spay_email":""},"product_cat":[5138],"product_tag":[],"brands":[{"id":5149,"name":"HP","slug":"hp"}],"df_price":1179,"df_sale_price":"","df_regular_price":1179,"df_image_link":"https:\/\/i2.wp.com\/astehshop.com\/wp-content\/uploads\/2025\/12\/37487-HP-ProBook-455-G10-laptop-AK9Q3AT-1.webp?fit=450%2C450","jetpack_publicize_connections":[],"jetpack_sharing_enabled":true,"jetpack_likes_enabled":true,"jetpack-related-posts":[{"id":12028,"url":"http:\/\/astehshop.com\/index.php\/product\/laptop-asus-vivobook-15-m1502ya-bq927w\/","url_meta":{"origin":12065,"position":0},"title":"LAPTOP ASUS Vivobook 15 M1502YA-BQ927W","date":"27. prosinca 2025.","format":false,"excerpt":"\u2022 Veli\u010dina ekrana: 15.6\" 1920 \u00d7 1080 px, FHD, IPS-level panel, LED backlit, anti-glare, 60 Hz, 250 nits, 45% NTSC, screen-to-body ratio 82%\u2022 Procesor: AMD Ryzen 7 5825U (2.0 \u2013 4.5 GHz), 8 jezgri \/ 16 threadova, 16 MB cache\u2022 Memorija: 16 GB DDR4\u2022 Hard disk: 512 GB SSD\u2022 Grafi\u010dka\u2026","rel":"","context":"Srodne objave","img":{"alt_text":"","src":"https:\/\/i0.wp.com\/astehshop.com\/wp-content\/uploads\/2025\/12\/39501-ASUS-Vivobook-15-laptop-M1502YA-BQ927-5.webp?fit=450%2C450&resize=350%2C200","width":350,"height":200},"classes":[]},{"id":11983,"url":"http:\/\/astehshop.com\/index.php\/product\/laptop-acer-aspire-3-a325-42\/","url_meta":{"origin":12065,"position":1},"title":"LAPTOP ACER Aspire 3 A325-42","date":"26. prosinca 2025.","format":false,"excerpt":"Veli\u010dina ekrana: 15.6\" 1920 \u00d7 1080 px, FHD, IPS Procesor: AMD Ryzen 3 7330U (2.3 \u2013 4.3 GHz), 4 jezgre \/ 8 threadova, 8 MB cache Memorija: 16 GB DDR4 Hard disk: 512 GB SSD Grafi\u010dka karta: AMD Radeon Graphics (integrisana) Operativni sistem: Windows 11, MS Office 2019","rel":"","context":"Srodne objave","img":{"alt_text":"","src":"https:\/\/i0.wp.com\/astehshop.com\/wp-content\/uploads\/2025\/12\/39077-ACER-Aspire-3-laptop-A325-42-4.webp?fit=450%2C450&resize=350%2C200","width":350,"height":200},"classes":[]},{"id":11970,"url":"http:\/\/astehshop.com\/index.php\/product\/laptop-hp-255-g10-b39v4at\/","url_meta":{"origin":12065,"position":2},"title":"LAPTOP HP 255 G10 B39V4AT","date":"26. prosinca 2025.","format":false,"excerpt":"Ekran: 15.6\" FHD (1920 \u00d7 1080), narrow bezel, anti-glare, 250 nits, 45% NTSC Procesor: AMD Ryzen 3 7330U (2.3 \u2013 4.3 GHz), 4 jezgre \/ 8 threadova, 8 MB cache Memorija: 8 GB DDR4 Hard disk: 512 GB SSD Grafi\u010dka karta: AMD Radeon Graphics (integrisana) Operativni sistem: Windows 11, MS\u2026","rel":"","context":"Srodne objave","img":{"alt_text":"","src":"https:\/\/i2.wp.com\/astehshop.com\/wp-content\/uploads\/2025\/12\/39513-HP-250-G10-laptop-B39V4AT-3.webp?fit=450%2C450&resize=350%2C200","width":350,"height":200},"classes":[]},{"id":11994,"url":"http:\/\/astehshop.com\/index.php\/product\/laptop-asus-vivobook-go-15-e1504fa-bq2337\/","url_meta":{"origin":12065,"position":3},"title":"LAPTOP ASUS Vivobook Go 15 E1504FA-BQ2337","date":"26. prosinca 2025.","format":false,"excerpt":"Veli\u010dina ekrana: 15.6\" 1920 \u00d7 1080 px, IPS, 60 Hz, 250 nits, 45% NTSC, anti-glare, T\u00dcV Rheinland-certified Procesor: AMD Ryzen 3 7320U (2.4 \u2013 4.1 GHz), 4 jezgre \/ 8 threadova, 4 MB cache Memorija: 16 GB DDR5 Hard disk: 512 GB SSD Grafi\u010dka karta: AMD Radeon Graphics (integrisana) Operativni\u2026","rel":"","context":"Srodne objave","img":{"alt_text":"","src":"https:\/\/i2.wp.com\/astehshop.com\/wp-content\/uploads\/2025\/12\/39789-ASUS-Vivobook-Go-15-laptop-E1504FA-BQ2337-4.webp?fit=450%2C450&resize=350%2C200","width":350,"height":200},"classes":[]},{"id":12126,"url":"http:\/\/astehshop.com\/index.php\/product\/laptop-lenovo-thinkbook-16-g7-arp\/","url_meta":{"origin":12065,"position":4},"title":"LAPTOP LENOVO ThinkBook 16 G7 ARP","date":"8. sije\u010dnja 2026.","format":false,"excerpt":"Veli\u010dina ekrana: 16.0\" 1920 \u00d7 1200 px, IPS, anti-glare, 300 nits, 45% NTSC Procesor: AMD Ryzen 5 7533HS (3.3 \u2013 4.55 GHz), 6 jezgri \/ 12 threadova, 16 MB cache Memorija: 16 GB DDR5 Hard disk: 1000 GB SSD Grafi\u010dka karta: AMD Radeon Graphics (integrisana) Operativni sistem: Windows 11 +\u2026","rel":"","context":"Srodne objave","img":{"alt_text":"","src":"https:\/\/i0.wp.com\/astehshop.com\/wp-content\/uploads\/2026\/01\/39911-LENOVO-ThinkBook-16-G7-ARP-laptop-21MW009SUS-2.webp?fit=450%2C450&resize=350%2C200","width":350,"height":200},"classes":[]},{"id":12113,"url":"http:\/\/astehshop.com\/index.php\/product\/gaming-laptop-hp-victus-15-fb2063dx\/","url_meta":{"origin":12065,"position":5},"title":"GAMING LAPTOP HP Victus 15-fb2063dx","date":"8. sije\u010dnja 2026.","format":false,"excerpt":"Veli\u010dina ekrana: 15.6\" FHD (1920 \u00d7 1080), IPS, 144 Hz, anti-glare, 300 nits, 62.5% sRGB, AMD FreeSync Premium Procesor: AMD Ryzen 5 7535HS (3.3 \u2013 4.55 GHz), 6 jezgri \/ 12 threadova, 16 MB cache Memorija: 16 GB DDR5 Hard disk: 512 GB SSD Grafi\u010dka karta: AMD Radeon RX 6550M\u2026","rel":"","context":"Srodne objave","img":{"alt_text":"","src":"https:\/\/i2.wp.com\/astehshop.com\/wp-content\/uploads\/2026\/01\/37326-HP-Victus-15-fb2063-Gaming-laptop-9Z7L4UA-6.webp?fit=450%2C450&resize=350%2C200","width":350,"height":200},"classes":[]}],"_links":{"self":[{"href":"http:\/\/astehshop.com\/index.php\/wp-json\/wp\/v2\/product\/12065"}],"collection":[{"href":"http:\/\/astehshop.com\/index.php\/wp-json\/wp\/v2\/product"}],"about":[{"href":"http:\/\/astehshop.com\/index.php\/wp-json\/wp\/v2\/types\/product"}],"replies":[{"embeddable":true,"href":"http:\/\/astehshop.com\/index.php\/wp-json\/wp\/v2\/comments?post=12065"}],"wp:featuredmedia":[{"embeddable":true,"href":"http:\/\/astehshop.com\/index.php\/wp-json\/wp\/v2\/media\/12066"}],"wp:attachment":[{"href":"http:\/\/astehshop.com\/index.php\/wp-json\/wp\/v2\/media?parent=12065"}],"wp:term":[{"taxonomy":"product_cat","embeddable":true,"href":"http:\/\/astehshop.com\/index.php\/wp-json\/wp\/v2\/product_cat?post=12065"},{"taxonomy":"product_tag","embeddable":true,"href":"http:\/\/astehshop.com\/index.php\/wp-json\/wp\/v2\/product_tag?post=12065"}],"curies":[{"name":"wp","href":"https:\/\/api.w.org\/{rel}","templated":true}]}}