{"id":12015,"date":"2025-12-26T15:57:06","date_gmt":"2025-12-26T14:57:06","guid":{"rendered":"http:\/\/astehshop.com\/?post_type=product&#038;p=12015"},"modified":"2025-12-26T15:57:08","modified_gmt":"2025-12-26T14:57:08","slug":"laptop-asus-vivobook-15-m1502ya-bq928","status":"publish","type":"product","link":"http:\/\/astehshop.com\/index.php\/product\/laptop-asus-vivobook-15-m1502ya-bq928\/","title":{"rendered":"LAPTOP ASUS Vivobook 15 M1502YA-BQ928"},"content":{"rendered":"<ul>\n<li data-start=\"188\" data-end=\"271\">\n<p data-start=\"190\" data-end=\"271\"><strong data-start=\"190\" data-end=\"210\">Veli\u010dina ekrana:<\/strong> 15.6&#8243; 1920 \u00d7 1080 px, FHD, 16:9, 60 Hz, 250 nits, 45% NTSC<\/p>\n<\/li>\n<li data-start=\"272\" data-end=\"361\">\n<p data-start=\"274\" data-end=\"361\"><strong data-start=\"274\" data-end=\"287\">Procesor:<\/strong> AMD Ryzen 7 5825U (2.0 \u2013 4.5 GHz), 8 jezgri \/ 16 threadova, 16 MB cache<\/p>\n<\/li>\n<li data-start=\"362\" data-end=\"390\">\n<p data-start=\"364\" data-end=\"390\"><strong data-start=\"364\" data-end=\"377\">Memorija:<\/strong> 16 GB DDR4<\/p>\n<\/li>\n<li data-start=\"391\" data-end=\"420\">\n<p data-start=\"393\" data-end=\"420\"><strong data-start=\"393\" data-end=\"407\">Hard disk:<\/strong> 512 GB SSD<\/p>\n<\/li>\n<li data-start=\"421\" data-end=\"478\">\n<p data-start=\"423\" data-end=\"478\"><strong data-start=\"423\" data-end=\"442\">Grafi\u010dka karta:<\/strong> AMD Radeon Graphics (integrisana)<\/p>\n<\/li>\n<li data-start=\"479\" data-end=\"532\">\n<p data-start=\"481\" data-end=\"532\"><strong data-start=\"481\" data-end=\"503\">Operativni sistem:<\/strong> Windows 11, MS Office 2019<\/p>\n<\/li>\n<li data-start=\"533\" data-end=\"602\">\n<p data-start=\"535\" data-end=\"602\"><strong data-start=\"535\" data-end=\"549\">Tastatura:<\/strong> US-Internacionalna, bijelo pozadinsko osvjetljenje<\/p>\n<\/li>\n<li data-start=\"603\" data-end=\"632\">\n<p data-start=\"605\" data-end=\"632\"><strong data-start=\"605\" data-end=\"619\">Garancija:<\/strong> 24 mjeseca<\/p>\n<\/li>\n<li data-start=\"633\" data-end=\"655\">\n<p data-start=\"635\" data-end=\"655\"><strong data-start=\"635\" data-end=\"646\">Te\u017eina:<\/strong> 1.7 kg<\/p>\n<\/li>\n<li data-start=\"656\" data-end=\"675\">\n<p data-start=\"658\" data-end=\"675\"><strong data-start=\"658\" data-end=\"667\">Boja:<\/strong> Plava<\/p>\n<\/li>\n<li data-start=\"676\" data-end=\"869\">\n<p data-start=\"678\" data-end=\"869\"><strong data-start=\"678\" data-end=\"689\">Ostalo:<\/strong> WebCam, WiFi 6E, Bluetooth 5.3, 1\u00d7 USB 2.0 Type-A, 2\u00d7 USB 3.2 Gen 1 Type-A, 1\u00d7 USB-C 3.2 Gen 1 (Power Delivery), HDMI 1.4, 3.5 mm audio combo, fingerprint reader, baterija 42 Wh<\/p>\n<\/li>\n<\/ul>\n<p>&nbsp;<\/p>\n<p><strong>Za sve dodatne informacije mozete nas kontaktirati na OLX poruke, 065824333 ili Viber<\/strong><\/p>\n<p><strong>\u00a0<\/strong><\/p>\n<p><strong>\u00a0NUDIMO KUPOVINU NOVE ROBE NA RATE:<\/strong><\/p>\n<p><strong>-DO 18 RATA PREKO MIKROFIN KREDITNA ORGANIZACIJA<\/strong><\/p>\n<p><strong>-DO 12 RATA PREKO \u0160OPING KARTICE UNICREDIT BANK<\/strong><\/p>\n<p><strong>\u00a0<\/strong><\/p>\n<p><strong>Trgovinska RadnjaTECHNO SHOP BN<\/strong><\/p>\n<p><strong>Nikole Tesle 31a,<\/strong><\/p>\n<p><strong>Bijeljina(izme\u0111u Moja Apoteka i picerije Park Ne\u0161kovi\u0107)<\/strong><\/p>\n<p><strong>055\/422-599<\/strong><\/p>\n<p><strong>065\/824-333<\/strong><\/p>\n<p><strong>066\/123-234<\/strong><\/p>\n<p><strong>Radnim danima 09-19h<\/strong><\/p>\n<p><strong>Subotom 09-16h<\/strong><\/p>\n<p><strong>www.technoshopbn.com<\/strong><\/p>\n<p><strong>info@technoshopbn.com<\/strong><\/p>\n","protected":false},"excerpt":{"rendered":"<ul>\n<li data-start=\"188\" data-end=\"271\">\n<p data-start=\"190\" data-end=\"271\"><strong data-start=\"190\" data-end=\"210\">Veli\u010dina ekrana:<\/strong> 15.6&#8243; 1920 \u00d7 1080 px, FHD, 16:9, 60 Hz, 250 nits, 45% NTSC<\/p>\n<\/li>\n<li data-start=\"272\" data-end=\"361\">\n<p data-start=\"274\" data-end=\"361\"><strong data-start=\"274\" data-end=\"287\">Procesor:<\/strong> AMD Ryzen 7 5825U (2.0 \u2013 4.5 GHz), 8 jezgri \/ 16 threadova, 16 MB cache<\/p>\n<\/li>\n<li data-start=\"362\" data-end=\"390\">\n<p data-start=\"364\" data-end=\"390\"><strong data-start=\"364\" data-end=\"377\">Memorija:<\/strong> 16 GB DDR4<\/p>\n<\/li>\n<li data-start=\"391\" data-end=\"420\">\n<p data-start=\"393\" data-end=\"420\"><strong data-start=\"393\" data-end=\"407\">Hard disk:<\/strong> 512 GB SSD<\/p>\n<\/li>\n<li data-start=\"421\" data-end=\"478\">\n<p data-start=\"423\" data-end=\"478\"><strong data-start=\"423\" data-end=\"442\">Grafi\u010dka karta:<\/strong> AMD Radeon Graphics (integrisana)<\/p>\n<\/li>\n<li data-start=\"479\" data-end=\"532\">\n<p data-start=\"481\" data-end=\"532\"><strong data-start=\"481\" data-end=\"503\">Operativni sistem:<\/strong> Windows 11, MS Office 2019<\/p>\n<\/li>\n<\/ul>\n","protected":false},"featured_media":12016,"comment_status":"open","ping_status":"closed","template":"","meta":{"_mi_skip_tracking":false,"_exactmetrics_sitenote_active":false,"_exactmetrics_sitenote_note":"","_exactmetrics_sitenote_category":0,"spay_email":""},"product_cat":[5138],"product_tag":[],"brands":[{"id":5147,"name":"ASUS","slug":"asus"}],"df_price":999,"df_sale_price":"","df_regular_price":999,"df_image_link":"https:\/\/i0.wp.com\/astehshop.com\/wp-content\/uploads\/2025\/12\/40028-ASUS-Vivobook-15-laptop-M1502YA-BQ928-1.webp?fit=450%2C450","jetpack_publicize_connections":[],"jetpack_sharing_enabled":true,"jetpack_likes_enabled":true,"jetpack-related-posts":[{"id":12028,"url":"http:\/\/astehshop.com\/index.php\/product\/laptop-asus-vivobook-15-m1502ya-bq927w\/","url_meta":{"origin":12015,"position":0},"title":"LAPTOP ASUS Vivobook 15 M1502YA-BQ927W","date":"27. prosinca 2025.","format":false,"excerpt":"\u2022 Veli\u010dina ekrana: 15.6\" 1920 \u00d7 1080 px, FHD, IPS-level panel, LED backlit, anti-glare, 60 Hz, 250 nits, 45% NTSC, screen-to-body ratio 82%\u2022 Procesor: AMD Ryzen 7 5825U (2.0 \u2013 4.5 GHz), 8 jezgri \/ 16 threadova, 16 MB cache\u2022 Memorija: 16 GB DDR4\u2022 Hard disk: 512 GB SSD\u2022 Grafi\u010dka\u2026","rel":"","context":"Srodne objave","img":{"alt_text":"","src":"https:\/\/i0.wp.com\/astehshop.com\/wp-content\/uploads\/2025\/12\/39501-ASUS-Vivobook-15-laptop-M1502YA-BQ927-5.webp?fit=450%2C450&resize=350%2C200","width":350,"height":200},"classes":[]},{"id":11983,"url":"http:\/\/astehshop.com\/index.php\/product\/laptop-acer-aspire-3-a325-42\/","url_meta":{"origin":12015,"position":1},"title":"LAPTOP ACER Aspire 3 A325-42","date":"26. prosinca 2025.","format":false,"excerpt":"Veli\u010dina ekrana: 15.6\" 1920 \u00d7 1080 px, FHD, IPS Procesor: AMD Ryzen 3 7330U (2.3 \u2013 4.3 GHz), 4 jezgre \/ 8 threadova, 8 MB cache Memorija: 16 GB DDR4 Hard disk: 512 GB SSD Grafi\u010dka karta: AMD Radeon Graphics (integrisana) Operativni sistem: Windows 11, MS Office 2019","rel":"","context":"Srodne objave","img":{"alt_text":"","src":"https:\/\/i0.wp.com\/astehshop.com\/wp-content\/uploads\/2025\/12\/39077-ACER-Aspire-3-laptop-A325-42-4.webp?fit=450%2C450&resize=350%2C200","width":350,"height":200},"classes":[]},{"id":12113,"url":"http:\/\/astehshop.com\/index.php\/product\/gaming-laptop-hp-victus-15-fb2063dx\/","url_meta":{"origin":12015,"position":2},"title":"GAMING LAPTOP HP Victus 15-fb2063dx","date":"8. sije\u010dnja 2026.","format":false,"excerpt":"Veli\u010dina ekrana: 15.6\" FHD (1920 \u00d7 1080), IPS, 144 Hz, anti-glare, 300 nits, 62.5% sRGB, AMD FreeSync Premium Procesor: AMD Ryzen 5 7535HS (3.3 \u2013 4.55 GHz), 6 jezgri \/ 12 threadova, 16 MB cache Memorija: 16 GB DDR5 Hard disk: 512 GB SSD Grafi\u010dka karta: AMD Radeon RX 6550M\u2026","rel":"","context":"Srodne objave","img":{"alt_text":"","src":"https:\/\/i2.wp.com\/astehshop.com\/wp-content\/uploads\/2026\/01\/37326-HP-Victus-15-fb2063-Gaming-laptop-9Z7L4UA-6.webp?fit=450%2C450&resize=350%2C200","width":350,"height":200},"classes":[]},{"id":11998,"url":"http:\/\/astehshop.com\/index.php\/product\/laptop-lenovo-v15-g4-iru\/","url_meta":{"origin":12015,"position":3},"title":"LAPTOP LENOVO V15 G4 IRU","date":"26. prosinca 2025.","format":false,"excerpt":"Veli\u010dina ekrana: 15.6\" 1920 \u00d7 1080 px, FHD TN, 250 nits, anti-glare, 45% NTSC Procesor: Intel Core i3-1315U (3.3 \u2013 4.5 GHz), 6 jezgri \/ 8 threadova, 10 MB cache Memorija: 16 GB DDR4 Hard disk: 512 GB SSD Grafi\u010dka karta: Intel UHD Graphics (integrisana) Operativni sistem: Windows 11, MS\u2026","rel":"","context":"Srodne objave","img":{"alt_text":"","src":"https:\/\/i2.wp.com\/astehshop.com\/wp-content\/uploads\/2025\/12\/37652-LENOVO-V15-G4-IRU-laptop-83A100P4PB-2.webp?fit=450%2C450&resize=350%2C200","width":350,"height":200},"classes":[]},{"id":12009,"url":"http:\/\/astehshop.com\/index.php\/product\/laptop-lenovo-v15-g4-iru-83a100p4pbw\/","url_meta":{"origin":12015,"position":4},"title":"LAPTOP LENOVO V15 G4 IRU 83A100P4PBW","date":"26. prosinca 2025.","format":false,"excerpt":"Veli\u010dina ekrana: 15.6\" 1920 \u00d7 1080 px, FHD TN, 250 nits, anti-glare, 45% NTSC Procesor: Intel Core i3-1315U (3.3 \u2013 4.5 GHz), 6 jezgri \/ 8 threadova, 10 MB cache Memorija: 16 GB DDR4 Hard disk: 512 GB SSD Grafi\u010dka karta: Intel UHD Graphics (integrisana) Operativni sistem: Windows 11, MS\u2026","rel":"","context":"Srodne objave","img":{"alt_text":"","src":"https:\/\/i0.wp.com\/astehshop.com\/wp-content\/uploads\/2025\/12\/39085-LENOVO-V15-G4-IRU-laptop-83A100P4PBW-1.webp?fit=450%2C450&resize=350%2C200","width":350,"height":200},"classes":[]},{"id":11994,"url":"http:\/\/astehshop.com\/index.php\/product\/laptop-asus-vivobook-go-15-e1504fa-bq2337\/","url_meta":{"origin":12015,"position":5},"title":"LAPTOP ASUS Vivobook Go 15 E1504FA-BQ2337","date":"26. prosinca 2025.","format":false,"excerpt":"Veli\u010dina ekrana: 15.6\" 1920 \u00d7 1080 px, IPS, 60 Hz, 250 nits, 45% NTSC, anti-glare, T\u00dcV Rheinland-certified Procesor: AMD Ryzen 3 7320U (2.4 \u2013 4.1 GHz), 4 jezgre \/ 8 threadova, 4 MB cache Memorija: 16 GB DDR5 Hard disk: 512 GB SSD Grafi\u010dka karta: AMD Radeon Graphics (integrisana) Operativni\u2026","rel":"","context":"Srodne objave","img":{"alt_text":"","src":"https:\/\/i2.wp.com\/astehshop.com\/wp-content\/uploads\/2025\/12\/39789-ASUS-Vivobook-Go-15-laptop-E1504FA-BQ2337-4.webp?fit=450%2C450&resize=350%2C200","width":350,"height":200},"classes":[]}],"_links":{"self":[{"href":"http:\/\/astehshop.com\/index.php\/wp-json\/wp\/v2\/product\/12015"}],"collection":[{"href":"http:\/\/astehshop.com\/index.php\/wp-json\/wp\/v2\/product"}],"about":[{"href":"http:\/\/astehshop.com\/index.php\/wp-json\/wp\/v2\/types\/product"}],"replies":[{"embeddable":true,"href":"http:\/\/astehshop.com\/index.php\/wp-json\/wp\/v2\/comments?post=12015"}],"wp:featuredmedia":[{"embeddable":true,"href":"http:\/\/astehshop.com\/index.php\/wp-json\/wp\/v2\/media\/12016"}],"wp:attachment":[{"href":"http:\/\/astehshop.com\/index.php\/wp-json\/wp\/v2\/media?parent=12015"}],"wp:term":[{"taxonomy":"product_cat","embeddable":true,"href":"http:\/\/astehshop.com\/index.php\/wp-json\/wp\/v2\/product_cat?post=12015"},{"taxonomy":"product_tag","embeddable":true,"href":"http:\/\/astehshop.com\/index.php\/wp-json\/wp\/v2\/product_tag?post=12015"}],"curies":[{"name":"wp","href":"https:\/\/api.w.org\/{rel}","templated":true}]}}