{"id":11899,"date":"2025-10-31T20:40:12","date_gmt":"2025-10-31T19:40:12","guid":{"rendered":"http:\/\/astehshop.com\/?post_type=product&#038;p=11899"},"modified":"2025-10-31T20:40:14","modified_gmt":"2025-10-31T19:40:14","slug":"cloud-upravljivi-unv-uniview-poe-switch-gigabitni-16-portni-nsw3000-17gt1gp1gc-poe-in","status":"publish","type":"product","link":"http:\/\/astehshop.com\/index.php\/product\/cloud-upravljivi-unv-uniview-poe-switch-gigabitni-16-portni-nsw3000-17gt1gp1gc-poe-in\/","title":{"rendered":"Cloud upravljivi UNV UniView POE switch gigabitni 16 portni NSW3000-17GT1GP1GC-POE-IN"},"content":{"rendered":"<p>\u2022 Podr\u017eava objedinjenu konfiguraciju, upravljanje i pretra\u017eivanje na softveru, \u0161to je prakti\u010dno za brzi rad i odr\u017eavanje vi\u0161e ure\u0111aja; podr\u017eava automatsko otkrivanje povezanih video ure\u0111aja i generiranje mre\u017ene topologije na softveru.<br \/>\n\u2022 Podr\u017eava web prijavu i konfiguraciju i upravljanje ure\u0111ajima na web su\u010delju.<br \/>\n\u2022 Podr\u017eava posjetu oblaku skeniranjem QR koda. Omogu\u0107ava pregled statusa ure\u0111aja i mre\u017ene topologije u stvarnom vremenu na aplikaciji i daljinsko ponovno pokretanje PoE napajanja.<br \/>\n\u2022 Podr\u017eava PoE napajanje i omogu\u0107ava pregled napajanja; omogu\u0107ava omogu\u0107avanje ili onemogu\u0107avanje PoE napajanja za napajani ure\u0111aj; omogu\u0107ava napajanje do 250 m pomo\u0107u standardnog mre\u017enog kabela.<br \/>\n\u2022 Podr\u017eava na\u010din rada pro\u0161irenja za komunikacijski domet do 250 m i brzinu automatskog pregovaranja od 10 Mbps.<br \/>\n\u2022 Omogu\u0107ava prijavljivanje abnormalnih alarma porta softveru za pra\u0107enje u stvarnom vremenu.<br \/>\n\u2022 Podr\u017eava prioritet porta. Paketi koje primi prioritetni port bit \u0107e prvi proslije\u0111eni kada je prekida\u010d potpuno optere\u0107en, a prioritetni port \u0107e se prvi napajati kada je PoE napajanje puno.<br \/>\n\u2022 Ku\u0107i\u0161te od metala, sigurno i pouzdano.<\/p>\n","protected":false},"excerpt":{"rendered":"<p>\u2022 Podr\u017eava objedinjenu konfiguraciju, upravljanje i pretra\u017eivanje na softveru, \u0161to je prakti\u010dno za brzi rad i odr\u017eavanje vi\u0161e ure\u0111aja; podr\u017eava automatsko otkrivanje povezanih video ure\u0111aja i generiranje mre\u017ene topologije na softveru.<br \/>\n\u2022 Podr\u017eava web prijavu i konfiguraciju i upravljanje ure\u0111ajima na web su\u010delju.<br \/>\n\u2022 Podr\u017eava posjetu oblaku skeniranjem QR koda. Omogu\u0107ava pregled statusa ure\u0111aja i mre\u017ene topologije u stvarnom vremenu na aplikaciji i daljinsko ponovno pokretanje PoE napajanja.<br \/>\n\u2022 Podr\u017eava PoE napajanje i omogu\u0107ava pregled napajanja; omogu\u0107ava omogu\u0107avanje ili onemogu\u0107avanje PoE napajanja za napajani ure\u0111aj; omogu\u0107ava napajanje do 250 m pomo\u0107u standardnog mre\u017enog kabela.<br \/>\n\u2022 Podr\u017eava na\u010din rada pro\u0161irenja za komunikacijski domet do 250 m i brzinu automatskog pregovaranja od 10 Mbps.<br \/>\n\u2022 Omogu\u0107ava prijavljivanje abnormalnih alarma porta softveru za pra\u0107enje u stvarnom vremenu.<br \/>\n\u2022 Podr\u017eava prioritet porta. Paketi koje primi prioritetni port bit \u0107e prvi proslije\u0111eni kada je prekida\u010d potpuno optere\u0107en, a prioritetni port \u0107e se prvi napajati kada je PoE napajanje puno.<br \/>\n\u2022 Ku\u0107i\u0161te od metala, sigurno i pouzdano.<\/p>\n","protected":false},"featured_media":11900,"comment_status":"open","ping_status":"closed","template":"","meta":{"_mi_skip_tracking":false,"_exactmetrics_sitenote_active":false,"_exactmetrics_sitenote_note":"","_exactmetrics_sitenote_category":0,"spay_email":""},"product_cat":[2613],"product_tag":[4511,8571,8573,8572],"brands":[{"id":6129,"name":"UNV","slug":"unv"}],"df_price":470,"df_sale_price":"","df_regular_price":470,"df_image_link":"https:\/\/i2.wp.com\/astehshop.com\/wp-content\/uploads\/2025\/10\/NSW3000-17GT1GP1GC-POE-IN.png?fit=450%2C254","jetpack_publicize_connections":[],"jetpack_sharing_enabled":true,"jetpack_likes_enabled":true,"jetpack-related-posts":[{"id":9799,"url":"http:\/\/astehshop.com\/index.php\/product\/uniview-unv-interfon-sa-2-poziva-poe-oeu-202s-hmk2\/","url_meta":{"origin":11899,"position":0},"title":"UniView UNV interfon sa 2 poziva POE OEU-202S-HMK2","date":"15. prosinca 2024.","format":false,"excerpt":"\u2022 Opciona kutija za udubljenje za monta\u017eu na udubljenje. \u2022 Podr\u017eava izlaznu snagu, koja se mo\u017ee omogu\u0107iti ili onemogu\u0107iti na web interfejsu. \u2022 Omogu\u0107ava umetanje TF kartice radi pro\u0161irenja kapaciteta skladi\u0161tenja. \u2022 Ugra\u0111eni modul grijanja podr\u017eava rad na vrlo niskim temperaturama. \u2022 Metalno ku\u0107i\u0161te. \u2022 Podr\u017eava konfiguraciju serije. \u2022 Podr\u017eava\u2026","rel":"","context":"Srodne objave","img":{"alt_text":"","src":"https:\/\/i2.wp.com\/astehshop.com\/wp-content\/uploads\/2024\/12\/OEU-202S-HMK2.jpg?fit=510%2C348&resize=350%2C200","width":350,"height":200},"classes":[]},{"id":9801,"url":"http:\/\/astehshop.com\/index.php\/product\/uniview-unv-interfon-sa-4-poziva-poe-oeu-202s-hmk4\/","url_meta":{"origin":11899,"position":1},"title":"UniView UNV interfon sa 4 poziva POE OEU-202S-HMK4","date":"15. prosinca 2024.","format":false,"excerpt":"\u2022 Opciona kutija za udubljenje za monta\u017eu na udubljenje. \u2022 Podr\u017eava izlaznu snagu, koja se mo\u017ee omogu\u0107iti ili onemogu\u0107iti na web interfejsu. \u2022 Omogu\u0107ava umetanje TF kartice radi pro\u0161irenja kapaciteta skladi\u0161tenja. \u2022 Ugra\u0111eni modul grijanja podr\u017eava rad na vrlo niskim temperaturama. \u2022 Metalno ku\u0107i\u0161te. \u2022 Podr\u017eava konfiguraciju serije. \u2022 Podr\u017eava\u2026","rel":"","context":"Srodne objave","img":{"alt_text":"","src":"https:\/\/i2.wp.com\/astehshop.com\/wp-content\/uploads\/2024\/12\/OEU-202S-HMK4.jpg?fit=510%2C348&resize=350%2C200","width":350,"height":200},"classes":[]},{"id":12205,"url":"http:\/\/astehshop.com\/index.php\/product\/paradox-gigabitni-poe-injector-30w-eg30\/","url_meta":{"origin":11899,"position":2},"title":"Paradox Gigabitni POE+ injector 30W EG30","date":"28. sije\u010dnja 2026.","format":false,"excerpt":"Gigabitni POE+ injector 30W Izlaz 52VDC. Gigabitni uplink. Namjenjen je za napajanje alarmnih centrala i ripitera Paradox M serije. Radi na naponu 100\u2013240V AC, pogodan je i za napajanje PoE ure\u0111aja do 30W snage, za\u0161tita IP40, ku\u0107i\u0161te PVC, samogasivo. Podr\u017eava IEEE 802.3af\/at standarde","rel":"","context":"Srodne objave","img":{"alt_text":"","src":"https:\/\/i2.wp.com\/astehshop.com\/wp-content\/uploads\/2026\/01\/paradox-eg30-1.jpg?fit=1200%2C1200&resize=350%2C200","width":350,"height":200},"classes":[]},{"id":8145,"url":"http:\/\/astehshop.com\/index.php\/product\/cudy-6-port-10-100m-poe-switch-model-fs1006p\/","url_meta":{"origin":11899,"position":3},"title":"Cudy 6-Port 10\/100M PoE+ Switch, Model: FS1006P","date":"24. kolovoza 2023.","format":false,"excerpt":"6-Port 10\/100M PoE+ Switch FS1006P U skladu sa IEEE802.3af\/at standard Podr\u017eava PoE napajanje do 32W za svaki PoE port Automatsko otkrivanje ne-PoE ure\u0111aja i PoE ure\u0111aja Prioritet napajanja garantuje napajanje klju\u010dnih \u010dvorova CCTV\/VLAN prekida\u010d re\u017eima, daljinsko napajanje i podaci do 250m Podr\u017eava IEEE802.3 x full duplex \/ half duplex kontrolu\u2026","rel":"","context":"Srodne objave","img":{"alt_text":"","src":"https:\/\/i0.wp.com\/astehshop.com\/wp-content\/uploads\/2023\/08\/fs1006p.jpg?fit=1200%2C1168&resize=350%2C200","width":350,"height":200},"classes":[]},{"id":7131,"url":"http:\/\/astehshop.com\/index.php\/product\/partizan-security-4-poe-nvd-411-poe-5-0-cloud-prosirivo-na-16-kamera\/","url_meta":{"origin":11899,"position":4},"title":"Partizan Security 4 POE NVD-411 POE 5.0 Cloud pro\u0161irivo na 16 kamera","date":"27. prosinca 2022.","format":false,"excerpt":"Na ovaj multifunkcionalni NVR mo\u017eete povezati do 16 video kamera rezolucije 8,0 MP. Sve kanale video nadzora ure\u0111aj snima istovremeno u realnom vremenu. \u010cetiri re\u017eima snimanja \u2013 puno radno vreme, alarm, pokret ili raspored \u2013 pru\u017eaju mogu\u0107nost konfigurisanja sistema video nadzora prema definisanim zadacima u svakom vremenskom periodu. Dozvoljeno je\u2026","rel":"","context":"Srodne objave","img":{"alt_text":"","src":"https:\/\/i0.wp.com\/astehshop.com\/wp-content\/uploads\/2022\/12\/NVH-852-3.0-Cloud.png?fit=1158%2C1092&resize=350%2C200","width":350,"height":200},"classes":[]},{"id":8932,"url":"http:\/\/astehshop.com\/index.php\/product\/unv-nsw2010-6t-poe-in-poe-switch-uniview\/","url_meta":{"origin":11899,"position":5},"title":"UNV NSW2010-6T-POE-IN POE Switch UniView","date":"18. sije\u010dnja 2024.","format":false,"excerpt":"Vi\u0161estruki na\u010dini rada koji zadovoljavaju va\u0161e poslovne potrebe: normalan, siguran i nadzor Podr\u017eava kontrolu saobra\u0107aja u luci Podr\u0161ka za siguran na\u010din rada, svi portovi za downlink mogu komunicirati samo sa uplink portovima Do 250m udaljenosti prijenosa u nadzornom modu Podr\u017eava optimizaciju bafera Potpuno metalno ku\u0107i\u0161te, sigurno i pouzdano","rel":"","context":"Srodne objave","img":{"alt_text":"","src":"https:\/\/i1.wp.com\/astehshop.com\/wp-content\/uploads\/2024\/01\/NSW2010-6T-PoE-IN.jpg?fit=510%2C348&resize=350%2C200","width":350,"height":200},"classes":[]}],"_links":{"self":[{"href":"http:\/\/astehshop.com\/index.php\/wp-json\/wp\/v2\/product\/11899"}],"collection":[{"href":"http:\/\/astehshop.com\/index.php\/wp-json\/wp\/v2\/product"}],"about":[{"href":"http:\/\/astehshop.com\/index.php\/wp-json\/wp\/v2\/types\/product"}],"replies":[{"embeddable":true,"href":"http:\/\/astehshop.com\/index.php\/wp-json\/wp\/v2\/comments?post=11899"}],"wp:featuredmedia":[{"embeddable":true,"href":"http:\/\/astehshop.com\/index.php\/wp-json\/wp\/v2\/media\/11900"}],"wp:attachment":[{"href":"http:\/\/astehshop.com\/index.php\/wp-json\/wp\/v2\/media?parent=11899"}],"wp:term":[{"taxonomy":"product_cat","embeddable":true,"href":"http:\/\/astehshop.com\/index.php\/wp-json\/wp\/v2\/product_cat?post=11899"},{"taxonomy":"product_tag","embeddable":true,"href":"http:\/\/astehshop.com\/index.php\/wp-json\/wp\/v2\/product_tag?post=11899"}],"curies":[{"name":"wp","href":"https:\/\/api.w.org\/{rel}","templated":true}]}}