{"id":11888,"date":"2025-10-31T20:17:57","date_gmt":"2025-10-31T19:17:57","guid":{"rendered":"http:\/\/astehshop.com\/?post_type=product&#038;p=11888"},"modified":"2025-10-31T20:17:59","modified_gmt":"2025-10-31T19:17:59","slug":"termalna-unv-uniview-kamera-tic2a32sa-f7-4f6ac-i1","status":"publish","type":"product","link":"http:\/\/astehshop.com\/index.php\/product\/termalna-unv-uniview-kamera-tic2a32sa-f7-4f6ac-i1\/","title":{"rendered":"Termalna UNV UniView kamera TIC2A32SA-F7-4F6AC-I1"},"content":{"rendered":"<p>Termalna i opti\u010dka dvostruko-spektralna Bullet mre\u017ena kamera<br \/>\n\u2022 Termalna i opti\u010dka dvostruko-spektralna slika, dvostruki video s jednom IP adresom, prilagodljiva razli\u010ditim scenama<br \/>\n\u2022 Ciljana povr\u0161ina 1\/2,8&#8243;, senzor visoke osjetljivosti, pogodan za pra\u0107enje zvjezdane svjetlosti<br \/>\n\u2022 Termalni modul podr\u017eava pouzdanu detekciju po\u017eara i podru\u010dje za\u0161tite od po\u017eara<br \/>\n\u2022 Termalni modul podr\u017eava detekciju temperature i pra\u0107enje hladnih i vru\u0107ih ta\u010daka, \u0161to isti\u010de abnormalne temperature i povezuje se s alarmom<br \/>\n\u2022 Termalna i opti\u010dka dvostruko-spektralna pametna prevencija upada mo\u017ee se omogu\u0107iti istovremeno: prelazak linije, ulazak u podru\u010dje, izlazak iz podru\u010dja, upad<br \/>\n\u2022 Opti\u010dki modul podr\u017eava prepoznavanje smoga, \u0161to mo\u017ee pomo\u0107i pri ponovnoj potvrdi po\u017earnog alarma<br \/>\n\u2022 Podr\u017eava na\u010din rada slika u slici, kontrast u\u017eivo u stvarnom vremenu, prakti\u010dnije i jasnije<br \/>\n\u2022 Podr\u017eava audio i svjetlosni alarm, s ugra\u0111enim crvenim i plavim svjetlima upozorenja<br \/>\n\u2022 Ultra 265, H.265, H.264, MJPEG<br \/>\n\u2022 Maks. 2688 \u00d7 1520@30 fps u opti\u010dkom modulu i maksimalno 960P@30 fps u termalnom modulu<br \/>\n\u2022 DC 12 V \u00b1 25% ili PoE napajanje<br \/>\n\u2022 Alarm 2 ulaza i 2 izlaza, audio 1 ulaz i 1 izlaz, micro SD, do 512 GB<\/p>\n","protected":false},"excerpt":{"rendered":"<p>Termalna i opti\u010dka dvostruko-spektralna Bullet mre\u017ena kamera<br \/>\n\u2022 Termalna i opti\u010dka dvostruko-spektralna slika, dvostruki video s jednom IP adresom, prilagodljiva razli\u010ditim scenama<br \/>\n\u2022 Ciljana povr\u0161ina 1\/2,8&#8243;, senzor visoke osjetljivosti, pogodan za pra\u0107enje zvjezdane svjetlosti<br \/>\n\u2022 Termalni modul podr\u017eava pouzdanu detekciju po\u017eara i podru\u010dje za\u0161tite od po\u017eara<br \/>\n\u2022 Termalni modul podr\u017eava detekciju temperature i pra\u0107enje hladnih i vru\u0107ih ta\u010daka, \u0161to isti\u010de abnormalne temperature i povezuje se s alarmom<br \/>\n\u2022 Termalna i opti\u010dka dvostruko-spektralna pametna prevencija upada mo\u017ee se omogu\u0107iti istovremeno: prelazak linije, ulazak u podru\u010dje, izlazak iz podru\u010dja, upad<br \/>\n\u2022 Opti\u010dki modul podr\u017eava prepoznavanje smoga, \u0161to mo\u017ee pomo\u0107i pri ponovnoj potvrdi po\u017earnog alarma<br \/>\n\u2022 Podr\u017eava na\u010din rada slika u slici, kontrast u\u017eivo u stvarnom vremenu, prakti\u010dnije i jasnije<br \/>\n\u2022 Podr\u017eava audio i svjetlosni alarm, s ugra\u0111enim crvenim i plavim svjetlima upozorenja<br \/>\n\u2022 Ultra 265, H.265, H.264, MJPEG<br \/>\n\u2022 Maks. 2688 \u00d7 1520@30 fps u opti\u010dkom modulu i maksimalno 960P@30 fps u termalnom modulu<br \/>\n\u2022 DC 12 V \u00b1 25% ili PoE napajanje<br \/>\n\u2022 Alarm 2 ulaza i 2 izlaza, audio 1 ulaz i 1 izlaz, micro SD, do 512 GB<\/p>\n","protected":false},"featured_media":11889,"comment_status":"open","ping_status":"closed","template":"","meta":{"_mi_skip_tracking":false,"_exactmetrics_sitenote_active":false,"_exactmetrics_sitenote_note":"","_exactmetrics_sitenote_category":0,"spay_email":""},"product_cat":[1043],"product_tag":[2197,8564,8563],"brands":[{"id":6129,"name":"UNV","slug":"unv"}],"df_price":1820,"df_sale_price":"","df_regular_price":1820,"df_image_link":"https:\/\/i2.wp.com\/astehshop.com\/wp-content\/uploads\/2025\/10\/TIC2A32SA-F7-4F6AC-I1.png?fit=450%2C254","jetpack_publicize_connections":[],"jetpack_sharing_enabled":true,"jetpack_likes_enabled":true,"jetpack-related-posts":[{"id":11783,"url":"http:\/\/astehshop.com\/index.php\/product\/5mp-ip-camera-ipo-5sp-thermal-sh-termalna-kamera\/","url_meta":{"origin":11888,"position":0},"title":"5Mp IP camera IPO-5SP Thermal SH &#8211; termalna kamera","date":"28. rujna 2025.","format":false,"excerpt":"IPO-5SP Thermal SH je mo\u0107na vanjska kamera koja kombinira opti\u010dko snimanje visoke rezolucije s naprednom termalnom tehnologijom, pru\u017eaju\u0107i izuzetnu sigurnost 24\/7. Ova kamera ima opti\u010dki modul od 5 megapiksela sa 1\/2,8\" CMOS senzorom sa progresivnim skeniranjem, koji pru\u017ea o\u0161tre, detaljne slike u Super HD formatu slike, \u0161to omogu\u0107ava prepoznavanje malih\u2026","rel":"","context":"Srodne objave","img":{"alt_text":"","src":"https:\/\/i2.wp.com\/astehshop.com\/wp-content\/uploads\/2025\/09\/bullet-termalna-kamera-5-mpx.png?fit=899%2C753&resize=350%2C200","width":350,"height":200},"classes":[]},{"id":9156,"url":"http:\/\/astehshop.com\/index.php\/product\/dahua-tpc-ht2201-rucna-termalna-kamera\/","url_meta":{"origin":11888,"position":1},"title":"Dahua TPC-HT2201 ru\u010dna termalna kamera","date":"25. velja\u010de 2024.","format":false,"excerpt":"Ru\u010dna termalna kamera za mjerenje tjelesne temperature \u00b7 256 \u00d7 192 uncooled VOx FPA \u00b7 AI non-contact temperature monitoring \u00b7 Temperature monitoring accuracy: \u00b10.5\u00b0C \u00b7 Support audible alarm \u00b7 PC client for live view & alarm \u00b7 Battery life > 8 h \u00b7 Support micro SD card for image and\u2026","rel":"","context":"Srodne objave","img":{"alt_text":"","src":"https:\/\/i2.wp.com\/astehshop.com\/wp-content\/uploads\/2024\/02\/dahua-tpc-ht2201-rucna-termalna-kamera-rasprodaja_0.jpg?fit=1200%2C675&resize=350%2C200","width":350,"height":200},"classes":[]},{"id":11884,"url":"http:\/\/astehshop.com\/index.php\/product\/uniview-unv-ptz-kamera-25-x-zoom-ipc94144sr-x25-f40c-2-kamere-4-4-mpx\/","url_meta":{"origin":11888,"position":2},"title":"UniView UNV ptz kamera 25 x zoom IPC94144SR-X25-F40C 2 kamere 4 + 4 MPX","date":"31. listopada 2025.","format":false,"excerpt":"\u2022 Integracija fiksne i PTZ kamere, dvokanalna s jednom IP adresom, pru\u017ea sveobuhvatni i detaljan prikaz istovremeno \u2022 Visokokvalitetna slika sa 4 MP, 1\/2.7\" CMOS senzorom \u2022 Ultra 265, H.265, H.264, MJPEG \u2022 25X opti\u010dki zum PTZ kanala omogu\u0107ava bli\u017ei pregled subjekata \u2022 Pametno sprje\u010davanje upada, podr\u017eava filtriranje la\u017enih alarma,\u2026","rel":"","context":"Srodne objave","img":{"alt_text":"","src":"https:\/\/i0.wp.com\/astehshop.com\/wp-content\/uploads\/2025\/10\/IPC94144SR-X25-F40C.png?fit=600%2C338&resize=350%2C200","width":350,"height":200},"classes":[]},{"id":11781,"url":"http:\/\/astehshop.com\/index.php\/product\/5mp-ip-camera-ipd-5sp-ir-thermal-sh\/","url_meta":{"origin":11888,"position":3},"title":"5Mp IP camera IPD-5SP-IR Thermal SH","date":"28. rujna 2025.","format":false,"excerpt":"IPD-5SP-IR Thermal SH je mo\u0107na kupolasta kamera koja kombinuje opti\u010dko snimanje visoke rezolucije sa naprednom termalnom tehnologijom, pru\u017eaju\u0107i izuzetnu sigurnost 24\/7. Ova kamera ima opti\u010dki modul od 5 megapiksela sa 1\/2,8-in\u010dnim CMOS senzorom sa progresivnim skeniranjem, koji pru\u017ea o\u0161tre, detaljne slike u Super HD formatu slike, \u0161to omogu\u0107ava prepoznavanje malih\u2026","rel":"","context":"Srodne objave","img":{"alt_text":"","src":"https:\/\/i1.wp.com\/astehshop.com\/wp-content\/uploads\/2025\/09\/5Mp-IP-camera-IPD-5SP-IR-Thermal-SH.png?fit=980%2C800&resize=350%2C200","width":350,"height":200},"classes":[]},{"id":4306,"url":"http:\/\/astehshop.com\/index.php\/product\/dahua-termalna-kamera-kompletan-set-tpc-bf3221-t\/","url_meta":{"origin":11888,"position":4},"title":"Dahua termalna kamera kompletan set &#8211; TPC-BF3221-T","date":"31. o\u017eujka 2020.","format":false,"excerpt":"Precizno odstupanje 0,01 stepen 1 x termalna kamera sa mjerenjem temperature - TPC-BF3221-T 1 x blackbody koji pomaze pri tacnosti mjerenja - JQ-D70Z 2 x tripod za kameru i za blackbody 2 x adapteri RAW021-00 1 x Dahua NVR NVR5216-16P-I 1 x hdd 4 TB 1 x monitor dahua full\u2026","rel":"","context":"Srodne objave","img":{"alt_text":"","src":"https:\/\/i2.wp.com\/astehshop.com\/wp-content\/uploads\/2020\/03\/TPC-BF3221-T.jpg?fit=799%2C434&resize=350%2C200","width":350,"height":200},"classes":[]},{"id":9121,"url":"http:\/\/astehshop.com\/index.php\/product\/dahua-tpc-bf1241-d3f4-termalna-kamera\/","url_meta":{"origin":11888,"position":5},"title":"Dahua TPC-BF1241-D3F4 termalna kamera","date":"20. velja\u010de 2024.","format":false,"excerpt":"4 MP WizSense termalna mre\u017ena kamera u bullet ku\u0107i\u0161tu Osvjetljenje:0.05 Lux. Maksimalna rezolucija 1280x960. Fiksna optika 4 mm. Kompresija H.265\/H.264M\/H.264H\/H.264B\/MJEPG. Nivo za\u0161tite IP67,IK10. DWDR. Audio 1in\/1out.Alarm 1in\/1out. Slot za microSD karticu do 256GB. Video analitika:intrusion,tripwire. 12v napajanje, ePoE. Odgovaraju\u0107a dozna je PFA130-E. Nosa\u010d za banderu je PFA152-E. Materijal: Metal.","rel":"","context":"Srodne objave","img":{"alt_text":"","src":"https:\/\/i2.wp.com\/astehshop.com\/wp-content\/uploads\/2024\/02\/dahua-tpc-bf1241-d3f4-termalna-kamera_0.png?fit=1200%2C675&resize=350%2C200","width":350,"height":200},"classes":[]}],"_links":{"self":[{"href":"http:\/\/astehshop.com\/index.php\/wp-json\/wp\/v2\/product\/11888"}],"collection":[{"href":"http:\/\/astehshop.com\/index.php\/wp-json\/wp\/v2\/product"}],"about":[{"href":"http:\/\/astehshop.com\/index.php\/wp-json\/wp\/v2\/types\/product"}],"replies":[{"embeddable":true,"href":"http:\/\/astehshop.com\/index.php\/wp-json\/wp\/v2\/comments?post=11888"}],"wp:featuredmedia":[{"embeddable":true,"href":"http:\/\/astehshop.com\/index.php\/wp-json\/wp\/v2\/media\/11889"}],"wp:attachment":[{"href":"http:\/\/astehshop.com\/index.php\/wp-json\/wp\/v2\/media?parent=11888"}],"wp:term":[{"taxonomy":"product_cat","embeddable":true,"href":"http:\/\/astehshop.com\/index.php\/wp-json\/wp\/v2\/product_cat?post=11888"},{"taxonomy":"product_tag","embeddable":true,"href":"http:\/\/astehshop.com\/index.php\/wp-json\/wp\/v2\/product_tag?post=11888"}],"curies":[{"name":"wp","href":"https:\/\/api.w.org\/{rel}","templated":true}]}}