{"id":11884,"date":"2025-10-31T20:13:12","date_gmt":"2025-10-31T19:13:12","guid":{"rendered":"http:\/\/astehshop.com\/?post_type=product&#038;p=11884"},"modified":"2025-10-31T20:13:13","modified_gmt":"2025-10-31T19:13:13","slug":"uniview-unv-ptz-kamera-25-x-zoom-ipc94144sr-x25-f40c-2-kamere-4-4-mpx","status":"publish","type":"product","link":"http:\/\/astehshop.com\/index.php\/product\/uniview-unv-ptz-kamera-25-x-zoom-ipc94144sr-x25-f40c-2-kamere-4-4-mpx\/","title":{"rendered":"UniView UNV ptz kamera 25 x zoom IPC94144SR-X25-F40C 2 kamere 4 + 4 MPX"},"content":{"rendered":"<p>\u2022 Integracija fiksne i PTZ kamere, dvokanalna s jednom IP adresom, pru\u017ea sveobuhvatni i detaljan prikaz istovremeno<br \/>\n\u2022 Visokokvalitetna slika sa 4 MP, 1\/2.7&#8243; CMOS senzorom<br \/>\n\u2022 Ultra 265, H.265, H.264, MJPEG<br \/>\n\u2022 25X opti\u010dki zum PTZ kanala omogu\u0107ava bli\u017ei pregled subjekata<br \/>\n\u2022 Pametno sprje\u010davanje upada, podr\u017eava filtriranje la\u017enih alarma, uklju\u010duju\u0107i prelazak linije, upad, detekciju ulaska u podru\u010dje, detekciju izlaska iz podru\u010dja<br \/>\n\u2022 automatski odabir najboljih snimaka, podr\u017eava detekciju lica u maskiranom podru\u010dju<br \/>\n\u2022 Brojanje ljudi, podr\u017eava brojanje protoka ljudi i pra\u0107enje gusto\u0107e gu\u017eve, pogodno za razli\u010dite statisti\u010dke scenarije<br \/>\n\u2022 PTZ kanal se mo\u017ee povezati s pametnim sprje\u010davanjem upada fiksnog kanala kako bi se pratili objekti koji aktiviraju pravilo<br \/>\n\u2022 Podr\u017eava zvu\u010dno i svjetlosno upozorenje, \u010dini upozorenja i alarme uo\u010dljivijim<br \/>\n\u2022 LightHunter tehnologija osigurava ultra visok kvalitet slike u okru\u017eenju sa slabim osvjetljenjem<br \/>\n\u2022 Napajanje DC 12 V, PoE+ (IEEE 802.3at)<br \/>\n\u2022 Alarmni I\/O: 2\/1, audio I\/O: 1\/1<\/p>\n<p><iframe loading=\"lazy\"  id=\"_ytid_79797\"  width=\"480\" height=\"270\"  data-origwidth=\"480\" data-origheight=\"270\"  src=\"https:\/\/www.youtube.com\/embed\/s0uhsjTuV2A?enablejsapi=1&#038;autoplay=0&#038;cc_load_policy=0&#038;cc_lang_pref=&#038;iv_load_policy=1&#038;loop=0&#038;modestbranding=0&#038;rel=1&#038;fs=1&#038;playsinline=0&#038;autohide=2&#038;theme=dark&#038;color=red&#038;controls=1&#038;\" class=\"__youtube_prefs__  epyt-is-override  no-lazyload\" title=\"YouTube player\"  allow=\"autoplay; encrypted-media\" allowfullscreen data-no-lazy=\"1\" data-skipgform_ajax_framebjll=\"\"><\/iframe><\/p>\n<p>&nbsp;<\/p>\n","protected":false},"excerpt":{"rendered":"<p>\u2022 Integracija fiksne i PTZ kamere, dvokanalna s jednom IP adresom, pru\u017ea sveobuhvatni i detaljan prikaz istovremeno<br \/>\n\u2022 Visokokvalitetna slika sa 4 MP, 1\/2.7&#8243; CMOS senzorom<br \/>\n\u2022 Ultra 265, H.265, H.264, MJPEG<br \/>\n\u2022 25X opti\u010dki zum PTZ kanala omogu\u0107ava bli\u017ei pregled subjekata<br \/>\n\u2022 Pametno sprje\u010davanje upada, podr\u017eava filtriranje la\u017enih alarma, uklju\u010duju\u0107i prelazak linije, upad, detekciju ulaska u podru\u010dje, detekciju izlaska iz podru\u010dja<br \/>\n\u2022 automatski odabir najboljih snimaka, podr\u017eava detekciju lica u maskiranom podru\u010dju<br \/>\n\u2022 Brojanje ljudi, podr\u017eava brojanje protoka ljudi i pra\u0107enje gusto\u0107e gu\u017eve, pogodno za razli\u010dite statisti\u010dke scenarije<br \/>\n\u2022 PTZ kanal se mo\u017ee povezati s pametnim sprje\u010davanjem upada fiksnog kanala kako bi se pratili objekti koji aktiviraju pravilo<br \/>\n\u2022 Podr\u017eava zvu\u010dno i svjetlosno upozorenje, \u010dini upozorenja i alarme uo\u010dljivijim<br \/>\n\u2022 LightHunter tehnologija osigurava ultra visok kvalitet slike u okru\u017eenju sa slabim osvjetljenjem<br \/>\n\u2022 Napajanje DC 12 V, PoE+ (IEEE 802.3at)<br \/>\n\u2022 Alarmni I\/O: 2\/1, audio I\/O: 1\/1<\/p>\n<p>https:\/\/www.youtube.com\/watch?v=s0uhsjTuV2A<\/p>\n","protected":false},"featured_media":11885,"comment_status":"open","ping_status":"closed","template":"","meta":{"_mi_skip_tracking":false,"_exactmetrics_sitenote_active":false,"_exactmetrics_sitenote_note":"","_exactmetrics_sitenote_category":0,"spay_email":""},"product_cat":[2078],"product_tag":[8562,8561,608,6447,2081],"brands":[{"id":6129,"name":"UNV","slug":"unv"}],"df_price":1350,"df_sale_price":"","df_regular_price":1350,"df_image_link":"https:\/\/i0.wp.com\/astehshop.com\/wp-content\/uploads\/2025\/10\/IPC94144SR-X25-F40C.png?fit=450%2C254","jetpack_publicize_connections":[],"jetpack_sharing_enabled":true,"jetpack_likes_enabled":true,"jetpack-related-posts":[{"id":8590,"url":"http:\/\/astehshop.com\/index.php\/product\/unv-lighthunter-5-mpx-ptz-ipc675lfw-ax4dupkc-vg\/","url_meta":{"origin":11884,"position":0},"title":"UNV LightHunter 5 MPX PTZ IPC675LFW-AX4DUPKC-VG","date":"10. studenoga 2023.","format":false,"excerpt":"\u2022 Slika visokog kvaliteta sa 5MP, 1\/2,7\" CMOS senzorom \u2022 Ultra 265, H.265, H.264, MJPEG \u2022 Pametna prevencija upada, podr\u017eava filtriranje la\u017enih alarma, uklju\u010duje popre\u010dnu liniju, upad, ulazak u podru\u010dje, detekciju napu\u0161tanja podru\u010dja \u2022 Brojanje ljudi, podr\u0161ka brojanju protoka ljudi i pra\u0107enje gustine gu\u017eve, pogodno za razli\u010dite statisti\u010dke scenarije \u2022\u2026","rel":"","context":"Srodne objave","img":{"alt_text":"","src":"https:\/\/i1.wp.com\/astehshop.com\/wp-content\/uploads\/2023\/11\/IPC675LFW-AX4DUPKC-VG.jpg?fit=679%2C534&resize=350%2C200","width":350,"height":200},"classes":[]},{"id":8592,"url":"http:\/\/astehshop.com\/index.php\/product\/unv-lighthunter-dva-objektiva-ptz-kamera-ipc9312lfw-af28-2x4-2-mpx\/","url_meta":{"origin":11884,"position":1},"title":"UNV Lighthunter dva objektiva PTZ kamera IPC9312LFW-AF28-2X4 2 MPX","date":"10. studenoga 2023.","format":false,"excerpt":"\u2022 Integracija fiksne kamere i PTZ kamere, dualni kanali sa jednim IP-om, sagledajte cjelokupnu situaciju i razmotrite detalje u isto vrijeme \u2022 Slika visokog kvaliteta sa 2MP,1\/2.8'' CMOS senzorom \u2022 1920*1080@25fps u glavnom toku \u2022 Ultra 265, H.265, H.264, MJPEG \u2022 4X opti\u010dki zum PTZ kanala omogu\u0107ava bli\u017ee gledanje subjekata\u2026","rel":"","context":"Srodne objave","img":{"alt_text":"","src":"https:\/\/i2.wp.com\/astehshop.com\/wp-content\/uploads\/2023\/11\/IPC9312LFW-AF28-2X4.jpg?fit=652%2C484&resize=350%2C200","width":350,"height":200},"classes":[]},{"id":11874,"url":"http:\/\/astehshop.com\/index.php\/product\/uniview-unv-colorhunter-kamera-ipc2324se-adzk-wl-i0-za-video-nadzor\/","url_meta":{"origin":11884,"position":2},"title":"UniView UNV ColorHunter kamera IPC2324SE-ADZK-WL-I0 za video nadzor","date":"31. listopada 2025.","format":false,"excerpt":"\u2022 Visokokvalitetna slika sa 4 MP, 1\/1.8\" CMOS senzorom \u2022 4 MP (2688 \u00d7 1520)@30\/25 fps; 4 MP (2560 \u00d7 1440)@30\/25 fps; 3 MP (2304 \u00d7 1296)@30\/25 fps; 1080P (1920 \u00d7 1080)@30\/25 fps \u2022 Ultra 265, H.265, H.264, MJPEG \u2022 Pametno spre\u010davanje upada, uklju\u010duju\u0107i detekciju prelaska linije, upada, ulaska u\u2026","rel":"","context":"Srodne objave","img":{"alt_text":"","src":"https:\/\/i2.wp.com\/astehshop.com\/wp-content\/uploads\/2025\/10\/IPC2324SE-ADZK-WL-I0.png?fit=600%2C338&resize=350%2C200","width":350,"height":200},"classes":[]},{"id":8547,"url":"http:\/\/astehshop.com\/index.php\/product\/unv-mrezni-snimac-8-kanala-nvr301-s3-series\/","url_meta":{"origin":11884,"position":3},"title":"UNV mre\u017eni snima\u010d 8 kanala NVR301-S3 Series","date":"10. studenoga 2023.","format":false,"excerpt":"Podr\u017eava Ultra 265\/H.265\/H.264 video formate 4\/8\/16-kanalni ulaz Podr\u017eava glavne kamere uskla\u0111ene sa ONVIF (profil S, profil G, profil T) i RTSP protokole Podr\u017eava 1-kanalni HDMI, 1-kanalni VGA, HDMI do 4K (3840x2160) rezolucije HDMI i VGA simultani izlaz Snimanje u rezoluciji do 4K 1 SATA HDD do 8TB Podr\u0161ka nadogradnji oblaka","rel":"","context":"Srodne objave","img":{"alt_text":"","src":"https:\/\/i1.wp.com\/astehshop.com\/wp-content\/uploads\/2023\/11\/NVR301-S3-Series.jpg?fit=510%2C348&resize=350%2C200","width":350,"height":200},"classes":[]},{"id":5571,"url":"http:\/\/astehshop.com\/index.php\/product\/milesight-ip-ai-ir-mini-dome-network-camerams-c2983-rpc\/","url_meta":{"origin":11884,"position":4},"title":"Milesight IP AI IR Mini Dome Network CameraMS-C2983-RPC","date":"28. listopada 2021.","format":false,"excerpt":"IP Dome Kamera Milesight 2MP 1920\u00d71080@60fps, Fiksni objektiv 2.8mm, vidno polje H111\u00b0 D128\u00b0 V61\u00b0, Ultra slaba svjetlost Color: 0.002Lux @F1.6, Super WDR 140dB, IR Distance 20m, Kompresija H.265+\/H.265\/H.264+\/H.264, Podr\u017eava analizu video sadr\u017eaja, brojanje ljudi. Podr\u0161ka za prepoznavanje lica.","rel":"","context":"Srodne objave","img":{"alt_text":"","src":"https:\/\/i0.wp.com\/astehshop.com\/wp-content\/uploads\/2021\/10\/MS-C2983-RPC.png?fit=602%2C517&resize=350%2C200","width":350,"height":200},"classes":[]},{"id":11888,"url":"http:\/\/astehshop.com\/index.php\/product\/termalna-unv-uniview-kamera-tic2a32sa-f7-4f6ac-i1\/","url_meta":{"origin":11884,"position":5},"title":"Termalna UNV UniView kamera TIC2A32SA-F7-4F6AC-I1","date":"31. listopada 2025.","format":false,"excerpt":"Termalna i opti\u010dka dvostruko-spektralna Bullet mre\u017ena kamera \u2022 Termalna i opti\u010dka dvostruko-spektralna slika, dvostruki video s jednom IP adresom, prilagodljiva razli\u010ditim scenama \u2022 Ciljana povr\u0161ina 1\/2,8\", senzor visoke osjetljivosti, pogodan za pra\u0107enje zvjezdane svjetlosti \u2022 Termalni modul podr\u017eava pouzdanu detekciju po\u017eara i podru\u010dje za\u0161tite od po\u017eara \u2022 Termalni modul podr\u017eava\u2026","rel":"","context":"Srodne objave","img":{"alt_text":"","src":"https:\/\/i2.wp.com\/astehshop.com\/wp-content\/uploads\/2025\/10\/TIC2A32SA-F7-4F6AC-I1.png?fit=600%2C338&resize=350%2C200","width":350,"height":200},"classes":[]}],"_links":{"self":[{"href":"http:\/\/astehshop.com\/index.php\/wp-json\/wp\/v2\/product\/11884"}],"collection":[{"href":"http:\/\/astehshop.com\/index.php\/wp-json\/wp\/v2\/product"}],"about":[{"href":"http:\/\/astehshop.com\/index.php\/wp-json\/wp\/v2\/types\/product"}],"replies":[{"embeddable":true,"href":"http:\/\/astehshop.com\/index.php\/wp-json\/wp\/v2\/comments?post=11884"}],"wp:featuredmedia":[{"embeddable":true,"href":"http:\/\/astehshop.com\/index.php\/wp-json\/wp\/v2\/media\/11885"}],"wp:attachment":[{"href":"http:\/\/astehshop.com\/index.php\/wp-json\/wp\/v2\/media?parent=11884"}],"wp:term":[{"taxonomy":"product_cat","embeddable":true,"href":"http:\/\/astehshop.com\/index.php\/wp-json\/wp\/v2\/product_cat?post=11884"},{"taxonomy":"product_tag","embeddable":true,"href":"http:\/\/astehshop.com\/index.php\/wp-json\/wp\/v2\/product_tag?post=11884"}],"curies":[{"name":"wp","href":"https:\/\/api.w.org\/{rel}","templated":true}]}}