{"id":11846,"date":"2025-10-12T09:55:24","date_gmt":"2025-10-12T07:55:24","guid":{"rendered":"http:\/\/astehshop.com\/?post_type=product&#038;p=11846"},"modified":"2025-10-12T09:55:26","modified_gmt":"2025-10-12T07:55:26","slug":"lande-pandora-serija-7u","status":"publish","type":"product","link":"http:\/\/astehshop.com\/index.php\/product\/lande-pandora-serija-7u\/","title":{"rendered":"Lande Pandora serija 7U"},"content":{"rendered":"<p>Lande 7U 19&#8243; Sigurnosni rek ormar predvi\u0111en za zidno postavljanje<\/p>\n<p>542 mm x\u00a0 400 mm<\/p>\n","protected":false},"excerpt":{"rendered":"<p>Lande 7U 19&#8243; Sigurnosni rek ormar predvi\u0111en za zidno postavljanje<\/p>\n<p>542 mm x\u00a0 400 mm<\/p>\n","protected":false},"featured_media":11847,"comment_status":"open","ping_status":"closed","template":"","meta":{"_mi_skip_tracking":false,"_exactmetrics_sitenote_active":false,"_exactmetrics_sitenote_note":"","_exactmetrics_sitenote_category":0,"spay_email":""},"product_cat":[3090],"product_tag":[8528,8529,8526,8524,8525,8527],"brands":[],"df_price":120,"df_sale_price":"","df_regular_price":120,"df_image_link":"https:\/\/i2.wp.com\/astehshop.com\/wp-content\/uploads\/2025\/10\/LN-SH07U5440-LG-F0.jpeg?fit=300%2C300","jetpack_publicize_connections":[],"jetpack_sharing_enabled":true,"jetpack_likes_enabled":true,"jetpack-related-posts":[{"id":8263,"url":"http:\/\/astehshop.com\/index.php\/product\/rack-rek-ormar-7u-crni-zatamljeno-staklo\/","url_meta":{"origin":11846,"position":0},"title":"Rack Rek Ormar 7u &#8211; crni &#8211; zatamljeno staklo","date":"24. rujna 2023.","format":false,"excerpt":"Rack ormar 7u Crne boje sa bravicom zatamljeno prednje staklo dimenzije 540 \u0160irina 400 dubina 354 visina www.technoshopbn.com","rel":"","context":"Srodne objave","img":{"alt_text":"","src":"https:\/\/i1.wp.com\/astehshop.com\/wp-content\/uploads\/2023\/09\/rack-ormar-techno-shop-bn.png?fit=707%2C584&resize=350%2C200","width":350,"height":200},"classes":[]},{"id":5309,"url":"http:\/\/astehshop.com\/index.php\/product\/racksis-soho-7u-rack-ormar-crni-520x400x360mm\/","url_meta":{"origin":11846,"position":1},"title":"RACKSIS SOHO 7U rack ormar crni, 520x400x360mm","date":"10. listopada 2021.","format":false,"excerpt":"RACKSIS SOHO 7U rack ormar crni, 520x400x360mm SH07U5240D Racksis SOHO 7U rack ormar crni, 520x400x360mm \u00a0 Tip ormara: Soho\/zidni Dimenzije: 520x400x360mm Nosivost: 40 kg Boja: crna Vrata: staklena sa bravicom za zaklju\u010davanje \u00a0 - otvor za ventilatorsko polje - otvor za ulaz kablova na gornjoj i donjoj stranici, te na\u2026","rel":"","context":"Srodne objave","img":{"alt_text":"","src":"https:\/\/i1.wp.com\/astehshop.com\/wp-content\/uploads\/2021\/10\/racksis-soho-7u-rack-ormar-crni-520x400x360mm.jpg?fit=750%2C672&resize=350%2C200","width":350,"height":200},"classes":[]},{"id":6433,"url":"http:\/\/astehshop.com\/index.php\/product\/racksis-silver-7u-rack-ormar-crni-600x450x410mm\/","url_meta":{"origin":11846,"position":2},"title":"RACKSIS SILVER 7U rack ormar crni, 600x450x410mm","date":"21. listopada 2022.","format":false,"excerpt":"D07U6045-1 Racksis SILVER 7U rack ormar crni, 600x450x410mm Tip ormara: Silver\/zidni Dimenzije: 600x450x410mm Nosivost: 80 kg Boja: crna Vrata: staklo u metalnom okviru sa bravicom za zaklju\u010davanje \u00a0 - odvojive bo\u010dne stranice sa bravicom za zaklju\u010davanje - otvor za ventilatorsko polje - otvor za ulaz kablova na stra\u017enjoj, gornjoj i\u2026","rel":"","context":"Srodne objave","img":{"alt_text":"","src":"https:\/\/i1.wp.com\/astehshop.com\/wp-content\/uploads\/2022\/10\/silver-series-.jpg?fit=655%2C655&resize=350%2C200","width":350,"height":200},"classes":[]},{"id":11844,"url":"http:\/\/astehshop.com\/index.php\/product\/lande-pandora-serija-4u\/","url_meta":{"origin":11846,"position":3},"title":"Lande Pandora serija 4U","date":"12. listopada 2025.","format":false,"excerpt":"PANDORA SOHO serija je predvi\u0111ena za zidnu monta\u017eu\u00a0 540 x 400 mm. Dostupan u be\u017e boji","rel":"","context":"Srodne objave","img":{"alt_text":"","src":"https:\/\/i2.wp.com\/astehshop.com\/wp-content\/uploads\/2025\/10\/lande-4u-i-7u.jpeg?fit=225%2C225&resize=350%2C200","width":350,"height":200},"classes":[]},{"id":6435,"url":"http:\/\/astehshop.com\/index.php\/product\/racksis-silver-7u-rack-ormar-crni-600x600x410mm\/","url_meta":{"origin":11846,"position":4},"title":"RACKSIS SILVER 7U rack ormar crni, 600x600x410mm","date":"21. listopada 2022.","format":false,"excerpt":"D07U6060-1 Racksis SILVER 7U rack ormar crni, 600x600x410mm Tip ormara: Silver\/zidni Dimenzije: 600x600x410mm Nosivost: 80 kg Boja: crna Vrata: staklo u metalnom okviru sa bravicom za zaklju\u010davanje \u00a0 - odvojive bo\u010dne stranice sa bravicom za zaklju\u010davanje - otvor za ventilatorsko polje - otvor za ulaz kablova na stra\u017enjoj, gornjoj i\u2026","rel":"","context":"Srodne objave","img":{"alt_text":"","src":"https:\/\/i1.wp.com\/astehshop.com\/wp-content\/uploads\/2022\/10\/silver-series-.jpg?fit=655%2C655&resize=350%2C200","width":350,"height":200},"classes":[]},{"id":8261,"url":"http:\/\/astehshop.com\/index.php\/product\/rack-rek-ormar-4u-crni-zatamljeno-staklo\/","url_meta":{"origin":11846,"position":5},"title":"Rack rek ormar 4u Crni &#8211; zatamljeno staklo","date":"24. rujna 2023.","format":false,"excerpt":"Rack ormar 4u sa bravicom Crne boje zatamljeno prednje staklo dimenzije 540 \u0161irina 400 dubina 224 Visina","rel":"","context":"Srodne objave","img":{"alt_text":"","src":"https:\/\/i1.wp.com\/astehshop.com\/wp-content\/uploads\/2023\/09\/rack-ormar-techno-shop-bn.png?fit=707%2C584&resize=350%2C200","width":350,"height":200},"classes":[]}],"_links":{"self":[{"href":"http:\/\/astehshop.com\/index.php\/wp-json\/wp\/v2\/product\/11846"}],"collection":[{"href":"http:\/\/astehshop.com\/index.php\/wp-json\/wp\/v2\/product"}],"about":[{"href":"http:\/\/astehshop.com\/index.php\/wp-json\/wp\/v2\/types\/product"}],"replies":[{"embeddable":true,"href":"http:\/\/astehshop.com\/index.php\/wp-json\/wp\/v2\/comments?post=11846"}],"wp:featuredmedia":[{"embeddable":true,"href":"http:\/\/astehshop.com\/index.php\/wp-json\/wp\/v2\/media\/11847"}],"wp:attachment":[{"href":"http:\/\/astehshop.com\/index.php\/wp-json\/wp\/v2\/media?parent=11846"}],"wp:term":[{"taxonomy":"product_cat","embeddable":true,"href":"http:\/\/astehshop.com\/index.php\/wp-json\/wp\/v2\/product_cat?post=11846"},{"taxonomy":"product_tag","embeddable":true,"href":"http:\/\/astehshop.com\/index.php\/wp-json\/wp\/v2\/product_tag?post=11846"}],"curies":[{"name":"wp","href":"https:\/\/api.w.org\/{rel}","templated":true}]}}