{"id":11844,"date":"2025-10-12T09:52:11","date_gmt":"2025-10-12T07:52:11","guid":{"rendered":"http:\/\/astehshop.com\/?post_type=product&#038;p=11844"},"modified":"2025-10-12T09:52:13","modified_gmt":"2025-10-12T07:52:13","slug":"lande-pandora-serija-4u","status":"publish","type":"product","link":"http:\/\/astehshop.com\/index.php\/product\/lande-pandora-serija-4u\/","title":{"rendered":"Lande Pandora serija 4U"},"content":{"rendered":"<p>PANDORA SOHO serija je predvi\u0111ena za zidnu monta\u017eu\u00a0 540 x 400 mm. Dostupan u be\u017e boji<\/p>\n","protected":false},"excerpt":{"rendered":"<p>PANDORA SOHO serija je predvi\u0111ena za zidnu monta\u017eu\u00a0 540 x 400 mm. Dostupan u be\u017e boji<\/p>\n","protected":false},"featured_media":11845,"comment_status":"open","ping_status":"closed","template":"","meta":{"_mi_skip_tracking":false,"_exactmetrics_sitenote_active":false,"_exactmetrics_sitenote_note":"","_exactmetrics_sitenote_category":0,"spay_email":""},"product_cat":[3090],"product_tag":[8521,8518,8523,8522,8520,3092,3093,4221,3096,8519],"brands":[],"df_price":110,"df_sale_price":"","df_regular_price":110,"df_image_link":"https:\/\/i2.wp.com\/astehshop.com\/wp-content\/uploads\/2025\/10\/lande-4u-i-7u.jpeg?fit=225%2C225","jetpack_publicize_connections":[],"jetpack_sharing_enabled":true,"jetpack_likes_enabled":true,"jetpack-related-posts":[{"id":11848,"url":"http:\/\/astehshop.com\/index.php\/product\/lande-pandora-serija-9u\/","url_meta":{"origin":11844,"position":0},"title":"Lande Pandora serija 9U","date":"12. listopada 2025.","format":false,"excerpt":"540 x 400 x 460","rel":"","context":"Srodne objave","img":{"alt_text":"","src":"https:\/\/i2.wp.com\/astehshop.com\/wp-content\/uploads\/2025\/10\/LN-STB09U5440LG.jpeg?fit=300%2C300&resize=350%2C200","width":350,"height":200},"classes":[]},{"id":11846,"url":"http:\/\/astehshop.com\/index.php\/product\/lande-pandora-serija-7u\/","url_meta":{"origin":11844,"position":1},"title":"Lande Pandora serija 7U","date":"12. listopada 2025.","format":false,"excerpt":"Lande 7U 19\" Sigurnosni rek ormar predvi\u0111en za zidno postavljanje 542 mm x\u00a0 400 mm","rel":"","context":"Srodne objave","img":{"alt_text":"","src":"https:\/\/i2.wp.com\/astehshop.com\/wp-content\/uploads\/2025\/10\/LN-SH07U5440-LG-F0.jpeg?fit=300%2C300&resize=350%2C200","width":350,"height":200},"classes":[]},{"id":11850,"url":"http:\/\/astehshop.com\/index.php\/product\/lande-pandora-serija-12u\/","url_meta":{"origin":11844,"position":2},"title":"Lande Pandora serija 12U","date":"12. listopada 2025.","format":false,"excerpt":"540 x 400 x 595","rel":"","context":"Srodne objave","img":{"alt_text":"","src":"https:\/\/i2.wp.com\/astehshop.com\/wp-content\/uploads\/2025\/10\/LN-STB12U5440LG.jpeg?fit=300%2C300&resize=350%2C200","width":350,"height":200},"classes":[]},{"id":5852,"url":"http:\/\/astehshop.com\/index.php\/product\/klijesta-za-montazu-stopica-05-6-mm%c2%b2\/","url_meta":{"origin":11844,"position":3},"title":"Klije\u0161ta za monta\u017eu stopica 0,5 &#8211; 6 mm\u00b2","date":"23. sije\u010dnja 2022.","format":false,"excerpt":"Klije\u0161ta za stezanje 6PK-230C veli\u010dine 220 mm opremljena su ratchet mjenja\u010dem i automatskim zaklju\u010davanjem. Pogodna za presanje neizoliranih stopica do 0,5 - 6 mm\u00b2. Prednost proizvoda je u tome \u0161to se u slu\u010daju pogre\u0161nog presanja mo\u017ee otpustiti blokada klije\u0161ta, a mogu\u0107e je odabrati 6 vrsta okretnog momenta.","rel":"","context":"Srodne objave","img":{"alt_text":"","src":"https:\/\/i1.wp.com\/astehshop.com\/wp-content\/uploads\/2022\/01\/5998312741276.png?fit=1200%2C1200&resize=350%2C200","width":350,"height":200},"classes":[]},{"id":9888,"url":"http:\/\/astehshop.com\/index.php\/product\/ceopa-ce-105w-4-zvucnici-20w\/","url_meta":{"origin":11844,"position":4},"title":"Ceopa CE-105W\/4 zvucnici 20W","date":"17. prosinca 2024.","format":false,"excerpt":"Za unutra\u0161nju monta\u017eu, 20W 4''x1 + 1.5''x1, dimenzije 215x170x150mm, full frequency, u beloj boji","rel":"","context":"Srodne objave","img":{"alt_text":"","src":"https:\/\/i0.wp.com\/astehshop.com\/wp-content\/uploads\/2024\/12\/ceopa-ce-105w-4-zvucnici-20w_0.jpg?fit=1200%2C675&resize=350%2C200","width":350,"height":200},"classes":[]},{"id":11410,"url":"http:\/\/astehshop.com\/index.php\/product\/st16000ve002-hard-disk-16-tb-za-video-nadzor\/","url_meta":{"origin":11844,"position":5},"title":"ST16000VE002 Hard Disk 16 TB za video nadzor","date":"27. srpnja 2025.","format":false,"excerpt":"Seagate SkyHawk surveillance serija Dizajniran za upotrebu u DVR-ovima i NVR-ovima Pogodan za 24\/7 aplikacije","rel":"","context":"Srodne objave","img":{"alt_text":"","src":"https:\/\/i0.wp.com\/astehshop.com\/wp-content\/uploads\/2025\/07\/16-tb-hdd-technoshopbn.jpg?fit=1200%2C675&resize=350%2C200","width":350,"height":200},"classes":[]}],"_links":{"self":[{"href":"http:\/\/astehshop.com\/index.php\/wp-json\/wp\/v2\/product\/11844"}],"collection":[{"href":"http:\/\/astehshop.com\/index.php\/wp-json\/wp\/v2\/product"}],"about":[{"href":"http:\/\/astehshop.com\/index.php\/wp-json\/wp\/v2\/types\/product"}],"replies":[{"embeddable":true,"href":"http:\/\/astehshop.com\/index.php\/wp-json\/wp\/v2\/comments?post=11844"}],"wp:featuredmedia":[{"embeddable":true,"href":"http:\/\/astehshop.com\/index.php\/wp-json\/wp\/v2\/media\/11845"}],"wp:attachment":[{"href":"http:\/\/astehshop.com\/index.php\/wp-json\/wp\/v2\/media?parent=11844"}],"wp:term":[{"taxonomy":"product_cat","embeddable":true,"href":"http:\/\/astehshop.com\/index.php\/wp-json\/wp\/v2\/product_cat?post=11844"},{"taxonomy":"product_tag","embeddable":true,"href":"http:\/\/astehshop.com\/index.php\/wp-json\/wp\/v2\/product_tag?post=11844"}],"curies":[{"name":"wp","href":"https:\/\/api.w.org\/{rel}","templated":true}]}}