{"id":11837,"date":"2025-10-05T12:38:46","date_gmt":"2025-10-05T10:38:46","guid":{"rendered":"http:\/\/astehshop.com\/?post_type=product&#038;p=11837"},"modified":"2025-10-05T12:38:49","modified_gmt":"2025-10-05T10:38:49","slug":"cudy-7-u-1-hub-uh407","status":"publish","type":"product","link":"http:\/\/astehshop.com\/index.php\/product\/cudy-7-u-1-hub-uh407\/","title":{"rendered":"Cudy 7 u 1 HUB UH407"},"content":{"rendered":"<p>Cudy 7-u-1 USB-C hub s HDMI 2.0 (4K@60Hz) \u2022 1\u00d7 USB-C 3.2 Gen 1 (5 Gbps) upstream port \u2022 2\u00d7<br \/>\nUSB-A 3.2 Gen 1 (5 Gbps) \u2022 1\u00d7 USB-C 3.2 Gen 1 (5 Gbps) downstream port \u2022 1\u00d7 HDMI 2.0<br \/>\n(4K@60Hz, 2K@144Hz) \u2022 1\u00d7 SD i 1\u00d7 TF kartica slot (31.25 MB\/s) \u2022 USB Power Delivery<br \/>\npassthrough do 100 W (PD 3.0) \u2022 Aluminijsko ku\u0107i\u0161te, Kompatibilan s PC, Mac, iPad, iPhone,<br \/>\nAndroid, Nintendo Switch<\/p>\n<p><a href=\"https:\/\/i0.wp.com\/astehshop.com\/wp-content\/uploads\/2025\/10\/407-hub-2.png\" data-rel=\"lightbox-image-0\" data-rl_title=\"\" data-rl_caption=\"\" title=\"\"><img data-attachment-id=\"11839\" data-permalink=\"http:\/\/astehshop.com\/?attachment_id=11839\" data-orig-file=\"https:\/\/i0.wp.com\/astehshop.com\/wp-content\/uploads\/2025\/10\/407-hub-2.png?fit=1700%2C614\" data-orig-size=\"1700,614\" data-comments-opened=\"1\" data-image-meta=\"{&quot;aperture&quot;:&quot;0&quot;,&quot;credit&quot;:&quot;&quot;,&quot;camera&quot;:&quot;&quot;,&quot;caption&quot;:&quot;&quot;,&quot;created_timestamp&quot;:&quot;0&quot;,&quot;copyright&quot;:&quot;&quot;,&quot;focal_length&quot;:&quot;0&quot;,&quot;iso&quot;:&quot;0&quot;,&quot;shutter_speed&quot;:&quot;0&quot;,&quot;title&quot;:&quot;&quot;,&quot;orientation&quot;:&quot;0&quot;}\" data-image-title=\"407 hub 2\" data-image-description=\"\" data-image-caption=\"\" data-medium-file=\"https:\/\/i0.wp.com\/astehshop.com\/wp-content\/uploads\/2025\/10\/407-hub-2.png?fit=450%2C163\" data-large-file=\"https:\/\/i0.wp.com\/astehshop.com\/wp-content\/uploads\/2025\/10\/407-hub-2.png?fit=1024%2C370\" decoding=\"async\" loading=\"lazy\" class=\"alignnone  wp-image-11839\" src=\"https:\/\/i0.wp.com\/astehshop.com\/wp-content\/uploads\/2025\/10\/407-hub-2.png?resize=654%2C237\" alt=\"\" width=\"654\" height=\"237\" srcset=\"https:\/\/i0.wp.com\/astehshop.com\/wp-content\/uploads\/2025\/10\/407-hub-2.png?resize=450%2C163 450w, https:\/\/i0.wp.com\/astehshop.com\/wp-content\/uploads\/2025\/10\/407-hub-2.png?resize=1024%2C370 1024w, https:\/\/i0.wp.com\/astehshop.com\/wp-content\/uploads\/2025\/10\/407-hub-2.png?resize=768%2C277 768w, https:\/\/i0.wp.com\/astehshop.com\/wp-content\/uploads\/2025\/10\/407-hub-2.png?resize=1536%2C555 1536w, https:\/\/i0.wp.com\/astehshop.com\/wp-content\/uploads\/2025\/10\/407-hub-2.png?resize=300%2C108 300w, https:\/\/i0.wp.com\/astehshop.com\/wp-content\/uploads\/2025\/10\/407-hub-2.png?resize=1170%2C423 1170w, https:\/\/i0.wp.com\/astehshop.com\/wp-content\/uploads\/2025\/10\/407-hub-2.png?resize=600%2C217 600w, https:\/\/i0.wp.com\/astehshop.com\/wp-content\/uploads\/2025\/10\/407-hub-2.png?w=1700 1700w\" sizes=\"(max-width: 654px) 100vw, 654px\" data-recalc-dims=\"1\" \/><\/a><\/p>\n<p><a href=\"https:\/\/i2.wp.com\/astehshop.com\/wp-content\/uploads\/2025\/10\/407-hub.png\" data-rel=\"lightbox-image-1\" data-rl_title=\"\" data-rl_caption=\"\" title=\"\"><img data-attachment-id=\"11840\" data-permalink=\"http:\/\/astehshop.com\/?attachment_id=11840\" data-orig-file=\"https:\/\/i2.wp.com\/astehshop.com\/wp-content\/uploads\/2025\/10\/407-hub.png?fit=1735%2C699\" data-orig-size=\"1735,699\" data-comments-opened=\"1\" data-image-meta=\"{&quot;aperture&quot;:&quot;0&quot;,&quot;credit&quot;:&quot;&quot;,&quot;camera&quot;:&quot;&quot;,&quot;caption&quot;:&quot;&quot;,&quot;created_timestamp&quot;:&quot;0&quot;,&quot;copyright&quot;:&quot;&quot;,&quot;focal_length&quot;:&quot;0&quot;,&quot;iso&quot;:&quot;0&quot;,&quot;shutter_speed&quot;:&quot;0&quot;,&quot;title&quot;:&quot;&quot;,&quot;orientation&quot;:&quot;0&quot;}\" data-image-title=\"407 hub\" data-image-description=\"\" data-image-caption=\"\" data-medium-file=\"https:\/\/i2.wp.com\/astehshop.com\/wp-content\/uploads\/2025\/10\/407-hub.png?fit=450%2C181\" data-large-file=\"https:\/\/i2.wp.com\/astehshop.com\/wp-content\/uploads\/2025\/10\/407-hub.png?fit=1024%2C413\" decoding=\"async\" loading=\"lazy\" class=\"alignnone  wp-image-11840\" src=\"https:\/\/i2.wp.com\/astehshop.com\/wp-content\/uploads\/2025\/10\/407-hub.png?resize=659%2C265\" alt=\"\" width=\"659\" height=\"265\" srcset=\"https:\/\/i2.wp.com\/astehshop.com\/wp-content\/uploads\/2025\/10\/407-hub.png?resize=450%2C181 450w, https:\/\/i2.wp.com\/astehshop.com\/wp-content\/uploads\/2025\/10\/407-hub.png?resize=1024%2C413 1024w, https:\/\/i2.wp.com\/astehshop.com\/wp-content\/uploads\/2025\/10\/407-hub.png?resize=768%2C309 768w, https:\/\/i2.wp.com\/astehshop.com\/wp-content\/uploads\/2025\/10\/407-hub.png?resize=1536%2C619 1536w, https:\/\/i2.wp.com\/astehshop.com\/wp-content\/uploads\/2025\/10\/407-hub.png?resize=300%2C121 300w, https:\/\/i2.wp.com\/astehshop.com\/wp-content\/uploads\/2025\/10\/407-hub.png?resize=1170%2C471 1170w, https:\/\/i2.wp.com\/astehshop.com\/wp-content\/uploads\/2025\/10\/407-hub.png?resize=600%2C242 600w, https:\/\/i2.wp.com\/astehshop.com\/wp-content\/uploads\/2025\/10\/407-hub.png?w=1735 1735w\" sizes=\"(max-width: 659px) 100vw, 659px\" data-recalc-dims=\"1\" \/><\/a><\/p>\n","protected":false},"excerpt":{"rendered":"<p>Cudy 7-u-1 USB-C hub s HDMI 2.0 (4K@60Hz) \u2022 1\u00d7 USB-C 3.2 Gen 1 (5 Gbps) upstream port \u2022 2\u00d7<br \/>\nUSB-A 3.2 Gen 1 (5 Gbps) \u2022 1\u00d7 USB-C 3.2 Gen 1 (5 Gbps) downstream port \u2022 1\u00d7 HDMI 2.0<br \/>\n(4K@60Hz, 2K@144Hz) \u2022 1\u00d7 SD i 1\u00d7 TF kartica slot (31.25 MB\/s) \u2022 USB Power Delivery<br \/>\npassthrough do 100 W (PD 3.0) \u2022 Aluminijsko ku\u0107i\u0161te, Kompatibilan s PC, Mac, iPad, iPhone,<br \/>\nAndroid, Nintendo Switch<\/p>\n","protected":false},"featured_media":11838,"comment_status":"open","ping_status":"closed","template":"","meta":{"_mi_skip_tracking":false,"_exactmetrics_sitenote_active":false,"_exactmetrics_sitenote_note":"","_exactmetrics_sitenote_category":0,"spay_email":""},"product_cat":[1109,156],"product_tag":[6375,8515,8516,8514,8517],"brands":[{"id":5831,"name":"Cudy","slug":"cudy"}],"df_price":55,"df_sale_price":"","df_regular_price":55,"df_image_link":"https:\/\/i1.wp.com\/astehshop.com\/wp-content\/uploads\/2025\/10\/UH407.jpg?fit=450%2C450","jetpack_publicize_connections":[],"jetpack_sharing_enabled":true,"jetpack_likes_enabled":true,"jetpack-related-posts":[{"id":6881,"url":"http:\/\/astehshop.com\/index.php\/product\/usb-flash-drive-32gb-usb-3-2-usb-c-usb-a-twist-line\/","url_meta":{"origin":11837,"position":0},"title":"USB Flash drive 32GB, USB 3.2, USB-C, USB-A, Twist Line","date":"25. studenoga 2022.","format":false,"excerpt":"Prakti\u010dan USB Flash Drive sa dvostrukim interfejsom, USB-C i USB-A priklju\u010dak USB Flash drive 32GB Twist Line Super Speed USB 3.2 Gen 1x1 (5 Gbit\/s, USB-C & USB-A), transfer up to 70 MB\/s Materijal izrade aluminium, boja crna","rel":"","context":"Srodne objave","img":{"alt_text":"","src":"https:\/\/i0.wp.com\/astehshop.com\/wp-content\/uploads\/2022\/11\/usb-32.jpg?fit=1147%2C1200&resize=350%2C200","width":350,"height":200},"classes":[]},{"id":6732,"url":"http:\/\/astehshop.com\/index.php\/product\/hdmi-2-0-kabl-4k-duzina-100-met\/","url_meta":{"origin":11837,"position":1},"title":"HDMI 2.0 kabl, 4K, du\u017eina 10,0 met.","date":"19. studenoga 2022.","format":false,"excerpt":"HDMI kabel + Ethernet, ver.2.0, propusnost do 18 Gbps, 4K, UHD, 3D, pozla\u0107eni konektori, du\u017eina 10.0 met.","rel":"","context":"Srodne objave","img":{"alt_text":"","src":"https:\/\/i0.wp.com\/astehshop.com\/wp-content\/uploads\/2022\/11\/hdmi-kabal.jpg?fit=1200%2C1100&resize=350%2C200","width":350,"height":200},"classes":[]},{"id":6734,"url":"http:\/\/astehshop.com\/index.php\/product\/hdmi-2-0-kabl-4k-duzina-10-met\/","url_meta":{"origin":11837,"position":2},"title":"HDMI 2.0 kabl, 4K, du\u017eina 1,0 met.","date":"19. studenoga 2022.","format":false,"excerpt":"HDMI kabel + Ethernet, ver.2.0, propusnost do 18 Gbps, 4K, UHD, 3D, pozla\u0107eni konektori, du\u017eina 1.0 met.","rel":"","context":"Srodne objave","img":{"alt_text":"","src":"https:\/\/i0.wp.com\/astehshop.com\/wp-content\/uploads\/2022\/11\/hdmi-kabal.jpg?fit=1200%2C1100&resize=350%2C200","width":350,"height":200},"classes":[]},{"id":6736,"url":"http:\/\/astehshop.com\/index.php\/product\/hdmi-2-0-kabl-4k-duzina-30-met\/","url_meta":{"origin":11837,"position":3},"title":"HDMI 2.0 kabl, 4K, du\u017eina 3,0 met.","date":"19. studenoga 2022.","format":false,"excerpt":"HDMI kabel + Ethernet, ver.2.0, propusnost do 18 Gbps, 4K, UHD, 3D, pozla\u0107eni konektori, du\u017eina 3.0 met.","rel":"","context":"Srodne objave","img":{"alt_text":"","src":"https:\/\/i0.wp.com\/astehshop.com\/wp-content\/uploads\/2022\/11\/hdmi-kabal.jpg?fit=1200%2C1100&resize=350%2C200","width":350,"height":200},"classes":[]},{"id":6738,"url":"http:\/\/astehshop.com\/index.php\/product\/hdmi-2-0-kabl-4k-duzina-50-met\/","url_meta":{"origin":11837,"position":4},"title":"HDMI 2.0 kabl, 4K, du\u017eina 5,0 met.","date":"19. studenoga 2022.","format":false,"excerpt":"HDMI kabel + Ethernet, ver.2.0, propusnost do 18 Gbps, 4K, UHD, 3D, pozla\u0107eni konektori, du\u017eina 5.0 met.","rel":"","context":"Srodne objave","img":{"alt_text":"","src":"https:\/\/i0.wp.com\/astehshop.com\/wp-content\/uploads\/2022\/11\/hdmi-kabal.jpg?fit=1200%2C1100&resize=350%2C200","width":350,"height":200},"classes":[]},{"id":8744,"url":"http:\/\/astehshop.com\/index.php\/product\/nedis-hdmi-razdjelnik-8-portni-1x-hdmi-ulaz-8x-hdmi-izlaz\/","url_meta":{"origin":11837,"position":5},"title":"NEDIS HDMI Razdjelnik | 8-portni | 1x HDMI Ulaz &#8211; 8x HDMI Izlaz","date":"10. sije\u010dnja 2024.","format":false,"excerpt":"Filmove, prezentacije, slike ili drugi sadr\u017eaj s HDMI \u2122 ure\u0111aja istovremeno prika\u017eite na 8 zaslona. HDMI razdjelnik poja\u010dava signal, \u0161to vam omogu\u0107uje upotrebu du\u017eih kabela bez pogor\u0161anja signala. Zna\u010dajke \u2022 Podr\u017eava Ultra HD 4K2K@60Hz i 3D \u2022 Podr\u017eava HDCP 2.2 \u2022 Jednostavna instalacija: plug and play \u2022 Podijeli 1 HDMI\u2026","rel":"","context":"Srodne objave","img":{"alt_text":"","src":"https:\/\/i0.wp.com\/astehshop.com\/wp-content\/uploads\/2024\/01\/hdmi-spliter.jpg?fit=400%2C400&resize=350%2C200","width":350,"height":200},"classes":[]}],"_links":{"self":[{"href":"http:\/\/astehshop.com\/index.php\/wp-json\/wp\/v2\/product\/11837"}],"collection":[{"href":"http:\/\/astehshop.com\/index.php\/wp-json\/wp\/v2\/product"}],"about":[{"href":"http:\/\/astehshop.com\/index.php\/wp-json\/wp\/v2\/types\/product"}],"replies":[{"embeddable":true,"href":"http:\/\/astehshop.com\/index.php\/wp-json\/wp\/v2\/comments?post=11837"}],"wp:featuredmedia":[{"embeddable":true,"href":"http:\/\/astehshop.com\/index.php\/wp-json\/wp\/v2\/media\/11838"}],"wp:attachment":[{"href":"http:\/\/astehshop.com\/index.php\/wp-json\/wp\/v2\/media?parent=11837"}],"wp:term":[{"taxonomy":"product_cat","embeddable":true,"href":"http:\/\/astehshop.com\/index.php\/wp-json\/wp\/v2\/product_cat?post=11837"},{"taxonomy":"product_tag","embeddable":true,"href":"http:\/\/astehshop.com\/index.php\/wp-json\/wp\/v2\/product_tag?post=11837"}],"curies":[{"name":"wp","href":"https:\/\/api.w.org\/{rel}","templated":true}]}}