{"id":11827,"date":"2025-10-05T12:13:20","date_gmt":"2025-10-05T10:13:20","guid":{"rendered":"http:\/\/astehshop.com\/?post_type=product&#038;p=11827"},"modified":"2025-10-05T12:13:22","modified_gmt":"2025-10-05T10:13:22","slug":"uniview-unv-ipc3624le-adf28k-wp-4-mpx-kamera-sova-owlview","status":"publish","type":"product","link":"http:\/\/astehshop.com\/index.php\/product\/uniview-unv-ipc3624le-adf28k-wp-4-mpx-kamera-sova-owlview\/","title":{"rendered":"UniView UNV IPC3624LE-ADF28K-WP 4 MPX kamera Sova OwlView"},"content":{"rendered":"<p><span class=\"HwtZe\" lang=\"bs\"><span class=\"jCAhz ChMk0b\"><span class=\"ryNqvb\">IP kamera sa efikasnim Ultra 265 algoritmom kompresije slike za jasan i gladak video streaming u maksimalnoj rezoluciji od 4 Mpx.<\/span><\/span><span class=\"jCAhz ChMk0b\"><span class=\"ryNqvb\"> Mogu\u0107nost PoE napajanja, kompatibilna sa 802.3af standardom, \u010dini ure\u0111aj univerzalnijim i lak\u0161im za instalaciju.<\/span><\/span> <span class=\"jCAhz ChMk0b\"><span class=\"ryNqvb\">Domet IR osvjetljenja, prema podacima proizvo\u0111a\u010da, zavisi od vanjskih uslova (vidljivost &#8211; prozirnost zraka, okolina, boje zidova, tj. refleksija scene).<\/span><\/span><span class=\"jCAhz ChMk0b\"><span class=\"ryNqvb\"> Kamera serije ColorHunter omogu\u0107ava dobijanje jasne, \u0161arene slike \u010dak i u vrlo slabim uslovima osvjetljenja.<\/span><\/span><\/span><\/p>\n<p>Viber &#8211; WhatsApp : +387 66 123 234<\/p>\n<p><iframe loading=\"lazy\"  id=\"_ytid_72507\"  width=\"480\" height=\"270\"  data-origwidth=\"480\" data-origheight=\"270\"  src=\"https:\/\/www.youtube.com\/embed\/iSAYtqtmQIQ?enablejsapi=1&#038;autoplay=0&#038;cc_load_policy=0&#038;cc_lang_pref=&#038;iv_load_policy=1&#038;loop=0&#038;modestbranding=0&#038;rel=1&#038;fs=1&#038;playsinline=0&#038;autohide=2&#038;theme=dark&#038;color=red&#038;controls=1&#038;\" class=\"__youtube_prefs__  epyt-is-override  no-lazyload\" title=\"YouTube player\"  allow=\"autoplay; encrypted-media\" allowfullscreen data-no-lazy=\"1\" data-skipgform_ajax_framebjll=\"\"><\/iframe><\/p>\n<p>&nbsp;<\/p>\n","protected":false},"excerpt":{"rendered":"<p><span class=\"HwtZe\" lang=\"bs\"><span class=\"jCAhz ChMk0b\"><span class=\"ryNqvb\">IP kamera sa efikasnim Ultra 265 algoritmom kompresije slike za jasan i gladak video streaming u maksimalnoj rezoluciji od 4 Mpx.<\/span><\/span><span class=\"jCAhz ChMk0b\"><span class=\"ryNqvb\"> Mogu\u0107nost PoE napajanja, kompatibilna sa 802.3af standardom, \u010dini ure\u0111aj univerzalnijim i lak\u0161im za instalaciju.<\/span><\/span> <span class=\"jCAhz ChMk0b\"><span class=\"ryNqvb\">Domet IR osvjetljenja, prema podacima proizvo\u0111a\u010da, zavisi od vanjskih uslova (vidljivost &#8211; prozirnost zraka, okolina, boje zidova, tj. refleksija scene).<\/span><\/span><span class=\"jCAhz ChMk0b\"><span class=\"ryNqvb\"> Kamera serije ColorHunter omogu\u0107ava dobijanje jasne, \u0161arene slike \u010dak i u vrlo slabim uslovima osvjetljenja.<\/span><\/span><\/span><\/p>\n<p>Viber &#8211; WhatsApp : +387 66 123 234<\/p>\n<p>https:\/\/www.youtube.com\/watch?v=iSAYtqtmQIQ<\/p>\n<p>&nbsp;<\/p>\n","protected":false},"featured_media":11828,"comment_status":"open","ping_status":"closed","template":"","meta":{"_mi_skip_tracking":false,"_exactmetrics_sitenote_active":false,"_exactmetrics_sitenote_note":"","_exactmetrics_sitenote_category":0,"spay_email":""},"product_cat":[1037],"product_tag":[8495,8499,477,8493,8496,4772,8498,6899,8500,8497,471,7214,8494],"brands":[{"id":6129,"name":"UNV","slug":"unv"}],"df_price":349,"df_sale_price":"","df_regular_price":349,"df_image_link":"https:\/\/i0.wp.com\/astehshop.com\/wp-content\/uploads\/2025\/10\/IPC3624LE-ADF28K-WP.png?fit=450%2C253","jetpack_publicize_connections":[],"jetpack_sharing_enabled":true,"jetpack_likes_enabled":true,"jetpack-related-posts":[{"id":11831,"url":"http:\/\/astehshop.com\/index.php\/product\/dome-ip-kamera-unv-ipc3628le-adf28k-wp-8-mpx-4k\/","url_meta":{"origin":11827,"position":0},"title":"Dome IP kamera UNV IPC3628LE-ADF28K-WP 8 MPX 4K","date":"5. listopada 2025.","format":false,"excerpt":"IP kamera sa efikasnim Ultra 265 algoritmom kompresije slike za jasan i gladak video streaming u maksimalnoj rezoluciji od 8 Mpx. Mogu\u0107nost PoE napajanja, kompatibilna sa 802.3af standardom, \u010dini ure\u0111aj univerzalnijim i lak\u0161im za instalaciju. Domet IR osvjetljenja, prema podacima proizvo\u0111a\u010da, zavisi od vanjskih uslova (vidljivost - prozirnost zraka, okolina,\u2026","rel":"","context":"Srodne objave","img":{"alt_text":"","src":"https:\/\/i0.wp.com\/astehshop.com\/wp-content\/uploads\/2025\/10\/IPC3624LE-ADF28K-WP.png?fit=1200%2C675&resize=350%2C200","width":350,"height":200},"classes":[]},{"id":11821,"url":"http:\/\/astehshop.com\/index.php\/product\/ip-kamera-ipc2314le-adf28km-wp-owlview-wise-isp-4-mpx-2-8-mm-uniview\/","url_meta":{"origin":11827,"position":1},"title":"IP KAMERA IPC2314LE-ADF28KM-WP OwlView Wise-ISP &#8211; 4 Mpx 2.8 mm UNIVIEW","date":"5. listopada 2025.","format":false,"excerpt":"IP kamera sa efikasnim Ultra 265 algoritmom kompresije slike za jasan i gladak video streaming u maksimalnoj rezoluciji od 4 Mpx. Mogu\u0107nost PoE napajanja, kompatibilna sa 802.3af standardom, \u010dini ure\u0111aj univerzalnijim i lak\u0161im za instalaciju. Domet IR osvjetljenja, prema podacima proizvo\u0111a\u010da, zavisi od vanjskih uslova (vidljivost - prozirnost zraka, okolina,\u2026","rel":"","context":"Srodne objave","img":{"alt_text":"","src":"https:\/\/i2.wp.com\/astehshop.com\/wp-content\/uploads\/2025\/10\/IPC2314LE-ADF28KM-WP-1.png?fit=1200%2C675&resize=350%2C200","width":350,"height":200},"classes":[]},{"id":8939,"url":"http:\/\/astehshop.com\/index.php\/product\/uniview-ipc2122lb-adf28km-g-unv-2-mpx-ip-kamera\/","url_meta":{"origin":11827,"position":2},"title":"UniView IPC2122LB- ADF28KM-G UNV 2 MPX IP kamera","date":"18. sije\u010dnja 2024.","format":false,"excerpt":"IP kamera sa efikasnim Ultra 265 algoritmom kompresije slike za jasan i nesmetan video streaming pri maksimalnoj rezoluciji od 1080p. Mogu\u0107nost PoE napajanja, kompatibilna sa standardom 802.3af \u010dini ure\u0111aj univerzalnijim i lak\u0161im za instalaciju. Opseg IC osvetljenja prema podacima proizvo\u0111a\u010da zavisi od spolja\u0161njih uslova (vidljivost - prozirnost vazduha, okru\u017eenje, boje\u2026","rel":"","context":"Srodne objave","img":{"alt_text":"","src":"https:\/\/i2.wp.com\/astehshop.com\/wp-content\/uploads\/2024\/01\/ipc2122lb-adf28km-g_img2.jpg?fit=606%2C413&resize=350%2C200","width":350,"height":200},"classes":[]},{"id":9236,"url":"http:\/\/astehshop.com\/index.php\/product\/uniview-kucna-kamera-uho-s2e-sa-gratis-karticom-64-gb\/","url_meta":{"origin":11827,"position":3},"title":"UniView ku\u0107na kamera UHO-S2E sa gratis karticom 64 GB","date":"21. o\u017eujka 2024.","format":false,"excerpt":"IP PTZ kamera sa efikasnim Ultra 265 algoritmom kompresije slike za jasan i nesmetan video streaming pri maks. rezolucija od 1080p Full HD. Vrlo jednostavno rukovanje putem mobilnih ure\u0111aja (Android \/ iOS), omogu\u0107ava korisnicima udobno i daljinsko upravljanje, kao i upravljanje kamerom. Pa\u017enja! Kamera samo za unutra\u0161nju upotrebu. https:\/\/www.youtube.com\/watch?v=6hTzRU3qgso \u00a0","rel":"","context":"Srodne objave","img":{"alt_text":"","src":"https:\/\/i1.wp.com\/astehshop.com\/wp-content\/uploads\/2024\/03\/uniarch-2.png?fit=500%2C500&resize=350%2C200","width":350,"height":200},"classes":[]},{"id":9234,"url":"http:\/\/astehshop.com\/index.php\/product\/uniview-wifi-kamera-uho-p1a-m3f4d-3-mpx-gratis-64-gb-kartica\/","url_meta":{"origin":11827,"position":4},"title":"UniView WIFI kamera UHO-P1A-M3F4D 3 MPX + Gratis 64 GB kartica","date":"21. o\u017eujka 2024.","format":false,"excerpt":"IP PTZ kamera sa efikasnim Ultra 265 algoritmom kompresije slike za jasan i nesmetan video streaming pri maks. rezoluciji od 3 MPx. Vrlo jednostavno rukovanje putem mobilnih ure\u0111aja (Android \/ iOS), omogu\u0107ava korisnicima udobno i daljinsko upravljanje, kao i upravljanje kamerom. Osim toga, kamera ima funkciju aktivnog odvra\u0107anja uljeza pomo\u0107u\u2026","rel":"","context":"Srodne objave","img":{"alt_text":"","src":"https:\/\/i2.wp.com\/astehshop.com\/wp-content\/uploads\/2024\/03\/uniarch.jpg?fit=1101%2C1200&resize=350%2C200","width":350,"height":200},"classes":[]},{"id":7129,"url":"http:\/\/astehshop.com\/index.php\/product\/partizan-security-ip-kamera-3-mpx-ipo-2sp-se-4-5-cloud\/","url_meta":{"origin":11827,"position":5},"title":"Partizan Security IP kamera 4 MPX IPO-2SP SE 4.5 Cloud","date":"27. prosinca 2022.","format":false,"excerpt":"Dobra je varijanta za vanjski video nadzor pod bilo kojim svjetlosnim uvjetima. Ova IP kamera je napravljena na bazi high-tech 1\/2.8\u2033 FullHD CMOS matrice rezolucije 3.0 MP. Ure\u0111aj pru\u017ea kvalitativni pregled razli\u010ditih prostora, mogu\u0107nost jasnog snimanja lica i registarskih tablica automobila. \u017di\u017ena daljina od\u00a02,8 mm pru\u017ea \u0161irok ugao gledanja. Kamera\u2026","rel":"","context":"Srodne objave","img":{"alt_text":"","src":"https:\/\/i2.wp.com\/astehshop.com\/wp-content\/uploads\/2022\/12\/2.0MP-IP-camera-IPO-2SP-SE-4.1-Cloud.jpg?fit=1200%2C1149&resize=350%2C200","width":350,"height":200},"classes":[]}],"_links":{"self":[{"href":"http:\/\/astehshop.com\/index.php\/wp-json\/wp\/v2\/product\/11827"}],"collection":[{"href":"http:\/\/astehshop.com\/index.php\/wp-json\/wp\/v2\/product"}],"about":[{"href":"http:\/\/astehshop.com\/index.php\/wp-json\/wp\/v2\/types\/product"}],"replies":[{"embeddable":true,"href":"http:\/\/astehshop.com\/index.php\/wp-json\/wp\/v2\/comments?post=11827"}],"wp:featuredmedia":[{"embeddable":true,"href":"http:\/\/astehshop.com\/index.php\/wp-json\/wp\/v2\/media\/11828"}],"wp:attachment":[{"href":"http:\/\/astehshop.com\/index.php\/wp-json\/wp\/v2\/media?parent=11827"}],"wp:term":[{"taxonomy":"product_cat","embeddable":true,"href":"http:\/\/astehshop.com\/index.php\/wp-json\/wp\/v2\/product_cat?post=11827"},{"taxonomy":"product_tag","embeddable":true,"href":"http:\/\/astehshop.com\/index.php\/wp-json\/wp\/v2\/product_tag?post=11827"}],"curies":[{"name":"wp","href":"https:\/\/api.w.org\/{rel}","templated":true}]}}