{"id":11792,"date":"2025-09-28T10:03:18","date_gmt":"2025-09-28T08:03:18","guid":{"rendered":"http:\/\/astehshop.com\/?post_type=product&#038;p=11792"},"modified":"2025-09-28T10:03:21","modified_gmt":"2025-09-28T08:03:21","slug":"xiaomi-mi-smart-space-heater-s-pametna-grijalica","status":"publish","type":"product","link":"http:\/\/astehshop.com\/index.php\/product\/xiaomi-mi-smart-space-heater-s-pametna-grijalica\/","title":{"rendered":"Xiaomi Mi Smart Space Heater S &#8211; pametna grijalica"},"content":{"rendered":"<p>Xiaomi Mi Smart Space Heater S &#8211; pametna grijalica \/ konvektor, max. snaga 2200W, digitalni termostat sa 6 nivoa (18, 20, 22, 24, 26, 28 \u00b0C), timer za 1, 3, 5 i 12 h, za zagrijavanje prostora do 46 m\u00b2.<\/p>\n<p>Ugra\u0111en WiFi 2.4 GHz 802.11 b\/g\/n, daljinsko upravljanje putem pametnog telefona, podr\u0161ka za Google Assistant i Amazon Alexa, otporna na prskanje vode IPX4 standard, sigurnosni mehanizam za isklju\u010divanje ure\u0111aja u slu\u010daju pregrijavanja ili pada<br \/>\nOstalo: dr\u017ea\u010d za pe\u0161kire<\/p>\n<p>Dimenzije 780 x 216 x 526 mm, te\u017eina 5.7 kg<\/p>\n<p>&nbsp;<\/p>\n<p><iframe loading=\"lazy\"  id=\"_ytid_60314\"  width=\"480\" height=\"270\"  data-origwidth=\"480\" data-origheight=\"270\"  src=\"https:\/\/www.youtube.com\/embed\/lYEuRCadauM?enablejsapi=1&#038;autoplay=0&#038;cc_load_policy=0&#038;cc_lang_pref=&#038;iv_load_policy=1&#038;loop=0&#038;modestbranding=0&#038;rel=1&#038;fs=1&#038;playsinline=0&#038;autohide=2&#038;theme=dark&#038;color=red&#038;controls=1&#038;\" class=\"__youtube_prefs__  epyt-is-override  no-lazyload\" title=\"YouTube player\"  allow=\"autoplay; encrypted-media\" allowfullscreen data-no-lazy=\"1\" data-skipgform_ajax_framebjll=\"\"><\/iframe><\/p>\n<p>&nbsp;<\/p>\n<p>&nbsp;<\/p>\n","protected":false},"excerpt":{"rendered":"<p>Xiaomi Mi Smart Space Heater S &#8211; pametna grijalica \/ konvektor, max. snaga 2200W, digitalni termostat sa 6 nivoa (18, 20, 22, 24, 26, 28 \u00b0C), timer za 1, 3, 5 i 12 h, za zagrijavanje prostora do 46 m\u00b2.<\/p>\n<p>Ugra\u0111en WiFi 2.4 GHz 802.11 b\/g\/n, daljinsko upravljanje putem pametnog telefona, podr\u0161ka za Google Assistant i Amazon Alexa, otporna na prskanje vode IPX4 standard, sigurnosni mehanizam za isklju\u010divanje ure\u0111aja u slu\u010daju pregrijavanja ili pada<br \/>\nOstalo: dr\u017ea\u010d za pe\u0161kire<\/p>\n<p>Dimenzije 780 x 216 x 526 mm, te\u017eina 5.7 kg<\/p>\n","protected":false},"featured_media":11793,"comment_status":"open","ping_status":"closed","template":"","meta":{"_mi_skip_tracking":false,"_exactmetrics_sitenote_active":false,"_exactmetrics_sitenote_note":"","_exactmetrics_sitenote_category":0,"spay_email":""},"product_cat":[656],"product_tag":[658,8412,8410,5944,8411,8409,8408,8407,8413],"brands":[{"id":2356,"name":"xiaomi","slug":"xiaomi"}],"df_price":215,"df_sale_price":"","df_regular_price":215,"df_image_link":"https:\/\/i2.wp.com\/astehshop.com\/wp-content\/uploads\/2025\/09\/xiaomi-mi-heater.png?fit=450%2C374","jetpack_publicize_connections":[],"jetpack_sharing_enabled":true,"jetpack_likes_enabled":true,"jetpack-related-posts":[{"id":5413,"url":"http:\/\/astehshop.com\/index.php\/product\/mi-smart-space-heater-s-pametna-grijalica\/","url_meta":{"origin":11792,"position":0},"title":"Mi Smart Space Heater S | Pametna grijalica","date":"15. listopada 2021.","format":false,"excerpt":"Zagrijte svoj dom Ugodno i tiho zagrijava zrak u prostoriji uz mogu\u0107nost stalnog odr\u017eavanja topline. Grijalica Smart Space Heater je izvrstan ure\u0111aj za grijanje uredskog i stambenog prostora. Digitalni termostat ima 6 temperaturnih postavki \u2022 Pa\u017eljivo dizajniran \u2022 Ne\u010dujna tehnologija s prirodnim grijanjem zraka \u2022 Stalno odr\u017eavanje temperature izme\u0111u 18-28\u00baC\u2026","rel":"","context":"Srodne objave","img":{"alt_text":"","src":"https:\/\/i0.wp.com\/astehshop.com\/wp-content\/uploads\/2021\/10\/mi-smart-space-heater-s-4.jpg?fit=1000%2C644&resize=350%2C200","width":350,"height":200},"classes":[]},{"id":6452,"url":"http:\/\/astehshop.com\/index.php\/product\/xiaomi-mi-smart-pet-feeder-pametna-hranilica-za-ljubimce\/","url_meta":{"origin":11792,"position":1},"title":"Xiaomi Mi Smart Pet Feeder &#8211; pametna hranilica za ljubimce","date":"24. listopada 2022.","format":false,"excerpt":"Xiaomi Mi Smart Pet Feeder - pametna hranilica za ljubimce","rel":"","context":"Srodne objave","img":{"alt_text":"","src":"https:\/\/i1.wp.com\/astehshop.com\/wp-content\/uploads\/2022\/10\/xiaomi-mi-smart-pet-feeder-pametna-hranilica-za-ljubimce.jpg?fit=800%2C800&resize=350%2C200","width":350,"height":200},"classes":[]},{"id":9483,"url":"http:\/\/astehshop.com\/index.php\/product\/panel-elektricna-grijalica-smart-1000-w-wifi\/","url_meta":{"origin":11792,"position":2},"title":"Panel elektri\u010dna grijalica, smart, 1000 W, WiFi","date":"21. rujna 2024.","format":false,"excerpt":"Elektri\u010dni panel, konvektor, dva nivoa snage grija\u010da 500W \/ 1000W, multifunkcionalni display, timer, kontrola dodirnim tipkama ili pametnim telefonom, elektroni\u010dki termostat, IPX4 standard, samostoje\u0107a ili zidna, automatsko isklju\u010divanje u slu\u010daju prevrtanja ili pregrijavanja, dje\u010dja brava, Ugra\u0111en WiFi, mogu\u0107nost kontrole preko pametnog telefona ( iOS 9.0 i Android 4.4 ) Dimenzije\u2026","rel":"","context":"Srodne objave","img":{"alt_text":"","src":"https:\/\/i0.wp.com\/astehshop.com\/wp-content\/uploads\/2024\/09\/12226_16862278591s0maf89ns.png?fit=1200%2C1200&resize=350%2C200","width":350,"height":200},"classes":[]},{"id":9589,"url":"http:\/\/astehshop.com\/index.php\/product\/xiaomi-mi-grijalica-pametni-konvektor-s\/","url_meta":{"origin":11792,"position":3},"title":"XIAOMI MI GRIJALICA PAMETNI KONVEKTOR S","date":"12. studenoga 2024.","format":false,"excerpt":"WiFi pristup i kontrola Mogu\u0107nost spajanja u Smart Home sistem Dodatna ru\u010dka za su\u0161enje odje\u0107e i lak\u0161e preno\u0161enje","rel":"","context":"Srodne objave","img":{"alt_text":"","src":"https:\/\/i1.wp.com\/astehshop.com\/wp-content\/uploads\/2024\/11\/Screenshot_5.png?fit=908%2C903&resize=350%2C200","width":350,"height":200},"classes":[]},{"id":7940,"url":"http:\/\/astehshop.com\/index.php\/product\/pametna-wifi-eu-uticnica-sa-usb-a-portom-za-punjenje-telefona\/","url_meta":{"origin":11792,"position":4},"title":"Pametna WIFI EU uti\u010dnica sa USB A portom za punjenje telefona","date":"10. lipnja 2023.","format":false,"excerpt":"Ova WiFi pametna zidna uti\u010dnica ima 1 USB - posebno s priklju\u010dkom za punjenje tipa A, podr\u017eava glasovnu kontrolu \/ odnosno kontrolu \/ postavku rasporeda \/ daljinsko upravljanje aplikacijom \/ dijeljenje, vrlo jednostavno, prakti\u010dno i sigurno za kori\u0161tenje.","rel":"","context":"Srodne objave","img":{"alt_text":"","src":"https:\/\/i1.wp.com\/astehshop.com\/wp-content\/uploads\/2023\/06\/pametna-eu-uticnica.png?fit=603%2C551&resize=350%2C200","width":350,"height":200},"classes":[]},{"id":9496,"url":"http:\/\/astehshop.com\/index.php\/product\/konvektor-fabbygo-2000w-5001\/","url_meta":{"origin":11792,"position":5},"title":"Konvektor FABBYGO 2000W 5001","date":"21. rujna 2024.","format":false,"excerpt":"KONVEKTOR JACINA 2000 W DVA NIVOA GRIJANJA TERMOSTAT MONTAZA NA TOCKICIMA MOGUCNOST MONTAZE NA ZID NAMJENJEN ZA ZAGRIJAVANJE PROSTORIJA OD 20 DO 25m2 GARANCIJA 12 MJESECI","rel":"","context":"Srodne objave","img":{"alt_text":"","src":"https:\/\/i2.wp.com\/astehshop.com\/wp-content\/uploads\/2024\/09\/Konvektor-FABBYGO-2000W-5001.png?fit=800%2C800&resize=350%2C200","width":350,"height":200},"classes":[]}],"_links":{"self":[{"href":"http:\/\/astehshop.com\/index.php\/wp-json\/wp\/v2\/product\/11792"}],"collection":[{"href":"http:\/\/astehshop.com\/index.php\/wp-json\/wp\/v2\/product"}],"about":[{"href":"http:\/\/astehshop.com\/index.php\/wp-json\/wp\/v2\/types\/product"}],"replies":[{"embeddable":true,"href":"http:\/\/astehshop.com\/index.php\/wp-json\/wp\/v2\/comments?post=11792"}],"wp:featuredmedia":[{"embeddable":true,"href":"http:\/\/astehshop.com\/index.php\/wp-json\/wp\/v2\/media\/11793"}],"wp:attachment":[{"href":"http:\/\/astehshop.com\/index.php\/wp-json\/wp\/v2\/media?parent=11792"}],"wp:term":[{"taxonomy":"product_cat","embeddable":true,"href":"http:\/\/astehshop.com\/index.php\/wp-json\/wp\/v2\/product_cat?post=11792"},{"taxonomy":"product_tag","embeddable":true,"href":"http:\/\/astehshop.com\/index.php\/wp-json\/wp\/v2\/product_tag?post=11792"}],"curies":[{"name":"wp","href":"https:\/\/api.w.org\/{rel}","templated":true}]}}